{"id":236926,"date":"2026-01-28T14:20:12","date_gmt":"2026-01-28T17:20:12","guid":{"rendered":"https:\/\/raftingpatagonia.com\/?post_type=product&#038;p=236926"},"modified":"2026-03-31T12:15:26","modified_gmt":"2026-03-31T15:15:26","slug":"buceo-bautismo-en-bariloche","status":"publish","type":"product","link":"https:\/\/raftingpatagonia.com\/pt\/produto\/batismo-de-mergulho-em-bariloche","title":{"rendered":"Descubra o mergulho em Bariloche"},"content":{"rendered":"<h2>Mergulhe no Lago Moreno e descubra o lado mais calmo e m\u00e1gico da aventura.<\/h2>\n<p data-start=\"959\" data-end=\"1310\">O <em data-start=\"962\" data-end=\"991\">Descubra o mergulho em Bariloche<\/em> \u00e9 uma experi\u00eancia para aqueles que querem experimentar algo diferente e vivenciar um momento de total conex\u00e3o com a natureza.<br data-start=\"1109\" data-end=\"1112\" \/>Acompanhado por instrutores certificados e cercado pelo cen\u00e1rio \u00fanico do Lago Moreno, voc\u00ea desfrutar\u00e1 de um mergulho suave e relaxante, diferente de tudo o que j\u00e1 fez antes.<\/p>\n<p data-start=\"1312\" data-end=\"1545\">Durante duas horas - com 20 a 30 minutos debaixo d'\u00e1gua - voc\u00ea sentir\u00e1 a calma, a luz e os sons do lago por dentro.<br data-start=\"1438\" data-end=\"1441\" \/>Uma proposta perfeita para acrescentar \u00e0 sua viagem \u00e0 Patag\u00f4nia e levar consigo uma lembran\u00e7a inesquec\u00edvel.<\/p>\n<h3 data-start=\"1552\" data-end=\"1594\"><strong data-start=\"1559\" data-end=\"1594\">Por que escolher essa experi\u00eancia<\/strong><\/h3>\n<ul data-start=\"1596\" data-end=\"1943\">\n<li data-start=\"1596\" data-end=\"1672\">\n<p data-start=\"1598\" data-end=\"1672\">Uma atividade ideal para quem busca novas sensa\u00e7\u00f5es na natureza.<\/p>\n<\/li>\n<li data-start=\"1673\" data-end=\"1740\">\n<p data-start=\"1675\" data-end=\"1740\">Inclui instrutores profissionais e equipamento t\u00e9cnico completo.<\/p>\n<\/li>\n<li data-start=\"1741\" data-end=\"1828\">\n<p data-start=\"1743\" data-end=\"1828\">Cen\u00e1rio natural privilegiado: Lago Moreno, cercado por montanhas e florestas nativas.<\/p>\n<\/li>\n<li data-start=\"1829\" data-end=\"1884\">\n<p data-start=\"1831\" data-end=\"1884\">Ideal para combinar com rafting, caiaque ou caminhada.<\/p>\n<\/li>\n<li data-start=\"1885\" data-end=\"1943\">\n<p data-start=\"1887\" data-end=\"1943\">Experi\u00eancia curta, acess\u00edvel e dispon\u00edvel durante todo o ano.<\/p>\n<\/li>\n<\/ul>\n<h3 data-start=\"1950\" data-end=\"1977\"><strong data-start=\"1957\" data-end=\"1977\">Como ser\u00e1 seu dia<\/strong><\/h3>\n<p data-start=\"1979\" data-end=\"2219\">O ponto de encontro \u00e9 coordenado com anteced\u00eancia, desde o centro de Bariloche at\u00e9 o km 8 da Avenida Bustillo.<br data-start=\"2091\" data-end=\"2094\" \/>L\u00e1, os guias de <em data-start=\"2123\" data-end=\"2142\">Rafting na Patag\u00f4nia<\/em>, Eles lhe dar\u00e3o o equipamento e explicar\u00e3o como ser\u00e1 a experi\u00eancia.<\/p>\n<p data-start=\"2221\" data-end=\"2457\">Ap\u00f3s uma breve pr\u00e1tica na superf\u00edcie, come\u00e7a o momento mais esperado: seu primeiro mergulho.<br data-start=\"2319\" data-end=\"2322\" \/>Durante 20 a 30 minutos, voc\u00ea flutuar\u00e1 debaixo d'\u00e1gua, em meio a reflexos de luz, troncos submersos e uma sensa\u00e7\u00e3o \u00fanica de serenidade.<\/p>\n<p data-start=\"2459\" data-end=\"2641\">A experi\u00eancia total dura cerca de duas horas e inclui traslado, acompanhante e todo o equipamento necess\u00e1rio.<br data-start=\"2562\" data-end=\"2565\" \/>Uma atividade diferente, simples e profundamente ligada \u00e0 Patag\u00f4nia.<\/p>\n<h3 data-start=\"2648\" data-end=\"2679\"><strong data-start=\"2655\" data-end=\"2679\">Informa\u00e7\u00f5es pr\u00e1ticas<\/strong><\/h3>\n<ul data-start=\"2681\" data-end=\"3228\">\n<li data-start=\"2681\" data-end=\"2757\">\n<p data-start=\"2683\" data-end=\"2757\"><strong data-start=\"2683\" data-end=\"2696\">Hor\u00e1rios:<\/strong> 11:00 \u00e0s 15:00 \/ 13:00 \u00e0s 17:00 (segunda, quarta e domingo).<\/p>\n<\/li>\n<li data-start=\"2758\" data-end=\"2815\">\n<p data-start=\"2760\" data-end=\"2815\"><strong data-start=\"2760\" data-end=\"2773\">Dura\u00e7\u00e3o:<\/strong> Aproximadamente 2 horas (20 a 30 minutos de imers\u00e3o).<\/p>\n<\/li>\n<li data-start=\"2816\" data-end=\"2843\">\n<p data-start=\"2818\" data-end=\"2843\"><strong data-start=\"2818\" data-end=\"2834\">Idade m\u00ednima:<\/strong> 8 anos.<\/p>\n<\/li>\n<li data-start=\"2844\" data-end=\"2931\">\n<p data-start=\"2846\" data-end=\"2931\"><strong data-start=\"2846\" data-end=\"2869\">Ponto de encontro:<\/strong> do centro de Bariloche at\u00e9 o km 8 da Av. Bustillo.<\/p>\n<\/li>\n<li data-start=\"2932\" data-end=\"3016\">\n<p data-start=\"2934\" data-end=\"3016\"><strong data-start=\"2934\" data-end=\"2946\">Ele inclui:<\/strong> instrutores certificados, equipamento t\u00e9cnico completo e transporte.<\/p>\n<\/li>\n<li data-start=\"3017\" data-end=\"3055\">\n<p data-start=\"3019\" data-end=\"3055\"><strong data-start=\"3019\" data-end=\"3034\">N\u00e3o inclu\u00eddo:<\/strong> alimentos e bebidas.<\/p>\n<\/li>\n<li data-start=\"3056\" data-end=\"3143\">\n<p data-start=\"3058\" data-end=\"3143\"><strong data-start=\"3058\" data-end=\"3076\">Recomenda\u00e7\u00e3o:<\/strong> realizar a atividade pelo menos 12 horas antes de embarcar em um voo.<\/p>\n<\/li>\n<\/ul>\n<h3 data-start=\"3235\" data-end=\"3265\"><strong data-start=\"3241\" data-end=\"3265\">Perguntas frequentes<\/strong><\/h3>\n<p data-start=\"3267\" data-end=\"3358\"><strong data-start=\"3267\" data-end=\"3300\">Preciso de experi\u00eancia anterior?<\/strong><br data-start=\"3300\" data-end=\"3303\" \/>N\u00e3o, ele foi projetado para mergulhadores de primeira viagem.<\/p>\n<p data-start=\"3360\" data-end=\"3438\"><strong data-start=\"3360\" data-end=\"3381\">O que devo levar?<\/strong><br data-start=\"3381\" data-end=\"3384\" \/>Roupas confort\u00e1veis, traje de banho, toalha e casaco leve.<\/p>\n<p data-start=\"3540\" data-end=\"3626\"><strong data-start=\"3540\" data-end=\"3562\">Onde isso ocorre?<\/strong><br data-start=\"3562\" data-end=\"3565\" \/>No Lago Moreno, dentro do Parque Nacional Nahuel Huapi.<\/p>\n<p data-start=\"3628\" data-end=\"3733\"><strong data-start=\"3628\" data-end=\"3657\">\u00c9 uma atividade em grupo?<\/strong><br data-start=\"3657\" data-end=\"3660\" \/>Sim, \u00e9 feito em pequenos grupos para aproveitar ao m\u00e1ximo o ambiente.<\/p>","protected":false},"excerpt":{"rendered":"<p>Descubra o mundo sob as \u00e1guas do Lago Moreno com o Rafting Patag\u00f4nia. Essa atividade ao ar livre \u00e9 ideal para iniciantes, com equipamento completo, traslado e instrutores inclu\u00eddos.<\/p>","protected":false},"featured_media":236927,"comment_status":"closed","ping_status":"closed","template":"","meta":[],"product_brand":[],"product_cat":[542,544,546,547,553,558],"product_tag":[],"class_list":{"0":"post-236926","1":"product","2":"type-product","3":"status-publish","4":"has-post-thumbnail","6":"product_cat-adultos","7":"product_cat-aventura","8":"product_cat-con-traslado","9":"product_cat-familia","10":"product_cat-ninos","11":"product_cat-sin-comida","13":"first","14":"instock","15":"virtual","16":"sold-individually","17":"purchasable","18":"product-type-booking"},"booking_location":"","booking_location_type":"","booking_duration":1,"booking_duration_unit":"hour","booking_buffer":0,"booking_cost":0,"booking_resources":[],"exclude_global_add_ons":false,"addons":[{"name":"STD: Passageiros","type":"input_multiplier","position":0,"required":false,"title_format":"label","default":"","description_enable":false,"description":"","placeholder_enable":false,"placeholder":"","display":"select","restrictions_type":"any_text","adjust_price":true,"price":"132000","price_type":"quantity_based","restrictions":false,"min":"0","max":"0","options":[],"id":1773231509}],"yoast_head":"<!-- This site is optimized with the Yoast SEO Premium plugin v24.5 (Yoast SEO v24.8) - https:\/\/yoast.com\/wordpress\/plugins\/seo\/ -->\n<title>Buceo Bautismo en Bariloche | Rafting Patagonia en Bariloche<\/title>\n<meta name=\"description\" content=\"Viv\u00ed el buceo bautismo en Bariloche con Rafting Patagonia. Sumergite en el Lago Moreno, con equipo completo e instructores certificados.\" \/>\n<meta name=\"robots\" content=\"index, follow, max-snippet:-1, max-image-preview:large, max-video-preview:-1\" \/>\n<link rel=\"canonical\" href=\"https:\/\/raftingpatagonia.com\/pt\/produto\/batismo-de-mergulho-em-bariloche\/\" \/>\n<meta property=\"og:locale\" content=\"pt_BR\" \/>\n<meta property=\"og:type\" content=\"article\" \/>\n<meta property=\"og:title\" content=\"Buceo Bautismo en Bariloche\" \/>\n<meta property=\"og:description\" content=\"Viv\u00ed el buceo bautismo en Bariloche con Rafting Patagonia. Sumergite en el Lago Moreno, con equipo completo e instructores certificados.\" \/>\n<meta property=\"og:url\" content=\"https:\/\/raftingpatagonia.com\/pt\/produto\/batismo-de-mergulho-em-bariloche\/\" \/>\n<meta property=\"og:site_name\" content=\"Rafting Patagonia en Bariloche\" \/>\n<meta property=\"article:publisher\" content=\"https:\/\/www.facebook.com\/Rafting-4810-231662556864543\/\" \/>\n<meta property=\"article:modified_time\" content=\"2026-03-31T15:15:26+00:00\" \/>\n<meta property=\"og:image\" content=\"https:\/\/raftingpatagonia.com\/wp-content\/uploads\/2026\/01\/tikiprincipal.jpeg\" \/>\n\t<meta property=\"og:image:width\" content=\"1120\" \/>\n\t<meta property=\"og:image:height\" content=\"1280\" \/>\n\t<meta property=\"og:image:type\" content=\"image\/jpeg\" \/>\n<meta name=\"twitter:card\" content=\"summary_large_image\" \/>\n<meta name=\"twitter:label1\" content=\"Pre\u00e7o\" \/>\n\t<meta name=\"twitter:data1\" content=\"&#036;&nbsp;132.000,00\" \/>\n\t<meta name=\"twitter:label2\" content=\"Disponibilidade\" \/>\n\t<meta name=\"twitter:data2\" content=\"Em Estoque\" \/>\n<script type=\"application\/ld+json\" class=\"yoast-schema-graph\">{\"@context\":\"https:\/\/schema.org\",\"@graph\":[{\"@type\":[\"WebPage\",\"ItemPage\"],\"@id\":\"https:\/\/raftingpatagonia.com\/producto\/buceo-bautismo-en-bariloche\",\"url\":\"https:\/\/raftingpatagonia.com\/producto\/buceo-bautismo-en-bariloche\",\"name\":\"Buceo Bautismo en Bariloche | Rafting Patagonia en Bariloche\",\"isPartOf\":{\"@id\":\"https:\/\/raftingpatagonia.com\/#website\"},\"primaryImageOfPage\":{\"@id\":\"https:\/\/raftingpatagonia.com\/producto\/buceo-bautismo-en-bariloche#primaryimage\"},\"image\":{\"@id\":\"https:\/\/raftingpatagonia.com\/producto\/buceo-bautismo-en-bariloche#primaryimage\"},\"thumbnailUrl\":\"https:\/\/raftingpatagonia.com\/wp-content\/uploads\/2026\/01\/tikiprincipal.jpeg\",\"datePublished\":\"2026-01-28T17:20:12+00:00\",\"dateModified\":\"2026-03-31T15:15:26+00:00\",\"description\":\"Viv\u00ed el buceo bautismo en Bariloche con Rafting Patagonia. Sumergite en el Lago Moreno, con equipo completo e instructores certificados.\",\"breadcrumb\":{\"@id\":\"https:\/\/raftingpatagonia.com\/producto\/buceo-bautismo-en-bariloche#breadcrumb\"},\"inLanguage\":\"pt-BR\",\"potentialAction\":[{\"@type\":\"ReadAction\",\"target\":[\"https:\/\/raftingpatagonia.com\/producto\/buceo-bautismo-en-bariloche\"]}]},{\"@type\":\"ImageObject\",\"inLanguage\":\"pt-BR\",\"@id\":\"https:\/\/raftingpatagonia.com\/producto\/buceo-bautismo-en-bariloche#primaryimage\",\"url\":\"https:\/\/raftingpatagonia.com\/wp-content\/uploads\/2026\/01\/tikiprincipal.jpeg\",\"contentUrl\":\"https:\/\/raftingpatagonia.com\/wp-content\/uploads\/2026\/01\/tikiprincipal.jpeg\",\"width\":1120,\"height\":1280},{\"@type\":\"BreadcrumbList\",\"@id\":\"https:\/\/raftingpatagonia.com\/producto\/buceo-bautismo-en-bariloche#breadcrumb\",\"itemListElement\":[{\"@type\":\"ListItem\",\"position\":1,\"name\":\"Home\",\"item\":\"https:\/\/raftingpatagonia.com\/\"},{\"@type\":\"ListItem\",\"position\":2,\"name\":\"Shop\",\"item\":\"https:\/\/raftingpatagonia.com\/actividades\"},{\"@type\":\"ListItem\",\"position\":3,\"name\":\"Buceo Bautismo en Bariloche\"}]},{\"@type\":\"WebSite\",\"@id\":\"https:\/\/raftingpatagonia.com\/#website\",\"url\":\"https:\/\/raftingpatagonia.com\/\",\"name\":\"Rafting Patagonia en Bariloche\",\"description\":\"Rafting Patagonia en Bariloche\",\"potentialAction\":[{\"@type\":\"SearchAction\",\"target\":{\"@type\":\"EntryPoint\",\"urlTemplate\":\"https:\/\/raftingpatagonia.com\/?s={search_term_string}\"},\"query-input\":{\"@type\":\"PropertyValueSpecification\",\"valueRequired\":true,\"valueName\":\"search_term_string\"}}],\"inLanguage\":\"pt-BR\"}]}<\/script>\n<meta property=\"product:price:amount\" content=\"132000.00\" \/>\n<meta property=\"product:price:currency\" content=\"ARS\" \/>\n<meta property=\"og:availability\" content=\"instock\" \/>\n<meta property=\"product:availability\" content=\"instock\" \/>\n<meta property=\"product:retailer_item_id\" content=\"ADV2026BABU9T4K\" \/>\n<meta property=\"product:condition\" content=\"new\" \/>\n<!-- \/ Yoast SEO Premium plugin. -->","yoast_head_json":{"title":"Batismo de mergulho em Bariloche | Rafting na Patag\u00f4nia em Bariloche","description":"Experimente o mergulho de batismo em Bariloche com a Rafting Patag\u00f4nia. Mergulhe no Lago Moreno, com equipamento completo e instrutores certificados.","robots":{"index":"index","follow":"follow","max-snippet":"max-snippet:-1","max-image-preview":"max-image-preview:large","max-video-preview":"max-video-preview:-1"},"canonical":"https:\/\/raftingpatagonia.com\/pt\/produto\/batismo-de-mergulho-em-bariloche\/","og_locale":"pt_BR","og_type":"article","og_title":"Buceo Bautismo en Bariloche","og_description":"Viv\u00ed el buceo bautismo en Bariloche con Rafting Patagonia. Sumergite en el Lago Moreno, con equipo completo e instructores certificados.","og_url":"https:\/\/raftingpatagonia.com\/pt\/produto\/batismo-de-mergulho-em-bariloche\/","og_site_name":"Rafting Patagonia en Bariloche","article_publisher":"https:\/\/www.facebook.com\/Rafting-4810-231662556864543\/","article_modified_time":"2026-03-31T15:15:26+00:00","og_image":[{"width":1120,"height":1280,"url":"https:\/\/raftingpatagonia.com\/wp-content\/uploads\/2026\/01\/tikiprincipal.jpeg","type":"image\/jpeg"}],"twitter_card":"summary_large_image","twitter_misc":{"Pre\u00e7o":"&#36;&nbsp;132.000,00","Disponibilidade":"Em Estoque"},"schema":{"@context":"https:\/\/schema.org","@graph":[{"@type":["WebPage","ItemPage"],"@id":"https:\/\/raftingpatagonia.com\/producto\/buceo-bautismo-en-bariloche","url":"https:\/\/raftingpatagonia.com\/producto\/buceo-bautismo-en-bariloche","name":"Batismo de mergulho em Bariloche | Rafting na Patag\u00f4nia em Bariloche","isPartOf":{"@id":"https:\/\/raftingpatagonia.com\/#website"},"primaryImageOfPage":{"@id":"https:\/\/raftingpatagonia.com\/producto\/buceo-bautismo-en-bariloche#primaryimage"},"image":{"@id":"https:\/\/raftingpatagonia.com\/producto\/buceo-bautismo-en-bariloche#primaryimage"},"thumbnailUrl":"https:\/\/raftingpatagonia.com\/wp-content\/uploads\/2026\/01\/tikiprincipal.jpeg","datePublished":"2026-01-28T17:20:12+00:00","dateModified":"2026-03-31T15:15:26+00:00","description":"Experimente o mergulho de batismo em Bariloche com a Rafting Patag\u00f4nia. Mergulhe no Lago Moreno, com equipamento completo e instrutores certificados.","breadcrumb":{"@id":"https:\/\/raftingpatagonia.com\/producto\/buceo-bautismo-en-bariloche#breadcrumb"},"inLanguage":"pt-BR","potentialAction":[{"@type":"ReadAction","target":["https:\/\/raftingpatagonia.com\/producto\/buceo-bautismo-en-bariloche"]}]},{"@type":"ImageObject","inLanguage":"pt-BR","@id":"https:\/\/raftingpatagonia.com\/producto\/buceo-bautismo-en-bariloche#primaryimage","url":"https:\/\/raftingpatagonia.com\/wp-content\/uploads\/2026\/01\/tikiprincipal.jpeg","contentUrl":"https:\/\/raftingpatagonia.com\/wp-content\/uploads\/2026\/01\/tikiprincipal.jpeg","width":1120,"height":1280},{"@type":"BreadcrumbList","@id":"https:\/\/raftingpatagonia.com\/producto\/buceo-bautismo-en-bariloche#breadcrumb","itemListElement":[{"@type":"ListItem","position":1,"name":"Home","item":"https:\/\/raftingpatagonia.com\/"},{"@type":"ListItem","position":2,"name":"Shop","item":"https:\/\/raftingpatagonia.com\/actividades"},{"@type":"ListItem","position":3,"name":"Buceo Bautismo en Bariloche"}]},{"@type":"WebSite","@id":"https:\/\/raftingpatagonia.com\/#website","url":"https:\/\/raftingpatagonia.com\/","name":"Rafting na Patag\u00f4nia em Bariloche","description":"Rafting na Patag\u00f4nia em Bariloche","potentialAction":[{"@type":"SearchAction","target":{"@type":"EntryPoint","urlTemplate":"https:\/\/raftingpatagonia.com\/?s={search_term_string}"},"query-input":{"@type":"PropertyValueSpecification","valueRequired":true,"valueName":"search_term_string"}}],"inLanguage":"pt-BR"}]},"product_price_amount":"132000.00","product_price_currency":"ARS","og_availability":"instock","product_availability":"instock","product_retailer_item_id":"ADV2026BABU9T4K","product_condition":"new"},"_links":{"self":[{"href":"https:\/\/raftingpatagonia.com\/pt\/wp-json\/wp\/v2\/product\/236926","targetHints":{"allow":["GET"]}}],"collection":[{"href":"https:\/\/raftingpatagonia.com\/pt\/wp-json\/wp\/v2\/product"}],"about":[{"href":"https:\/\/raftingpatagonia.com\/pt\/wp-json\/wp\/v2\/types\/product"}],"replies":[{"embeddable":true,"href":"https:\/\/raftingpatagonia.com\/pt\/wp-json\/wp\/v2\/comments?post=236926"}],"wp:featuredmedia":[{"embeddable":true,"href":"https:\/\/raftingpatagonia.com\/pt\/wp-json\/wp\/v2\/media\/236927"}],"wp:attachment":[{"href":"https:\/\/raftingpatagonia.com\/pt\/wp-json\/wp\/v2\/media?parent=236926"}],"wp:term":[{"taxonomy":"product_brand","embeddable":true,"href":"https:\/\/raftingpatagonia.com\/pt\/wp-json\/wp\/v2\/product_brand?post=236926"},{"taxonomy":"product_cat","embeddable":true,"href":"https:\/\/raftingpatagonia.com\/pt\/wp-json\/wp\/v2\/product_cat?post=236926"},{"taxonomy":"product_tag","embeddable":true,"href":"https:\/\/raftingpatagonia.com\/pt\/wp-json\/wp\/v2\/product_tag?post=236926"}],"curies":[{"name":"wp","href":"https:\/\/api.w.org\/{rel}","templated":true}]}}