{"id":236414,"date":"2025-08-18T13:18:01","date_gmt":"2025-08-18T16:18:01","guid":{"rendered":"https:\/\/raftingpatagonia.com\/producto\/puerto-blest-y-cascada-los-cantaros-lago-frias-sin-traslado"},"modified":"2026-04-04T10:45:43","modified_gmt":"2026-04-04T13:45:43","slug":"puerto-blest-lago-frias-sin-traslado","status":"publish","type":"product","link":"https:\/\/raftingpatagonia.com\/pt\/produto\/puerto-blest-lago-frias-sem-traslado","title":{"rendered":"Puerto Blest e Cachoeira \u201cLos Cantaros\u201d + Lago Frias sem traslado"},"content":{"rendered":"<h2>Deixe-se levar pela paz \u00fanica de Puerto Blest e pela Cascada de los C\u00e1ntaros (cachoeira).<\/h2>\n<p>Sa\u00ed de <strong>Puerto Pa\u00f1uelo<\/strong>, localizado a apenas 25 km de <strong>San Carlos de Bariloche<\/strong>, e embarque em uma experi\u00eancia inesquec\u00edvel navegando no <strong>Lago Nahuel Huapi<\/strong>. Durante a travessia, voc\u00ea observar\u00e1 o <strong>Ilhota Sentinela<\/strong>, onde os restos do hist\u00f3rico <strong>Perito Moreno<\/strong>. Caminhe por trilhas incr\u00edveis at\u00e9 o magn\u00edfico <strong>Cachoeira Los C\u00e1ntaros<\/strong>, cercado por impressionantes paredes de granito que o deixar\u00e3o sem palavras.<\/p>\n<h3>Um encontro profundo com o ambiente natural<\/h3>\n<p>Enquanto voc\u00ea navega por essas \u00e1guas, conecte-se com cart\u00f5es postais exclusivos da <strong>Cordilheira dos Andes<\/strong> e as ilhas que embelezam esse canto da Patag\u00f4nia. Em <strong>Puerto Blest<\/strong>, junte-se \u00e0 paz de esp\u00edrito da <strong>Ba\u00eda<\/strong> e descobriu o verde intenso do <strong>Lago Frias<\/strong>, As geleiras do <strong>Serra do Tronador<\/strong>.<\/p>\n<h3>Momentos de aventura e descoberta<\/h3>\n<ul>\n<li><strong>Caminhadas guiadas<\/strong> pela incr\u00edvel floresta tropical de Vald\u00edvia, um ref\u00fagio de biodiversidade \u00fanica.<\/li>\n<li><strong>Caminhos flex\u00edveis<\/strong> para atender \u00e0s suas prefer\u00eancias, para que voc\u00ea possa viajar do seu jeito.<\/li>\n<\/ul>\n<h2>Op\u00e7\u00f5es de navega\u00e7\u00e3o e servi\u00e7os projetados para voc\u00ea<\/h2>\n<p>O passeio culmina com a viagem de volta para <strong>Puerto Pa\u00f1uelo<\/strong> pelo <strong>Bra\u00e7o aben\u00e7oado<\/strong>, onde o <strong>Serra do Tronador<\/strong> oferece um p\u00f4r do sol espetacular. Se voc\u00ea optar por estender sua aventura at\u00e9 o <strong>Lago Frias<\/strong>, pegue um \u00f4nibus por 3 km at\u00e9 <strong>Porto Alegre<\/strong> e, em seguida, embarque em um moderno barco a motor para admirar esse lago de sonho.<\/p>\n<h3>Informa\u00e7\u00f5es pr\u00e1ticas<\/h3>\n<ul>\n<li><strong>Dura\u00e7\u00e3o:<\/strong> Das 9:00 \u00e0s 17:00 horas.<\/li>\n<li><strong>Ele inclui:<\/strong> Travessia guiada do lago, caminhada pela floresta, navega\u00e7\u00e3o no Lago Frias.<\/li>\n<li><strong>N\u00e3o inclu\u00eddo:<\/strong> Transfer\u00eancia para <strong>Puerto Pa\u00f1uelo<\/strong>, Voc\u00ea encontrar\u00e1 paradores, refei\u00e7\u00f5es (voc\u00ea encontrar\u00e1 paradores) e taxas de acesso aos Parques Nacionais.<\/li>\n<\/ul>\n<h2>Perguntas frequentes<\/h2>\n<ul>\n<li><strong>Onde posso pagar a taxa de entrada e de embarque no Parque Nacional?<\/strong><br \/>\nEles s\u00e3o pagos diretamente a <strong>Puerto Pa\u00f1uelo<\/strong>, com dinheiro em pesos argentinos no dia da excurs\u00e3o. Pessoas de <strong>San Carlos de Bariloche<\/strong>, Os deficientes, as crian\u00e7as com menos de cinco anos e os aposentados t\u00eam acesso gratuito.<\/li>\n<li><strong>O benef\u00edcio para aposentados \u00e9 apenas para residentes argentinos?<\/strong><br \/>\nExatamente, o desconto exclusivo \u00e9 para aposentados da Argentina e eles precisam apresentar uma carteira de identidade v\u00e1lida ao embarcar.<\/li>\n<li><strong>Qual \u00e9 a dura\u00e7\u00e3o das caminhadas?<\/strong><br \/>\nAs dist\u00e2ncias em <strong>Puerto Blest<\/strong> s\u00e3o adaptados a diferentes n\u00edveis. Para acessar o <strong>Cachoeira Los C\u00e1ntaros<\/strong> H\u00e1 cerca de 700 degraus, com pontos de vista e patamares para voc\u00ea aproveitar a caminhada.<\/li>\n<\/ul>","protected":false},"excerpt":{"rendered":"<h2>Aventura em Puerto Blest e na cachoeira \u00abLos C\u00e1ntaros\u00bb<\/h2>\n<p>Comece seu passeio a partir de <strong>Puerto Pa\u00f1uelo<\/strong> com uma experi\u00eancia irrepet\u00edvel em dire\u00e7\u00e3o ao <strong>Cachoeira Los C\u00e1ntaros<\/strong>, navegando nas \u00e1guas calmas do <strong>Lago Nahuel Huapi<\/strong>. Maravilhe-se com o fascinante <strong>Lago Frias<\/strong> e desfrute de uma caminhada pelas trilhas do <strong>Floresta Valdiviana<\/strong>, cercado pela presen\u00e7a imponente do <strong>Cordilheira dos Andes<\/strong>.<\/p>","protected":false},"featured_media":236687,"comment_status":"open","ping_status":"closed","template":"","meta":[],"product_brand":[],"product_cat":[542,547,550,551,553,558,559,563],"product_tag":[],"class_list":{"0":"post-236414","1":"product","2":"type-product","3":"status-publish","4":"has-post-thumbnail","6":"product_cat-adultos","7":"product_cat-familia","8":"product_cat-jubilados","9":"product_cat-lacustre","10":"product_cat-ninos","11":"product_cat-sin-comida","12":"product_cat-sin-traslado","13":"product_cat-todo-el-ano","15":"first","16":"instock","17":"virtual","18":"sold-individually","19":"purchasable","20":"product-type-booking"},"booking_location":"","booking_location_type":"","booking_duration":60,"booking_duration_unit":"minute","booking_buffer":0,"booking_cost":0,"booking_resources":[],"exclude_global_add_ons":false,"addons":[{"name":"ADU: Adulto","type":"input_multiplier","position":0,"required":false,"title_format":"label","default":"","description_enable":false,"description":"","placeholder_enable":false,"placeholder":"","display":"select","restrictions_type":"any_text","adjust_price":true,"price":"190000","price_type":"quantity_based","restrictions":false,"min":"0","max":"0","options":[],"id":1773233364},{"name":"MEN512 | 5 a 12","type":"input_multiplier","position":1,"required":false,"title_format":"label","default":"","description_enable":false,"description":"","placeholder_enable":false,"placeholder":"","display":"select","restrictions_type":"any_text","adjust_price":true,"price":"97000","price_type":"quantity_based","restrictions":false,"min":"0","max":"0","options":[],"id":1773233365},{"name":"ADUJ : Aposentado","type":"input_multiplier","position":2,"required":false,"title_format":"label","default":"","description_enable":false,"description":"","placeholder_enable":false,"placeholder":"","display":"select","restrictions_type":"any_text","adjust_price":true,"price":"97000","price_type":"quantity_based","restrictions":false,"min":"0","max":"0","options":[],"id":1773233366}],"yoast_head":"<!-- This site is optimized with the Yoast SEO Premium plugin v24.5 (Yoast SEO v24.8) - https:\/\/yoast.com\/wordpress\/plugins\/seo\/ -->\n<title>Puerto Blest y Lago Fr\u00edas sin traslado | Rafting Patagonia<\/title>\n<meta name=\"description\" content=\"Excursi\u00f3n lacustre hacia Puerto Blest y Cascada Los C\u00e1ntaros, sin traslado. Ideal para quienes ya se encuentran cerca del puerto.\" \/>\n<meta name=\"robots\" content=\"index, follow, max-snippet:-1, max-image-preview:large, max-video-preview:-1\" \/>\n<link rel=\"canonical\" href=\"https:\/\/raftingpatagonia.com\/pt\/produto\/puerto-blest-lago-frias-sem-traslado\/\" \/>\n<meta property=\"og:locale\" content=\"pt_BR\" \/>\n<meta property=\"og:type\" content=\"article\" \/>\n<meta property=\"og:title\" content=\"Puerto Blest y Cascada \u201cLos Cantaros\u201d + Lago Frias sin Traslado\" \/>\n<meta property=\"og:description\" content=\"Excursi\u00f3n lacustre hacia Puerto Blest y Cascada Los C\u00e1ntaros, sin traslado. Ideal para quienes ya se encuentran cerca del puerto.\" \/>\n<meta property=\"og:url\" content=\"https:\/\/raftingpatagonia.com\/pt\/produto\/puerto-blest-lago-frias-sem-traslado\/\" \/>\n<meta property=\"og:site_name\" content=\"Rafting Patagonia en Bariloche\" \/>\n<meta property=\"article:publisher\" content=\"https:\/\/www.facebook.com\/Rafting-4810-231662556864543\/\" \/>\n<meta property=\"article:modified_time\" content=\"2026-04-04T13:45:43+00:00\" \/>\n<meta property=\"og:image\" content=\"https:\/\/raftingpatagonia.com\/wp-content\/uploads\/2025\/08\/11-C-500111882_1160097836148069_1751772334576412565_n.jpg\" \/>\n\t<meta property=\"og:image:width\" content=\"850\" \/>\n\t<meta property=\"og:image:height\" content=\"1133\" \/>\n\t<meta property=\"og:image:type\" content=\"image\/jpeg\" \/>\n<meta name=\"twitter:card\" content=\"summary_large_image\" \/>\n<meta name=\"twitter:label1\" content=\"Pre\u00e7o\" \/>\n\t<meta name=\"twitter:data1\" content=\"&#036;&nbsp;190.000,00\" \/>\n\t<meta name=\"twitter:label2\" content=\"Disponibilidade\" \/>\n\t<meta name=\"twitter:data2\" content=\"Em Estoque\" \/>\n<script type=\"application\/ld+json\" class=\"yoast-schema-graph\">{\"@context\":\"https:\/\/schema.org\",\"@graph\":[{\"@type\":[\"WebPage\",\"ItemPage\"],\"@id\":\"https:\/\/raftingpatagonia.com\/producto\/puerto-blest-lago-frias-sin-traslado\",\"url\":\"https:\/\/raftingpatagonia.com\/producto\/puerto-blest-lago-frias-sin-traslado\",\"name\":\"Puerto Blest y Lago Fr\u00edas sin traslado | Rafting Patagonia\",\"isPartOf\":{\"@id\":\"https:\/\/raftingpatagonia.com\/#website\"},\"primaryImageOfPage\":{\"@id\":\"https:\/\/raftingpatagonia.com\/producto\/puerto-blest-lago-frias-sin-traslado#primaryimage\"},\"image\":{\"@id\":\"https:\/\/raftingpatagonia.com\/producto\/puerto-blest-lago-frias-sin-traslado#primaryimage\"},\"thumbnailUrl\":\"https:\/\/raftingpatagonia.com\/wp-content\/uploads\/2025\/08\/11-C-500111882_1160097836148069_1751772334576412565_n.jpg\",\"datePublished\":\"2025-08-18T16:18:01+00:00\",\"dateModified\":\"2026-04-04T13:45:43+00:00\",\"description\":\"Excursi\u00f3n lacustre hacia Puerto Blest y Cascada Los C\u00e1ntaros, sin traslado. Ideal para quienes ya se encuentran cerca del puerto.\",\"breadcrumb\":{\"@id\":\"https:\/\/raftingpatagonia.com\/producto\/puerto-blest-lago-frias-sin-traslado#breadcrumb\"},\"inLanguage\":\"pt-BR\",\"potentialAction\":[{\"@type\":\"ReadAction\",\"target\":[\"https:\/\/raftingpatagonia.com\/producto\/puerto-blest-lago-frias-sin-traslado\"]}]},{\"@type\":\"ImageObject\",\"inLanguage\":\"pt-BR\",\"@id\":\"https:\/\/raftingpatagonia.com\/producto\/puerto-blest-lago-frias-sin-traslado#primaryimage\",\"url\":\"https:\/\/raftingpatagonia.com\/wp-content\/uploads\/2025\/08\/11-C-500111882_1160097836148069_1751772334576412565_n.jpg\",\"contentUrl\":\"https:\/\/raftingpatagonia.com\/wp-content\/uploads\/2025\/08\/11-C-500111882_1160097836148069_1751772334576412565_n.jpg\",\"width\":850,\"height\":1133},{\"@type\":\"BreadcrumbList\",\"@id\":\"https:\/\/raftingpatagonia.com\/producto\/puerto-blest-lago-frias-sin-traslado#breadcrumb\",\"itemListElement\":[{\"@type\":\"ListItem\",\"position\":1,\"name\":\"Home\",\"item\":\"https:\/\/raftingpatagonia.com\/\"},{\"@type\":\"ListItem\",\"position\":2,\"name\":\"Shop\",\"item\":\"https:\/\/raftingpatagonia.com\/actividades\"},{\"@type\":\"ListItem\",\"position\":3,\"name\":\"Puerto Blest y Cascada \u201cLos Cantaros\u201d + Lago Frias sin Traslado\"}]},{\"@type\":\"WebSite\",\"@id\":\"https:\/\/raftingpatagonia.com\/#website\",\"url\":\"https:\/\/raftingpatagonia.com\/\",\"name\":\"Rafting Patagonia en Bariloche\",\"description\":\"Rafting Patagonia en Bariloche\",\"potentialAction\":[{\"@type\":\"SearchAction\",\"target\":{\"@type\":\"EntryPoint\",\"urlTemplate\":\"https:\/\/raftingpatagonia.com\/?s={search_term_string}\"},\"query-input\":{\"@type\":\"PropertyValueSpecification\",\"valueRequired\":true,\"valueName\":\"search_term_string\"}}],\"inLanguage\":\"pt-BR\"}]}<\/script>\n<meta property=\"product:price:amount\" content=\"190000.00\" \/>\n<meta property=\"product:price:currency\" content=\"ARS\" \/>\n<meta property=\"og:availability\" content=\"instock\" \/>\n<meta property=\"product:availability\" content=\"instock\" \/>\n<meta property=\"product:retailer_item_id\" content=\"ADV2025PUBLYC33V7\" \/>\n<meta property=\"product:condition\" content=\"new\" \/>\n<!-- \/ Yoast SEO Premium plugin. -->","yoast_head_json":{"title":"Puerto Blest e Lago Frias sem traslado | Rafting Patag\u00f4nia","description":"Excurs\u00e3o ao lago para Puerto Blest e cachoeira Los C\u00e1ntaros, sem traslado. Ideal para quem j\u00e1 est\u00e1 pr\u00f3ximo ao porto.","robots":{"index":"index","follow":"follow","max-snippet":"max-snippet:-1","max-image-preview":"max-image-preview:large","max-video-preview":"max-video-preview:-1"},"canonical":"https:\/\/raftingpatagonia.com\/pt\/produto\/puerto-blest-lago-frias-sem-traslado\/","og_locale":"pt_BR","og_type":"article","og_title":"Puerto Blest y Cascada \u201cLos Cantaros\u201d + Lago Frias sin Traslado","og_description":"Excursi\u00f3n lacustre hacia Puerto Blest y Cascada Los C\u00e1ntaros, sin traslado. Ideal para quienes ya se encuentran cerca del puerto.","og_url":"https:\/\/raftingpatagonia.com\/pt\/produto\/puerto-blest-lago-frias-sem-traslado\/","og_site_name":"Rafting Patagonia en Bariloche","article_publisher":"https:\/\/www.facebook.com\/Rafting-4810-231662556864543\/","article_modified_time":"2026-04-04T13:45:43+00:00","og_image":[{"width":850,"height":1133,"url":"https:\/\/raftingpatagonia.com\/wp-content\/uploads\/2025\/08\/11-C-500111882_1160097836148069_1751772334576412565_n.jpg","type":"image\/jpeg"}],"twitter_card":"summary_large_image","twitter_misc":{"Pre\u00e7o":"&#36;&nbsp;190.000,00","Disponibilidade":"Em Estoque"},"schema":{"@context":"https:\/\/schema.org","@graph":[{"@type":["WebPage","ItemPage"],"@id":"https:\/\/raftingpatagonia.com\/producto\/puerto-blest-lago-frias-sin-traslado","url":"https:\/\/raftingpatagonia.com\/producto\/puerto-blest-lago-frias-sin-traslado","name":"Puerto Blest e Lago Frias sem traslado | Rafting Patag\u00f4nia","isPartOf":{"@id":"https:\/\/raftingpatagonia.com\/#website"},"primaryImageOfPage":{"@id":"https:\/\/raftingpatagonia.com\/producto\/puerto-blest-lago-frias-sin-traslado#primaryimage"},"image":{"@id":"https:\/\/raftingpatagonia.com\/producto\/puerto-blest-lago-frias-sin-traslado#primaryimage"},"thumbnailUrl":"https:\/\/raftingpatagonia.com\/wp-content\/uploads\/2025\/08\/11-C-500111882_1160097836148069_1751772334576412565_n.jpg","datePublished":"2025-08-18T16:18:01+00:00","dateModified":"2026-04-04T13:45:43+00:00","description":"Excurs\u00e3o ao lago para Puerto Blest e cachoeira Los C\u00e1ntaros, sem traslado. Ideal para quem j\u00e1 est\u00e1 pr\u00f3ximo ao porto.","breadcrumb":{"@id":"https:\/\/raftingpatagonia.com\/producto\/puerto-blest-lago-frias-sin-traslado#breadcrumb"},"inLanguage":"pt-BR","potentialAction":[{"@type":"ReadAction","target":["https:\/\/raftingpatagonia.com\/producto\/puerto-blest-lago-frias-sin-traslado"]}]},{"@type":"ImageObject","inLanguage":"pt-BR","@id":"https:\/\/raftingpatagonia.com\/producto\/puerto-blest-lago-frias-sin-traslado#primaryimage","url":"https:\/\/raftingpatagonia.com\/wp-content\/uploads\/2025\/08\/11-C-500111882_1160097836148069_1751772334576412565_n.jpg","contentUrl":"https:\/\/raftingpatagonia.com\/wp-content\/uploads\/2025\/08\/11-C-500111882_1160097836148069_1751772334576412565_n.jpg","width":850,"height":1133},{"@type":"BreadcrumbList","@id":"https:\/\/raftingpatagonia.com\/producto\/puerto-blest-lago-frias-sin-traslado#breadcrumb","itemListElement":[{"@type":"ListItem","position":1,"name":"Home","item":"https:\/\/raftingpatagonia.com\/"},{"@type":"ListItem","position":2,"name":"Shop","item":"https:\/\/raftingpatagonia.com\/actividades"},{"@type":"ListItem","position":3,"name":"Puerto Blest y Cascada \u201cLos Cantaros\u201d + Lago Frias sin Traslado"}]},{"@type":"WebSite","@id":"https:\/\/raftingpatagonia.com\/#website","url":"https:\/\/raftingpatagonia.com\/","name":"Rafting na Patag\u00f4nia em Bariloche","description":"Rafting na Patag\u00f4nia em Bariloche","potentialAction":[{"@type":"SearchAction","target":{"@type":"EntryPoint","urlTemplate":"https:\/\/raftingpatagonia.com\/?s={search_term_string}"},"query-input":{"@type":"PropertyValueSpecification","valueRequired":true,"valueName":"search_term_string"}}],"inLanguage":"pt-BR"}]},"product_price_amount":"190000.00","product_price_currency":"ARS","og_availability":"instock","product_availability":"instock","product_retailer_item_id":"ADV2025PUBLYC33V7","product_condition":"new"},"_links":{"self":[{"href":"https:\/\/raftingpatagonia.com\/pt\/wp-json\/wp\/v2\/product\/236414","targetHints":{"allow":["GET"]}}],"collection":[{"href":"https:\/\/raftingpatagonia.com\/pt\/wp-json\/wp\/v2\/product"}],"about":[{"href":"https:\/\/raftingpatagonia.com\/pt\/wp-json\/wp\/v2\/types\/product"}],"replies":[{"embeddable":true,"href":"https:\/\/raftingpatagonia.com\/pt\/wp-json\/wp\/v2\/comments?post=236414"}],"wp:featuredmedia":[{"embeddable":true,"href":"https:\/\/raftingpatagonia.com\/pt\/wp-json\/wp\/v2\/media\/236687"}],"wp:attachment":[{"href":"https:\/\/raftingpatagonia.com\/pt\/wp-json\/wp\/v2\/media?parent=236414"}],"wp:term":[{"taxonomy":"product_brand","embeddable":true,"href":"https:\/\/raftingpatagonia.com\/pt\/wp-json\/wp\/v2\/product_brand?post=236414"},{"taxonomy":"product_cat","embeddable":true,"href":"https:\/\/raftingpatagonia.com\/pt\/wp-json\/wp\/v2\/product_cat?post=236414"},{"taxonomy":"product_tag","embeddable":true,"href":"https:\/\/raftingpatagonia.com\/pt\/wp-json\/wp\/v2\/product_tag?post=236414"}],"curies":[{"name":"wp","href":"https:\/\/api.w.org\/{rel}","templated":true}]}}