{"id":236413,"date":"2025-08-18T13:17:36","date_gmt":"2025-08-18T16:17:36","guid":{"rendered":"https:\/\/raftingpatagonia.com\/producto\/puerto-blest-y-cascada-los-cantaros-sin-traslado"},"modified":"2026-04-04T10:45:53","modified_gmt":"2026-04-04T13:45:53","slug":"puerto-blest-cantaros-sin-traslado","status":"publish","type":"product","link":"https:\/\/raftingpatagonia.com\/pt\/produto\/puerto-blest-cantaros-without-relocation","title":{"rendered":"Puerto Blest e Cachoeira \u201cLos Cantaros\u201d Sem traslado"},"content":{"rendered":"<h2>Mergulhe na aventura de Puerto Blest<\/h2>\n<p>Viva uma experi\u00eancia \u00fanica explorando <strong>Puerto Blest<\/strong> e o imponente <strong>Cachoeira Los C\u00e1ntaros<\/strong>, Um ref\u00fagio onde a natureza pode ser sentida em sua melhor forma. Esse passeio, que n\u00e3o inclui transporte, \u00e9 perfeito para aqueles que optam por viajar por conta pr\u00f3pria para <strong>Puerto Pa\u00f1uelo<\/strong>, localizado em <strong>Avenida Bustillo, Quil\u00f4metro 25, San Carlos de Bariloche<\/strong>.<\/p>\n<h3>A turn\u00ea<\/h3>\n<ul>\n<li><strong>Passeio de catamar\u00e3:<\/strong> Navegue pelas \u00e1guas calmas do <strong>Lago Nahuel Huapi<\/strong>, cercado por ilhas de sonho e panoramas incr\u00edveis, sempre sob a prote\u00e7\u00e3o do imponente <strong>Cordilheira dos Andes<\/strong>.<\/li>\n<li><strong>Descobri a cachoeira Los C\u00e1ntaros:<\/strong> Um acesso especial leva voc\u00ea a essa impressionante cachoeira, emoldurada por paredes de granito moldadas por antigas geleiras.<\/li>\n<li><strong>Caminhadas acompanhadas:<\/strong> Fa\u00e7a uma caminhada pelas trilhas que revelam a riqueza insuper\u00e1vel do <strong>Floresta Valdiviana<\/strong> pr\u00f3ximo <strong>Puerto Blest<\/strong>.<\/li>\n<\/ul>\n<h3>Informa\u00e7\u00f5es e hor\u00e1rios<\/h3>\n<p>A excurs\u00e3o \u00e9 realizada a partir de <strong>9:00 a.m. a 5:30 p.m.<\/strong>, oferecendo a voc\u00ea um dia inteiro para se conectar com a natureza.<\/p>\n<ul>\n<li><strong>Ele inclui:<\/strong> Passeio guiado de catamar\u00e3 e caminhadas interpretativas pelo ambiente da floresta.<\/li>\n<li><strong>N\u00e3o inclu\u00eddo:<\/strong> Traslado para Puerto Pa\u00f1uelo, refei\u00e7\u00f5es e taxas de entrada nos parques nacionais.<\/li>\n<\/ul>\n<h3>Um final surpreendente<\/h3>\n<p>O encerramento \u00e9 uma jornada fant\u00e1stica pela <strong>Bra\u00e7o aben\u00e7oado<\/strong>, com vista para o impressionante <strong>Serra do Tronador<\/strong>, oferecendo a voc\u00ea um espet\u00e1culo visual \u00fanico no p\u00f4r do sol patag\u00f4nico.<\/p>\n<h3>Perguntas frequentes<\/h3>\n<ul>\n<li><strong>Como fa\u00e7o para chegar a Puerto Pa\u00f1uelo?<\/strong><br \/>\n\u00c9 preciso ir diretamente para a Avenida Bustillo, km 25. O ideal \u00e9 dirigir seu pr\u00f3prio carro ou pegar um t\u00e1xi.<\/li>\n<li><strong>Que roupas usar?<\/strong><br \/>\n\u00c9 melhor vestir-se em camadas, usar sapatos confort\u00e1veis e roupas quentes, pois o clima na Patag\u00f4nia varia.<\/li>\n<li><strong>\u00c9 poss\u00edvel levar comida?<\/strong><br \/>\n\u00c9 claro que voc\u00ea pode levar comida, mas tamb\u00e9m h\u00e1 op\u00e7\u00f5es para comprar algo local.<\/li>\n<\/ul>","protected":false},"excerpt":{"rendered":"<p>Viva uma aventura inesquec\u00edvel navegando por Puerto Blest e admirando a imponente cachoeira Los C\u00e1ntaros. Aproveite um relaxante passeio de catamar\u00e3 e excurs\u00f5es a p\u00e9 pela floresta tropical valdiviana, compartilhando dias \u00fanicos no centro da Patag\u00f4nia argentina.<\/p>","protected":false},"featured_media":236682,"comment_status":"open","ping_status":"closed","template":"","meta":[],"product_brand":[],"product_cat":[542,547,550,551,553,558,559,563],"product_tag":[],"class_list":{"0":"post-236413","1":"product","2":"type-product","3":"status-publish","4":"has-post-thumbnail","6":"product_cat-adultos","7":"product_cat-familia","8":"product_cat-jubilados","9":"product_cat-lacustre","10":"product_cat-ninos","11":"product_cat-sin-comida","12":"product_cat-sin-traslado","13":"product_cat-todo-el-ano","15":"first","16":"instock","17":"virtual","18":"sold-individually","19":"purchasable","20":"product-type-booking"},"booking_location":"","booking_location_type":"","booking_duration":60,"booking_duration_unit":"minute","booking_buffer":0,"booking_cost":0,"booking_resources":[],"exclude_global_add_ons":false,"addons":[{"name":"ADU: Adulto","type":"input_multiplier","position":0,"required":false,"title_format":"label","default":"","description_enable":false,"description":"","placeholder_enable":false,"placeholder":"","display":"select","restrictions_type":"any_text","adjust_price":true,"price":"136000","price_type":"quantity_based","restrictions":false,"min":"0","max":"0","options":[],"id":1773233626},{"name":"MEN512 | 5 a 12","type":"input_multiplier","position":1,"required":false,"title_format":"label","default":"","description_enable":false,"description":"","placeholder_enable":false,"placeholder":"","display":"select","restrictions_type":"any_text","adjust_price":true,"price":"70000","price_type":"quantity_based","restrictions":false,"min":"0","max":"0","options":[],"id":1773233627},{"name":"ADUJ : Aposentado","type":"input_multiplier","position":2,"required":false,"title_format":"label","default":"","description_enable":false,"description":"","placeholder_enable":false,"placeholder":"","display":"select","restrictions_type":"any_text","adjust_price":true,"price":"70000","price_type":"quantity_based","restrictions":false,"min":"0","max":"0","options":[],"id":1773233628}],"yoast_head":"<!-- This site is optimized with the Yoast SEO Premium plugin v24.5 (Yoast SEO v24.8) - https:\/\/yoast.com\/wordpress\/plugins\/seo\/ -->\n<title>Puerto Blest y Los C\u00e1ntaros sin traslado | Rafting Patagonia<\/title>\n<meta name=\"description\" content=\"Descubr\u00ed Puerto Blest y la Cascada Los C\u00e1ntaros. Versi\u00f3n sin traslado ideal para quienes llegan directo al Puerto Pa\u00f1uelo.\" \/>\n<meta name=\"robots\" content=\"index, follow, max-snippet:-1, max-image-preview:large, max-video-preview:-1\" \/>\n<link rel=\"canonical\" href=\"https:\/\/raftingpatagonia.com\/pt\/produto\/puerto-blest-cantaros-without-relocation\/\" \/>\n<meta property=\"og:locale\" content=\"pt_BR\" \/>\n<meta property=\"og:type\" content=\"article\" \/>\n<meta property=\"og:title\" content=\"Puerto Blest y Cascada \u201cLos Cantaros\u201d Sin Traslado\" \/>\n<meta property=\"og:description\" content=\"Descubr\u00ed Puerto Blest y la Cascada Los C\u00e1ntaros. Versi\u00f3n sin traslado ideal para quienes llegan directo al Puerto Pa\u00f1uelo.\" \/>\n<meta property=\"og:url\" content=\"https:\/\/raftingpatagonia.com\/pt\/produto\/puerto-blest-cantaros-without-relocation\/\" \/>\n<meta property=\"og:site_name\" content=\"Rafting Patagonia en Bariloche\" \/>\n<meta property=\"article:publisher\" content=\"https:\/\/www.facebook.com\/Rafting-4810-231662556864543\/\" \/>\n<meta property=\"article:modified_time\" content=\"2026-04-04T13:45:53+00:00\" \/>\n<meta property=\"og:image\" content=\"https:\/\/raftingpatagonia.com\/wp-content\/uploads\/2025\/08\/11-B-411512354_679863444278105_2151602473120210845_n-copia.jpg\" \/>\n\t<meta property=\"og:image:width\" content=\"850\" \/>\n\t<meta property=\"og:image:height\" content=\"1133\" \/>\n\t<meta property=\"og:image:type\" content=\"image\/jpeg\" \/>\n<meta name=\"twitter:card\" content=\"summary_large_image\" \/>\n<meta name=\"twitter:label1\" content=\"Pre\u00e7o\" \/>\n\t<meta name=\"twitter:data1\" content=\"&#036;&nbsp;136.000,00\" \/>\n\t<meta name=\"twitter:label2\" content=\"Disponibilidade\" \/>\n\t<meta name=\"twitter:data2\" content=\"Em Estoque\" \/>\n<script type=\"application\/ld+json\" class=\"yoast-schema-graph\">{\"@context\":\"https:\/\/schema.org\",\"@graph\":[{\"@type\":[\"WebPage\",\"ItemPage\"],\"@id\":\"https:\/\/raftingpatagonia.com\/producto\/puerto-blest-cantaros-sin-traslado\",\"url\":\"https:\/\/raftingpatagonia.com\/producto\/puerto-blest-cantaros-sin-traslado\",\"name\":\"Puerto Blest y Los C\u00e1ntaros sin traslado | Rafting Patagonia\",\"isPartOf\":{\"@id\":\"https:\/\/raftingpatagonia.com\/#website\"},\"primaryImageOfPage\":{\"@id\":\"https:\/\/raftingpatagonia.com\/producto\/puerto-blest-cantaros-sin-traslado#primaryimage\"},\"image\":{\"@id\":\"https:\/\/raftingpatagonia.com\/producto\/puerto-blest-cantaros-sin-traslado#primaryimage\"},\"thumbnailUrl\":\"https:\/\/raftingpatagonia.com\/wp-content\/uploads\/2025\/08\/11-B-411512354_679863444278105_2151602473120210845_n-copia.jpg\",\"datePublished\":\"2025-08-18T16:17:36+00:00\",\"dateModified\":\"2026-04-04T13:45:53+00:00\",\"description\":\"Descubr\u00ed Puerto Blest y la Cascada Los C\u00e1ntaros. Versi\u00f3n sin traslado ideal para quienes llegan directo al Puerto Pa\u00f1uelo.\",\"breadcrumb\":{\"@id\":\"https:\/\/raftingpatagonia.com\/producto\/puerto-blest-cantaros-sin-traslado#breadcrumb\"},\"inLanguage\":\"pt-BR\",\"potentialAction\":[{\"@type\":\"ReadAction\",\"target\":[\"https:\/\/raftingpatagonia.com\/producto\/puerto-blest-cantaros-sin-traslado\"]}]},{\"@type\":\"ImageObject\",\"inLanguage\":\"pt-BR\",\"@id\":\"https:\/\/raftingpatagonia.com\/producto\/puerto-blest-cantaros-sin-traslado#primaryimage\",\"url\":\"https:\/\/raftingpatagonia.com\/wp-content\/uploads\/2025\/08\/11-B-411512354_679863444278105_2151602473120210845_n-copia.jpg\",\"contentUrl\":\"https:\/\/raftingpatagonia.com\/wp-content\/uploads\/2025\/08\/11-B-411512354_679863444278105_2151602473120210845_n-copia.jpg\",\"width\":850,\"height\":1133},{\"@type\":\"BreadcrumbList\",\"@id\":\"https:\/\/raftingpatagonia.com\/producto\/puerto-blest-cantaros-sin-traslado#breadcrumb\",\"itemListElement\":[{\"@type\":\"ListItem\",\"position\":1,\"name\":\"Home\",\"item\":\"https:\/\/raftingpatagonia.com\/\"},{\"@type\":\"ListItem\",\"position\":2,\"name\":\"Shop\",\"item\":\"https:\/\/raftingpatagonia.com\/actividades\"},{\"@type\":\"ListItem\",\"position\":3,\"name\":\"Puerto Blest y Cascada \u201cLos Cantaros\u201d Sin Traslado\"}]},{\"@type\":\"WebSite\",\"@id\":\"https:\/\/raftingpatagonia.com\/#website\",\"url\":\"https:\/\/raftingpatagonia.com\/\",\"name\":\"Rafting Patagonia en Bariloche\",\"description\":\"Rafting Patagonia en Bariloche\",\"potentialAction\":[{\"@type\":\"SearchAction\",\"target\":{\"@type\":\"EntryPoint\",\"urlTemplate\":\"https:\/\/raftingpatagonia.com\/?s={search_term_string}\"},\"query-input\":{\"@type\":\"PropertyValueSpecification\",\"valueRequired\":true,\"valueName\":\"search_term_string\"}}],\"inLanguage\":\"pt-BR\"}]}<\/script>\n<meta property=\"product:price:amount\" content=\"136000.00\" \/>\n<meta property=\"product:price:currency\" content=\"ARS\" \/>\n<meta property=\"og:availability\" content=\"instock\" \/>\n<meta property=\"product:availability\" content=\"instock\" \/>\n<meta property=\"product:retailer_item_id\" content=\"ADV2025PUBLYC297O\" \/>\n<meta property=\"product:condition\" content=\"new\" \/>\n<!-- \/ Yoast SEO Premium plugin. -->","yoast_head_json":{"title":"Puerto Blest e Los C\u00e1ntaros sem traslado | Rafting Patag\u00f4nia","description":"Descubra Puerto Blest e a cachoeira Los C\u00e1ntaros. Esta vers\u00e3o sem traslado \u00e9 ideal para quem chega diretamente a Puerto Pa\u00f1uelo.","robots":{"index":"index","follow":"follow","max-snippet":"max-snippet:-1","max-image-preview":"max-image-preview:large","max-video-preview":"max-video-preview:-1"},"canonical":"https:\/\/raftingpatagonia.com\/pt\/produto\/puerto-blest-cantaros-without-relocation\/","og_locale":"pt_BR","og_type":"article","og_title":"Puerto Blest y Cascada \u201cLos Cantaros\u201d Sin Traslado","og_description":"Descubr\u00ed Puerto Blest y la Cascada Los C\u00e1ntaros. Versi\u00f3n sin traslado ideal para quienes llegan directo al Puerto Pa\u00f1uelo.","og_url":"https:\/\/raftingpatagonia.com\/pt\/produto\/puerto-blest-cantaros-without-relocation\/","og_site_name":"Rafting Patagonia en Bariloche","article_publisher":"https:\/\/www.facebook.com\/Rafting-4810-231662556864543\/","article_modified_time":"2026-04-04T13:45:53+00:00","og_image":[{"width":850,"height":1133,"url":"https:\/\/raftingpatagonia.com\/wp-content\/uploads\/2025\/08\/11-B-411512354_679863444278105_2151602473120210845_n-copia.jpg","type":"image\/jpeg"}],"twitter_card":"summary_large_image","twitter_misc":{"Pre\u00e7o":"&#36;&nbsp;136.000,00","Disponibilidade":"Em Estoque"},"schema":{"@context":"https:\/\/schema.org","@graph":[{"@type":["WebPage","ItemPage"],"@id":"https:\/\/raftingpatagonia.com\/producto\/puerto-blest-cantaros-sin-traslado","url":"https:\/\/raftingpatagonia.com\/producto\/puerto-blest-cantaros-sin-traslado","name":"Puerto Blest e Los C\u00e1ntaros sem traslado | Rafting Patag\u00f4nia","isPartOf":{"@id":"https:\/\/raftingpatagonia.com\/#website"},"primaryImageOfPage":{"@id":"https:\/\/raftingpatagonia.com\/producto\/puerto-blest-cantaros-sin-traslado#primaryimage"},"image":{"@id":"https:\/\/raftingpatagonia.com\/producto\/puerto-blest-cantaros-sin-traslado#primaryimage"},"thumbnailUrl":"https:\/\/raftingpatagonia.com\/wp-content\/uploads\/2025\/08\/11-B-411512354_679863444278105_2151602473120210845_n-copia.jpg","datePublished":"2025-08-18T16:17:36+00:00","dateModified":"2026-04-04T13:45:53+00:00","description":"Descubra Puerto Blest e a cachoeira Los C\u00e1ntaros. Esta vers\u00e3o sem traslado \u00e9 ideal para quem chega diretamente a Puerto Pa\u00f1uelo.","breadcrumb":{"@id":"https:\/\/raftingpatagonia.com\/producto\/puerto-blest-cantaros-sin-traslado#breadcrumb"},"inLanguage":"pt-BR","potentialAction":[{"@type":"ReadAction","target":["https:\/\/raftingpatagonia.com\/producto\/puerto-blest-cantaros-sin-traslado"]}]},{"@type":"ImageObject","inLanguage":"pt-BR","@id":"https:\/\/raftingpatagonia.com\/producto\/puerto-blest-cantaros-sin-traslado#primaryimage","url":"https:\/\/raftingpatagonia.com\/wp-content\/uploads\/2025\/08\/11-B-411512354_679863444278105_2151602473120210845_n-copia.jpg","contentUrl":"https:\/\/raftingpatagonia.com\/wp-content\/uploads\/2025\/08\/11-B-411512354_679863444278105_2151602473120210845_n-copia.jpg","width":850,"height":1133},{"@type":"BreadcrumbList","@id":"https:\/\/raftingpatagonia.com\/producto\/puerto-blest-cantaros-sin-traslado#breadcrumb","itemListElement":[{"@type":"ListItem","position":1,"name":"Home","item":"https:\/\/raftingpatagonia.com\/"},{"@type":"ListItem","position":2,"name":"Shop","item":"https:\/\/raftingpatagonia.com\/actividades"},{"@type":"ListItem","position":3,"name":"Puerto Blest y Cascada \u201cLos Cantaros\u201d Sin Traslado"}]},{"@type":"WebSite","@id":"https:\/\/raftingpatagonia.com\/#website","url":"https:\/\/raftingpatagonia.com\/","name":"Rafting na Patag\u00f4nia em Bariloche","description":"Rafting na Patag\u00f4nia em Bariloche","potentialAction":[{"@type":"SearchAction","target":{"@type":"EntryPoint","urlTemplate":"https:\/\/raftingpatagonia.com\/?s={search_term_string}"},"query-input":{"@type":"PropertyValueSpecification","valueRequired":true,"valueName":"search_term_string"}}],"inLanguage":"pt-BR"}]},"product_price_amount":"136000.00","product_price_currency":"ARS","og_availability":"instock","product_availability":"instock","product_retailer_item_id":"ADV2025PUBLYC297O","product_condition":"new"},"_links":{"self":[{"href":"https:\/\/raftingpatagonia.com\/pt\/wp-json\/wp\/v2\/product\/236413","targetHints":{"allow":["GET"]}}],"collection":[{"href":"https:\/\/raftingpatagonia.com\/pt\/wp-json\/wp\/v2\/product"}],"about":[{"href":"https:\/\/raftingpatagonia.com\/pt\/wp-json\/wp\/v2\/types\/product"}],"replies":[{"embeddable":true,"href":"https:\/\/raftingpatagonia.com\/pt\/wp-json\/wp\/v2\/comments?post=236413"}],"wp:featuredmedia":[{"embeddable":true,"href":"https:\/\/raftingpatagonia.com\/pt\/wp-json\/wp\/v2\/media\/236682"}],"wp:attachment":[{"href":"https:\/\/raftingpatagonia.com\/pt\/wp-json\/wp\/v2\/media?parent=236413"}],"wp:term":[{"taxonomy":"product_brand","embeddable":true,"href":"https:\/\/raftingpatagonia.com\/pt\/wp-json\/wp\/v2\/product_brand?post=236413"},{"taxonomy":"product_cat","embeddable":true,"href":"https:\/\/raftingpatagonia.com\/pt\/wp-json\/wp\/v2\/product_cat?post=236413"},{"taxonomy":"product_tag","embeddable":true,"href":"https:\/\/raftingpatagonia.com\/pt\/wp-json\/wp\/v2\/product_tag?post=236413"}],"curies":[{"name":"wp","href":"https:\/\/api.w.org\/{rel}","templated":true}]}}