{"id":236412,"date":"2025-08-18T13:17:08","date_gmt":"2025-08-18T16:17:08","guid":{"rendered":"https:\/\/raftingpatagonia.com\/producto\/navegacion-por-nahuel-huapi-isla-victoria-y-bosque-de-arrayanes-sin-traslado"},"modified":"2026-04-04T10:46:04","modified_gmt":"2026-04-04T13:46:04","slug":"isla-victoria-arrayanes-sin-traslado","status":"publish","type":"product","link":"https:\/\/raftingpatagonia.com\/pt\/produto\/victoria-arrayanes-island-sem-realocacao","title":{"rendered":"Navega\u00e7\u00e3o Nahuel Huapi: Ilha Victoria e Floresta Arrayanes sem traslado"},"content":{"rendered":"<h3 data-start=\"304\" data-end=\"381\">Um cart\u00e3o postal tradicional da Patag\u00f4nia, com a garantia local da Bariloche Excursiones.<\/h3>\n<p data-start=\"383\" data-end=\"761\">Viva a experi\u00eancia \u00fanica de navegar pelo Lago Nahuel Huapi e se surpreenda com duas joias naturais da regi\u00e3o: a majestosa Ilha Victoria e o enigm\u00e1tico Bosque de Arrayanes. Se voc\u00ea j\u00e1 est\u00e1 em Bariloche e prefere chegar a Puerto Pa\u00f1uelo por seus pr\u00f3prios meios, esta proposta permite que voc\u00ea viaje no seu pr\u00f3prio ritmo, desfrutando da excel\u00eancia de uma equipe especializada que pensa em voc\u00ea.<\/p>\n<h3 data-start=\"763\" data-end=\"808\">Circuito e atra\u00e7\u00f5es imperd\u00edveis<\/h3>\n<p data-start=\"810\" data-end=\"1136\">A caminhada come\u00e7a no <strong data-start=\"832\" data-end=\"850\">Puerto Pa\u00f1uelo<\/strong>, localizado no quil\u00f4metro 25 da Avenida Bustillo. De l\u00e1, voc\u00ea embarca no catamar\u00e3 e, com todo o conforto e vistas panor\u00e2micas, come\u00e7a a travessia do Nahuel Huapi. A primeira parada \u00e9 o <strong data-start=\"1006\" data-end=\"1032\">Pen\u00ednsula de Quetrihu\u00e9<\/strong>, onde trilhas bem marcadas e a exclusiva floresta de murtas, \u00fanica no planeta, esperam por voc\u00ea.<\/p>\n<p data-start=\"1138\" data-end=\"1365\">A rota continua at\u00e9 <strong data-start=\"1166\" data-end=\"1183\">Ilha Victoria<\/strong>, O local \u00e9 repleto de natureza intocada e circuitos autoguiados que levam ao <strong data-start=\"1246\" data-end=\"1264\">Praia de El Toro<\/strong>Um ref\u00fagio de areia vulc\u00e2nica e vest\u00edgios pr\u00e9-colombianos, ideal para tirar fotos e colecionar mem\u00f3rias inesquec\u00edveis.<\/p>\n<h3 data-start=\"1367\" data-end=\"1387\">Fatos importantes para sua viagem<\/h3>\n<ul data-start=\"1389\" data-end=\"1663\">\n<li data-start=\"1389\" data-end=\"1435\">\n<p data-start=\"1391\" data-end=\"1435\"><strong data-start=\"1391\" data-end=\"1412\">Dura\u00e7\u00e3o aproximada<\/strong>: das 13:00 \u00e0s 19:00 hs<\/p>\n<\/li>\n<li data-start=\"1436\" data-end=\"1521\">\n<p data-start=\"1438\" data-end=\"1521\"><strong data-start=\"1438\" data-end=\"1449\">Inclui<\/strong>Passeio de catamar\u00e3 e acompanhamento de um guia registrado durante todo o passeio.<\/p>\n<\/li>\n<li data-start=\"1522\" data-end=\"1663\">\n<p data-start=\"1524\" data-end=\"1663\"><strong data-start=\"1524\" data-end=\"1538\">N\u00e3o inclui<\/strong>Traslado para Puerto Pa\u00f1uelo, taxas portu\u00e1rias ou taxas de entrada no Parque Nacional, sem refei\u00e7\u00f5es (h\u00e1 alternativas a bordo e tamb\u00e9m na ilha).<\/p>\n<\/li>\n<\/ul>\n<h3 data-start=\"1665\" data-end=\"1694\">Como chegar l\u00e1 por conta pr\u00f3pria<\/h3>\n<p data-start=\"1696\" data-end=\"1943\">Puerto Pa\u00f1uelo fica a cerca de 30 minutos do centro de Bariloche, no km 25 da Avenida Bustillo. Voc\u00ea pode ir de carro, remis ou \u00f4nibus urbano. Assim que fizer a compra, n\u00f3s lhe daremos todos os detalhes para que voc\u00ea possa chegar l\u00e1 confortavelmente e sem problemas.<\/p>\n<h3 data-start=\"1950\" data-end=\"1974\">Perguntas frequentes<\/h3>\n<p data-start=\"1976\" data-end=\"2212\"><strong data-start=\"1976\" data-end=\"2028\">Onde posso pagar as taxas do parque e de embarque?<\/strong><br data-start=\"2028\" data-end=\"2031\" \/>A ser pago em dinheiro no dia, ao se registrar em Puerto Pa\u00f1uelo. Residentes locais, pessoas com defici\u00eancia, crian\u00e7as menores de 6 anos e aposentados com carteira de identidade nacional n\u00e3o pagam.<\/p>\n<p data-start=\"2214\" data-end=\"2368\"><strong data-start=\"2214\" data-end=\"2260\">H\u00e1 b\u00f4nus para visitantes estrangeiros?<\/strong><br data-start=\"2260\" data-end=\"2263\" \/>N\u00e3o. Os benef\u00edcios da taxa se aplicam apenas a residentes da Argentina com documenta\u00e7\u00e3o v\u00e1lida.<\/p>\n<p data-start=\"2370\" data-end=\"2524\"><strong data-start=\"2370\" data-end=\"2402\">Qual navio faz a travessia?<\/strong><br data-start=\"2402\" data-end=\"2405\" \/>Normalmente, a travessia \u00e9 feita no hist\u00f3rico <strong data-start=\"2457\" data-end=\"2477\">Modesta Victoria<\/strong>, mas pode variar por motivos operacionais.<\/p>\n<p data-start=\"2526\" data-end=\"2689\"><strong data-start=\"2526\" data-end=\"2587\">\u00c9 poss\u00edvel levar algo para comer ou h\u00e1 op\u00e7\u00f5es dispon\u00edveis?<\/strong><br data-start=\"2587\" data-end=\"2590\" \/>Voc\u00ea pode trazer sua pr\u00f3pria comida ou aproveitar as alternativas gastron\u00f4micas a bordo do catamar\u00e3 ou na Ilha Victoria.<\/p>","protected":false},"excerpt":{"rendered":"<p>Descubra uma aventura inesquec\u00edvel na incr\u00edvel Ilha Victoria e na m\u00e1gica Floresta de Arrayanes, localizada no cora\u00e7\u00e3o da Patag\u00f4nia argentina. Admire a beleza do Lago Nahuel Huapi enquanto caminha por trilhas cercadas de vegeta\u00e7\u00e3o nativa e descobre vest\u00edgios de culturas antigas. Viva uma experi\u00eancia diferente em um ambiente natural de grande beleza.<\/p>","protected":false},"featured_media":236677,"comment_status":"open","ping_status":"closed","template":"","meta":[],"product_brand":[],"product_cat":[542,547,550,551,553,558,559,563],"product_tag":[],"class_list":{"0":"post-236412","1":"product","2":"type-product","3":"status-publish","4":"has-post-thumbnail","6":"product_cat-adultos","7":"product_cat-familia","8":"product_cat-jubilados","9":"product_cat-lacustre","10":"product_cat-ninos","11":"product_cat-sin-comida","12":"product_cat-sin-traslado","13":"product_cat-todo-el-ano","15":"first","16":"instock","17":"virtual","18":"sold-individually","19":"purchasable","20":"product-type-booking"},"booking_location":"","booking_location_type":"","booking_duration":60,"booking_duration_unit":"minute","booking_buffer":0,"booking_cost":0,"booking_resources":[],"exclude_global_add_ons":false,"addons":[{"name":"ADU: Adulto","type":"input_multiplier","position":0,"required":false,"title_format":"label","default":"","description_enable":false,"description":"","placeholder_enable":false,"placeholder":"","display":"select","restrictions_type":"any_text","adjust_price":true,"price":"136000","price_type":"quantity_based","restrictions":false,"min":"0","max":"0","options":[],"id":1773233738},{"name":"MEN512 | 5 a 12","type":"input_multiplier","position":1,"required":false,"title_format":"label","default":"","description_enable":false,"description":"","placeholder_enable":false,"placeholder":"","display":"select","restrictions_type":"any_text","adjust_price":true,"price":"70000","price_type":"quantity_based","restrictions":false,"min":"0","max":"0","options":[],"id":1773233739},{"name":"ADUJ : Aposentado","type":"input_multiplier","position":2,"required":false,"title_format":"label","default":"","description_enable":false,"description":"","placeholder_enable":false,"placeholder":"","display":"select","restrictions_type":"any_text","adjust_price":true,"price":"70000","price_type":"quantity_based","restrictions":false,"min":"0","max":"0","options":[],"id":1773233740}],"yoast_head":"<!-- This site is optimized with the Yoast SEO Premium plugin v24.5 (Yoast SEO v24.8) - https:\/\/yoast.com\/wordpress\/plugins\/seo\/ -->\n<title>Isla Victoria y Arrayanes sin traslado | Rafting Patagonia<\/title>\n<meta name=\"description\" content=\"Naveg\u00e1 por tu cuenta hasta Isla Victoria y el Bosque de Arrayanes. Una experiencia natural entre aguas cristalinas y senderos.\" \/>\n<meta name=\"robots\" content=\"index, follow, max-snippet:-1, max-image-preview:large, max-video-preview:-1\" \/>\n<link rel=\"canonical\" href=\"https:\/\/raftingpatagonia.com\/pt\/produto\/victoria-arrayanes-island-sem-realocacao\/\" \/>\n<meta property=\"og:locale\" content=\"pt_BR\" \/>\n<meta property=\"og:type\" content=\"article\" \/>\n<meta property=\"og:title\" content=\"Navegaci\u00f3n por Nahuel Huapi: Isla Victoria y Bosque de Arrayanes sin traslado\" \/>\n<meta property=\"og:description\" content=\"Naveg\u00e1 por tu cuenta hasta Isla Victoria y el Bosque de Arrayanes. Una experiencia natural entre aguas cristalinas y senderos.\" \/>\n<meta property=\"og:url\" content=\"https:\/\/raftingpatagonia.com\/pt\/produto\/victoria-arrayanes-island-sem-realocacao\/\" \/>\n<meta property=\"og:site_name\" content=\"Rafting Patagonia en Bariloche\" \/>\n<meta property=\"article:publisher\" content=\"https:\/\/www.facebook.com\/Rafting-4810-231662556864543\/\" \/>\n<meta property=\"article:modified_time\" content=\"2026-04-04T13:46:04+00:00\" \/>\n<meta property=\"og:image\" content=\"https:\/\/raftingpatagonia.com\/wp-content\/uploads\/2025\/08\/11-A-501756366_1160097892814730_6765617704371636171_n.jpg\" \/>\n\t<meta property=\"og:image:width\" content=\"850\" \/>\n\t<meta property=\"og:image:height\" content=\"1133\" \/>\n\t<meta property=\"og:image:type\" content=\"image\/jpeg\" \/>\n<meta name=\"twitter:card\" content=\"summary_large_image\" \/>\n<meta name=\"twitter:label1\" content=\"Pre\u00e7o\" \/>\n\t<meta name=\"twitter:data1\" content=\"&#036;&nbsp;163.200,00\" \/>\n\t<meta name=\"twitter:label2\" content=\"Disponibilidade\" \/>\n\t<meta name=\"twitter:data2\" content=\"Em Estoque\" \/>\n<script type=\"application\/ld+json\" class=\"yoast-schema-graph\">{\"@context\":\"https:\/\/schema.org\",\"@graph\":[{\"@type\":[\"WebPage\",\"ItemPage\"],\"@id\":\"https:\/\/raftingpatagonia.com\/producto\/isla-victoria-arrayanes-sin-traslado\",\"url\":\"https:\/\/raftingpatagonia.com\/producto\/isla-victoria-arrayanes-sin-traslado\",\"name\":\"Isla Victoria y Arrayanes sin traslado | Rafting Patagonia\",\"isPartOf\":{\"@id\":\"https:\/\/raftingpatagonia.com\/#website\"},\"primaryImageOfPage\":{\"@id\":\"https:\/\/raftingpatagonia.com\/producto\/isla-victoria-arrayanes-sin-traslado#primaryimage\"},\"image\":{\"@id\":\"https:\/\/raftingpatagonia.com\/producto\/isla-victoria-arrayanes-sin-traslado#primaryimage\"},\"thumbnailUrl\":\"https:\/\/raftingpatagonia.com\/wp-content\/uploads\/2025\/08\/11-A-501756366_1160097892814730_6765617704371636171_n.jpg\",\"datePublished\":\"2025-08-18T16:17:08+00:00\",\"dateModified\":\"2026-04-04T13:46:04+00:00\",\"description\":\"Naveg\u00e1 por tu cuenta hasta Isla Victoria y el Bosque de Arrayanes. Una experiencia natural entre aguas cristalinas y senderos.\",\"breadcrumb\":{\"@id\":\"https:\/\/raftingpatagonia.com\/producto\/isla-victoria-arrayanes-sin-traslado#breadcrumb\"},\"inLanguage\":\"pt-BR\",\"potentialAction\":[{\"@type\":\"ReadAction\",\"target\":[\"https:\/\/raftingpatagonia.com\/producto\/isla-victoria-arrayanes-sin-traslado\"]}]},{\"@type\":\"ImageObject\",\"inLanguage\":\"pt-BR\",\"@id\":\"https:\/\/raftingpatagonia.com\/producto\/isla-victoria-arrayanes-sin-traslado#primaryimage\",\"url\":\"https:\/\/raftingpatagonia.com\/wp-content\/uploads\/2025\/08\/11-A-501756366_1160097892814730_6765617704371636171_n.jpg\",\"contentUrl\":\"https:\/\/raftingpatagonia.com\/wp-content\/uploads\/2025\/08\/11-A-501756366_1160097892814730_6765617704371636171_n.jpg\",\"width\":850,\"height\":1133},{\"@type\":\"BreadcrumbList\",\"@id\":\"https:\/\/raftingpatagonia.com\/producto\/isla-victoria-arrayanes-sin-traslado#breadcrumb\",\"itemListElement\":[{\"@type\":\"ListItem\",\"position\":1,\"name\":\"Home\",\"item\":\"https:\/\/raftingpatagonia.com\/\"},{\"@type\":\"ListItem\",\"position\":2,\"name\":\"Shop\",\"item\":\"https:\/\/raftingpatagonia.com\/actividades\"},{\"@type\":\"ListItem\",\"position\":3,\"name\":\"Navegaci\u00f3n por Nahuel Huapi: Isla Victoria y Bosque de Arrayanes sin traslado\"}]},{\"@type\":\"WebSite\",\"@id\":\"https:\/\/raftingpatagonia.com\/#website\",\"url\":\"https:\/\/raftingpatagonia.com\/\",\"name\":\"Rafting Patagonia en Bariloche\",\"description\":\"Rafting Patagonia en Bariloche\",\"potentialAction\":[{\"@type\":\"SearchAction\",\"target\":{\"@type\":\"EntryPoint\",\"urlTemplate\":\"https:\/\/raftingpatagonia.com\/?s={search_term_string}\"},\"query-input\":{\"@type\":\"PropertyValueSpecification\",\"valueRequired\":true,\"valueName\":\"search_term_string\"}}],\"inLanguage\":\"pt-BR\"}]}<\/script>\n<meta property=\"product:price:amount\" content=\"163200.00\" \/>\n<meta property=\"product:price:currency\" content=\"ARS\" \/>\n<meta property=\"og:availability\" content=\"instock\" \/>\n<meta property=\"product:availability\" content=\"instock\" \/>\n<meta property=\"product:retailer_item_id\" content=\"ADV2025ISVIYB4A10\" \/>\n<meta property=\"product:condition\" content=\"new\" \/>\n<!-- \/ Yoast SEO Premium plugin. -->","yoast_head_json":{"title":"Isla Victoria e Arrayanes sem traslado | Rafting Patag\u00f4nia","description":"Navegue por conta pr\u00f3pria at\u00e9 a Ilha Victoria e a Floresta Arrayanes. Uma experi\u00eancia natural entre \u00e1guas cristalinas e trilhas.","robots":{"index":"index","follow":"follow","max-snippet":"max-snippet:-1","max-image-preview":"max-image-preview:large","max-video-preview":"max-video-preview:-1"},"canonical":"https:\/\/raftingpatagonia.com\/pt\/produto\/victoria-arrayanes-island-sem-realocacao\/","og_locale":"pt_BR","og_type":"article","og_title":"Navegaci\u00f3n por Nahuel Huapi: Isla Victoria y Bosque de Arrayanes sin traslado","og_description":"Naveg\u00e1 por tu cuenta hasta Isla Victoria y el Bosque de Arrayanes. Una experiencia natural entre aguas cristalinas y senderos.","og_url":"https:\/\/raftingpatagonia.com\/pt\/produto\/victoria-arrayanes-island-sem-realocacao\/","og_site_name":"Rafting Patagonia en Bariloche","article_publisher":"https:\/\/www.facebook.com\/Rafting-4810-231662556864543\/","article_modified_time":"2026-04-04T13:46:04+00:00","og_image":[{"width":850,"height":1133,"url":"https:\/\/raftingpatagonia.com\/wp-content\/uploads\/2025\/08\/11-A-501756366_1160097892814730_6765617704371636171_n.jpg","type":"image\/jpeg"}],"twitter_card":"summary_large_image","twitter_misc":{"Pre\u00e7o":"&#36;&nbsp;163.200,00","Disponibilidade":"Em Estoque"},"schema":{"@context":"https:\/\/schema.org","@graph":[{"@type":["WebPage","ItemPage"],"@id":"https:\/\/raftingpatagonia.com\/producto\/isla-victoria-arrayanes-sin-traslado","url":"https:\/\/raftingpatagonia.com\/producto\/isla-victoria-arrayanes-sin-traslado","name":"Isla Victoria e Arrayanes sem traslado | Rafting Patag\u00f4nia","isPartOf":{"@id":"https:\/\/raftingpatagonia.com\/#website"},"primaryImageOfPage":{"@id":"https:\/\/raftingpatagonia.com\/producto\/isla-victoria-arrayanes-sin-traslado#primaryimage"},"image":{"@id":"https:\/\/raftingpatagonia.com\/producto\/isla-victoria-arrayanes-sin-traslado#primaryimage"},"thumbnailUrl":"https:\/\/raftingpatagonia.com\/wp-content\/uploads\/2025\/08\/11-A-501756366_1160097892814730_6765617704371636171_n.jpg","datePublished":"2025-08-18T16:17:08+00:00","dateModified":"2026-04-04T13:46:04+00:00","description":"Navegue por conta pr\u00f3pria at\u00e9 a Ilha Victoria e a Floresta Arrayanes. Uma experi\u00eancia natural entre \u00e1guas cristalinas e trilhas.","breadcrumb":{"@id":"https:\/\/raftingpatagonia.com\/producto\/isla-victoria-arrayanes-sin-traslado#breadcrumb"},"inLanguage":"pt-BR","potentialAction":[{"@type":"ReadAction","target":["https:\/\/raftingpatagonia.com\/producto\/isla-victoria-arrayanes-sin-traslado"]}]},{"@type":"ImageObject","inLanguage":"pt-BR","@id":"https:\/\/raftingpatagonia.com\/producto\/isla-victoria-arrayanes-sin-traslado#primaryimage","url":"https:\/\/raftingpatagonia.com\/wp-content\/uploads\/2025\/08\/11-A-501756366_1160097892814730_6765617704371636171_n.jpg","contentUrl":"https:\/\/raftingpatagonia.com\/wp-content\/uploads\/2025\/08\/11-A-501756366_1160097892814730_6765617704371636171_n.jpg","width":850,"height":1133},{"@type":"BreadcrumbList","@id":"https:\/\/raftingpatagonia.com\/producto\/isla-victoria-arrayanes-sin-traslado#breadcrumb","itemListElement":[{"@type":"ListItem","position":1,"name":"Home","item":"https:\/\/raftingpatagonia.com\/"},{"@type":"ListItem","position":2,"name":"Shop","item":"https:\/\/raftingpatagonia.com\/actividades"},{"@type":"ListItem","position":3,"name":"Navegaci\u00f3n por Nahuel Huapi: Isla Victoria y Bosque de Arrayanes sin traslado"}]},{"@type":"WebSite","@id":"https:\/\/raftingpatagonia.com\/#website","url":"https:\/\/raftingpatagonia.com\/","name":"Rafting na Patag\u00f4nia em Bariloche","description":"Rafting na Patag\u00f4nia em Bariloche","potentialAction":[{"@type":"SearchAction","target":{"@type":"EntryPoint","urlTemplate":"https:\/\/raftingpatagonia.com\/?s={search_term_string}"},"query-input":{"@type":"PropertyValueSpecification","valueRequired":true,"valueName":"search_term_string"}}],"inLanguage":"pt-BR"}]},"product_price_amount":"163200.00","product_price_currency":"ARS","og_availability":"instock","product_availability":"instock","product_retailer_item_id":"ADV2025ISVIYB4A10","product_condition":"new"},"_links":{"self":[{"href":"https:\/\/raftingpatagonia.com\/pt\/wp-json\/wp\/v2\/product\/236412","targetHints":{"allow":["GET"]}}],"collection":[{"href":"https:\/\/raftingpatagonia.com\/pt\/wp-json\/wp\/v2\/product"}],"about":[{"href":"https:\/\/raftingpatagonia.com\/pt\/wp-json\/wp\/v2\/types\/product"}],"replies":[{"embeddable":true,"href":"https:\/\/raftingpatagonia.com\/pt\/wp-json\/wp\/v2\/comments?post=236412"}],"wp:featuredmedia":[{"embeddable":true,"href":"https:\/\/raftingpatagonia.com\/pt\/wp-json\/wp\/v2\/media\/236677"}],"wp:attachment":[{"href":"https:\/\/raftingpatagonia.com\/pt\/wp-json\/wp\/v2\/media?parent=236412"}],"wp:term":[{"taxonomy":"product_brand","embeddable":true,"href":"https:\/\/raftingpatagonia.com\/pt\/wp-json\/wp\/v2\/product_brand?post=236412"},{"taxonomy":"product_cat","embeddable":true,"href":"https:\/\/raftingpatagonia.com\/pt\/wp-json\/wp\/v2\/product_cat?post=236412"},{"taxonomy":"product_tag","embeddable":true,"href":"https:\/\/raftingpatagonia.com\/pt\/wp-json\/wp\/v2\/product_tag?post=236412"}],"curies":[{"name":"wp","href":"https:\/\/api.w.org\/{rel}","templated":true}]}}