{"id":236411,"date":"2025-08-18T13:16:37","date_gmt":"2025-08-18T16:16:37","guid":{"rendered":"https:\/\/raftingpatagonia.com\/producto\/excursion-a-puerto-blest-y-lago-frias-con-traslado"},"modified":"2026-03-31T12:15:26","modified_gmt":"2026-03-31T15:15:26","slug":"puerto-blest-cascada-los-cantaros-lago-frias","status":"publish","type":"product","link":"https:\/\/raftingpatagonia.com\/pt\/produto\/puerto-blest-cachoeira-los-cantaros-lago-frias","title":{"rendered":"Excurs\u00e3o a Puerto Blest e Lago Frias com traslado"},"content":{"rendered":"<h2>Conhe\u00e7a a grandiosidade de Puerto Blest e da cachoeira Los C\u00e1ntaros<\/h2>\n<p>Parta para uma experi\u00eancia \u00fanica, come\u00e7ando pela encantadora <strong>Puerto Pa\u00f1uelo<\/strong>, O passeio de barco fica a apenas alguns minutos do centro de San Carlos de Bariloche. Em um passeio de barco de aproximadamente uma hora, voc\u00ea percorrer\u00e1 a ic\u00f4nica <strong>Ilhota Sentinela<\/strong>, famoso por ser o local de descanso eterno do grande Perito Moreno.<\/p>\n<p>A viagem continua ao longo de uma s\u00e9rie de passarelas elevadas que o levar\u00e3o para perto dos melhores cart\u00f5es postais da imponente <strong>Cachoeira Los C\u00e1ntaros<\/strong>. Esse espet\u00e1culo da natureza, cercado por forma\u00e7\u00f5es de granito, tamb\u00e9m abriga um antigo lari\u00e7o com mais de 1.500 anos de idade, que guarda milhares de hist\u00f3rias em seus galhos.<\/p>\n<h3>Navega\u00e7\u00e3o panor\u00e2mica ao longo do Nahuel Huapi<\/h3>\n<p>Suba a bordo de um catamar\u00e3 de \u00faltima gera\u00e7\u00e3o e deixe-se surpreender pela <strong>paisagens deslumbrantes do lago Nahuel Huapi<\/strong> juntamente com o imponente <strong>Cordilheira dos Andes<\/strong>. Permita-se desfrutar plenamente das ilhas \u00fanicas que d\u00e3o a essa parte da Patag\u00f4nia sua pr\u00f3pria identidade.<\/p>\n<h2>Mergulhe no Lago Frias: um canto de sonho<\/h2>\n<p>Ao chegar a Puerto Blest, um epicentro de maravilhas para viajantes de todos os lugares, voc\u00ea ficar\u00e1 impressionado com a beleza do lugar. <strong>Lago Frias<\/strong>. A impressionante cor verde de suas \u00e1guas \u00e9 resultado dos finos sedimentos fornecidos pela geleira Cerro Tronador.<\/p>\n<p>Se quiser intensificar sua experi\u00eancia, voc\u00ea pode optar por uma curta viagem de 3 km de \u00f4nibus at\u00e9 <strong>Porto Alegre<\/strong>, onde voc\u00ea zarpar\u00e1 para se conectar ainda mais profundamente com esse ambiente natural de beleza impressionante.<\/p>\n<h3>Divirta-se com v\u00e1rias alternativas<\/h3>\n<ul>\n<li>Passeios a p\u00e9 em grupo pela floresta tropical de Vald\u00edvia, um verdadeiro santu\u00e1rio de vida selvagem.<\/li>\n<li>Caminhadas pelo lago ao longo do tranquilo Lago Frias, revelando paisagens surpreendentes a cada curva.<\/li>\n<\/ul>\n<h2>Fatos importantes sobre a excurs\u00e3o<\/h2>\n<ul>\n<li><strong>Dura\u00e7\u00e3o:<\/strong> Das 9:00 \u00e0s 17:30 hs, aproximadamente.<\/li>\n<li><strong>Ele inclui:<\/strong> Traslados em ambas as dire\u00e7\u00f5es, guias a bordo e trilhas de caminhada.<\/li>\n<li><strong>N\u00e3o inclu\u00eddo:<\/strong> Almo\u00e7os (h\u00e1 op\u00e7\u00f5es em Paradors) e taxas de entrada no Parque Nacional.<\/li>\n<\/ul>\n<h2>Perguntas frequentes<\/h2>\n<ul>\n<li><strong>Como s\u00e3o pagas as taxas de entrada no Parque Nacional?<\/strong><br \/>\nO pagamento \u00e9 feito no dia da excurs\u00e3o em Puerto Pa\u00f1uelo, em dinheiro e somente em pesos argentinos. As tarifas podem ter descontos para residentes e crian\u00e7as com menos de cinco anos de idade.<\/li>\n<li><strong>H\u00e1 algum desconto para aposentados estrangeiros?<\/strong><br \/>\nN\u00e3o, os b\u00f4nus se aplicam apenas a aposentados argentinos, que devem apresentar a carteira de identidade correspondente antes do embarque.<\/li>\n<li><strong>\u00c9 poss\u00edvel levar sua pr\u00f3pria comida?<\/strong><br \/>\n\u00c9 claro que voc\u00ea tem a op\u00e7\u00e3o de trazer seus pr\u00f3prios lanches ou comprar lanches a bordo e nas paradas ao longo do caminho.<\/li>\n<li><strong>Qual navio est\u00e1 fazendo a viagem?<\/strong><br \/>\nO hist\u00f3rico Modesta Victoria \u00e9 normalmente usado, embora o navio designado possa mudar sem aviso pr\u00e9vio.<\/li>\n<li><strong>\u00c9 poss\u00edvel adicionar outras atividades?<\/strong><br \/>\nSim, especialmente se sua excurs\u00e3o for \u00e0 tarde. Combine-a com o Circuito Chico e torne seu dia realmente \u00e9pico.<\/li>\n<\/ul>","protected":false},"excerpt":{"rendered":"<p>Desfrute de uma experi\u00eancia \u00fanica em Puerto Blest e na cachoeira \u00abLos C\u00e1ntaros\u00bb. Fa\u00e7a um passeio de barco e conhe\u00e7a a incr\u00edvel pureza do Lago Frias. Adquira seu ingresso agora e deixe-se surpreender por um ambiente natural impressionante.<\/p>","protected":false},"featured_media":236686,"comment_status":"open","ping_status":"closed","template":"","meta":[],"product_brand":[],"product_cat":[542,546,547,550,551,553,558,563],"product_tag":[],"class_list":{"0":"post-236411","1":"product","2":"type-product","3":"status-publish","4":"has-post-thumbnail","6":"product_cat-adultos","7":"product_cat-con-traslado","8":"product_cat-familia","9":"product_cat-jubilados","10":"product_cat-lacustre","11":"product_cat-ninos","12":"product_cat-sin-comida","13":"product_cat-todo-el-ano","15":"first","16":"instock","17":"virtual","18":"sold-individually","19":"purchasable","20":"product-type-booking"},"booking_location":"","booking_location_type":"","booking_duration":60,"booking_duration_unit":"minute","booking_buffer":0,"booking_cost":0,"booking_resources":[],"exclude_global_add_ons":false,"addons":[{"name":"ADU: Adulto","type":"input_multiplier","position":0,"required":true,"title_format":"label","default":"","description_enable":false,"description":"","placeholder_enable":false,"placeholder":"","display":"select","restrictions_type":"any_text","adjust_price":true,"price":"212000","price_type":"quantity_based","restrictions":false,"min":"0","max":"0","options":[],"id":1773233993},{"name":"MEN512 | 5 a 12","type":"input_multiplier","position":1,"required":false,"title_format":"label","default":"","description_enable":false,"description":"","placeholder_enable":false,"placeholder":"","display":"select","restrictions_type":"any_text","adjust_price":true,"price":"119000","price_type":"quantity_based","restrictions":false,"min":"0","max":"0","options":[],"id":1773233994},{"name":"ADUJ : Aposentado","type":"input_multiplier","position":2,"required":false,"title_format":"label","default":"","description_enable":false,"description":"","placeholder_enable":false,"placeholder":"","display":"select","restrictions_type":"any_text","adjust_price":true,"price":"119000","price_type":"quantity_based","restrictions":false,"min":"0","max":"0","options":[],"id":1773233995}],"yoast_head":"<!-- This site is optimized with the Yoast SEO Premium plugin v24.5 (Yoast SEO v24.8) - https:\/\/yoast.com\/wordpress\/plugins\/seo\/ -->\n<title>Puerto Blest y Lago Fr\u00edas con traslado | Rafting Patagonia<\/title>\n<meta name=\"description\" content=\"Explor\u00e1 Puerto Blest y Lago Fr\u00edas con traslado desde Bariloche. Navegaci\u00f3n, cascadas y vistas inolvidables de la Patagonia.\" \/>\n<meta name=\"robots\" content=\"index, follow, max-snippet:-1, max-image-preview:large, max-video-preview:-1\" \/>\n<link rel=\"canonical\" href=\"https:\/\/raftingpatagonia.com\/pt\/produto\/puerto-blest-cachoeira-los-cantaros-lago-frias\/\" \/>\n<meta property=\"og:locale\" content=\"pt_BR\" \/>\n<meta property=\"og:type\" content=\"article\" \/>\n<meta property=\"og:title\" content=\"Excursi\u00f3n a Puerto Blest y Lago Fr\u00edas con traslado\" \/>\n<meta property=\"og:description\" content=\"Explor\u00e1 Puerto Blest y Lago Fr\u00edas con traslado desde Bariloche. Navegaci\u00f3n, cascadas y vistas inolvidables de la Patagonia.\" \/>\n<meta property=\"og:url\" content=\"https:\/\/raftingpatagonia.com\/pt\/produto\/puerto-blest-cachoeira-los-cantaros-lago-frias\/\" \/>\n<meta property=\"og:site_name\" content=\"Rafting Patagonia en Bariloche\" \/>\n<meta property=\"article:publisher\" content=\"https:\/\/www.facebook.com\/Rafting-4810-231662556864543\/\" \/>\n<meta property=\"article:modified_time\" content=\"2026-03-31T15:15:26+00:00\" \/>\n<meta property=\"og:image\" content=\"https:\/\/raftingpatagonia.com\/wp-content\/uploads\/2025\/08\/11-B-491648090_1127476382743548_7141269300326470918_n.jpg\" \/>\n\t<meta property=\"og:image:width\" content=\"850\" \/>\n\t<meta property=\"og:image:height\" content=\"1133\" \/>\n\t<meta property=\"og:image:type\" content=\"image\/jpeg\" \/>\n<meta name=\"twitter:card\" content=\"summary_large_image\" \/>\n<meta name=\"twitter:label1\" content=\"Pre\u00e7o\" \/>\n\t<meta name=\"twitter:data1\" content=\"&#036;&nbsp;212.000,00\" \/>\n\t<meta name=\"twitter:label2\" content=\"Disponibilidade\" \/>\n\t<meta name=\"twitter:data2\" content=\"Em Estoque\" \/>\n<script type=\"application\/ld+json\" class=\"yoast-schema-graph\">{\"@context\":\"https:\/\/schema.org\",\"@graph\":[{\"@type\":[\"WebPage\",\"ItemPage\"],\"@id\":\"https:\/\/raftingpatagonia.com\/producto\/puerto-blest-cascada-los-cantaros-lago-frias\",\"url\":\"https:\/\/raftingpatagonia.com\/producto\/puerto-blest-cascada-los-cantaros-lago-frias\",\"name\":\"Puerto Blest y Lago Fr\u00edas con traslado | Rafting Patagonia\",\"isPartOf\":{\"@id\":\"https:\/\/raftingpatagonia.com\/#website\"},\"primaryImageOfPage\":{\"@id\":\"https:\/\/raftingpatagonia.com\/producto\/puerto-blest-cascada-los-cantaros-lago-frias#primaryimage\"},\"image\":{\"@id\":\"https:\/\/raftingpatagonia.com\/producto\/puerto-blest-cascada-los-cantaros-lago-frias#primaryimage\"},\"thumbnailUrl\":\"https:\/\/raftingpatagonia.com\/wp-content\/uploads\/2025\/08\/11-B-491648090_1127476382743548_7141269300326470918_n.jpg\",\"datePublished\":\"2025-08-18T16:16:37+00:00\",\"dateModified\":\"2026-03-31T15:15:26+00:00\",\"description\":\"Explor\u00e1 Puerto Blest y Lago Fr\u00edas con traslado desde Bariloche. Navegaci\u00f3n, cascadas y vistas inolvidables de la Patagonia.\",\"breadcrumb\":{\"@id\":\"https:\/\/raftingpatagonia.com\/producto\/puerto-blest-cascada-los-cantaros-lago-frias#breadcrumb\"},\"inLanguage\":\"pt-BR\",\"potentialAction\":[{\"@type\":\"ReadAction\",\"target\":[\"https:\/\/raftingpatagonia.com\/producto\/puerto-blest-cascada-los-cantaros-lago-frias\"]}]},{\"@type\":\"ImageObject\",\"inLanguage\":\"pt-BR\",\"@id\":\"https:\/\/raftingpatagonia.com\/producto\/puerto-blest-cascada-los-cantaros-lago-frias#primaryimage\",\"url\":\"https:\/\/raftingpatagonia.com\/wp-content\/uploads\/2025\/08\/11-B-491648090_1127476382743548_7141269300326470918_n.jpg\",\"contentUrl\":\"https:\/\/raftingpatagonia.com\/wp-content\/uploads\/2025\/08\/11-B-491648090_1127476382743548_7141269300326470918_n.jpg\",\"width\":850,\"height\":1133},{\"@type\":\"BreadcrumbList\",\"@id\":\"https:\/\/raftingpatagonia.com\/producto\/puerto-blest-cascada-los-cantaros-lago-frias#breadcrumb\",\"itemListElement\":[{\"@type\":\"ListItem\",\"position\":1,\"name\":\"Home\",\"item\":\"https:\/\/raftingpatagonia.com\/\"},{\"@type\":\"ListItem\",\"position\":2,\"name\":\"Shop\",\"item\":\"https:\/\/raftingpatagonia.com\/actividades\"},{\"@type\":\"ListItem\",\"position\":3,\"name\":\"Excursi\u00f3n a Puerto Blest y Lago Fr\u00edas con traslado\"}]},{\"@type\":\"WebSite\",\"@id\":\"https:\/\/raftingpatagonia.com\/#website\",\"url\":\"https:\/\/raftingpatagonia.com\/\",\"name\":\"Rafting Patagonia en Bariloche\",\"description\":\"Rafting Patagonia en Bariloche\",\"potentialAction\":[{\"@type\":\"SearchAction\",\"target\":{\"@type\":\"EntryPoint\",\"urlTemplate\":\"https:\/\/raftingpatagonia.com\/?s={search_term_string}\"},\"query-input\":{\"@type\":\"PropertyValueSpecification\",\"valueRequired\":true,\"valueName\":\"search_term_string\"}}],\"inLanguage\":\"pt-BR\"}]}<\/script>\n<meta property=\"product:price:amount\" content=\"212000.00\" \/>\n<meta property=\"product:price:currency\" content=\"ARS\" \/>\n<meta property=\"og:availability\" content=\"instock\" \/>\n<meta property=\"product:availability\" content=\"instock\" \/>\n<meta property=\"product:retailer_item_id\" content=\"ADV2025PUBLYC9CR1\" \/>\n<meta property=\"product:condition\" content=\"new\" \/>\n<!-- \/ Yoast SEO Premium plugin. -->","yoast_head_json":{"title":"Puerto Blest e Lago Frias com traslado : Rafting Patag\u00f4nia","description":"Explore Puerto Blest e Lago Frias com traslado de Bariloche. Navega\u00e7\u00e3o, cachoeiras e vistas inesquec\u00edveis da Patag\u00f4nia.","robots":{"index":"index","follow":"follow","max-snippet":"max-snippet:-1","max-image-preview":"max-image-preview:large","max-video-preview":"max-video-preview:-1"},"canonical":"https:\/\/raftingpatagonia.com\/pt\/produto\/puerto-blest-cachoeira-los-cantaros-lago-frias\/","og_locale":"pt_BR","og_type":"article","og_title":"Excursi\u00f3n a Puerto Blest y Lago Fr\u00edas con traslado","og_description":"Explor\u00e1 Puerto Blest y Lago Fr\u00edas con traslado desde Bariloche. Navegaci\u00f3n, cascadas y vistas inolvidables de la Patagonia.","og_url":"https:\/\/raftingpatagonia.com\/pt\/produto\/puerto-blest-cachoeira-los-cantaros-lago-frias\/","og_site_name":"Rafting Patagonia en Bariloche","article_publisher":"https:\/\/www.facebook.com\/Rafting-4810-231662556864543\/","article_modified_time":"2026-03-31T15:15:26+00:00","og_image":[{"width":850,"height":1133,"url":"https:\/\/raftingpatagonia.com\/wp-content\/uploads\/2025\/08\/11-B-491648090_1127476382743548_7141269300326470918_n.jpg","type":"image\/jpeg"}],"twitter_card":"summary_large_image","twitter_misc":{"Pre\u00e7o":"&#36;&nbsp;212.000,00","Disponibilidade":"Em Estoque"},"schema":{"@context":"https:\/\/schema.org","@graph":[{"@type":["WebPage","ItemPage"],"@id":"https:\/\/raftingpatagonia.com\/producto\/puerto-blest-cascada-los-cantaros-lago-frias","url":"https:\/\/raftingpatagonia.com\/producto\/puerto-blest-cascada-los-cantaros-lago-frias","name":"Puerto Blest e Lago Frias com traslado : Rafting Patag\u00f4nia","isPartOf":{"@id":"https:\/\/raftingpatagonia.com\/#website"},"primaryImageOfPage":{"@id":"https:\/\/raftingpatagonia.com\/producto\/puerto-blest-cascada-los-cantaros-lago-frias#primaryimage"},"image":{"@id":"https:\/\/raftingpatagonia.com\/producto\/puerto-blest-cascada-los-cantaros-lago-frias#primaryimage"},"thumbnailUrl":"https:\/\/raftingpatagonia.com\/wp-content\/uploads\/2025\/08\/11-B-491648090_1127476382743548_7141269300326470918_n.jpg","datePublished":"2025-08-18T16:16:37+00:00","dateModified":"2026-03-31T15:15:26+00:00","description":"Explore Puerto Blest e Lago Frias com traslado de Bariloche. Navega\u00e7\u00e3o, cachoeiras e vistas inesquec\u00edveis da Patag\u00f4nia.","breadcrumb":{"@id":"https:\/\/raftingpatagonia.com\/producto\/puerto-blest-cascada-los-cantaros-lago-frias#breadcrumb"},"inLanguage":"pt-BR","potentialAction":[{"@type":"ReadAction","target":["https:\/\/raftingpatagonia.com\/producto\/puerto-blest-cascada-los-cantaros-lago-frias"]}]},{"@type":"ImageObject","inLanguage":"pt-BR","@id":"https:\/\/raftingpatagonia.com\/producto\/puerto-blest-cascada-los-cantaros-lago-frias#primaryimage","url":"https:\/\/raftingpatagonia.com\/wp-content\/uploads\/2025\/08\/11-B-491648090_1127476382743548_7141269300326470918_n.jpg","contentUrl":"https:\/\/raftingpatagonia.com\/wp-content\/uploads\/2025\/08\/11-B-491648090_1127476382743548_7141269300326470918_n.jpg","width":850,"height":1133},{"@type":"BreadcrumbList","@id":"https:\/\/raftingpatagonia.com\/producto\/puerto-blest-cascada-los-cantaros-lago-frias#breadcrumb","itemListElement":[{"@type":"ListItem","position":1,"name":"Home","item":"https:\/\/raftingpatagonia.com\/"},{"@type":"ListItem","position":2,"name":"Shop","item":"https:\/\/raftingpatagonia.com\/actividades"},{"@type":"ListItem","position":3,"name":"Excursi\u00f3n a Puerto Blest y Lago Fr\u00edas con traslado"}]},{"@type":"WebSite","@id":"https:\/\/raftingpatagonia.com\/#website","url":"https:\/\/raftingpatagonia.com\/","name":"Rafting na Patag\u00f4nia em Bariloche","description":"Rafting na Patag\u00f4nia em Bariloche","potentialAction":[{"@type":"SearchAction","target":{"@type":"EntryPoint","urlTemplate":"https:\/\/raftingpatagonia.com\/?s={search_term_string}"},"query-input":{"@type":"PropertyValueSpecification","valueRequired":true,"valueName":"search_term_string"}}],"inLanguage":"pt-BR"}]},"product_price_amount":"212000.00","product_price_currency":"ARS","og_availability":"instock","product_availability":"instock","product_retailer_item_id":"ADV2025PUBLYC9CR1","product_condition":"new"},"_links":{"self":[{"href":"https:\/\/raftingpatagonia.com\/pt\/wp-json\/wp\/v2\/product\/236411","targetHints":{"allow":["GET"]}}],"collection":[{"href":"https:\/\/raftingpatagonia.com\/pt\/wp-json\/wp\/v2\/product"}],"about":[{"href":"https:\/\/raftingpatagonia.com\/pt\/wp-json\/wp\/v2\/types\/product"}],"replies":[{"embeddable":true,"href":"https:\/\/raftingpatagonia.com\/pt\/wp-json\/wp\/v2\/comments?post=236411"}],"wp:featuredmedia":[{"embeddable":true,"href":"https:\/\/raftingpatagonia.com\/pt\/wp-json\/wp\/v2\/media\/236686"}],"wp:attachment":[{"href":"https:\/\/raftingpatagonia.com\/pt\/wp-json\/wp\/v2\/media?parent=236411"}],"wp:term":[{"taxonomy":"product_brand","embeddable":true,"href":"https:\/\/raftingpatagonia.com\/pt\/wp-json\/wp\/v2\/product_brand?post=236411"},{"taxonomy":"product_cat","embeddable":true,"href":"https:\/\/raftingpatagonia.com\/pt\/wp-json\/wp\/v2\/product_cat?post=236411"},{"taxonomy":"product_tag","embeddable":true,"href":"https:\/\/raftingpatagonia.com\/pt\/wp-json\/wp\/v2\/product_tag?post=236411"}],"curies":[{"name":"wp","href":"https:\/\/api.w.org\/{rel}","templated":true}]}}