{"id":236410,"date":"2025-08-18T13:16:08","date_gmt":"2025-08-18T16:16:08","guid":{"rendered":"https:\/\/raftingpatagonia.com\/producto\/puerto-blest-y-cascada-los-cantaros-con-traslado"},"modified":"2026-04-04T10:47:31","modified_gmt":"2026-04-04T13:47:31","slug":"puerto-blest-cantaros-con-traslado","status":"publish","type":"product","link":"https:\/\/raftingpatagonia.com\/pt\/produto\/puerto-blest-cantaros-com-transferencia","title":{"rendered":"Puerto Blest e Cachoeira \u00abLos Cantaros\u00bb com traslado"},"content":{"rendered":"<h2>Conhe\u00e7a a grandeza de Puerto Blest e a cachoeira \u00abLos C\u00e1ntaros\u00bb.\u00bb<\/h2>\n<p>Venha descobrir uma experi\u00eancia incompar\u00e1vel na Patag\u00f4nia argentina. Ao escolher seu traslado, voc\u00ea partir\u00e1 do cora\u00e7\u00e3o de Bariloche em dire\u00e7\u00e3o ao emblem\u00e1tico Puerto Pa\u00f1uelo, localizado a apenas 25 km do centro da cidade. Durante a viagem, deixe-se surpreender pela magia da paisagem andina e pela calma serena dos lagos patag\u00f4nicos.<\/p>\n<h3>Uma experi\u00eancia que deixa sua marca<\/h3>\n<p>Embarque em um moderno catamar\u00e3 e desfrute de uma navega\u00e7\u00e3o de aproximadamente uma hora. Ao longo do caminho, voc\u00ea explorar\u00e1 a ilhota Centinela, um local de hist\u00f3ria profunda que guarda os restos do famoso Perito Moreno. O passeio termina nas passarelas que levam ao majestoso <strong>Cachoeira Los C\u00e1ntaros<\/strong>, As forma\u00e7\u00f5es de granito moldadas pela geleira s\u00e3o um verdadeiro espet\u00e1culo natural.<\/p>\n<h3>As atra\u00e7\u00f5es de Puerto Blest<\/h3>\n<ul>\n<li><strong>Ba\u00eda de Charme:<\/strong> Contemple as vistas panor\u00e2micas de tirar o f\u00f4lego da ba\u00eda e das \u00e1guas cor de esmeralda do Lago Frias, alimentadas pelas geleiras do imponente Cerro Tronador.<\/li>\n<li><strong>Trekking na floresta tropical de Vald\u00edvia:<\/strong> Ao caminhar pelas trilhas, voc\u00ea estar\u00e1 imerso na natureza viva de um ecossistema \u00fanico no planeta.<\/li>\n<\/ul>\n<h3>Uma experi\u00eancia inesquec\u00edvel<\/h3>\n<p>A excurs\u00e3o termina com a navega\u00e7\u00e3o de retorno do Brazo Blest, enquanto o Cerro Tronador se despede entre c\u00e9us dourados, deixando um cart\u00e3o postal imposs\u00edvel de esquecer.<\/p>\n<h3>Principais informa\u00e7\u00f5es<\/h3>\n<ul>\n<li><strong>Hor\u00e1rio:<\/strong> Das 09:00 \u00e0s 17:00 hs, aproximadamente.<\/li>\n<li><strong>Ele inclui:<\/strong> Traslados de ida e volta, passeio guiado de catamar\u00e3 e caminhada guiada na floresta.<\/li>\n<li><strong>N\u00e3o inclu\u00eddo:<\/strong> Refei\u00e7\u00f5es (h\u00e1 alternativas gastron\u00f4micas durante todo o passeio), taxas de acesso ao Parque Nacional e taxas de embarque.<\/li>\n<\/ul>\n<h3>Consultas comuns<\/h3>\n<h4>A excurs\u00e3o \u00e9 adequada para todos?<\/h4>\n<p>Obviamente, a proposta foi projetada para ser apreciada por pessoas de todas as idades.<\/p>\n<h4>O que devo vestir?<\/h4>\n<p>O ideal \u00e9 usar roupas e cal\u00e7ados confort\u00e1veis para caminhar, al\u00e9m de um casaco para o caso de o tempo mudar.<\/p>\n<h4>A cachoeira \u00abLos C\u00e1ntaros\u00bb fica aberta o ano todo?<\/h4>\n<p>Em geral, a atividade est\u00e1 dispon\u00edvel durante todo o ano, embora seja sempre uma boa ideia verificar se h\u00e1 mudan\u00e7as na disponibilidade durante o inverno.<\/p>","protected":false},"excerpt":{"rendered":"<p>Junte-se a n\u00f3s em uma viagem a Puerto Blest e \u00e0 imponente cachoeira Los C\u00e1ntaros. Navegando de catamar\u00e3 pelo Lago Nahuel Huapi, voc\u00ea conhecer\u00e1 o esplendor da floresta tropical valdiviana. Uma experi\u00eancia repleta de panoramas inesquec\u00edveis e momentos \u00fanicos de pleno contato com o ambiente natural. Garanta seu lugar e descubra a Patag\u00f4nia como nunca antes.<\/p>","protected":false},"featured_media":236682,"comment_status":"open","ping_status":"closed","template":"","meta":[],"product_brand":[],"product_cat":[542,546,547,550,551,553,558,563],"product_tag":[],"class_list":{"0":"post-236410","1":"product","2":"type-product","3":"status-publish","4":"has-post-thumbnail","6":"product_cat-adultos","7":"product_cat-con-traslado","8":"product_cat-familia","9":"product_cat-jubilados","10":"product_cat-lacustre","11":"product_cat-ninos","12":"product_cat-sin-comida","13":"product_cat-todo-el-ano","15":"first","16":"instock","17":"virtual","18":"sold-individually","19":"purchasable","20":"product-type-booking"},"booking_location":"","booking_location_type":"","booking_duration":60,"booking_duration_unit":"minute","booking_buffer":0,"booking_cost":0,"booking_resources":[],"exclude_global_add_ons":false,"addons":[{"name":"ADU: Adulto","type":"input_multiplier","position":0,"required":false,"title_format":"label","default":"","description_enable":false,"description":"","placeholder_enable":false,"placeholder":"","display":"select","restrictions_type":"any_text","adjust_price":true,"price":"158000","price_type":"quantity_based","restrictions":false,"min":"0","max":"0","options":[],"id":1773234438},{"name":"MEN512 | 5 a 12","type":"input_multiplier","position":1,"required":false,"title_format":"label","default":"","description_enable":false,"description":"","placeholder_enable":false,"placeholder":"","display":"select","restrictions_type":"any_text","adjust_price":true,"price":"92000","price_type":"quantity_based","restrictions":false,"min":"0","max":"0","options":[],"id":1773234439},{"name":"ADUJ : Aposentado","type":"input_multiplier","position":2,"required":false,"title_format":"label","default":"","description_enable":false,"description":"","placeholder_enable":false,"placeholder":"","display":"select","restrictions_type":"any_text","adjust_price":true,"price":"92000","price_type":"quantity_based","restrictions":false,"min":"0","max":"0","options":[],"id":1773234440}],"yoast_head":"<!-- This site is optimized with the Yoast SEO Premium plugin v24.5 (Yoast SEO v24.8) - https:\/\/yoast.com\/wordpress\/plugins\/seo\/ -->\n<title>Puerto Blest y Los C\u00e1ntaros con traslado Rafting Patagonia<\/title>\n<meta name=\"description\" content=\"Naveg\u00e1 el Nahuel Huapi hasta Puerto Blest y Cascada Los C\u00e1ntaros. Traslado incluido y paisajes \u00fanicos de la selva valdiviana.\" \/>\n<meta name=\"robots\" content=\"index, follow, max-snippet:-1, max-image-preview:large, max-video-preview:-1\" \/>\n<link rel=\"canonical\" href=\"https:\/\/raftingpatagonia.com\/pt\/produto\/puerto-blest-cantaros-com-transferencia\/\" \/>\n<meta property=\"og:locale\" content=\"pt_BR\" \/>\n<meta property=\"og:type\" content=\"article\" \/>\n<meta property=\"og:title\" content=\"Puerto Blest y Cascada &quot;Los Cantaros&quot; con traslado\" \/>\n<meta property=\"og:description\" content=\"Naveg\u00e1 el Nahuel Huapi hasta Puerto Blest y Cascada Los C\u00e1ntaros. Traslado incluido y paisajes \u00fanicos de la selva valdiviana.\" \/>\n<meta property=\"og:url\" content=\"https:\/\/raftingpatagonia.com\/pt\/produto\/puerto-blest-cantaros-com-transferencia\/\" \/>\n<meta property=\"og:site_name\" content=\"Rafting Patagonia en Bariloche\" \/>\n<meta property=\"article:publisher\" content=\"https:\/\/www.facebook.com\/Rafting-4810-231662556864543\/\" \/>\n<meta property=\"article:modified_time\" content=\"2026-04-04T13:47:31+00:00\" \/>\n<meta property=\"og:image\" content=\"https:\/\/raftingpatagonia.com\/wp-content\/uploads\/2025\/08\/11-B-411512354_679863444278105_2151602473120210845_n-copia.jpg\" \/>\n\t<meta property=\"og:image:width\" content=\"850\" \/>\n\t<meta property=\"og:image:height\" content=\"1133\" \/>\n\t<meta property=\"og:image:type\" content=\"image\/jpeg\" \/>\n<meta name=\"twitter:card\" content=\"summary_large_image\" \/>\n<meta name=\"twitter:label1\" content=\"Pre\u00e7o\" \/>\n\t<meta name=\"twitter:data1\" content=\"&#036;&nbsp;158.000,00\" \/>\n\t<meta name=\"twitter:label2\" content=\"Disponibilidade\" \/>\n\t<meta name=\"twitter:data2\" content=\"Em Estoque\" \/>\n<script type=\"application\/ld+json\" class=\"yoast-schema-graph\">{\"@context\":\"https:\/\/schema.org\",\"@graph\":[{\"@type\":[\"WebPage\",\"ItemPage\"],\"@id\":\"https:\/\/raftingpatagonia.com\/producto\/puerto-blest-cantaros-con-traslado\",\"url\":\"https:\/\/raftingpatagonia.com\/producto\/puerto-blest-cantaros-con-traslado\",\"name\":\"Puerto Blest y Los C\u00e1ntaros con traslado Rafting Patagonia\",\"isPartOf\":{\"@id\":\"https:\/\/raftingpatagonia.com\/#website\"},\"primaryImageOfPage\":{\"@id\":\"https:\/\/raftingpatagonia.com\/producto\/puerto-blest-cantaros-con-traslado#primaryimage\"},\"image\":{\"@id\":\"https:\/\/raftingpatagonia.com\/producto\/puerto-blest-cantaros-con-traslado#primaryimage\"},\"thumbnailUrl\":\"https:\/\/raftingpatagonia.com\/wp-content\/uploads\/2025\/08\/11-B-411512354_679863444278105_2151602473120210845_n-copia.jpg\",\"datePublished\":\"2025-08-18T16:16:08+00:00\",\"dateModified\":\"2026-04-04T13:47:31+00:00\",\"description\":\"Naveg\u00e1 el Nahuel Huapi hasta Puerto Blest y Cascada Los C\u00e1ntaros. Traslado incluido y paisajes \u00fanicos de la selva valdiviana.\",\"breadcrumb\":{\"@id\":\"https:\/\/raftingpatagonia.com\/producto\/puerto-blest-cantaros-con-traslado#breadcrumb\"},\"inLanguage\":\"pt-BR\",\"potentialAction\":[{\"@type\":\"ReadAction\",\"target\":[\"https:\/\/raftingpatagonia.com\/producto\/puerto-blest-cantaros-con-traslado\"]}]},{\"@type\":\"ImageObject\",\"inLanguage\":\"pt-BR\",\"@id\":\"https:\/\/raftingpatagonia.com\/producto\/puerto-blest-cantaros-con-traslado#primaryimage\",\"url\":\"https:\/\/raftingpatagonia.com\/wp-content\/uploads\/2025\/08\/11-B-411512354_679863444278105_2151602473120210845_n-copia.jpg\",\"contentUrl\":\"https:\/\/raftingpatagonia.com\/wp-content\/uploads\/2025\/08\/11-B-411512354_679863444278105_2151602473120210845_n-copia.jpg\",\"width\":850,\"height\":1133},{\"@type\":\"BreadcrumbList\",\"@id\":\"https:\/\/raftingpatagonia.com\/producto\/puerto-blest-cantaros-con-traslado#breadcrumb\",\"itemListElement\":[{\"@type\":\"ListItem\",\"position\":1,\"name\":\"Home\",\"item\":\"https:\/\/raftingpatagonia.com\/\"},{\"@type\":\"ListItem\",\"position\":2,\"name\":\"Shop\",\"item\":\"https:\/\/raftingpatagonia.com\/actividades\"},{\"@type\":\"ListItem\",\"position\":3,\"name\":\"Puerto Blest y Cascada &#8220;Los Cantaros&#8221; con traslado\"}]},{\"@type\":\"WebSite\",\"@id\":\"https:\/\/raftingpatagonia.com\/#website\",\"url\":\"https:\/\/raftingpatagonia.com\/\",\"name\":\"Rafting Patagonia en Bariloche\",\"description\":\"Rafting Patagonia en Bariloche\",\"potentialAction\":[{\"@type\":\"SearchAction\",\"target\":{\"@type\":\"EntryPoint\",\"urlTemplate\":\"https:\/\/raftingpatagonia.com\/?s={search_term_string}\"},\"query-input\":{\"@type\":\"PropertyValueSpecification\",\"valueRequired\":true,\"valueName\":\"search_term_string\"}}],\"inLanguage\":\"pt-BR\"}]}<\/script>\n<meta property=\"product:price:amount\" content=\"158000.00\" \/>\n<meta property=\"product:price:currency\" content=\"ARS\" \/>\n<meta property=\"og:availability\" content=\"instock\" \/>\n<meta property=\"product:availability\" content=\"instock\" \/>\n<meta property=\"product:retailer_item_id\" content=\"ADV2025PUBLYCO2Q8\" \/>\n<meta property=\"product:condition\" content=\"new\" \/>\n<!-- \/ Yoast SEO Premium plugin. -->","yoast_head_json":{"title":"Puerto Blest e Los C\u00e1ntaros com traslado Rafting Patag\u00f4nia","description":"Navegue pelo Nahuel Huapi at\u00e9 Puerto Blest e a cachoeira Los C\u00e1ntaros. Traslado inclu\u00eddo e paisagens \u00fanicas da floresta tropical valdiviana.","robots":{"index":"index","follow":"follow","max-snippet":"max-snippet:-1","max-image-preview":"max-image-preview:large","max-video-preview":"max-video-preview:-1"},"canonical":"https:\/\/raftingpatagonia.com\/pt\/produto\/puerto-blest-cantaros-com-transferencia\/","og_locale":"pt_BR","og_type":"article","og_title":"Puerto Blest y Cascada \"Los Cantaros\" con traslado","og_description":"Naveg\u00e1 el Nahuel Huapi hasta Puerto Blest y Cascada Los C\u00e1ntaros. Traslado incluido y paisajes \u00fanicos de la selva valdiviana.","og_url":"https:\/\/raftingpatagonia.com\/pt\/produto\/puerto-blest-cantaros-com-transferencia\/","og_site_name":"Rafting Patagonia en Bariloche","article_publisher":"https:\/\/www.facebook.com\/Rafting-4810-231662556864543\/","article_modified_time":"2026-04-04T13:47:31+00:00","og_image":[{"width":850,"height":1133,"url":"https:\/\/raftingpatagonia.com\/wp-content\/uploads\/2025\/08\/11-B-411512354_679863444278105_2151602473120210845_n-copia.jpg","type":"image\/jpeg"}],"twitter_card":"summary_large_image","twitter_misc":{"Pre\u00e7o":"&#36;&nbsp;158.000,00","Disponibilidade":"Em Estoque"},"schema":{"@context":"https:\/\/schema.org","@graph":[{"@type":["WebPage","ItemPage"],"@id":"https:\/\/raftingpatagonia.com\/producto\/puerto-blest-cantaros-con-traslado","url":"https:\/\/raftingpatagonia.com\/producto\/puerto-blest-cantaros-con-traslado","name":"Puerto Blest e Los C\u00e1ntaros com traslado Rafting Patag\u00f4nia","isPartOf":{"@id":"https:\/\/raftingpatagonia.com\/#website"},"primaryImageOfPage":{"@id":"https:\/\/raftingpatagonia.com\/producto\/puerto-blest-cantaros-con-traslado#primaryimage"},"image":{"@id":"https:\/\/raftingpatagonia.com\/producto\/puerto-blest-cantaros-con-traslado#primaryimage"},"thumbnailUrl":"https:\/\/raftingpatagonia.com\/wp-content\/uploads\/2025\/08\/11-B-411512354_679863444278105_2151602473120210845_n-copia.jpg","datePublished":"2025-08-18T16:16:08+00:00","dateModified":"2026-04-04T13:47:31+00:00","description":"Navegue pelo Nahuel Huapi at\u00e9 Puerto Blest e a cachoeira Los C\u00e1ntaros. Traslado inclu\u00eddo e paisagens \u00fanicas da floresta tropical valdiviana.","breadcrumb":{"@id":"https:\/\/raftingpatagonia.com\/producto\/puerto-blest-cantaros-con-traslado#breadcrumb"},"inLanguage":"pt-BR","potentialAction":[{"@type":"ReadAction","target":["https:\/\/raftingpatagonia.com\/producto\/puerto-blest-cantaros-con-traslado"]}]},{"@type":"ImageObject","inLanguage":"pt-BR","@id":"https:\/\/raftingpatagonia.com\/producto\/puerto-blest-cantaros-con-traslado#primaryimage","url":"https:\/\/raftingpatagonia.com\/wp-content\/uploads\/2025\/08\/11-B-411512354_679863444278105_2151602473120210845_n-copia.jpg","contentUrl":"https:\/\/raftingpatagonia.com\/wp-content\/uploads\/2025\/08\/11-B-411512354_679863444278105_2151602473120210845_n-copia.jpg","width":850,"height":1133},{"@type":"BreadcrumbList","@id":"https:\/\/raftingpatagonia.com\/producto\/puerto-blest-cantaros-con-traslado#breadcrumb","itemListElement":[{"@type":"ListItem","position":1,"name":"Home","item":"https:\/\/raftingpatagonia.com\/"},{"@type":"ListItem","position":2,"name":"Shop","item":"https:\/\/raftingpatagonia.com\/actividades"},{"@type":"ListItem","position":3,"name":"Puerto Blest y Cascada &#8220;Los Cantaros&#8221; con traslado"}]},{"@type":"WebSite","@id":"https:\/\/raftingpatagonia.com\/#website","url":"https:\/\/raftingpatagonia.com\/","name":"Rafting na Patag\u00f4nia em Bariloche","description":"Rafting na Patag\u00f4nia em Bariloche","potentialAction":[{"@type":"SearchAction","target":{"@type":"EntryPoint","urlTemplate":"https:\/\/raftingpatagonia.com\/?s={search_term_string}"},"query-input":{"@type":"PropertyValueSpecification","valueRequired":true,"valueName":"search_term_string"}}],"inLanguage":"pt-BR"}]},"product_price_amount":"158000.00","product_price_currency":"ARS","og_availability":"instock","product_availability":"instock","product_retailer_item_id":"ADV2025PUBLYCO2Q8","product_condition":"new"},"_links":{"self":[{"href":"https:\/\/raftingpatagonia.com\/pt\/wp-json\/wp\/v2\/product\/236410","targetHints":{"allow":["GET"]}}],"collection":[{"href":"https:\/\/raftingpatagonia.com\/pt\/wp-json\/wp\/v2\/product"}],"about":[{"href":"https:\/\/raftingpatagonia.com\/pt\/wp-json\/wp\/v2\/types\/product"}],"replies":[{"embeddable":true,"href":"https:\/\/raftingpatagonia.com\/pt\/wp-json\/wp\/v2\/comments?post=236410"}],"wp:featuredmedia":[{"embeddable":true,"href":"https:\/\/raftingpatagonia.com\/pt\/wp-json\/wp\/v2\/media\/236682"}],"wp:attachment":[{"href":"https:\/\/raftingpatagonia.com\/pt\/wp-json\/wp\/v2\/media?parent=236410"}],"wp:term":[{"taxonomy":"product_brand","embeddable":true,"href":"https:\/\/raftingpatagonia.com\/pt\/wp-json\/wp\/v2\/product_brand?post=236410"},{"taxonomy":"product_cat","embeddable":true,"href":"https:\/\/raftingpatagonia.com\/pt\/wp-json\/wp\/v2\/product_cat?post=236410"},{"taxonomy":"product_tag","embeddable":true,"href":"https:\/\/raftingpatagonia.com\/pt\/wp-json\/wp\/v2\/product_tag?post=236410"}],"curies":[{"name":"wp","href":"https:\/\/api.w.org\/{rel}","templated":true}]}}