{"id":236409,"date":"2025-08-18T13:15:42","date_gmt":"2025-08-18T16:15:42","guid":{"rendered":"https:\/\/raftingpatagonia.com\/producto\/isla-victoria-y-bosque-de-arrayanes-con-traslado"},"modified":"2026-04-06T09:57:28","modified_gmt":"2026-04-06T12:57:28","slug":"isla-victoria-arrayanes-con-traslado","status":"publish","type":"product","link":"https:\/\/raftingpatagonia.com\/pt\/produto\/victoria-arrayanes-island-com-traslado","title":{"rendered":"Isla Victoria e Bosque de Arrayanes com traslado"},"content":{"rendered":"<h2>Conhe\u00e7a a Isla Victoria e a Floresta de Arrayanes: natureza e magia na Patag\u00f4nia<\/h2>\n<p>Mergulhe na alma patag\u00f4nica com este incr\u00edvel passeio da vibrante cidade de Bariloche at\u00e9 as paisagens \u00fanicas de <strong>Ilha Victoria<\/strong> e o <strong>Floresta Myrtle<\/strong>. A experi\u00eancia come\u00e7a em <strong>Puerto Pa\u00f1uelo<\/strong>, Esse \u00e9 um ponto estrat\u00e9gico de onde come\u00e7a a sonhada rota sobre \u00e1guas cristalinas e vistas de cart\u00e3o postal.<\/p>\n<h3>Participe da turn\u00ea do Everyone's Choice<\/h3>\n<p>Sua viagem come\u00e7a com uma inesquec\u00edvel navega\u00e7\u00e3o de uma hora at\u00e9 a misteriosa pen\u00ednsula de <strong>Quetrihu\u00e9<\/strong>, onde a exclusiva floresta de murta, a \u00fanica do g\u00eanero no mundo, o aguarda. Esse canto, repleto de lendas locais, foi a fonte de inspira\u00e7\u00e3o para o famoso filme <em>Bambi<\/em> Disney.<\/p>\n<p>Em seguida, o barco o leva para mais perto de <strong>Porto de Anchorena<\/strong> em <strong>Ilha Victoria<\/strong>, para explorar trilhas cercadas por vegeta\u00e7\u00e3o nativa e visitar o <strong>Praia de El Toro<\/strong>, \u00c9 conhecida por suas pinturas antigas e areia vulc\u00e2nica, \u00fanica para seus sentidos.<\/p>\n<h3>O que voc\u00ea precisa saber<\/h3>\n<ul>\n<li><strong>Tipo de experi\u00eancia:<\/strong> Passeios guiados de barco e caminhadas por florestas centen\u00e1rias.<\/li>\n<li><strong>Hor\u00e1rio:<\/strong> Das 13:00 \u00e0s 19:00 hs.<\/li>\n<li><strong>Ele inclui:<\/strong> Traslados de ida e volta e guias com experi\u00eancia na natureza patag\u00f4nica.<\/li>\n<li><strong>Detalhes importantes:<\/strong> As refei\u00e7\u00f5es n\u00e3o est\u00e3o inclu\u00eddas, embora existam v\u00e1rios paradores; as taxas do parque e de embarque devem ser pagas no local.<\/li>\n<\/ul>\n<p>Uma viagem irrepet\u00edvel para se conectar com paisagens que despertam emo\u00e7\u00f5es. Venha agora e reserve seu lugar nessa experi\u00eancia inesquec\u00edvel.<\/p>\n<h3>Perguntas frequentes para tirar o m\u00e1ximo proveito dele<\/h3>\n<ul>\n<li><strong>Onde posso pagar as taxas de entrada e de embarque?<\/strong><br \/>\nAs taxas devem ser pagas em dinheiro no dia da partida em Puerto Pa\u00f1uelo. Exce\u00e7\u00f5es podem ser aplicadas para residentes e grupos especiais.<\/li>\n<li><strong>Os aposentados estrangeiros t\u00eam desconto?<\/strong><br \/>\nOs benef\u00edcios para aposentados s\u00e3o exclusivos para residentes argentinos. A documenta\u00e7\u00e3o ser\u00e1 exigida no embarque.<\/li>\n<li><strong>Posso comprar comida durante a excurs\u00e3o?<\/strong><br \/>\nObviamente, h\u00e1 op\u00e7\u00f5es dispon\u00edveis a bordo e em diferentes pontos do passeio. Se preferir, voc\u00ea tamb\u00e9m pode levar seu pr\u00f3prio lanche.<\/li>\n<li><strong>Qual barco \u00e9 usado para a viagem?<\/strong><br \/>\nGeralmente navegamos com o hist\u00f3rico <strong>Modesta Victoria<\/strong>, sujeito a disponibilidade.<\/li>\n<\/ul>","protected":false},"excerpt":{"rendered":"<p>Desfrute de uma experi\u00eancia \u00fanica na Patag\u00f4nia com nosso passeio \u00e0 Ilha Victoria e \u00e0 Floresta de Arrayanes. Inclui traslado, para que voc\u00ea possa conhecer cen\u00e1rios exclusivos e trilhas naturais durante uma navega\u00e7\u00e3o cativante. Reserve seu lugar e conhe\u00e7a o encanto desses destinos incompar\u00e1veis.<\/p>","protected":false},"featured_media":236679,"comment_status":"open","ping_status":"closed","template":"","meta":[],"product_brand":[],"product_cat":[542,546,547,550,551,553,558,563],"product_tag":[],"class_list":{"0":"post-236409","1":"product","2":"type-product","3":"status-publish","4":"has-post-thumbnail","6":"product_cat-adultos","7":"product_cat-con-traslado","8":"product_cat-familia","9":"product_cat-jubilados","10":"product_cat-lacustre","11":"product_cat-ninos","12":"product_cat-sin-comida","13":"product_cat-todo-el-ano","15":"first","16":"instock","17":"virtual","18":"sold-individually","19":"purchasable","20":"product-type-booking"},"booking_location":"","booking_location_type":"","booking_duration":60,"booking_duration_unit":"minute","booking_buffer":0,"booking_cost":0,"booking_resources":[],"exclude_global_add_ons":false,"addons":[{"name":"ADU: Adulto","type":"input_multiplier","position":0,"required":false,"title_format":"label","default":"","description_enable":false,"description":"","placeholder_enable":false,"placeholder":"","display":"select","restrictions_type":"any_text","adjust_price":true,"price":"158000","price_type":"quantity_based","restrictions":false,"min":"0","max":"0","options":[],"id":1773234582},{"name":"MEN512 | 5 a 12","type":"input_multiplier","position":1,"required":false,"title_format":"label","default":"","description_enable":false,"description":"","placeholder_enable":false,"placeholder":"","display":"select","restrictions_type":"any_text","adjust_price":true,"price":"92000","price_type":"quantity_based","restrictions":false,"min":"0","max":"0","options":[],"id":1773234583},{"name":"ADUJ : Aposentado","type":"input_multiplier","position":2,"required":false,"title_format":"label","default":"","description_enable":false,"description":"","placeholder_enable":false,"placeholder":"","display":"select","restrictions_type":"any_text","adjust_price":true,"price":"92000","price_type":"quantity_based","restrictions":false,"min":"0","max":"0","options":[],"id":1773234584}],"yoast_head":"<!-- This site is optimized with the Yoast SEO Premium plugin v24.5 (Yoast SEO v24.8) - https:\/\/yoast.com\/wordpress\/plugins\/seo\/ -->\n<title>Isla Victoria y Bosque de Arrayanes con Traslado | Rafting Patagonia en Bariloche<\/title>\n<meta name=\"description\" content=\"Naveg\u00e1 el Nahuel Huapi y descubr\u00ed Isla Victoria y el Bosque de Arrayanes. Traslado incluido para vivir la naturaleza de Bariloche.\" \/>\n<meta name=\"robots\" content=\"index, follow, max-snippet:-1, max-image-preview:large, max-video-preview:-1\" \/>\n<link rel=\"canonical\" href=\"https:\/\/raftingpatagonia.com\/pt\/produto\/victoria-arrayanes-island-com-traslado\/\" \/>\n<meta property=\"og:locale\" content=\"pt_BR\" \/>\n<meta property=\"og:type\" content=\"article\" \/>\n<meta property=\"og:title\" content=\"Isla Victoria y Bosque de Arrayanes con Traslado\" \/>\n<meta property=\"og:description\" content=\"Naveg\u00e1 el Nahuel Huapi y descubr\u00ed Isla Victoria y el Bosque de Arrayanes. Traslado incluido para vivir la naturaleza de Bariloche.\" \/>\n<meta property=\"og:url\" content=\"https:\/\/raftingpatagonia.com\/pt\/produto\/victoria-arrayanes-island-com-traslado\/\" \/>\n<meta property=\"og:site_name\" content=\"Rafting Patagonia en Bariloche\" \/>\n<meta property=\"article:publisher\" content=\"https:\/\/www.facebook.com\/Rafting-4810-231662556864543\/\" \/>\n<meta property=\"article:modified_time\" content=\"2026-04-06T12:57:28+00:00\" \/>\n<meta property=\"og:image\" content=\"https:\/\/raftingpatagonia.com\/wp-content\/uploads\/2025\/08\/11-C-511044623_1182715970552922_3601667947651370026_n.jpg\" \/>\n\t<meta property=\"og:image:width\" content=\"850\" \/>\n\t<meta property=\"og:image:height\" content=\"1133\" \/>\n\t<meta property=\"og:image:type\" content=\"image\/jpeg\" \/>\n<meta name=\"twitter:card\" content=\"summary_large_image\" \/>\n<meta name=\"twitter:label1\" content=\"Pre\u00e7o\" \/>\n\t<meta name=\"twitter:data1\" content=\"&#036;&nbsp;158.000,00\" \/>\n\t<meta name=\"twitter:label2\" content=\"Disponibilidade\" \/>\n\t<meta name=\"twitter:data2\" content=\"Em Estoque\" \/>\n<script type=\"application\/ld+json\" class=\"yoast-schema-graph\">{\"@context\":\"https:\/\/schema.org\",\"@graph\":[{\"@type\":[\"WebPage\",\"ItemPage\"],\"@id\":\"https:\/\/raftingpatagonia.com\/producto\/isla-victoria-arrayanes-con-traslado\",\"url\":\"https:\/\/raftingpatagonia.com\/producto\/isla-victoria-arrayanes-con-traslado\",\"name\":\"Isla Victoria y Bosque de Arrayanes con Traslado | Rafting Patagonia en Bariloche\",\"isPartOf\":{\"@id\":\"https:\/\/raftingpatagonia.com\/#website\"},\"primaryImageOfPage\":{\"@id\":\"https:\/\/raftingpatagonia.com\/producto\/isla-victoria-arrayanes-con-traslado#primaryimage\"},\"image\":{\"@id\":\"https:\/\/raftingpatagonia.com\/producto\/isla-victoria-arrayanes-con-traslado#primaryimage\"},\"thumbnailUrl\":\"https:\/\/raftingpatagonia.com\/wp-content\/uploads\/2025\/08\/11-C-511044623_1182715970552922_3601667947651370026_n.jpg\",\"datePublished\":\"2025-08-18T16:15:42+00:00\",\"dateModified\":\"2026-04-06T12:57:28+00:00\",\"description\":\"Naveg\u00e1 el Nahuel Huapi y descubr\u00ed Isla Victoria y el Bosque de Arrayanes. Traslado incluido para vivir la naturaleza de Bariloche.\",\"breadcrumb\":{\"@id\":\"https:\/\/raftingpatagonia.com\/producto\/isla-victoria-arrayanes-con-traslado#breadcrumb\"},\"inLanguage\":\"pt-BR\",\"potentialAction\":[{\"@type\":\"ReadAction\",\"target\":[\"https:\/\/raftingpatagonia.com\/producto\/isla-victoria-arrayanes-con-traslado\"]}]},{\"@type\":\"ImageObject\",\"inLanguage\":\"pt-BR\",\"@id\":\"https:\/\/raftingpatagonia.com\/producto\/isla-victoria-arrayanes-con-traslado#primaryimage\",\"url\":\"https:\/\/raftingpatagonia.com\/wp-content\/uploads\/2025\/08\/11-C-511044623_1182715970552922_3601667947651370026_n.jpg\",\"contentUrl\":\"https:\/\/raftingpatagonia.com\/wp-content\/uploads\/2025\/08\/11-C-511044623_1182715970552922_3601667947651370026_n.jpg\",\"width\":850,\"height\":1133},{\"@type\":\"BreadcrumbList\",\"@id\":\"https:\/\/raftingpatagonia.com\/producto\/isla-victoria-arrayanes-con-traslado#breadcrumb\",\"itemListElement\":[{\"@type\":\"ListItem\",\"position\":1,\"name\":\"Home\",\"item\":\"https:\/\/raftingpatagonia.com\/\"},{\"@type\":\"ListItem\",\"position\":2,\"name\":\"Shop\",\"item\":\"https:\/\/raftingpatagonia.com\/actividades\"},{\"@type\":\"ListItem\",\"position\":3,\"name\":\"Isla Victoria y Bosque de Arrayanes con Traslado\"}]},{\"@type\":\"WebSite\",\"@id\":\"https:\/\/raftingpatagonia.com\/#website\",\"url\":\"https:\/\/raftingpatagonia.com\/\",\"name\":\"Rafting Patagonia en Bariloche\",\"description\":\"Rafting Patagonia en Bariloche\",\"potentialAction\":[{\"@type\":\"SearchAction\",\"target\":{\"@type\":\"EntryPoint\",\"urlTemplate\":\"https:\/\/raftingpatagonia.com\/?s={search_term_string}\"},\"query-input\":{\"@type\":\"PropertyValueSpecification\",\"valueRequired\":true,\"valueName\":\"search_term_string\"}}],\"inLanguage\":\"pt-BR\"}]}<\/script>\n<meta property=\"product:price:amount\" content=\"158000.00\" \/>\n<meta property=\"product:price:currency\" content=\"ARS\" \/>\n<meta property=\"og:availability\" content=\"instock\" \/>\n<meta property=\"product:availability\" content=\"instock\" \/>\n<meta property=\"product:retailer_item_id\" content=\"ADV2025ISVIYBMX11\" \/>\n<meta property=\"product:condition\" content=\"new\" \/>\n<!-- \/ Yoast SEO Premium plugin. -->","yoast_head_json":{"title":"Isla Victoria e Bosque de Arrayanes com traslado | Rafting Patag\u00f4nia em Bariloche","description":"Navegue pelo Nahuel Huapi e descubra a Ilha Victoria e a Floresta de Arrayanes. Traslado inclu\u00eddo para conhecer a natureza de Bariloche.","robots":{"index":"index","follow":"follow","max-snippet":"max-snippet:-1","max-image-preview":"max-image-preview:large","max-video-preview":"max-video-preview:-1"},"canonical":"https:\/\/raftingpatagonia.com\/pt\/produto\/victoria-arrayanes-island-com-traslado\/","og_locale":"pt_BR","og_type":"article","og_title":"Isla Victoria y Bosque de Arrayanes con Traslado","og_description":"Naveg\u00e1 el Nahuel Huapi y descubr\u00ed Isla Victoria y el Bosque de Arrayanes. Traslado incluido para vivir la naturaleza de Bariloche.","og_url":"https:\/\/raftingpatagonia.com\/pt\/produto\/victoria-arrayanes-island-com-traslado\/","og_site_name":"Rafting Patagonia en Bariloche","article_publisher":"https:\/\/www.facebook.com\/Rafting-4810-231662556864543\/","article_modified_time":"2026-04-06T12:57:28+00:00","og_image":[{"width":850,"height":1133,"url":"https:\/\/raftingpatagonia.com\/wp-content\/uploads\/2025\/08\/11-C-511044623_1182715970552922_3601667947651370026_n.jpg","type":"image\/jpeg"}],"twitter_card":"summary_large_image","twitter_misc":{"Pre\u00e7o":"&#36;&nbsp;158.000,00","Disponibilidade":"Em Estoque"},"schema":{"@context":"https:\/\/schema.org","@graph":[{"@type":["WebPage","ItemPage"],"@id":"https:\/\/raftingpatagonia.com\/producto\/isla-victoria-arrayanes-con-traslado","url":"https:\/\/raftingpatagonia.com\/producto\/isla-victoria-arrayanes-con-traslado","name":"Isla Victoria e Bosque de Arrayanes com traslado | Rafting Patag\u00f4nia em Bariloche","isPartOf":{"@id":"https:\/\/raftingpatagonia.com\/#website"},"primaryImageOfPage":{"@id":"https:\/\/raftingpatagonia.com\/producto\/isla-victoria-arrayanes-con-traslado#primaryimage"},"image":{"@id":"https:\/\/raftingpatagonia.com\/producto\/isla-victoria-arrayanes-con-traslado#primaryimage"},"thumbnailUrl":"https:\/\/raftingpatagonia.com\/wp-content\/uploads\/2025\/08\/11-C-511044623_1182715970552922_3601667947651370026_n.jpg","datePublished":"2025-08-18T16:15:42+00:00","dateModified":"2026-04-06T12:57:28+00:00","description":"Navegue pelo Nahuel Huapi e descubra a Ilha Victoria e a Floresta de Arrayanes. Traslado inclu\u00eddo para conhecer a natureza de Bariloche.","breadcrumb":{"@id":"https:\/\/raftingpatagonia.com\/producto\/isla-victoria-arrayanes-con-traslado#breadcrumb"},"inLanguage":"pt-BR","potentialAction":[{"@type":"ReadAction","target":["https:\/\/raftingpatagonia.com\/producto\/isla-victoria-arrayanes-con-traslado"]}]},{"@type":"ImageObject","inLanguage":"pt-BR","@id":"https:\/\/raftingpatagonia.com\/producto\/isla-victoria-arrayanes-con-traslado#primaryimage","url":"https:\/\/raftingpatagonia.com\/wp-content\/uploads\/2025\/08\/11-C-511044623_1182715970552922_3601667947651370026_n.jpg","contentUrl":"https:\/\/raftingpatagonia.com\/wp-content\/uploads\/2025\/08\/11-C-511044623_1182715970552922_3601667947651370026_n.jpg","width":850,"height":1133},{"@type":"BreadcrumbList","@id":"https:\/\/raftingpatagonia.com\/producto\/isla-victoria-arrayanes-con-traslado#breadcrumb","itemListElement":[{"@type":"ListItem","position":1,"name":"Home","item":"https:\/\/raftingpatagonia.com\/"},{"@type":"ListItem","position":2,"name":"Shop","item":"https:\/\/raftingpatagonia.com\/actividades"},{"@type":"ListItem","position":3,"name":"Isla Victoria y Bosque de Arrayanes con Traslado"}]},{"@type":"WebSite","@id":"https:\/\/raftingpatagonia.com\/#website","url":"https:\/\/raftingpatagonia.com\/","name":"Rafting na Patag\u00f4nia em Bariloche","description":"Rafting na Patag\u00f4nia em Bariloche","potentialAction":[{"@type":"SearchAction","target":{"@type":"EntryPoint","urlTemplate":"https:\/\/raftingpatagonia.com\/?s={search_term_string}"},"query-input":{"@type":"PropertyValueSpecification","valueRequired":true,"valueName":"search_term_string"}}],"inLanguage":"pt-BR"}]},"product_price_amount":"158000.00","product_price_currency":"ARS","og_availability":"instock","product_availability":"instock","product_retailer_item_id":"ADV2025ISVIYBMX11","product_condition":"new"},"_links":{"self":[{"href":"https:\/\/raftingpatagonia.com\/pt\/wp-json\/wp\/v2\/product\/236409","targetHints":{"allow":["GET"]}}],"collection":[{"href":"https:\/\/raftingpatagonia.com\/pt\/wp-json\/wp\/v2\/product"}],"about":[{"href":"https:\/\/raftingpatagonia.com\/pt\/wp-json\/wp\/v2\/types\/product"}],"replies":[{"embeddable":true,"href":"https:\/\/raftingpatagonia.com\/pt\/wp-json\/wp\/v2\/comments?post=236409"}],"wp:featuredmedia":[{"embeddable":true,"href":"https:\/\/raftingpatagonia.com\/pt\/wp-json\/wp\/v2\/media\/236679"}],"wp:attachment":[{"href":"https:\/\/raftingpatagonia.com\/pt\/wp-json\/wp\/v2\/media?parent=236409"}],"wp:term":[{"taxonomy":"product_brand","embeddable":true,"href":"https:\/\/raftingpatagonia.com\/pt\/wp-json\/wp\/v2\/product_brand?post=236409"},{"taxonomy":"product_cat","embeddable":true,"href":"https:\/\/raftingpatagonia.com\/pt\/wp-json\/wp\/v2\/product_cat?post=236409"},{"taxonomy":"product_tag","embeddable":true,"href":"https:\/\/raftingpatagonia.com\/pt\/wp-json\/wp\/v2\/product_tag?post=236409"}],"curies":[{"name":"wp","href":"https:\/\/api.w.org\/{rel}","templated":true}]}}