{"id":236408,"date":"2025-08-18T13:15:14","date_gmt":"2025-08-18T16:15:14","guid":{"rendered":"https:\/\/raftingpatagonia.com\/producto\/paquete-promocional-de-3-dias-de-excursion"},"modified":"2026-03-31T12:15:26","modified_gmt":"2026-03-31T15:15:26","slug":"paquete-promocional-de-3-dias-de-excursion","status":"publish","type":"product","link":"https:\/\/raftingpatagonia.com\/pt\/produto\/pacote-turistico-promocional-de-3-dias","title":{"rendered":"Pacote promocional de excurs\u00e3o de 3 dias"},"content":{"rendered":"<h2>Venha conhecer o melhor da Patag\u00f4nia em tr\u00eas dias inesquec\u00edveis.<\/h2>\n<p>Eu vivi uma <strong>experi\u00eancia \u00fanica<\/strong> com nosso exclusivo <strong>Tour combinado de tr\u00eas dias<\/strong>. Pensado at\u00e9 o \u00faltimo detalhe, esse passeio o convida a admirar as mais belas paisagens. <strong>da Patag\u00f4nia argentina<\/strong>, O esp\u00edrito novo e aventureiro da cidade se funde com o conforto que voc\u00ea merece.<\/p>\n<h3>O que esse pacote inclui?<\/h3>\n<ul>\n<li><strong>Passeio personalizado:<\/strong><\/li>\n<li>Um passeio por <strong>San Mart\u00edn de los Andes<\/strong> e o m\u00edtico <strong>Rota dos 7 lagos<\/strong> Partida \u00e0s 08:00 hs<\/li>\n<li>Aventura para os poderosos <strong>Serra do Tronador<\/strong> e a esmagadora <strong>Glaciar Ventisquero Negro<\/strong> com partida \u00e0s 09:00 hs.<\/li>\n<li>Tour do <strong>Circuito pequeno<\/strong> com incr\u00edveis cart\u00f5es postais panor\u00e2micos \u00e0s 08:30 hs.<\/li>\n<\/ul>\n<p>A op\u00e7\u00e3o de adaptar seu itiner\u00e1rio di\u00e1rio lhe d\u00e1 a possibilidade de <strong>independ\u00eancia<\/strong> para aproveitar cada rota em seu pr\u00f3prio ritmo.<\/p>\n<h3>Descri\u00e7\u00e3o detalhada do circuito<\/h3>\n<ul>\n<li><strong>Rota:<\/strong> Inclui San Martin de los Andes, Circuito Chico e Cerro Tronador.<\/li>\n<li><strong>Hor\u00e1rios:<\/strong> Consulte as diferentes faixas de hor\u00e1rio dispon\u00edveis para cada partida.<\/li>\n<\/ul>\n<h3>Servi\u00e7os \u00e0 sua disposi\u00e7\u00e3o<\/h3>\n<ul>\n<li><strong>Transfer\u00eancia de terras:<\/strong> Viagem confort\u00e1vel e segura em unidades modernas.<\/li>\n<li><strong>Guia especializado:<\/strong> Profissional em espanhol, com alternativa bil\u00edngue que paga a diferen\u00e7a.<\/li>\n<\/ul>\n<p><strong>A ser levado em conta:<\/strong> As refei\u00e7\u00f5es n\u00e3o est\u00e3o inclu\u00eddas. Durante o passeio, voc\u00ea poder\u00e1 desfrutar de <strong>del\u00edcias da culin\u00e1ria local<\/strong> em diferentes pontos.<\/p>\n<h3>Comece sua jornada agora!<\/h3>\n<p>Isso <strong>combo exclusivo<\/strong> oferecido apenas na alta temporada, n\u00e3o perca a chance de conhecer a Patag\u00f4nia de uma perspectiva diferente!<\/p>\n<h3>Perguntas frequentes<\/h3>\n<ul>\n<li><strong>Posso alterar as excurs\u00f5es inclu\u00eddas?<\/strong><br \/>\nSim, voc\u00ea tem a possibilidade de organizar o pedido de acordo com o que est\u00e1 procurando.<\/li>\n<li><strong>H\u00e1 op\u00e7\u00f5es vegetarianas ou veganas?<\/strong><br \/>\nOs estabelecimentos gastron\u00f4micos na estrada geralmente t\u00eam alternativas para uma variedade de prefer\u00eancias.<\/li>\n<li><strong>\u00c9 necess\u00e1rio usar alguma roupa especial?<\/strong><br \/>\nRecomendamos o uso de roupas confort\u00e1veis, para uso externo, e prote\u00e7\u00e3o solar.<\/li>\n<\/ul>","protected":false},"excerpt":{"rendered":"<p>Participe de uma experi\u00eancia \u00fanica na Patag\u00f4nia com este pacote de excurs\u00e3o de 3 dias. Conhe\u00e7a a beleza de San Mart\u00edn de los Andes, percorra a Rota dos 7 Lagos, surpreenda-se com a imponente Montanha Tronador e viva a magia do Circuito Chico. Aproveite as vantagens de um itiner\u00e1rio adapt\u00e1vel e viva momentos exclusivos em um ambiente natural \u00fanico.<\/p>","protected":false},"featured_media":236673,"comment_status":"open","ping_status":"closed","template":"","meta":[],"product_brand":[],"product_cat":[542,546,547,553,557,558,561,563],"product_tag":[],"class_list":{"0":"post-236408","1":"product","2":"type-product","3":"status-publish","4":"has-post-thumbnail","6":"product_cat-adultos","7":"product_cat-con-traslado","8":"product_cat-familia","9":"product_cat-ninos","10":"product_cat-promos","11":"product_cat-sin-comida","12":"product_cat-terrestre","13":"product_cat-todo-el-ano","15":"first","16":"instock","17":"virtual","18":"sold-individually","19":"purchasable","20":"product-type-booking"},"booking_location":"","booking_location_type":"","booking_duration":1,"booking_duration_unit":"hour","booking_buffer":0,"booking_cost":0,"booking_resources":[],"exclude_global_add_ons":false,"addons":[{"name":"STD: Passageiros","type":"input_multiplier","position":0,"required":false,"title_format":"label","default":"","description_enable":false,"description":"","placeholder_enable":false,"placeholder":"","display":"select","restrictions_type":"any_text","adjust_price":true,"price":"156000","price_type":"quantity_based","restrictions":false,"min":"0","max":"0","options":[],"id":1773234688}],"yoast_head":"<!-- This site is optimized with the Yoast SEO Premium plugin v24.5 (Yoast SEO v24.8) - https:\/\/yoast.com\/wordpress\/plugins\/seo\/ -->\n<title>Paquete promocional de 3 d\u00edas de excursi\u00f3n | Rafting Patagonia en Bariloche<\/title>\n<meta name=\"robots\" content=\"index, follow, max-snippet:-1, max-image-preview:large, max-video-preview:-1\" \/>\n<link rel=\"canonical\" href=\"https:\/\/raftingpatagonia.com\/pt\/produto\/pacote-turistico-promocional-de-3-dias\/\" \/>\n<meta property=\"og:locale\" content=\"pt_BR\" \/>\n<meta property=\"og:type\" content=\"article\" \/>\n<meta property=\"og:title\" content=\"Paquete promocional de 3 d\u00edas de excursi\u00f3n\" \/>\n<meta property=\"og:description\" content=\"Sumate a una experiencia \u00fanica en la Patagonia con este paquete de excursiones de 3 d\u00edas. Conoc\u00e9 la belleza de San Mart\u00edn de los Andes, recorr\u00e9 la Ruta de los 7 Lagos, sorprendete con la imponencia del Cerro Tronador y viv\u00ed la magia del Circuito Chico. Aprovech\u00e1 un itinerario adaptable y viv\u00ed momentos exclusivos en un entorno natural inigualable.\" \/>\n<meta property=\"og:url\" content=\"https:\/\/raftingpatagonia.com\/pt\/produto\/pacote-turistico-promocional-de-3-dias\/\" \/>\n<meta property=\"og:site_name\" content=\"Rafting Patagonia en Bariloche\" \/>\n<meta property=\"article:publisher\" content=\"https:\/\/www.facebook.com\/Rafting-4810-231662556864543\/\" \/>\n<meta property=\"article:modified_time\" content=\"2026-03-31T15:15:26+00:00\" \/>\n<meta property=\"og:image\" content=\"https:\/\/raftingpatagonia.com\/wp-content\/uploads\/2025\/08\/11-A-DSC_0054.jpg\" \/>\n\t<meta property=\"og:image:width\" content=\"850\" \/>\n\t<meta property=\"og:image:height\" content=\"1133\" \/>\n\t<meta property=\"og:image:type\" content=\"image\/jpeg\" \/>\n<meta name=\"twitter:card\" content=\"summary_large_image\" \/>\n<meta name=\"twitter:label1\" content=\"Pre\u00e7o\" \/>\n\t<meta name=\"twitter:data1\" content=\"&#036;&nbsp;156.000,00\" \/>\n\t<meta name=\"twitter:label2\" content=\"Disponibilidade\" \/>\n\t<meta name=\"twitter:data2\" content=\"Em Estoque\" \/>\n<script type=\"application\/ld+json\" class=\"yoast-schema-graph\">{\"@context\":\"https:\/\/schema.org\",\"@graph\":[{\"@type\":[\"WebPage\",\"ItemPage\"],\"@id\":\"https:\/\/raftingpatagonia.com\/producto\/paquete-promocional-de-3-dias-de-excursion\",\"url\":\"https:\/\/raftingpatagonia.com\/producto\/paquete-promocional-de-3-dias-de-excursion\",\"name\":\"Paquete promocional de 3 d\u00edas de excursi\u00f3n | Rafting Patagonia en Bariloche\",\"isPartOf\":{\"@id\":\"https:\/\/raftingpatagonia.com\/#website\"},\"primaryImageOfPage\":{\"@id\":\"https:\/\/raftingpatagonia.com\/producto\/paquete-promocional-de-3-dias-de-excursion#primaryimage\"},\"image\":{\"@id\":\"https:\/\/raftingpatagonia.com\/producto\/paquete-promocional-de-3-dias-de-excursion#primaryimage\"},\"thumbnailUrl\":\"https:\/\/raftingpatagonia.com\/wp-content\/uploads\/2025\/08\/11-A-DSC_0054.jpg\",\"datePublished\":\"2025-08-18T16:15:14+00:00\",\"dateModified\":\"2026-03-31T15:15:26+00:00\",\"breadcrumb\":{\"@id\":\"https:\/\/raftingpatagonia.com\/producto\/paquete-promocional-de-3-dias-de-excursion#breadcrumb\"},\"inLanguage\":\"pt-BR\",\"potentialAction\":[{\"@type\":\"ReadAction\",\"target\":[\"https:\/\/raftingpatagonia.com\/producto\/paquete-promocional-de-3-dias-de-excursion\"]}]},{\"@type\":\"ImageObject\",\"inLanguage\":\"pt-BR\",\"@id\":\"https:\/\/raftingpatagonia.com\/producto\/paquete-promocional-de-3-dias-de-excursion#primaryimage\",\"url\":\"https:\/\/raftingpatagonia.com\/wp-content\/uploads\/2025\/08\/11-A-DSC_0054.jpg\",\"contentUrl\":\"https:\/\/raftingpatagonia.com\/wp-content\/uploads\/2025\/08\/11-A-DSC_0054.jpg\",\"width\":850,\"height\":1133},{\"@type\":\"BreadcrumbList\",\"@id\":\"https:\/\/raftingpatagonia.com\/producto\/paquete-promocional-de-3-dias-de-excursion#breadcrumb\",\"itemListElement\":[{\"@type\":\"ListItem\",\"position\":1,\"name\":\"Home\",\"item\":\"https:\/\/raftingpatagonia.com\/\"},{\"@type\":\"ListItem\",\"position\":2,\"name\":\"Shop\",\"item\":\"https:\/\/raftingpatagonia.com\/actividades\"},{\"@type\":\"ListItem\",\"position\":3,\"name\":\"Paquete promocional de 3 d\u00edas de excursi\u00f3n\"}]},{\"@type\":\"WebSite\",\"@id\":\"https:\/\/raftingpatagonia.com\/#website\",\"url\":\"https:\/\/raftingpatagonia.com\/\",\"name\":\"Rafting Patagonia en Bariloche\",\"description\":\"Rafting Patagonia en Bariloche\",\"potentialAction\":[{\"@type\":\"SearchAction\",\"target\":{\"@type\":\"EntryPoint\",\"urlTemplate\":\"https:\/\/raftingpatagonia.com\/?s={search_term_string}\"},\"query-input\":{\"@type\":\"PropertyValueSpecification\",\"valueRequired\":true,\"valueName\":\"search_term_string\"}}],\"inLanguage\":\"pt-BR\"}]}<\/script>\n<meta property=\"product:price:amount\" content=\"156000.00\" \/>\n<meta property=\"product:price:currency\" content=\"ARS\" \/>\n<meta property=\"og:availability\" content=\"instock\" \/>\n<meta property=\"product:availability\" content=\"instock\" \/>\n<meta property=\"product:retailer_item_id\" content=\"ADV2025PAPRDE20W5\" \/>\n<meta property=\"product:condition\" content=\"new\" \/>\n<!-- \/ Yoast SEO Premium plugin. -->","yoast_head_json":{"title":"Pacote promocional de 3 dias para Rafting na Patag\u00f4nia em Bariloche","robots":{"index":"index","follow":"follow","max-snippet":"max-snippet:-1","max-image-preview":"max-image-preview:large","max-video-preview":"max-video-preview:-1"},"canonical":"https:\/\/raftingpatagonia.com\/pt\/produto\/pacote-turistico-promocional-de-3-dias\/","og_locale":"pt_BR","og_type":"article","og_title":"Paquete promocional de 3 d\u00edas de excursi\u00f3n","og_description":"Sumate a una experiencia \u00fanica en la Patagonia con este paquete de excursiones de 3 d\u00edas. Conoc\u00e9 la belleza de San Mart\u00edn de los Andes, recorr\u00e9 la Ruta de los 7 Lagos, sorprendete con la imponencia del Cerro Tronador y viv\u00ed la magia del Circuito Chico. Aprovech\u00e1 un itinerario adaptable y viv\u00ed momentos exclusivos en un entorno natural inigualable.","og_url":"https:\/\/raftingpatagonia.com\/pt\/produto\/pacote-turistico-promocional-de-3-dias\/","og_site_name":"Rafting Patagonia en Bariloche","article_publisher":"https:\/\/www.facebook.com\/Rafting-4810-231662556864543\/","article_modified_time":"2026-03-31T15:15:26+00:00","og_image":[{"width":850,"height":1133,"url":"https:\/\/raftingpatagonia.com\/wp-content\/uploads\/2025\/08\/11-A-DSC_0054.jpg","type":"image\/jpeg"}],"twitter_card":"summary_large_image","twitter_misc":{"Pre\u00e7o":"&#36;&nbsp;156.000,00","Disponibilidade":"Em Estoque"},"schema":{"@context":"https:\/\/schema.org","@graph":[{"@type":["WebPage","ItemPage"],"@id":"https:\/\/raftingpatagonia.com\/producto\/paquete-promocional-de-3-dias-de-excursion","url":"https:\/\/raftingpatagonia.com\/producto\/paquete-promocional-de-3-dias-de-excursion","name":"Pacote promocional de 3 dias para Rafting na Patag\u00f4nia em Bariloche","isPartOf":{"@id":"https:\/\/raftingpatagonia.com\/#website"},"primaryImageOfPage":{"@id":"https:\/\/raftingpatagonia.com\/producto\/paquete-promocional-de-3-dias-de-excursion#primaryimage"},"image":{"@id":"https:\/\/raftingpatagonia.com\/producto\/paquete-promocional-de-3-dias-de-excursion#primaryimage"},"thumbnailUrl":"https:\/\/raftingpatagonia.com\/wp-content\/uploads\/2025\/08\/11-A-DSC_0054.jpg","datePublished":"2025-08-18T16:15:14+00:00","dateModified":"2026-03-31T15:15:26+00:00","breadcrumb":{"@id":"https:\/\/raftingpatagonia.com\/producto\/paquete-promocional-de-3-dias-de-excursion#breadcrumb"},"inLanguage":"pt-BR","potentialAction":[{"@type":"ReadAction","target":["https:\/\/raftingpatagonia.com\/producto\/paquete-promocional-de-3-dias-de-excursion"]}]},{"@type":"ImageObject","inLanguage":"pt-BR","@id":"https:\/\/raftingpatagonia.com\/producto\/paquete-promocional-de-3-dias-de-excursion#primaryimage","url":"https:\/\/raftingpatagonia.com\/wp-content\/uploads\/2025\/08\/11-A-DSC_0054.jpg","contentUrl":"https:\/\/raftingpatagonia.com\/wp-content\/uploads\/2025\/08\/11-A-DSC_0054.jpg","width":850,"height":1133},{"@type":"BreadcrumbList","@id":"https:\/\/raftingpatagonia.com\/producto\/paquete-promocional-de-3-dias-de-excursion#breadcrumb","itemListElement":[{"@type":"ListItem","position":1,"name":"Home","item":"https:\/\/raftingpatagonia.com\/"},{"@type":"ListItem","position":2,"name":"Shop","item":"https:\/\/raftingpatagonia.com\/actividades"},{"@type":"ListItem","position":3,"name":"Paquete promocional de 3 d\u00edas de excursi\u00f3n"}]},{"@type":"WebSite","@id":"https:\/\/raftingpatagonia.com\/#website","url":"https:\/\/raftingpatagonia.com\/","name":"Rafting na Patag\u00f4nia em Bariloche","description":"Rafting na Patag\u00f4nia em Bariloche","potentialAction":[{"@type":"SearchAction","target":{"@type":"EntryPoint","urlTemplate":"https:\/\/raftingpatagonia.com\/?s={search_term_string}"},"query-input":{"@type":"PropertyValueSpecification","valueRequired":true,"valueName":"search_term_string"}}],"inLanguage":"pt-BR"}]},"product_price_amount":"156000.00","product_price_currency":"ARS","og_availability":"instock","product_availability":"instock","product_retailer_item_id":"ADV2025PAPRDE20W5","product_condition":"new"},"_links":{"self":[{"href":"https:\/\/raftingpatagonia.com\/pt\/wp-json\/wp\/v2\/product\/236408","targetHints":{"allow":["GET"]}}],"collection":[{"href":"https:\/\/raftingpatagonia.com\/pt\/wp-json\/wp\/v2\/product"}],"about":[{"href":"https:\/\/raftingpatagonia.com\/pt\/wp-json\/wp\/v2\/types\/product"}],"replies":[{"embeddable":true,"href":"https:\/\/raftingpatagonia.com\/pt\/wp-json\/wp\/v2\/comments?post=236408"}],"wp:featuredmedia":[{"embeddable":true,"href":"https:\/\/raftingpatagonia.com\/pt\/wp-json\/wp\/v2\/media\/236673"}],"wp:attachment":[{"href":"https:\/\/raftingpatagonia.com\/pt\/wp-json\/wp\/v2\/media?parent=236408"}],"wp:term":[{"taxonomy":"product_brand","embeddable":true,"href":"https:\/\/raftingpatagonia.com\/pt\/wp-json\/wp\/v2\/product_brand?post=236408"},{"taxonomy":"product_cat","embeddable":true,"href":"https:\/\/raftingpatagonia.com\/pt\/wp-json\/wp\/v2\/product_cat?post=236408"},{"taxonomy":"product_tag","embeddable":true,"href":"https:\/\/raftingpatagonia.com\/pt\/wp-json\/wp\/v2\/product_tag?post=236408"}],"curies":[{"name":"wp","href":"https:\/\/api.w.org\/{rel}","templated":true}]}}