{"id":236407,"date":"2025-08-18T13:14:40","date_gmt":"2025-08-18T16:14:40","guid":{"rendered":"https:\/\/raftingpatagonia.com\/producto\/cabalgata-por-coihues-paseo-a-caballo-en-medio-de-la-naturaleza-patagonica"},"modified":"2026-03-31T12:15:26","modified_gmt":"2026-03-31T15:15:26","slug":"cabalgata-mirador-cerro-lopez","status":"publish","type":"product","link":"https:\/\/raftingpatagonia.com\/pt\/produto\/passeio-a-cavalo-ate-o-mirante-cerro-lopez","title":{"rendered":"Passeio a cavalo com vista para o Cerro Lopez - Aventura entre florestas e mirantes do Circuito Chico"},"content":{"rendered":"<h2 class=\"ai-optimize-6\">Descubra Bariloche com uma experi\u00eancia diferente, que o convida a explorar as paisagens mais aut\u00eanticas da Patag\u00f4nia.<\/h2>\n<p data-start=\"2782\" data-end=\"3098\">O passeio ocorre entre trilhas de montanha e <strong data-start=\"2983\" data-end=\"3032\">mirantes naturais com vista para o Cerro Lopez<\/strong>, onde o sil\u00eancio e a paisagem se misturam em perfeita harmonia.<\/p>\n<p data-start=\"3100\" data-end=\"3335\">Do centro, um traslado o levar\u00e1 ao ponto de partida, onde os guias locais preparam os cavalos e o acompanham o tempo todo.<br data-start=\"3236\" data-end=\"3239\" \/>A caminhada avan\u00e7a no ritmo dos arredores, revelando vistas panor\u00e2micas da <strong>Lago Moreno<\/strong> e o <strong>Nahuel Huapi.<\/strong><\/p>\n<p data-start=\"3337\" data-end=\"3531\">No final, o parador lhe d\u00e1 as boas-vindas com uma atmosfera calorosa e o sabor t\u00edpico dos bolos fritos caseiros.<br data-start=\"3441\" data-end=\"3444\" \/>Uma atividade ideal para quem quer aproveitar a ess\u00eancia natural da Patag\u00f4nia.<\/p>\n<p data-start=\"3533\" data-end=\"3691\"><strong data-start=\"3533\" data-end=\"3545\">Ele inclui:<\/strong> Passeios a cavalo guiados, equipamentos e traslados do centro de Bariloche.<br data-start=\"3618\" data-end=\"3621\" \/><strong data-start=\"3621\" data-end=\"3636\">N\u00e3o inclu\u00eddo:<\/strong> Refei\u00e7\u00f5es e bebidas (opcional no Parador Rural).<\/p>\n<p data-start=\"3693\" data-end=\"3824\"><strong data-start=\"3693\" data-end=\"3717\">Perguntas frequentes<\/strong><br data-start=\"3717\" data-end=\"3720\" \/><strong>Preciso de experi\u00eancia anterior?<\/strong><br data-start=\"3749\" data-end=\"3752\" \/>N\u00e3o, os cavalos s\u00e3o mansos e o curso \u00e9 adequado para iniciantes.<\/p>\n<p data-start=\"3826\" data-end=\"3927\"><strong>O que devo levar?<\/strong><br data-start=\"3843\" data-end=\"3846\" \/>Roupas confort\u00e1veis, cal\u00e7as compridas, sapatos fechados, casaco leve e protetor solar.<\/p>\n<p data-start=\"3929\" data-end=\"3999\"><strong>As crian\u00e7as podem ir?<\/strong><br data-start=\"3946\" data-end=\"3949\" \/>Sim, a partir de 5 anos de idade, acompanhado por um adulto.<\/p>","protected":false},"excerpt":{"rendered":"<p><br data-start=\"2671\" data-end=\"2674\" \/>Passeio a cavalo com vista para o Cerro L\u00f3pez. Natureza e tradi\u00e7\u00e3o patag\u00f4nica em uma experi\u00eancia inesquec\u00edvel.<\/p>","protected":false},"featured_media":236669,"comment_status":"open","ping_status":"closed","template":"","meta":[],"product_brand":[],"product_cat":[542,544,546,547,553,558,563],"product_tag":[],"class_list":{"0":"post-236407","1":"product","2":"type-product","3":"status-publish","4":"has-post-thumbnail","6":"product_cat-adultos","7":"product_cat-aventura","8":"product_cat-con-traslado","9":"product_cat-familia","10":"product_cat-ninos","11":"product_cat-sin-comida","12":"product_cat-todo-el-ano","14":"first","15":"instock","16":"virtual","17":"sold-individually","18":"purchasable","19":"product-type-booking"},"booking_location":"","booking_location_type":"","booking_duration":1,"booking_duration_unit":"hour","booking_buffer":0,"booking_cost":0,"booking_resources":[],"exclude_global_add_ons":false,"addons":[{"name":"STD: Passageiros","type":"input_multiplier","position":0,"required":false,"title_format":"label","default":"","description_enable":false,"description":"","placeholder_enable":false,"placeholder":"","display":"select","restrictions_type":"any_text","adjust_price":true,"price":"119400","price_type":"quantity_based","restrictions":false,"min":"0","max":"0","options":[],"id":1773235029},{"name":"EXTRA: acompanhante","type":"input_multiplier","position":1,"required":false,"title_format":"label","default":"","description_enable":false,"description":"","placeholder_enable":false,"placeholder":"","display":"select","restrictions_type":"any_text","adjust_price":true,"price":"65700","price_type":"quantity_based","restrictions":false,"min":"0","max":"0","options":[],"id":1773235030}],"yoast_head":"<!-- This site is optimized with the Yoast SEO Premium plugin v24.5 (Yoast SEO v24.8) - https:\/\/yoast.com\/wordpress\/plugins\/seo\/ -->\n<title>Cabalgata Cerro L\u00f3pez | Bariloche | Rafting Patagonia en Bariloche<\/title>\n<meta name=\"description\" content=\"Desde el r\u00edo al campo: cabalgata con vista al Cerro L\u00f3pez en Bariloche. Recorrido por bosques, miradores y Circuito Chico.\" \/>\n<meta name=\"robots\" content=\"index, follow, max-snippet:-1, max-image-preview:large, max-video-preview:-1\" \/>\n<link rel=\"canonical\" href=\"https:\/\/raftingpatagonia.com\/pt\/produto\/passeio-a-cavalo-ate-o-mirante-cerro-lopez\/\" \/>\n<meta property=\"og:locale\" content=\"pt_BR\" \/>\n<meta property=\"og:type\" content=\"article\" \/>\n<meta property=\"og:title\" content=\"Cabalgata con vista al Cerro L\u00f3pez - Aventura entre bosques y miradores del Circuito Chico\" \/>\n<meta property=\"og:description\" content=\"Desde el r\u00edo al campo: cabalgata con vista al Cerro L\u00f3pez en Bariloche. Recorrido por bosques, miradores y Circuito Chico.\" \/>\n<meta property=\"og:url\" content=\"https:\/\/raftingpatagonia.com\/pt\/produto\/passeio-a-cavalo-ate-o-mirante-cerro-lopez\/\" \/>\n<meta property=\"og:site_name\" content=\"Rafting Patagonia en Bariloche\" \/>\n<meta property=\"article:publisher\" content=\"https:\/\/www.facebook.com\/Rafting-4810-231662556864543\/\" \/>\n<meta property=\"article:modified_time\" content=\"2026-03-31T15:15:26+00:00\" \/>\n<meta property=\"og:image\" content=\"https:\/\/raftingpatagonia.com\/wp-content\/uploads\/2025\/08\/11-A-480318722_18468284176064189_141209198994545714_n.jpg\" \/>\n\t<meta property=\"og:image:width\" content=\"850\" \/>\n\t<meta property=\"og:image:height\" content=\"1133\" \/>\n\t<meta property=\"og:image:type\" content=\"image\/jpeg\" \/>\n<meta name=\"twitter:card\" content=\"summary_large_image\" \/>\n<meta name=\"twitter:label1\" content=\"Pre\u00e7o\" \/>\n\t<meta name=\"twitter:data1\" content=\"&#036;&nbsp;119.400,00\" \/>\n\t<meta name=\"twitter:label2\" content=\"Disponibilidade\" \/>\n\t<meta name=\"twitter:data2\" content=\"Em Estoque\" \/>\n<script type=\"application\/ld+json\" class=\"yoast-schema-graph\">{\"@context\":\"https:\/\/schema.org\",\"@graph\":[{\"@type\":[\"WebPage\",\"ItemPage\"],\"@id\":\"https:\/\/raftingpatagonia.com\/producto\/cabalgata-mirador-cerro-lopez\",\"url\":\"https:\/\/raftingpatagonia.com\/producto\/cabalgata-mirador-cerro-lopez\",\"name\":\"Cabalgata Cerro L\u00f3pez | Bariloche | Rafting Patagonia en Bariloche\",\"isPartOf\":{\"@id\":\"https:\/\/raftingpatagonia.com\/#website\"},\"primaryImageOfPage\":{\"@id\":\"https:\/\/raftingpatagonia.com\/producto\/cabalgata-mirador-cerro-lopez#primaryimage\"},\"image\":{\"@id\":\"https:\/\/raftingpatagonia.com\/producto\/cabalgata-mirador-cerro-lopez#primaryimage\"},\"thumbnailUrl\":\"https:\/\/raftingpatagonia.com\/wp-content\/uploads\/2025\/08\/11-A-480318722_18468284176064189_141209198994545714_n.jpg\",\"datePublished\":\"2025-08-18T16:14:40+00:00\",\"dateModified\":\"2026-03-31T15:15:26+00:00\",\"description\":\"Desde el r\u00edo al campo: cabalgata con vista al Cerro L\u00f3pez en Bariloche. Recorrido por bosques, miradores y Circuito Chico.\",\"breadcrumb\":{\"@id\":\"https:\/\/raftingpatagonia.com\/producto\/cabalgata-mirador-cerro-lopez#breadcrumb\"},\"inLanguage\":\"pt-BR\",\"potentialAction\":[{\"@type\":\"ReadAction\",\"target\":[\"https:\/\/raftingpatagonia.com\/producto\/cabalgata-mirador-cerro-lopez\"]}]},{\"@type\":\"ImageObject\",\"inLanguage\":\"pt-BR\",\"@id\":\"https:\/\/raftingpatagonia.com\/producto\/cabalgata-mirador-cerro-lopez#primaryimage\",\"url\":\"https:\/\/raftingpatagonia.com\/wp-content\/uploads\/2025\/08\/11-A-480318722_18468284176064189_141209198994545714_n.jpg\",\"contentUrl\":\"https:\/\/raftingpatagonia.com\/wp-content\/uploads\/2025\/08\/11-A-480318722_18468284176064189_141209198994545714_n.jpg\",\"width\":850,\"height\":1133},{\"@type\":\"BreadcrumbList\",\"@id\":\"https:\/\/raftingpatagonia.com\/producto\/cabalgata-mirador-cerro-lopez#breadcrumb\",\"itemListElement\":[{\"@type\":\"ListItem\",\"position\":1,\"name\":\"Home\",\"item\":\"https:\/\/raftingpatagonia.com\/\"},{\"@type\":\"ListItem\",\"position\":2,\"name\":\"Shop\",\"item\":\"https:\/\/raftingpatagonia.com\/actividades\"},{\"@type\":\"ListItem\",\"position\":3,\"name\":\"Cabalgata con vista al Cerro L\u00f3pez &#8211; Aventura entre bosques y miradores del Circuito Chico\"}]},{\"@type\":\"WebSite\",\"@id\":\"https:\/\/raftingpatagonia.com\/#website\",\"url\":\"https:\/\/raftingpatagonia.com\/\",\"name\":\"Rafting Patagonia en Bariloche\",\"description\":\"Rafting Patagonia en Bariloche\",\"potentialAction\":[{\"@type\":\"SearchAction\",\"target\":{\"@type\":\"EntryPoint\",\"urlTemplate\":\"https:\/\/raftingpatagonia.com\/?s={search_term_string}\"},\"query-input\":{\"@type\":\"PropertyValueSpecification\",\"valueRequired\":true,\"valueName\":\"search_term_string\"}}],\"inLanguage\":\"pt-BR\"}]}<\/script>\n<meta property=\"product:price:amount\" content=\"119400.00\" \/>\n<meta property=\"product:price:currency\" content=\"ARS\" \/>\n<meta property=\"og:availability\" content=\"instock\" \/>\n<meta property=\"product:availability\" content=\"instock\" \/>\n<meta property=\"product:retailer_item_id\" content=\"ADV2025CAPOELTVE7\" \/>\n<meta property=\"product:condition\" content=\"new\" \/>\n<!-- \/ Yoast SEO Premium plugin. -->","yoast_head_json":{"title":"Cavalgadas Cerro L\u00f3pez | Bariloche | Patag\u00f4nia Rafting em Bariloche","description":"Do rio ao campo: passeio a cavalo com vista para o Cerro L\u00f3pez em Bariloche. Passeio por florestas, mirantes e Circuito Chico.","robots":{"index":"index","follow":"follow","max-snippet":"max-snippet:-1","max-image-preview":"max-image-preview:large","max-video-preview":"max-video-preview:-1"},"canonical":"https:\/\/raftingpatagonia.com\/pt\/produto\/passeio-a-cavalo-ate-o-mirante-cerro-lopez\/","og_locale":"pt_BR","og_type":"article","og_title":"Cabalgata con vista al Cerro L\u00f3pez - Aventura entre bosques y miradores del Circuito Chico","og_description":"Desde el r\u00edo al campo: cabalgata con vista al Cerro L\u00f3pez en Bariloche. Recorrido por bosques, miradores y Circuito Chico.","og_url":"https:\/\/raftingpatagonia.com\/pt\/produto\/passeio-a-cavalo-ate-o-mirante-cerro-lopez\/","og_site_name":"Rafting Patagonia en Bariloche","article_publisher":"https:\/\/www.facebook.com\/Rafting-4810-231662556864543\/","article_modified_time":"2026-03-31T15:15:26+00:00","og_image":[{"width":850,"height":1133,"url":"https:\/\/raftingpatagonia.com\/wp-content\/uploads\/2025\/08\/11-A-480318722_18468284176064189_141209198994545714_n.jpg","type":"image\/jpeg"}],"twitter_card":"summary_large_image","twitter_misc":{"Pre\u00e7o":"&#36;&nbsp;119.400,00","Disponibilidade":"Em Estoque"},"schema":{"@context":"https:\/\/schema.org","@graph":[{"@type":["WebPage","ItemPage"],"@id":"https:\/\/raftingpatagonia.com\/producto\/cabalgata-mirador-cerro-lopez","url":"https:\/\/raftingpatagonia.com\/producto\/cabalgata-mirador-cerro-lopez","name":"Cavalgadas Cerro L\u00f3pez | Bariloche | Patag\u00f4nia Rafting em Bariloche","isPartOf":{"@id":"https:\/\/raftingpatagonia.com\/#website"},"primaryImageOfPage":{"@id":"https:\/\/raftingpatagonia.com\/producto\/cabalgata-mirador-cerro-lopez#primaryimage"},"image":{"@id":"https:\/\/raftingpatagonia.com\/producto\/cabalgata-mirador-cerro-lopez#primaryimage"},"thumbnailUrl":"https:\/\/raftingpatagonia.com\/wp-content\/uploads\/2025\/08\/11-A-480318722_18468284176064189_141209198994545714_n.jpg","datePublished":"2025-08-18T16:14:40+00:00","dateModified":"2026-03-31T15:15:26+00:00","description":"Do rio ao campo: passeio a cavalo com vista para o Cerro L\u00f3pez em Bariloche. Passeio por florestas, mirantes e Circuito Chico.","breadcrumb":{"@id":"https:\/\/raftingpatagonia.com\/producto\/cabalgata-mirador-cerro-lopez#breadcrumb"},"inLanguage":"pt-BR","potentialAction":[{"@type":"ReadAction","target":["https:\/\/raftingpatagonia.com\/producto\/cabalgata-mirador-cerro-lopez"]}]},{"@type":"ImageObject","inLanguage":"pt-BR","@id":"https:\/\/raftingpatagonia.com\/producto\/cabalgata-mirador-cerro-lopez#primaryimage","url":"https:\/\/raftingpatagonia.com\/wp-content\/uploads\/2025\/08\/11-A-480318722_18468284176064189_141209198994545714_n.jpg","contentUrl":"https:\/\/raftingpatagonia.com\/wp-content\/uploads\/2025\/08\/11-A-480318722_18468284176064189_141209198994545714_n.jpg","width":850,"height":1133},{"@type":"BreadcrumbList","@id":"https:\/\/raftingpatagonia.com\/producto\/cabalgata-mirador-cerro-lopez#breadcrumb","itemListElement":[{"@type":"ListItem","position":1,"name":"Home","item":"https:\/\/raftingpatagonia.com\/"},{"@type":"ListItem","position":2,"name":"Shop","item":"https:\/\/raftingpatagonia.com\/actividades"},{"@type":"ListItem","position":3,"name":"Cabalgata con vista al Cerro L\u00f3pez &#8211; Aventura entre bosques y miradores del Circuito Chico"}]},{"@type":"WebSite","@id":"https:\/\/raftingpatagonia.com\/#website","url":"https:\/\/raftingpatagonia.com\/","name":"Rafting na Patag\u00f4nia em Bariloche","description":"Rafting na Patag\u00f4nia em Bariloche","potentialAction":[{"@type":"SearchAction","target":{"@type":"EntryPoint","urlTemplate":"https:\/\/raftingpatagonia.com\/?s={search_term_string}"},"query-input":{"@type":"PropertyValueSpecification","valueRequired":true,"valueName":"search_term_string"}}],"inLanguage":"pt-BR"}]},"product_price_amount":"119400.00","product_price_currency":"ARS","og_availability":"instock","product_availability":"instock","product_retailer_item_id":"ADV2025CAPOELTVE7","product_condition":"new"},"_links":{"self":[{"href":"https:\/\/raftingpatagonia.com\/pt\/wp-json\/wp\/v2\/product\/236407","targetHints":{"allow":["GET"]}}],"collection":[{"href":"https:\/\/raftingpatagonia.com\/pt\/wp-json\/wp\/v2\/product"}],"about":[{"href":"https:\/\/raftingpatagonia.com\/pt\/wp-json\/wp\/v2\/types\/product"}],"replies":[{"embeddable":true,"href":"https:\/\/raftingpatagonia.com\/pt\/wp-json\/wp\/v2\/comments?post=236407"}],"wp:featuredmedia":[{"embeddable":true,"href":"https:\/\/raftingpatagonia.com\/pt\/wp-json\/wp\/v2\/media\/236669"}],"wp:attachment":[{"href":"https:\/\/raftingpatagonia.com\/pt\/wp-json\/wp\/v2\/media?parent=236407"}],"wp:term":[{"taxonomy":"product_brand","embeddable":true,"href":"https:\/\/raftingpatagonia.com\/pt\/wp-json\/wp\/v2\/product_brand?post=236407"},{"taxonomy":"product_cat","embeddable":true,"href":"https:\/\/raftingpatagonia.com\/pt\/wp-json\/wp\/v2\/product_cat?post=236407"},{"taxonomy":"product_tag","embeddable":true,"href":"https:\/\/raftingpatagonia.com\/pt\/wp-json\/wp\/v2\/product_tag?post=236407"}],"curies":[{"name":"wp","href":"https:\/\/api.w.org\/{rel}","templated":true}]}}