{"id":236404,"date":"2025-08-18T13:13:23","date_gmt":"2025-08-18T16:13:23","guid":{"rendered":"https:\/\/raftingpatagonia.com\/producto\/excursion-en-kayak-por-el-lago-gutierrez-desde-bariloche-con-traslado-incluido"},"modified":"2026-03-31T12:15:26","modified_gmt":"2026-03-31T15:15:26","slug":"travesia-guiada-kayak-lago-moreno","status":"publish","type":"product","link":"https:\/\/raftingpatagonia.com\/pt\/produto\/passeio-guiado-de-caiaque-no-lago-moreno","title":{"rendered":"Caiaque no Lago Moreno"},"content":{"rendered":"<h2 data-start=\"754\" data-end=\"831\"><strong data-start=\"754\" data-end=\"829\">Descubra a Patag\u00f4nia a partir da \u00e1gua com uma experi\u00eancia guiada de caiaque<\/strong><\/h2>\n<p data-start=\"833\" data-end=\"1096\">Experimente uma viagem inesquec\u00edvel no Lago Moreno, cercado por montanhas, florestas e paisagens \u00fanicas do Parque Nacional Nahuel Huapi.<br data-start=\"965\" data-end=\"968\" \/>Essa experi\u00eancia combina aventura, natureza e tranquilidade, com a garantia e a seguran\u00e7a que caracterizam o Rafting Patag\u00f4nia.<\/p>\n<p data-start=\"1098\" data-end=\"1373\">Acompanhado por nossos guias profissionais, voc\u00ea remar\u00e1 em caiaques Sit On Top, ideais por sua estabilidade e conforto, perfeitos para iniciantes ou para aqueles que buscam uma conex\u00e3o mais direta com a natureza.<br data-start=\"1306\" data-end=\"1309\" \/>Uma excurs\u00e3o acess\u00edvel e ativa, cheia de charme patag\u00f4nico.<\/p>\n<h3 data-start=\"1380\" data-end=\"1397\"><strong data-start=\"1384\" data-end=\"1397\">Passeio<\/strong><\/h3>\n<p data-start=\"1399\" data-end=\"1737\"><strong data-start=\"1399\" data-end=\"1412\">Hor\u00e1rios:<\/strong> 11:00 \u00e0s 15:00 aprox. \/ 13:00 \u00e0s 17:00 aprox.<br data-start=\"1456\" data-end=\"1459\" \/>Sa\u00edda do centro de Bariloche para a \u00e1rea do Circuito Chico, onde come\u00e7a o passeio de caiaque.<br data-start=\"1565\" data-end=\"1568\" \/>Durante o passeio, voc\u00ea navega pelas \u00e1guas serenas do Lago Moreno, com momentos para descansar, tirar fotos e apreciar as vistas do Cerro Lopez e Goye.<\/p>\n<h3 data-start=\"1744\" data-end=\"1770\"><strong data-start=\"1748\" data-end=\"1770\">Local da reuni\u00e3o<\/strong><\/h3>\n<p data-start=\"1772\" data-end=\"1950\">Hot\u00e9is e pontos de encontro localizados desde o centro de Bariloche at\u00e9 o km 8 da Av. Bustillo ou Av. Pioneros.<br data-start=\"1886\" data-end=\"1889\" \/>Outros pontos de partida, favor consultar no momento da reserva.<\/p>\n<h3 data-start=\"1957\" data-end=\"1972\"><strong data-start=\"1961\" data-end=\"1972\">Inclui<\/strong><\/h3>\n<ul data-start=\"1974\" data-end=\"2185\">\n<li data-start=\"1974\" data-end=\"2025\">\n<p data-start=\"1976\" data-end=\"2025\">Caiaque Sit On Top (est\u00e1vel, confort\u00e1vel e seguro).<\/p>\n<\/li>\n<li data-start=\"2026\" data-end=\"2096\">\n<p data-start=\"2028\" data-end=\"2096\">Equipamento de seguran\u00e7a completo: colete, p\u00e1, jaqueta imperme\u00e1vel.<\/p>\n<\/li>\n<li data-start=\"2097\" data-end=\"2134\">\n<p data-start=\"2099\" data-end=\"2134\">Guias profissionais certificados.<\/p>\n<\/li>\n<li data-start=\"2135\" data-end=\"2185\">\n<p data-start=\"2137\" data-end=\"2185\">Traslados de e para o ponto de encontro.<\/p>\n<\/li>\n<\/ul>\n<h3 data-start=\"2192\" data-end=\"2210\"><strong data-start=\"2196\" data-end=\"2210\">N\u00e3o inclui<\/strong><\/h3>\n<ul data-start=\"2212\" data-end=\"2295\">\n<li data-start=\"2212\" data-end=\"2235\">\n<p data-start=\"2214\" data-end=\"2235\">Sem alimentos ou bebidas.<\/p>\n<\/li>\n<li data-start=\"2236\" data-end=\"2295\">\n<p data-start=\"2238\" data-end=\"2295\">Roupas pessoais (recomenda-se levar um casaco e uma muda de roupa seca).<\/p>\n<\/li>\n<\/ul>\n<h3 data-start=\"2439\" data-end=\"2462\"><strong data-start=\"2443\" data-end=\"2462\">Recomenda\u00e7\u00f5es<\/strong><\/h3>\n<ul data-start=\"2464\" data-end=\"2709\">\n<li data-start=\"2464\" data-end=\"2506\">\n<p data-start=\"2466\" data-end=\"2506\">Use roupas confort\u00e1veis, esportivas ou t\u00e9cnicas.<\/p>\n<\/li>\n<li data-start=\"2507\" data-end=\"2545\">\n<p data-start=\"2509\" data-end=\"2545\">Traga cal\u00e7ados fechados ou ajust\u00e1veis.<\/p>\n<\/li>\n<li data-start=\"2546\" data-end=\"2613\">\n<p data-start=\"2548\" data-end=\"2613\">Traga uma muda de roupas secas e agasalhos para depois da atividade.<\/p>\n<\/li>\n<li data-start=\"2614\" data-end=\"2674\">\n<p data-start=\"2616\" data-end=\"2674\">Use protetor solar, chap\u00e9u e \u00f3culos de sol.<\/p>\n<\/li>\n<li data-start=\"2675\" data-end=\"2709\">\n<p data-start=\"2677\" data-end=\"2709\">Portar um documento de identidade.<\/p>\n<\/li>\n<\/ul>\n<p data-start=\"2711\" data-end=\"2786\">N\u00e3o \u00e9 necess\u00e1rio ter experi\u00eancia anterior. Atividade adequada para crian\u00e7as acima de 4 anos de idade.<\/p>\n<h3 data-start=\"2793\" data-end=\"2821\"><strong data-start=\"2797\" data-end=\"2821\">Perguntas frequentes<\/strong><\/h3>\n<p data-start=\"2823\" data-end=\"2945\"><strong data-start=\"2823\" data-end=\"2857\">Que tipo de caiaque \u00e9 usado?<\/strong><br data-start=\"2857\" data-end=\"2860\" \/>Caiaques Sit On Top, ideais para iniciantes devido \u00e0 sua estabilidade e capacidade de manobra.<\/p>\n<p data-start=\"2947\" data-end=\"3089\"><strong data-start=\"2947\" data-end=\"2997\">\u00c9 necess\u00e1rio saber remar ou ter experi\u00eancia?<\/strong><br data-start=\"2997\" data-end=\"3000\" \/>N\u00e3o, os guias lhe ensinam as t\u00e9cnicas b\u00e1sicas e o acompanham durante todo o passeio.<\/p>\n<p data-start=\"3091\" data-end=\"3232\"><strong data-start=\"3091\" data-end=\"3122\">O que acontece se o tempo estiver ruim?<\/strong><br data-start=\"3122\" data-end=\"3125\" \/>A atividade ocorre sob garoa, mas pode ser suspensa por tempestades ou ventos fortes.<\/p>\n<p data-start=\"3234\" data-end=\"3316\"><strong data-start=\"3234\" data-end=\"3264\">Isso pode ser feito com crian\u00e7as?<\/strong><br data-start=\"3264\" data-end=\"3267\" \/>Sim, a partir de 4 anos de idade, acompanhado por um adulto.<\/p>","protected":false},"excerpt":{"rendered":"<p>Experimentei uma visita guiada em <strong>Passeio de caiaque no Lago Moreno <\/strong> com o Rafting Patag\u00f4nia.<br \/>\nNatureza, seguran\u00e7a e paisagens \u00fanicas em uma experi\u00eancia inesquec\u00edvel ao ar livre.<\/p>","protected":false},"featured_media":236666,"comment_status":"open","ping_status":"closed","template":"","meta":[],"product_brand":[],"product_cat":[542,544,545,546,547,551,553,564],"product_tag":[],"class_list":{"0":"post-236404","1":"product","2":"type-product","3":"status-publish","4":"has-post-thumbnail","6":"product_cat-adultos","7":"product_cat-aventura","8":"product_cat-con-comida","9":"product_cat-con-traslado","10":"product_cat-familia","11":"product_cat-lacustre","12":"product_cat-ninos","13":"product_cat-verano","15":"first","16":"instock","17":"virtual","18":"sold-individually","19":"purchasable","20":"product-type-booking"},"booking_location":"","booking_location_type":"","booking_duration":1,"booking_duration_unit":"hour","booking_buffer":0,"booking_cost":0,"booking_resources":[],"exclude_global_add_ons":false,"addons":[{"name":"ADU: Adulto","type":"input_multiplier","position":0,"required":false,"title_format":"label","default":"","description_enable":false,"description":"","placeholder_enable":false,"placeholder":"","display":"select","restrictions_type":"any_text","adjust_price":true,"price":"107400","price_type":"quantity_based","restrictions":false,"min":"0","max":"0","options":[],"id":1773074737},{"name":"MEN512 | 5 a 12","type":"input_multiplier","position":1,"required":false,"title_format":"label","default":"","description_enable":false,"description":"","placeholder_enable":false,"placeholder":"","display":"select","restrictions_type":"any_text","adjust_price":true,"price":"107400","price_type":"quantity_based","restrictions":false,"min":"0","max":"0","options":[],"id":1773075048}],"yoast_head":"<!-- This site is optimized with the Yoast SEO Premium plugin v24.5 (Yoast SEO v24.8) - https:\/\/yoast.com\/wordpress\/plugins\/seo\/ -->\n<title>Traves\u00eda en Kayak por el Lago Moreno | Rafting Patagonia<\/title>\n<meta name=\"description\" content=\"Viv\u00ed una traves\u00eda guiada en kayak por el Lago Moreno con Rafting Patagonia. Naturaleza, seguridad y paisajes \u00fanicos en la Patagonia.\" \/>\n<meta name=\"robots\" content=\"index, follow, max-snippet:-1, max-image-preview:large, max-video-preview:-1\" \/>\n<link rel=\"canonical\" href=\"https:\/\/raftingpatagonia.com\/pt\/produto\/passeio-guiado-de-caiaque-no-lago-moreno\/\" \/>\n<meta property=\"og:locale\" content=\"pt_BR\" \/>\n<meta property=\"og:type\" content=\"article\" \/>\n<meta property=\"og:title\" content=\"Kayak por el Lago Moreno\" \/>\n<meta property=\"og:description\" content=\"Viv\u00ed una traves\u00eda guiada en kayak por el Lago Moreno con Rafting Patagonia. Naturaleza, seguridad y paisajes \u00fanicos en la Patagonia.\" \/>\n<meta property=\"og:url\" content=\"https:\/\/raftingpatagonia.com\/pt\/produto\/passeio-guiado-de-caiaque-no-lago-moreno\/\" \/>\n<meta property=\"og:site_name\" content=\"Rafting Patagonia en Bariloche\" \/>\n<meta property=\"article:publisher\" content=\"https:\/\/www.facebook.com\/Rafting-4810-231662556864543\/\" \/>\n<meta property=\"article:modified_time\" content=\"2026-03-31T15:15:26+00:00\" \/>\n<meta property=\"og:image\" content=\"https:\/\/raftingpatagonia.com\/wp-content\/uploads\/2025\/08\/11-B.jpg\" \/>\n\t<meta property=\"og:image:width\" content=\"850\" \/>\n\t<meta property=\"og:image:height\" content=\"1133\" \/>\n\t<meta property=\"og:image:type\" content=\"image\/jpeg\" \/>\n<meta name=\"twitter:card\" content=\"summary_large_image\" \/>\n<meta name=\"twitter:label1\" content=\"Pre\u00e7o\" \/>\n\t<meta name=\"twitter:data1\" content=\"&#036;&nbsp;107.400,00\" \/>\n\t<meta name=\"twitter:label2\" content=\"Disponibilidade\" \/>\n\t<meta name=\"twitter:data2\" content=\"Em Estoque\" \/>\n<script type=\"application\/ld+json\" class=\"yoast-schema-graph\">{\"@context\":\"https:\/\/schema.org\",\"@graph\":[{\"@type\":[\"WebPage\",\"ItemPage\"],\"@id\":\"https:\/\/raftingpatagonia.com\/producto\/travesia-guiada-kayak-lago-moreno\",\"url\":\"https:\/\/raftingpatagonia.com\/producto\/travesia-guiada-kayak-lago-moreno\",\"name\":\"Traves\u00eda en Kayak por el Lago Moreno | Rafting Patagonia\",\"isPartOf\":{\"@id\":\"https:\/\/raftingpatagonia.com\/#website\"},\"primaryImageOfPage\":{\"@id\":\"https:\/\/raftingpatagonia.com\/producto\/travesia-guiada-kayak-lago-moreno#primaryimage\"},\"image\":{\"@id\":\"https:\/\/raftingpatagonia.com\/producto\/travesia-guiada-kayak-lago-moreno#primaryimage\"},\"thumbnailUrl\":\"https:\/\/raftingpatagonia.com\/wp-content\/uploads\/2025\/08\/11-B.jpg\",\"datePublished\":\"2025-08-18T16:13:23+00:00\",\"dateModified\":\"2026-03-31T15:15:26+00:00\",\"description\":\"Viv\u00ed una traves\u00eda guiada en kayak por el Lago Moreno con Rafting Patagonia. Naturaleza, seguridad y paisajes \u00fanicos en la Patagonia.\",\"breadcrumb\":{\"@id\":\"https:\/\/raftingpatagonia.com\/producto\/travesia-guiada-kayak-lago-moreno#breadcrumb\"},\"inLanguage\":\"pt-BR\",\"potentialAction\":[{\"@type\":\"ReadAction\",\"target\":[\"https:\/\/raftingpatagonia.com\/producto\/travesia-guiada-kayak-lago-moreno\"]}]},{\"@type\":\"ImageObject\",\"inLanguage\":\"pt-BR\",\"@id\":\"https:\/\/raftingpatagonia.com\/producto\/travesia-guiada-kayak-lago-moreno#primaryimage\",\"url\":\"https:\/\/raftingpatagonia.com\/wp-content\/uploads\/2025\/08\/11-B.jpg\",\"contentUrl\":\"https:\/\/raftingpatagonia.com\/wp-content\/uploads\/2025\/08\/11-B.jpg\",\"width\":850,\"height\":1133,\"caption\":\"DCIM100GOPROGOPR1156.JPG\"},{\"@type\":\"BreadcrumbList\",\"@id\":\"https:\/\/raftingpatagonia.com\/producto\/travesia-guiada-kayak-lago-moreno#breadcrumb\",\"itemListElement\":[{\"@type\":\"ListItem\",\"position\":1,\"name\":\"Home\",\"item\":\"https:\/\/raftingpatagonia.com\/\"},{\"@type\":\"ListItem\",\"position\":2,\"name\":\"Shop\",\"item\":\"https:\/\/raftingpatagonia.com\/actividades\"},{\"@type\":\"ListItem\",\"position\":3,\"name\":\"Kayak por el Lago Moreno\"}]},{\"@type\":\"WebSite\",\"@id\":\"https:\/\/raftingpatagonia.com\/#website\",\"url\":\"https:\/\/raftingpatagonia.com\/\",\"name\":\"Rafting Patagonia en Bariloche\",\"description\":\"Rafting Patagonia en Bariloche\",\"potentialAction\":[{\"@type\":\"SearchAction\",\"target\":{\"@type\":\"EntryPoint\",\"urlTemplate\":\"https:\/\/raftingpatagonia.com\/?s={search_term_string}\"},\"query-input\":{\"@type\":\"PropertyValueSpecification\",\"valueRequired\":true,\"valueName\":\"search_term_string\"}}],\"inLanguage\":\"pt-BR\"}]}<\/script>\n<meta property=\"product:price:amount\" content=\"107400.00\" \/>\n<meta property=\"product:price:currency\" content=\"ARS\" \/>\n<meta property=\"og:availability\" content=\"instock\" \/>\n<meta property=\"product:availability\" content=\"instock\" \/>\n<meta property=\"product:retailer_item_id\" content=\"ADV2025TRENKAH9J5\" \/>\n<meta property=\"product:condition\" content=\"new\" \/>\n<!-- \/ Yoast SEO Premium plugin. -->","yoast_head_json":{"title":"Passeio de caiaque no Lago Moreno | Rafting Patag\u00f4nia","description":"Experimente um passeio guiado de caiaque no Lago Moreno com a Rafting Patag\u00f4nia. Natureza, seguran\u00e7a e paisagens \u00fanicas na Patag\u00f4nia.","robots":{"index":"index","follow":"follow","max-snippet":"max-snippet:-1","max-image-preview":"max-image-preview:large","max-video-preview":"max-video-preview:-1"},"canonical":"https:\/\/raftingpatagonia.com\/pt\/produto\/passeio-guiado-de-caiaque-no-lago-moreno\/","og_locale":"pt_BR","og_type":"article","og_title":"Kayak por el Lago Moreno","og_description":"Viv\u00ed una traves\u00eda guiada en kayak por el Lago Moreno con Rafting Patagonia. Naturaleza, seguridad y paisajes \u00fanicos en la Patagonia.","og_url":"https:\/\/raftingpatagonia.com\/pt\/produto\/passeio-guiado-de-caiaque-no-lago-moreno\/","og_site_name":"Rafting Patagonia en Bariloche","article_publisher":"https:\/\/www.facebook.com\/Rafting-4810-231662556864543\/","article_modified_time":"2026-03-31T15:15:26+00:00","og_image":[{"width":850,"height":1133,"url":"https:\/\/raftingpatagonia.com\/wp-content\/uploads\/2025\/08\/11-B.jpg","type":"image\/jpeg"}],"twitter_card":"summary_large_image","twitter_misc":{"Pre\u00e7o":"&#36;&nbsp;107.400,00","Disponibilidade":"Em Estoque"},"schema":{"@context":"https:\/\/schema.org","@graph":[{"@type":["WebPage","ItemPage"],"@id":"https:\/\/raftingpatagonia.com\/producto\/travesia-guiada-kayak-lago-moreno","url":"https:\/\/raftingpatagonia.com\/producto\/travesia-guiada-kayak-lago-moreno","name":"Passeio de caiaque no Lago Moreno | Rafting Patag\u00f4nia","isPartOf":{"@id":"https:\/\/raftingpatagonia.com\/#website"},"primaryImageOfPage":{"@id":"https:\/\/raftingpatagonia.com\/producto\/travesia-guiada-kayak-lago-moreno#primaryimage"},"image":{"@id":"https:\/\/raftingpatagonia.com\/producto\/travesia-guiada-kayak-lago-moreno#primaryimage"},"thumbnailUrl":"https:\/\/raftingpatagonia.com\/wp-content\/uploads\/2025\/08\/11-B.jpg","datePublished":"2025-08-18T16:13:23+00:00","dateModified":"2026-03-31T15:15:26+00:00","description":"Experimente um passeio guiado de caiaque no Lago Moreno com a Rafting Patag\u00f4nia. Natureza, seguran\u00e7a e paisagens \u00fanicas na Patag\u00f4nia.","breadcrumb":{"@id":"https:\/\/raftingpatagonia.com\/producto\/travesia-guiada-kayak-lago-moreno#breadcrumb"},"inLanguage":"pt-BR","potentialAction":[{"@type":"ReadAction","target":["https:\/\/raftingpatagonia.com\/producto\/travesia-guiada-kayak-lago-moreno"]}]},{"@type":"ImageObject","inLanguage":"pt-BR","@id":"https:\/\/raftingpatagonia.com\/producto\/travesia-guiada-kayak-lago-moreno#primaryimage","url":"https:\/\/raftingpatagonia.com\/wp-content\/uploads\/2025\/08\/11-B.jpg","contentUrl":"https:\/\/raftingpatagonia.com\/wp-content\/uploads\/2025\/08\/11-B.jpg","width":850,"height":1133,"caption":"DCIM100GOPROGOPR1156.JPG"},{"@type":"BreadcrumbList","@id":"https:\/\/raftingpatagonia.com\/producto\/travesia-guiada-kayak-lago-moreno#breadcrumb","itemListElement":[{"@type":"ListItem","position":1,"name":"Home","item":"https:\/\/raftingpatagonia.com\/"},{"@type":"ListItem","position":2,"name":"Shop","item":"https:\/\/raftingpatagonia.com\/actividades"},{"@type":"ListItem","position":3,"name":"Kayak por el Lago Moreno"}]},{"@type":"WebSite","@id":"https:\/\/raftingpatagonia.com\/#website","url":"https:\/\/raftingpatagonia.com\/","name":"Rafting na Patag\u00f4nia em Bariloche","description":"Rafting na Patag\u00f4nia em Bariloche","potentialAction":[{"@type":"SearchAction","target":{"@type":"EntryPoint","urlTemplate":"https:\/\/raftingpatagonia.com\/?s={search_term_string}"},"query-input":{"@type":"PropertyValueSpecification","valueRequired":true,"valueName":"search_term_string"}}],"inLanguage":"pt-BR"}]},"product_price_amount":"107400.00","product_price_currency":"ARS","og_availability":"instock","product_availability":"instock","product_retailer_item_id":"ADV2025TRENKAH9J5","product_condition":"new"},"_links":{"self":[{"href":"https:\/\/raftingpatagonia.com\/pt\/wp-json\/wp\/v2\/product\/236404","targetHints":{"allow":["GET"]}}],"collection":[{"href":"https:\/\/raftingpatagonia.com\/pt\/wp-json\/wp\/v2\/product"}],"about":[{"href":"https:\/\/raftingpatagonia.com\/pt\/wp-json\/wp\/v2\/types\/product"}],"replies":[{"embeddable":true,"href":"https:\/\/raftingpatagonia.com\/pt\/wp-json\/wp\/v2\/comments?post=236404"}],"wp:featuredmedia":[{"embeddable":true,"href":"https:\/\/raftingpatagonia.com\/pt\/wp-json\/wp\/v2\/media\/236666"}],"wp:attachment":[{"href":"https:\/\/raftingpatagonia.com\/pt\/wp-json\/wp\/v2\/media?parent=236404"}],"wp:term":[{"taxonomy":"product_brand","embeddable":true,"href":"https:\/\/raftingpatagonia.com\/pt\/wp-json\/wp\/v2\/product_brand?post=236404"},{"taxonomy":"product_cat","embeddable":true,"href":"https:\/\/raftingpatagonia.com\/pt\/wp-json\/wp\/v2\/product_cat?post=236404"},{"taxonomy":"product_tag","embeddable":true,"href":"https:\/\/raftingpatagonia.com\/pt\/wp-json\/wp\/v2\/product_tag?post=236404"}],"curies":[{"name":"wp","href":"https:\/\/api.w.org\/{rel}","templated":true}]}}