{"id":236403,"date":"2025-08-18T13:12:58","date_gmt":"2025-08-18T16:12:58","guid":{"rendered":"https:\/\/raftingpatagonia.com\/producto\/rafting-al-limite-con-chile-sin-traslado"},"modified":"2026-03-31T12:15:26","modified_gmt":"2026-03-31T15:15:26","slug":"rafting-al-limite-con-chile-sin-traslado","status":"publish","type":"product","link":"https:\/\/raftingpatagonia.com\/pt\/produto\/rafting-ate-a-fronteira-do-chile-sem-traslado","title":{"rendered":"Rafting at\u00e9 a fronteira com o Chile Sem traslado"},"content":{"rendered":"<h2>Aventura fluvial nos confins do Chile<\/h2>\n<p>Junte-se a n\u00f3s para uma <strong>Viagem vibrante de rafting<\/strong> que o aproxima da natureza em seu estado mais puro. Esse itiner\u00e1rio real\u00e7a a natureza imponente do Rio Manso, cujas corredeiras de classe <strong>3 y 4<\/strong> s\u00e3o o cen\u00e1rio de uma experi\u00eancia poderosa, que vai at\u00e9 a fronteira com o Chile.<\/p>\n<h3>In\u00edcio da aventura<\/h3>\n<p>A atividade come\u00e7a em nosso ponto de encontro estabelecido. Antes de zarpar, nossa equipe de especialistas lhe fornecer\u00e1 os equipamentos necess\u00e1rios: roupas de mergulho, capacetes, coletes salva-vidas, sempre priorizando a sua seguran\u00e7a.<\/p>\n<h3>Travessia do rio Manso<\/h3>\n<ul>\n<li><strong>Rota:<\/strong> Circuito na \u00e1gua de <strong>10 km<\/strong> no rio Manso, com uma dura\u00e7\u00e3o estimada de <strong>2 horas<\/strong>.<\/li>\n<li><strong>Adrenalina:<\/strong> Aproveite o desafio em corredeiras de grau vibrante <strong>III\/IV<\/strong>.<\/li>\n<li>Quando voc\u00ea chegar \u00e0 fronteira com o Chile, organizaremos a viagem de volta para que voc\u00ea possa retornar tranquilamente ao ponto de partida.<\/li>\n<\/ul>\n<h3>Op\u00e7\u00f5es gastron\u00f4micas<\/h3>\n<p>No final da viagem, voc\u00ea pode optar por almo\u00e7ar no Parador. O servi\u00e7o n\u00e3o est\u00e1 inclu\u00eddo no pre\u00e7o da excurs\u00e3o, mas voc\u00ea pode escolher <strong>churrasco<\/strong>, <strong>massa<\/strong> ou salada, cada alternativa com um custo adicional.<\/p>\n<h3>Recomenda\u00e7\u00f5es para viv\u00ea-lo em sua plenitude<\/h3>\n<ul>\n<li>Atividade exclusiva para <strong>adolescentes e idosos<\/strong> do <strong>14 anos<\/strong>.<\/li>\n<li>Recomendamos que voc\u00ea traga um <strong>toalha<\/strong> e roupas extras para depois da aventura.<\/li>\n<\/ul>\n<h3>Nenhum dado de op\u00e7\u00e3o de realoca\u00e7\u00e3o<\/h3>\n<p>Se voc\u00ea escolher a modalidade sem traslado, o ponto de encontro ser\u00e1 diretamente em nosso Parador, no <strong data-start=\"372\" data-end=\"389\">Base Villegas<\/strong>, no <strong data-start=\"400\" data-end=\"417\">Ruta 83, Km 1, San Carlos de Bariloche, R\u00edo Negro.<\/strong>.<br data-start=\"418\" data-end=\"421\" \/>Localiza\u00e7\u00e3o no Google Maps: <a class=\"\" href=\"https:\/\/maps.app.goo.gl\/NqbsUN6VB5Fnt7hVA\" target=\"_new\" rel=\"noopener\" data-start=\"449\" data-end=\"535\">https:\/\/maps.app.goo.gl\/NqbsUN6VB5Fnt7hVA<\/a><\/p>\n<h3>Informa\u00e7\u00f5es importantes<\/h3>\n<ul>\n<li><strong>Dura\u00e7\u00e3o:<\/strong> De <strong>9:00 a.m. \u00e0s 6:00 p.m.<\/strong> aproximadamente.<\/li>\n<li><strong>Ele inclui:<\/strong> Rafting, caf\u00e9 da manh\u00e3 completo e equipamento (roupa de mergulho, colete, jaqueta imperme\u00e1vel, sapatos de neoprene, remo e capacete).<\/li>\n<li><strong>N\u00e3o inclu\u00eddo:<\/strong> Traslados, acomoda\u00e7\u00e3o, almo\u00e7o e caf\u00e9 da manh\u00e3.<\/li>\n<\/ul>\n<h2>Perguntas frequentes<\/h2>\n<ul>\n<li><strong>Qual \u00e9 a idade m\u00ednima para participar?<\/strong><br \/>\nVoc\u00ea pode participar a partir dos 14 anos de idade.<\/li>\n<li><strong>Quais recursos de seguran\u00e7a eles oferecem?<\/strong><br \/>\nEntregamos roupas de mergulho, coletes, capacetes, botas e remos.<\/li>\n<li><strong>O almo\u00e7o est\u00e1 inclu\u00eddo?<\/strong><br \/>\nN\u00e3o, o almo\u00e7o \u00e9 opcional; no entanto, h\u00e1 diferentes op\u00e7\u00f5es dispon\u00edveis por um custo adicional.<\/li>\n<li><strong>Onde \u00e9 o local da reuni\u00e3o?<\/strong><br \/>\nSe voc\u00ea optar por vir diretamente, ter\u00e1 que ir at\u00e9 o <strong data-start=\"372\" data-end=\"389\">Base Villegas<\/strong>, no <strong data-start=\"400\" data-end=\"417\">Ruta 83, Km 1, San Carlos de Bariloche, R\u00edo Negro.<br \/>\nLocaliza\u00e7\u00e3o no Google Maps: <a class=\"\" href=\"https:\/\/maps.app.goo.gl\/NqbsUN6VB5Fnt7hVA\" target=\"_new\" rel=\"noopener\" data-start=\"449\" data-end=\"535\">https:\/\/maps.app.goo.gl\/NqbsUN6VB5Fnt7hVA<\/a><br \/>\n<\/strong><\/li>\n<\/ul>","protected":false},"excerpt":{"rendered":"<p>Conhe\u00e7a o Rio Manso sem se preocupar com traslados. Essa viagem \u00e9 perfeita para pessoas com mais de 14 anos de idade e combina pura emo\u00e7\u00e3o com vistas incr\u00edveis.<\/p>","protected":false},"featured_media":236664,"comment_status":"open","ping_status":"closed","template":"","meta":[],"product_brand":[],"product_cat":[542,544,547,553,556,558,559,564],"product_tag":[],"class_list":{"0":"post-236403","1":"product","2":"type-product","3":"status-publish","4":"has-post-thumbnail","6":"product_cat-adultos","7":"product_cat-aventura","8":"product_cat-familia","9":"product_cat-ninos","10":"product_cat-primavera","11":"product_cat-sin-comida","12":"product_cat-sin-traslado","13":"product_cat-verano","15":"first","16":"instock","17":"virtual","18":"sold-individually","19":"purchasable","20":"product-type-booking"},"booking_location":"","booking_location_type":"","booking_duration":1,"booking_duration_unit":"hour","booking_buffer":0,"booking_cost":0,"booking_resources":[],"exclude_global_add_ons":false,"addons":[{"name":"ADU: Adulto","type":"input_multiplier","position":0,"required":false,"title_format":"label","default":"","description_enable":false,"description":"","placeholder_enable":false,"placeholder":"","display":"select","restrictions_type":"any_text","adjust_price":true,"price":"140400","price_type":"quantity_based","restrictions":false,"min":"0","max":"0","options":[],"id":1773236380},{"name":"EXTRA: acompanhante","type":"input_multiplier","position":1,"required":false,"title_format":"label","default":"","description_enable":false,"description":"","placeholder_enable":false,"placeholder":"","display":"select","restrictions_type":"any_text","adjust_price":true,"price":"70200","price_type":"quantity_based","restrictions":false,"min":"0","max":"0","options":[],"id":1773236381},{"name":"MEN1418 | de 14 a 18","type":"input_multiplier","position":2,"required":false,"title_format":"label","default":"","description_enable":false,"description":"","placeholder_enable":false,"placeholder":"","display":"select","restrictions_type":"any_text","adjust_price":true,"price":"140400","price_type":"quantity_based","restrictions":false,"min":"0","max":"0","options":[],"id":1773236382}],"yoast_head":"<!-- This site is optimized with the Yoast SEO Premium plugin v24.5 (Yoast SEO v24.8) - https:\/\/yoast.com\/wordpress\/plugins\/seo\/ -->\n<title>Rafting en Bariloche | Aventura hasta la frontera con Chile | Rafting Patagonia en Bariloche<\/title>\n<meta name=\"description\" content=\"Viv\u00ed la experiencia de rafting en Bariloche hasta la frontera con Chile. R\u00e1pidos grado III y IV, gu\u00edas expertos y pura adrenalina en la Patagonia.\" \/>\n<meta name=\"robots\" content=\"index, follow, max-snippet:-1, max-image-preview:large, max-video-preview:-1\" \/>\n<link rel=\"canonical\" href=\"https:\/\/raftingpatagonia.com\/pt\/produto\/rafting-ate-a-fronteira-do-chile-sem-traslado\/\" \/>\n<meta property=\"og:locale\" content=\"pt_BR\" \/>\n<meta property=\"og:type\" content=\"article\" \/>\n<meta property=\"og:title\" content=\"Rafting al l\u00edmite con Chile Sin traslado\" \/>\n<meta property=\"og:description\" content=\"Viv\u00ed la experiencia de rafting en Bariloche hasta la frontera con Chile. R\u00e1pidos grado III y IV, gu\u00edas expertos y pura adrenalina en la Patagonia.\" \/>\n<meta property=\"og:url\" content=\"https:\/\/raftingpatagonia.com\/pt\/produto\/rafting-ate-a-fronteira-do-chile-sem-traslado\/\" \/>\n<meta property=\"og:site_name\" content=\"Rafting Patagonia en Bariloche\" \/>\n<meta property=\"article:publisher\" content=\"https:\/\/www.facebook.com\/Rafting-4810-231662556864543\/\" \/>\n<meta property=\"article:modified_time\" content=\"2026-03-31T15:15:26+00:00\" \/>\n<meta property=\"og:image\" content=\"https:\/\/raftingpatagonia.com\/wp-content\/uploads\/2025\/08\/11-D-el-rafting-es-una-actividad.jpg\" \/>\n\t<meta property=\"og:image:width\" content=\"850\" \/>\n\t<meta property=\"og:image:height\" content=\"1133\" \/>\n\t<meta property=\"og:image:type\" content=\"image\/jpeg\" \/>\n<meta name=\"twitter:card\" content=\"summary_large_image\" \/>\n<meta name=\"twitter:label1\" content=\"Pre\u00e7o\" \/>\n\t<meta name=\"twitter:data1\" content=\"&#036;&nbsp;140.400,00\" \/>\n\t<meta name=\"twitter:label2\" content=\"Disponibilidade\" \/>\n\t<meta name=\"twitter:data2\" content=\"Em Estoque\" \/>\n<script type=\"application\/ld+json\" class=\"yoast-schema-graph\">{\"@context\":\"https:\/\/schema.org\",\"@graph\":[{\"@type\":[\"WebPage\",\"ItemPage\"],\"@id\":\"https:\/\/raftingpatagonia.com\/producto\/rafting-al-limite-con-chile-sin-traslado\",\"url\":\"https:\/\/raftingpatagonia.com\/producto\/rafting-al-limite-con-chile-sin-traslado\",\"name\":\"Rafting en Bariloche | Aventura hasta la frontera con Chile | Rafting Patagonia en Bariloche\",\"isPartOf\":{\"@id\":\"https:\/\/raftingpatagonia.com\/#website\"},\"primaryImageOfPage\":{\"@id\":\"https:\/\/raftingpatagonia.com\/producto\/rafting-al-limite-con-chile-sin-traslado#primaryimage\"},\"image\":{\"@id\":\"https:\/\/raftingpatagonia.com\/producto\/rafting-al-limite-con-chile-sin-traslado#primaryimage\"},\"thumbnailUrl\":\"https:\/\/raftingpatagonia.com\/wp-content\/uploads\/2025\/08\/11-D-el-rafting-es-una-actividad.jpg\",\"datePublished\":\"2025-08-18T16:12:58+00:00\",\"dateModified\":\"2026-03-31T15:15:26+00:00\",\"description\":\"Viv\u00ed la experiencia de rafting en Bariloche hasta la frontera con Chile. R\u00e1pidos grado III y IV, gu\u00edas expertos y pura adrenalina en la Patagonia.\",\"breadcrumb\":{\"@id\":\"https:\/\/raftingpatagonia.com\/producto\/rafting-al-limite-con-chile-sin-traslado#breadcrumb\"},\"inLanguage\":\"pt-BR\",\"potentialAction\":[{\"@type\":\"ReadAction\",\"target\":[\"https:\/\/raftingpatagonia.com\/producto\/rafting-al-limite-con-chile-sin-traslado\"]}]},{\"@type\":\"ImageObject\",\"inLanguage\":\"pt-BR\",\"@id\":\"https:\/\/raftingpatagonia.com\/producto\/rafting-al-limite-con-chile-sin-traslado#primaryimage\",\"url\":\"https:\/\/raftingpatagonia.com\/wp-content\/uploads\/2025\/08\/11-D-el-rafting-es-una-actividad.jpg\",\"contentUrl\":\"https:\/\/raftingpatagonia.com\/wp-content\/uploads\/2025\/08\/11-D-el-rafting-es-una-actividad.jpg\",\"width\":850,\"height\":1133},{\"@type\":\"BreadcrumbList\",\"@id\":\"https:\/\/raftingpatagonia.com\/producto\/rafting-al-limite-con-chile-sin-traslado#breadcrumb\",\"itemListElement\":[{\"@type\":\"ListItem\",\"position\":1,\"name\":\"Home\",\"item\":\"https:\/\/raftingpatagonia.com\/\"},{\"@type\":\"ListItem\",\"position\":2,\"name\":\"Shop\",\"item\":\"https:\/\/raftingpatagonia.com\/actividades\"},{\"@type\":\"ListItem\",\"position\":3,\"name\":\"Rafting al l\u00edmite con Chile Sin traslado\"}]},{\"@type\":\"WebSite\",\"@id\":\"https:\/\/raftingpatagonia.com\/#website\",\"url\":\"https:\/\/raftingpatagonia.com\/\",\"name\":\"Rafting Patagonia en Bariloche\",\"description\":\"Rafting Patagonia en Bariloche\",\"potentialAction\":[{\"@type\":\"SearchAction\",\"target\":{\"@type\":\"EntryPoint\",\"urlTemplate\":\"https:\/\/raftingpatagonia.com\/?s={search_term_string}\"},\"query-input\":{\"@type\":\"PropertyValueSpecification\",\"valueRequired\":true,\"valueName\":\"search_term_string\"}}],\"inLanguage\":\"pt-BR\"}]}<\/script>\n<meta property=\"product:price:amount\" content=\"140400.00\" \/>\n<meta property=\"product:price:currency\" content=\"ARS\" \/>\n<meta property=\"og:availability\" content=\"instock\" \/>\n<meta property=\"product:availability\" content=\"instock\" \/>\n<meta property=\"product:retailer_item_id\" content=\"ADV2025RAALL\u00cd530P\" \/>\n<meta property=\"product:condition\" content=\"new\" \/>\n<!-- \/ Yoast SEO Premium plugin. -->","yoast_head_json":{"title":"Rafting em Bariloche | Aventura at\u00e9 a fronteira com o Chile | Rafting Patag\u00f4nia em Bariloche","description":"Experimente o rafting em Bariloche at\u00e9 a fronteira com o Chile. Corredeiras de grau III e IV, guias especializados e pura adrenalina na Patag\u00f4nia.","robots":{"index":"index","follow":"follow","max-snippet":"max-snippet:-1","max-image-preview":"max-image-preview:large","max-video-preview":"max-video-preview:-1"},"canonical":"https:\/\/raftingpatagonia.com\/pt\/produto\/rafting-ate-a-fronteira-do-chile-sem-traslado\/","og_locale":"pt_BR","og_type":"article","og_title":"Rafting al l\u00edmite con Chile Sin traslado","og_description":"Viv\u00ed la experiencia de rafting en Bariloche hasta la frontera con Chile. R\u00e1pidos grado III y IV, gu\u00edas expertos y pura adrenalina en la Patagonia.","og_url":"https:\/\/raftingpatagonia.com\/pt\/produto\/rafting-ate-a-fronteira-do-chile-sem-traslado\/","og_site_name":"Rafting Patagonia en Bariloche","article_publisher":"https:\/\/www.facebook.com\/Rafting-4810-231662556864543\/","article_modified_time":"2026-03-31T15:15:26+00:00","og_image":[{"width":850,"height":1133,"url":"https:\/\/raftingpatagonia.com\/wp-content\/uploads\/2025\/08\/11-D-el-rafting-es-una-actividad.jpg","type":"image\/jpeg"}],"twitter_card":"summary_large_image","twitter_misc":{"Pre\u00e7o":"&#36;&nbsp;140.400,00","Disponibilidade":"Em Estoque"},"schema":{"@context":"https:\/\/schema.org","@graph":[{"@type":["WebPage","ItemPage"],"@id":"https:\/\/raftingpatagonia.com\/producto\/rafting-al-limite-con-chile-sin-traslado","url":"https:\/\/raftingpatagonia.com\/producto\/rafting-al-limite-con-chile-sin-traslado","name":"Rafting em Bariloche | Aventura at\u00e9 a fronteira com o Chile | Rafting Patag\u00f4nia em Bariloche","isPartOf":{"@id":"https:\/\/raftingpatagonia.com\/#website"},"primaryImageOfPage":{"@id":"https:\/\/raftingpatagonia.com\/producto\/rafting-al-limite-con-chile-sin-traslado#primaryimage"},"image":{"@id":"https:\/\/raftingpatagonia.com\/producto\/rafting-al-limite-con-chile-sin-traslado#primaryimage"},"thumbnailUrl":"https:\/\/raftingpatagonia.com\/wp-content\/uploads\/2025\/08\/11-D-el-rafting-es-una-actividad.jpg","datePublished":"2025-08-18T16:12:58+00:00","dateModified":"2026-03-31T15:15:26+00:00","description":"Experimente o rafting em Bariloche at\u00e9 a fronteira com o Chile. Corredeiras de grau III e IV, guias especializados e pura adrenalina na Patag\u00f4nia.","breadcrumb":{"@id":"https:\/\/raftingpatagonia.com\/producto\/rafting-al-limite-con-chile-sin-traslado#breadcrumb"},"inLanguage":"pt-BR","potentialAction":[{"@type":"ReadAction","target":["https:\/\/raftingpatagonia.com\/producto\/rafting-al-limite-con-chile-sin-traslado"]}]},{"@type":"ImageObject","inLanguage":"pt-BR","@id":"https:\/\/raftingpatagonia.com\/producto\/rafting-al-limite-con-chile-sin-traslado#primaryimage","url":"https:\/\/raftingpatagonia.com\/wp-content\/uploads\/2025\/08\/11-D-el-rafting-es-una-actividad.jpg","contentUrl":"https:\/\/raftingpatagonia.com\/wp-content\/uploads\/2025\/08\/11-D-el-rafting-es-una-actividad.jpg","width":850,"height":1133},{"@type":"BreadcrumbList","@id":"https:\/\/raftingpatagonia.com\/producto\/rafting-al-limite-con-chile-sin-traslado#breadcrumb","itemListElement":[{"@type":"ListItem","position":1,"name":"Home","item":"https:\/\/raftingpatagonia.com\/"},{"@type":"ListItem","position":2,"name":"Shop","item":"https:\/\/raftingpatagonia.com\/actividades"},{"@type":"ListItem","position":3,"name":"Rafting al l\u00edmite con Chile Sin traslado"}]},{"@type":"WebSite","@id":"https:\/\/raftingpatagonia.com\/#website","url":"https:\/\/raftingpatagonia.com\/","name":"Rafting na Patag\u00f4nia em Bariloche","description":"Rafting na Patag\u00f4nia em Bariloche","potentialAction":[{"@type":"SearchAction","target":{"@type":"EntryPoint","urlTemplate":"https:\/\/raftingpatagonia.com\/?s={search_term_string}"},"query-input":{"@type":"PropertyValueSpecification","valueRequired":true,"valueName":"search_term_string"}}],"inLanguage":"pt-BR"}]},"product_price_amount":"140400.00","product_price_currency":"ARS","og_availability":"instock","product_availability":"instock","product_retailer_item_id":"ADV2025RAALL\u00cd530P","product_condition":"new"},"_links":{"self":[{"href":"https:\/\/raftingpatagonia.com\/pt\/wp-json\/wp\/v2\/product\/236403","targetHints":{"allow":["GET"]}}],"collection":[{"href":"https:\/\/raftingpatagonia.com\/pt\/wp-json\/wp\/v2\/product"}],"about":[{"href":"https:\/\/raftingpatagonia.com\/pt\/wp-json\/wp\/v2\/types\/product"}],"replies":[{"embeddable":true,"href":"https:\/\/raftingpatagonia.com\/pt\/wp-json\/wp\/v2\/comments?post=236403"}],"wp:featuredmedia":[{"embeddable":true,"href":"https:\/\/raftingpatagonia.com\/pt\/wp-json\/wp\/v2\/media\/236664"}],"wp:attachment":[{"href":"https:\/\/raftingpatagonia.com\/pt\/wp-json\/wp\/v2\/media?parent=236403"}],"wp:term":[{"taxonomy":"product_brand","embeddable":true,"href":"https:\/\/raftingpatagonia.com\/pt\/wp-json\/wp\/v2\/product_brand?post=236403"},{"taxonomy":"product_cat","embeddable":true,"href":"https:\/\/raftingpatagonia.com\/pt\/wp-json\/wp\/v2\/product_cat?post=236403"},{"taxonomy":"product_tag","embeddable":true,"href":"https:\/\/raftingpatagonia.com\/pt\/wp-json\/wp\/v2\/product_tag?post=236403"}],"curies":[{"name":"wp","href":"https:\/\/api.w.org\/{rel}","templated":true}]}}