{"id":236401,"date":"2025-08-18T13:12:03","date_gmt":"2025-08-18T16:12:03","guid":{"rendered":"https:\/\/raftingpatagonia.com\/producto\/rafting-light-en-el-rio-manso-sin-traslado"},"modified":"2026-03-31T12:15:26","modified_gmt":"2026-03-31T15:15:26","slug":"rafting-light-en-el-rio-manso-sin-traslado","status":"publish","type":"product","link":"https:\/\/raftingpatagonia.com\/pt\/produto\/rafting-leve-no-rio-manso-sem-traslado","title":{"rendered":"Rafting Light no Rio Manso sem traslado"},"content":{"rendered":"<h2>Aventura em fam\u00edlia no rio Manso<\/h2>\n<p>Viva uma viagem inesquec\u00edvel com nossa experi\u00eancia de <strong>Rafting tranquilo no rio Manso<\/strong>, projetado para ser compartilhado em um grupo ou com crian\u00e7as. Esse passeio na \u00e1gua combina divers\u00e3o e prote\u00e7\u00e3o, perfeito para crian\u00e7as a partir de 5 anos de idade. Suas corredeiras suaves de n\u00edvel 1 e 2 garantem adrenalina em um ambiente supervisionado, adequado para aqueles que est\u00e3o experimentando esse esporte pela primeira vez ou que buscam relaxamento cercado por paisagens patag\u00f4nicas.<\/p>\n<h3>Principais dados da experi\u00eancia<\/h3>\n<ul>\n<li><strong>Dura\u00e7\u00e3o:<\/strong> Quase 90 minutos cheios de alegria e pura a\u00e7\u00e3o.<\/li>\n<li><strong>Rota:<\/strong> Percorra 40 km em um cen\u00e1rio \u00fanico e \u00e1guas calmas para criar mem\u00f3rias inesquec\u00edveis.<\/li>\n<li><strong>Equipamento inclu\u00eddo:<\/strong> Aproveite a prote\u00e7\u00e3o m\u00e1xima: roupa de neoprene, capacete e colete salva-vidas de primeira classe.<\/li>\n<\/ul>\n<h3>In\u00edcio da caminhada<\/h3>\n<p>Quando voc\u00ea chegar ao ponto de partida, nossa equipe de especialistas o receber\u00e1 com as melhores vibra\u00e7\u00f5es e lhe dar\u00e1 uma conversa amig\u00e1vel sobre como se comportar a bordo. Tudo \u00e9 planejado para que voc\u00ea possa ir em frente sem se preocupar com sua experi\u00eancia anterior: venha apenas para relaxar e se divertir com total confian\u00e7a.<\/p>\n<h3>Recomenda\u00e7\u00f5es<\/h3>\n<p>Sugerimos que voc\u00ea traga:<\/p>\n<ul>\n<li>Toalha pr\u00f3pria.<\/li>\n<li>Roupas secas para vestir quando terminar.<\/li>\n<li>Sapatos ou sand\u00e1lias \u00e0 prova d'\u00e1gua.<\/li>\n<\/ul>\n<h3>Renda de trabalho aut\u00f4nomo<\/h3>\n<p>Se preferir ir em seu pr\u00f3prio ve\u00edculo, o ponto de encontro \u00e9 o <strong>Base Villegas<\/strong> localizado no <strong>Rota 83 Km 1.<\/strong> \u00c0s 13:40 hs, a caravana come\u00e7a a chegar ao nosso acampamento pr\u00f3ximo ao rio Villegas.<\/p>\n<h3>O que est\u00e1 inclu\u00eddo e o que n\u00e3o est\u00e1<\/h3>\n<ul>\n<li><strong>Ele inclui:<\/strong> Excurs\u00e3o de rafting com todo o equipamento necess\u00e1rio: roupa de mergulho, colete salva-vidas, jaqueta imperme\u00e1vel, botas de neoprene, remos e capacete de prote\u00e7\u00e3o.<\/li>\n<li><strong>N\u00e3o inclu\u00eddo:<\/strong> Traslados e alimenta\u00e7\u00e3o (como almo\u00e7o, caf\u00e9 da manh\u00e3 ou lanche).<\/li>\n<\/ul>\n<h3>Horas dispon\u00edveis<\/h3>\n<p>A caminhada come\u00e7a em <strong>13:00 e termina \u00e0s 18:30 hs aproximadamente.<\/strong>, dando a voc\u00ea uma tarde para viver ao m\u00e1ximo.<\/p>\n<h2>Perguntas frequentes<\/h2>\n<h3>Qual \u00e9 o procedimento se eu optar por n\u00e3o fazer a realoca\u00e7\u00e3o?<\/h3>\n<p data-pm-slice=\"1 1 []\">Se voc\u00ea optar pela alternativa sem traslado, ter\u00e1 de chegar diretamente \u00e0 nossa parada de rafting no <strong>Base de Villegas Ruta 83 Km 1. <a class=\"theme markdown__link\" href=\"https:\/\/maps.app.goo.gl\/NqbsUN6VB5Fnt7hVA\" target=\"_blank\" rel=\"noopener noreferrer\">https:\/\/maps.app.goo.gl\/NqbsUN6VB5Fnt7hVA <\/a><\/strong>este \u00e9 o link para a localiza\u00e7\u00e3o do parador.<\/p>\n<h3>Algu\u00e9m que n\u00e3o esteja envolvido com rafting pode participar?<\/h3>\n<p>N\u00e3o h\u00e1 problema: seus acompanhantes podem se juntar a voc\u00ea e s\u00f3 precisam pagar a taxa de <strong>50% do valor<\/strong> da excurs\u00e3o.<\/p>","protected":false},"excerpt":{"rendered":"<h2>Sinta o Rafting no Rio Manso<\/h2>\n<p>Passe um dia \u00fanico com nosso tranquilo rafting no Rio Manso, especialmente projetado para crian\u00e7as a partir de 5 anos de idade e grupos familiares. Experimente a serenidade e o ambiente natural remando em corredeiras de classe 1 e 2. Se decidir chegar por conta pr\u00f3pria, voc\u00ea nos encontrar\u00e1 na YPF-ACA. N\u00e3o perca essa experi\u00eancia!<\/p>","protected":false},"featured_media":236658,"comment_status":"open","ping_status":"closed","template":"","meta":[],"product_brand":[],"product_cat":[542,544,547,553,556,558,559,564],"product_tag":[],"class_list":{"0":"post-236401","1":"product","2":"type-product","3":"status-publish","4":"has-post-thumbnail","6":"product_cat-adultos","7":"product_cat-aventura","8":"product_cat-familia","9":"product_cat-ninos","10":"product_cat-primavera","11":"product_cat-sin-comida","12":"product_cat-sin-traslado","13":"product_cat-verano","15":"first","16":"instock","17":"virtual","18":"sold-individually","19":"purchasable","20":"product-type-booking"},"booking_location":"","booking_location_type":"","booking_duration":1,"booking_duration_unit":"hour","booking_buffer":0,"booking_cost":0,"booking_resources":[],"exclude_global_add_ons":false,"addons":[{"name":"ADU: Adulto","type":"input_multiplier","position":0,"required":false,"title_format":"label","default":"","description_enable":false,"description":"","placeholder_enable":false,"placeholder":"","display":"select","restrictions_type":"any_text","adjust_price":true,"price":"75000","price_type":"quantity_based","restrictions":false,"min":"0","max":"0","options":[],"id":1773079069},{"name":"EXTRA: acompanhante","type":"input_multiplier","position":1,"required":false,"title_format":"label","default":"","description_enable":false,"description":"","placeholder_enable":false,"placeholder":"","display":"select","restrictions_type":"any_text","adjust_price":true,"price":"37500","price_type":"quantity_based","restrictions":false,"min":"0","max":"0","options":[],"id":1773079070},{"name":"MEN512 | 5 a 12","type":"input_multiplier","position":2,"required":false,"title_format":"label","default":"","description_enable":false,"description":"","placeholder_enable":false,"placeholder":"","display":"select","restrictions_type":"any_text","adjust_price":true,"price":"75000","price_type":"quantity_based","restrictions":false,"min":"0","max":"0","options":[],"id":1773079071}],"yoast_head":"<!-- This site is optimized with the Yoast SEO Premium plugin v24.5 (Yoast SEO v24.8) - https:\/\/yoast.com\/wordpress\/plugins\/seo\/ -->\n<title>Rafting Light en el R\u00edo Manso sin Traslado | Rafting Patagonia en Bariloche<\/title>\n<meta name=\"description\" content=\"Viv\u00ed la experiencia de rafting en el R\u00edo Manso sin traslado desde Bariloche. Una aventura tranquila entre paisajes naturales \u00fanicos, ideal para familias.\" \/>\n<meta name=\"robots\" content=\"index, follow, max-snippet:-1, max-image-preview:large, max-video-preview:-1\" \/>\n<link rel=\"canonical\" href=\"https:\/\/raftingpatagonia.com\/pt\/produto\/rafting-leve-no-rio-manso-sem-traslado\/\" \/>\n<meta property=\"og:locale\" content=\"pt_BR\" \/>\n<meta property=\"og:type\" content=\"article\" \/>\n<meta property=\"og:title\" content=\"Rafting Light en el R\u00edo Manso sin Traslado\" \/>\n<meta property=\"og:description\" content=\"Viv\u00ed la experiencia de rafting en el R\u00edo Manso sin traslado desde Bariloche. Una aventura tranquila entre paisajes naturales \u00fanicos, ideal para familias.\" \/>\n<meta property=\"og:url\" content=\"https:\/\/raftingpatagonia.com\/pt\/produto\/rafting-leve-no-rio-manso-sem-traslado\/\" \/>\n<meta property=\"og:site_name\" content=\"Rafting Patagonia en Bariloche\" \/>\n<meta property=\"article:publisher\" content=\"https:\/\/www.facebook.com\/Rafting-4810-231662556864543\/\" \/>\n<meta property=\"article:modified_time\" content=\"2026-03-31T15:15:26+00:00\" \/>\n<meta property=\"og:image\" content=\"https:\/\/raftingpatagonia.com\/wp-content\/uploads\/2025\/08\/11-B-rafting-advnoenture.jpg\" \/>\n\t<meta property=\"og:image:width\" content=\"850\" \/>\n\t<meta property=\"og:image:height\" content=\"1133\" \/>\n\t<meta property=\"og:image:type\" content=\"image\/jpeg\" \/>\n<meta name=\"twitter:card\" content=\"summary_large_image\" \/>\n<meta name=\"twitter:label1\" content=\"Pre\u00e7o\" \/>\n\t<meta name=\"twitter:data1\" content=\"&#036;&nbsp;75.000,00\" \/>\n\t<meta name=\"twitter:label2\" content=\"Disponibilidade\" \/>\n\t<meta name=\"twitter:data2\" content=\"Em Estoque\" \/>\n<script type=\"application\/ld+json\" class=\"yoast-schema-graph\">{\"@context\":\"https:\/\/schema.org\",\"@graph\":[{\"@type\":[\"WebPage\",\"ItemPage\"],\"@id\":\"https:\/\/raftingpatagonia.com\/producto\/rafting-light-en-el-rio-manso-sin-traslado\",\"url\":\"https:\/\/raftingpatagonia.com\/producto\/rafting-light-en-el-rio-manso-sin-traslado\",\"name\":\"Rafting Light en el R\u00edo Manso sin Traslado | Rafting Patagonia en Bariloche\",\"isPartOf\":{\"@id\":\"https:\/\/raftingpatagonia.com\/#website\"},\"primaryImageOfPage\":{\"@id\":\"https:\/\/raftingpatagonia.com\/producto\/rafting-light-en-el-rio-manso-sin-traslado#primaryimage\"},\"image\":{\"@id\":\"https:\/\/raftingpatagonia.com\/producto\/rafting-light-en-el-rio-manso-sin-traslado#primaryimage\"},\"thumbnailUrl\":\"https:\/\/raftingpatagonia.com\/wp-content\/uploads\/2025\/08\/11-B-rafting-advnoenture.jpg\",\"datePublished\":\"2025-08-18T16:12:03+00:00\",\"dateModified\":\"2026-03-31T15:15:26+00:00\",\"description\":\"Viv\u00ed la experiencia de rafting en el R\u00edo Manso sin traslado desde Bariloche. Una aventura tranquila entre paisajes naturales \u00fanicos, ideal para familias.\",\"breadcrumb\":{\"@id\":\"https:\/\/raftingpatagonia.com\/producto\/rafting-light-en-el-rio-manso-sin-traslado#breadcrumb\"},\"inLanguage\":\"pt-BR\",\"potentialAction\":[{\"@type\":\"ReadAction\",\"target\":[\"https:\/\/raftingpatagonia.com\/producto\/rafting-light-en-el-rio-manso-sin-traslado\"]}]},{\"@type\":\"ImageObject\",\"inLanguage\":\"pt-BR\",\"@id\":\"https:\/\/raftingpatagonia.com\/producto\/rafting-light-en-el-rio-manso-sin-traslado#primaryimage\",\"url\":\"https:\/\/raftingpatagonia.com\/wp-content\/uploads\/2025\/08\/11-B-rafting-advnoenture.jpg\",\"contentUrl\":\"https:\/\/raftingpatagonia.com\/wp-content\/uploads\/2025\/08\/11-B-rafting-advnoenture.jpg\",\"width\":850,\"height\":1133},{\"@type\":\"BreadcrumbList\",\"@id\":\"https:\/\/raftingpatagonia.com\/producto\/rafting-light-en-el-rio-manso-sin-traslado#breadcrumb\",\"itemListElement\":[{\"@type\":\"ListItem\",\"position\":1,\"name\":\"Home\",\"item\":\"https:\/\/raftingpatagonia.com\/\"},{\"@type\":\"ListItem\",\"position\":2,\"name\":\"Shop\",\"item\":\"https:\/\/raftingpatagonia.com\/actividades\"},{\"@type\":\"ListItem\",\"position\":3,\"name\":\"Rafting Light en el R\u00edo Manso sin Traslado\"}]},{\"@type\":\"WebSite\",\"@id\":\"https:\/\/raftingpatagonia.com\/#website\",\"url\":\"https:\/\/raftingpatagonia.com\/\",\"name\":\"Rafting Patagonia en Bariloche\",\"description\":\"Rafting Patagonia en Bariloche\",\"potentialAction\":[{\"@type\":\"SearchAction\",\"target\":{\"@type\":\"EntryPoint\",\"urlTemplate\":\"https:\/\/raftingpatagonia.com\/?s={search_term_string}\"},\"query-input\":{\"@type\":\"PropertyValueSpecification\",\"valueRequired\":true,\"valueName\":\"search_term_string\"}}],\"inLanguage\":\"pt-BR\"}]}<\/script>\n<meta property=\"product:price:amount\" content=\"75000.00\" \/>\n<meta property=\"product:price:currency\" content=\"ARS\" \/>\n<meta property=\"og:availability\" content=\"instock\" \/>\n<meta property=\"product:availability\" content=\"instock\" \/>\n<meta property=\"product:retailer_item_id\" content=\"ADV2025RALIENTUFA\" \/>\n<meta property=\"product:condition\" content=\"new\" \/>\n<!-- \/ Yoast SEO Premium plugin. -->","yoast_head_json":{"title":"Rafting Rafting leve no rio Manso sem traslado | Patag\u00f4nia Rafting em Bariloche","description":"Experimente o rafting no Rio Manso sem traslado de Bariloche. Uma aventura tranquila em meio a paisagens naturais \u00fanicas, ideal para fam\u00edlias.","robots":{"index":"index","follow":"follow","max-snippet":"max-snippet:-1","max-image-preview":"max-image-preview:large","max-video-preview":"max-video-preview:-1"},"canonical":"https:\/\/raftingpatagonia.com\/pt\/produto\/rafting-leve-no-rio-manso-sem-traslado\/","og_locale":"pt_BR","og_type":"article","og_title":"Rafting Light en el R\u00edo Manso sin Traslado","og_description":"Viv\u00ed la experiencia de rafting en el R\u00edo Manso sin traslado desde Bariloche. Una aventura tranquila entre paisajes naturales \u00fanicos, ideal para familias.","og_url":"https:\/\/raftingpatagonia.com\/pt\/produto\/rafting-leve-no-rio-manso-sem-traslado\/","og_site_name":"Rafting Patagonia en Bariloche","article_publisher":"https:\/\/www.facebook.com\/Rafting-4810-231662556864543\/","article_modified_time":"2026-03-31T15:15:26+00:00","og_image":[{"width":850,"height":1133,"url":"https:\/\/raftingpatagonia.com\/wp-content\/uploads\/2025\/08\/11-B-rafting-advnoenture.jpg","type":"image\/jpeg"}],"twitter_card":"summary_large_image","twitter_misc":{"Pre\u00e7o":"&#36;&nbsp;75.000,00","Disponibilidade":"Em Estoque"},"schema":{"@context":"https:\/\/schema.org","@graph":[{"@type":["WebPage","ItemPage"],"@id":"https:\/\/raftingpatagonia.com\/producto\/rafting-light-en-el-rio-manso-sin-traslado","url":"https:\/\/raftingpatagonia.com\/producto\/rafting-light-en-el-rio-manso-sin-traslado","name":"Rafting Rafting leve no rio Manso sem traslado | Patag\u00f4nia Rafting em Bariloche","isPartOf":{"@id":"https:\/\/raftingpatagonia.com\/#website"},"primaryImageOfPage":{"@id":"https:\/\/raftingpatagonia.com\/producto\/rafting-light-en-el-rio-manso-sin-traslado#primaryimage"},"image":{"@id":"https:\/\/raftingpatagonia.com\/producto\/rafting-light-en-el-rio-manso-sin-traslado#primaryimage"},"thumbnailUrl":"https:\/\/raftingpatagonia.com\/wp-content\/uploads\/2025\/08\/11-B-rafting-advnoenture.jpg","datePublished":"2025-08-18T16:12:03+00:00","dateModified":"2026-03-31T15:15:26+00:00","description":"Experimente o rafting no Rio Manso sem traslado de Bariloche. Uma aventura tranquila em meio a paisagens naturais \u00fanicas, ideal para fam\u00edlias.","breadcrumb":{"@id":"https:\/\/raftingpatagonia.com\/producto\/rafting-light-en-el-rio-manso-sin-traslado#breadcrumb"},"inLanguage":"pt-BR","potentialAction":[{"@type":"ReadAction","target":["https:\/\/raftingpatagonia.com\/producto\/rafting-light-en-el-rio-manso-sin-traslado"]}]},{"@type":"ImageObject","inLanguage":"pt-BR","@id":"https:\/\/raftingpatagonia.com\/producto\/rafting-light-en-el-rio-manso-sin-traslado#primaryimage","url":"https:\/\/raftingpatagonia.com\/wp-content\/uploads\/2025\/08\/11-B-rafting-advnoenture.jpg","contentUrl":"https:\/\/raftingpatagonia.com\/wp-content\/uploads\/2025\/08\/11-B-rafting-advnoenture.jpg","width":850,"height":1133},{"@type":"BreadcrumbList","@id":"https:\/\/raftingpatagonia.com\/producto\/rafting-light-en-el-rio-manso-sin-traslado#breadcrumb","itemListElement":[{"@type":"ListItem","position":1,"name":"Home","item":"https:\/\/raftingpatagonia.com\/"},{"@type":"ListItem","position":2,"name":"Shop","item":"https:\/\/raftingpatagonia.com\/actividades"},{"@type":"ListItem","position":3,"name":"Rafting Light en el R\u00edo Manso sin Traslado"}]},{"@type":"WebSite","@id":"https:\/\/raftingpatagonia.com\/#website","url":"https:\/\/raftingpatagonia.com\/","name":"Rafting na Patag\u00f4nia em Bariloche","description":"Rafting na Patag\u00f4nia em Bariloche","potentialAction":[{"@type":"SearchAction","target":{"@type":"EntryPoint","urlTemplate":"https:\/\/raftingpatagonia.com\/?s={search_term_string}"},"query-input":{"@type":"PropertyValueSpecification","valueRequired":true,"valueName":"search_term_string"}}],"inLanguage":"pt-BR"}]},"product_price_amount":"75000.00","product_price_currency":"ARS","og_availability":"instock","product_availability":"instock","product_retailer_item_id":"ADV2025RALIENTUFA","product_condition":"new"},"_links":{"self":[{"href":"https:\/\/raftingpatagonia.com\/pt\/wp-json\/wp\/v2\/product\/236401","targetHints":{"allow":["GET"]}}],"collection":[{"href":"https:\/\/raftingpatagonia.com\/pt\/wp-json\/wp\/v2\/product"}],"about":[{"href":"https:\/\/raftingpatagonia.com\/pt\/wp-json\/wp\/v2\/types\/product"}],"replies":[{"embeddable":true,"href":"https:\/\/raftingpatagonia.com\/pt\/wp-json\/wp\/v2\/comments?post=236401"}],"wp:featuredmedia":[{"embeddable":true,"href":"https:\/\/raftingpatagonia.com\/pt\/wp-json\/wp\/v2\/media\/236658"}],"wp:attachment":[{"href":"https:\/\/raftingpatagonia.com\/pt\/wp-json\/wp\/v2\/media?parent=236401"}],"wp:term":[{"taxonomy":"product_brand","embeddable":true,"href":"https:\/\/raftingpatagonia.com\/pt\/wp-json\/wp\/v2\/product_brand?post=236401"},{"taxonomy":"product_cat","embeddable":true,"href":"https:\/\/raftingpatagonia.com\/pt\/wp-json\/wp\/v2\/product_cat?post=236401"},{"taxonomy":"product_tag","embeddable":true,"href":"https:\/\/raftingpatagonia.com\/pt\/wp-json\/wp\/v2\/product_tag?post=236401"}],"curies":[{"name":"wp","href":"https:\/\/api.w.org\/{rel}","templated":true}]}}