{"id":236399,"date":"2025-08-18T13:11:01","date_gmt":"2025-08-18T16:11:01","guid":{"rendered":"https:\/\/raftingpatagonia.com\/producto\/circuito-chico-y-cerro-campanario-explora-bariloche-como-nunca-antes"},"modified":"2026-03-31T12:15:27","modified_gmt":"2026-03-31T15:15:27","slug":"circuito-chico-cerro-campanario","status":"publish","type":"product","link":"https:\/\/raftingpatagonia.com\/pt\/produto\/cerro-campanario-small-circuit","title":{"rendered":"Circuito Chico e Cerro Campanario: explore Bariloche como nunca antes"},"content":{"rendered":"<h3 data-start=\"417\" data-end=\"500\"><strong data-start=\"421\" data-end=\"500\">Paisagens inesquec\u00edveis, trilhas emblem\u00e1ticas e cen\u00e1rios que emocionam \u00e0 primeira vista.<\/strong><\/h3>\n<p data-start=\"502\" data-end=\"756\">Em apenas meio dia, descubra os cantos mais caracter\u00edsticos de Bariloche com este circuito projetado para aqueles que procuram conectar natureza, cultura e vistas de tirar o f\u00f4lego. Os <strong data-start=\"677\" data-end=\"695\">Circuito pequeno<\/strong> \u00e9 o passeio essencial para come\u00e7ar sua experi\u00eancia na cidade.<\/p>\n<p data-start=\"758\" data-end=\"1088\">O passeio come\u00e7a no centro da cidade e vai at\u00e9 o km 8 da Avenida Bustillo ou Avenida Pioneros. Durante o passeio, voc\u00ea deslizar\u00e1 ao longo da <strong data-start=\"910\" data-end=\"931\">Lago Nahuel Huapi<\/strong>, admirar o majestoso <strong data-start=\"957\" data-end=\"976\">Hotel Llao Llao<\/strong>, o ic\u00f4nico <strong data-start=\"993\" data-end=\"1016\">Capela de S\u00e3o Eduardo<\/strong> e o <strong data-start=\"1022\" data-end=\"1040\">Puerto Pa\u00f1uelo<\/strong>, \u00c9 famosa por ser o ponto de partida para excurs\u00f5es ao lago.<\/p>\n<p data-start=\"1090\" data-end=\"1241\">Al\u00e9m disso, voc\u00ea visitar\u00e1 lugares como <strong data-start=\"1125\" data-end=\"1140\">Vila Tacul<\/strong>, o <strong data-start=\"1145\" data-end=\"1163\">Lago escondido<\/strong> e o <strong data-start=\"1169\" data-end=\"1184\">Cerro L\u00f3pez<\/strong>, fazendo paradas importantes para tirar fotos e apreciar o ambiente natural.<\/p>\n<p data-start=\"1243\" data-end=\"1484\">O toque final est\u00e1 no <strong data-start=\"1272\" data-end=\"1292\">Cerro Campanario<\/strong>, Voc\u00ea pode pegar um telef\u00e9rico at\u00e9 um mirante que \u00e9 considerado um dos mais bonitos do planeta. Daquela altura, as paisagens abertas de colinas, lagos e vales s\u00e3o um cart\u00e3o postal que voc\u00ea nunca esquecer\u00e1.<\/p>\n<p data-start=\"1486\" data-end=\"1665\">O passeio \u00e9 realizado das 8h30min \u00e0s 12h30min ou das 14h30min \u00e0s 19h00min. Inclui traslado e guia profissional em espanhol (solicite um guia bil\u00edngue). O ingresso para o telef\u00e9rico e a alimenta\u00e7\u00e3o n\u00e3o est\u00e3o inclu\u00eddos.<\/p>\n<h3 data-start=\"1672\" data-end=\"1700\"><strong data-start=\"1676\" data-end=\"1700\">Perguntas frequentes<\/strong><\/h3>\n<p data-start=\"1702\" data-end=\"1844\"><strong data-start=\"1702\" data-end=\"1746\">Essa excurs\u00e3o pode ser combinada com outra excurs\u00e3o?<\/strong><br data-start=\"1746\" data-end=\"1749\" \/>Sim, \u00e9 perfeito para aproveitar e adicionar uma viagem \u00e0 tarde para o <strong data-start=\"1787\" data-end=\"1805\">Cerro Catedral<\/strong> ou para o <strong data-start=\"1813\" data-end=\"1830\">Ilha Victoria<\/strong>.<\/p>\n<p data-start=\"1846\" data-end=\"1951\"><strong data-start=\"1846\" data-end=\"1878\">O passeio de telef\u00e9rico est\u00e1 inclu\u00eddo?<\/strong><br data-start=\"1878\" data-end=\"1881\" \/>N\u00e3o, a subida ao Cerro Campanario \u00e9 opcional e deve ser paga no destino.<\/p>\n<p data-start=\"1953\" data-end=\"2056\"><strong data-start=\"1953\" data-end=\"1986\">\u00c9 poss\u00edvel entrar no Llao Llao Llao Hotel?<\/strong><br data-start=\"1986\" data-end=\"1989\" \/>N\u00e3o. O cal\u00e7ad\u00e3o contempla a vista de fora e seu entorno natural.<\/p>\n<p data-start=\"2058\" data-end=\"2192\"><strong data-start=\"2058\" data-end=\"2082\">O esfor\u00e7o f\u00edsico \u00e9 necess\u00e1rio?<\/strong><br data-start=\"2082\" data-end=\"2085\" \/>N\u00e3o, \u00e9 um passeio leve. Acess\u00edvel para qualquer idade e altamente recomendado se for sua primeira vez em Bariloche.<\/p>","protected":false},"excerpt":{"rendered":"<p>Explore Bariloche fazendo o Circuito Chico e escalando o Cerro Campanario. Passeie pela pitoresca Avenida Bustillo, veja o emblem\u00e1tico Hotel Llao Llao Llao e suba o Cerro Campanario para ter uma vista panor\u00e2mica \u00fanica. Uma caminhada que combina paisagens, bem-estar e experi\u00eancias inesquec\u00edveis.<\/p>","protected":false},"featured_media":236654,"comment_status":"open","ping_status":"closed","template":"","meta":[],"product_brand":[],"product_cat":[542,546,547,553,558,561,563],"product_tag":[],"class_list":{"0":"post-236399","1":"product","2":"type-product","3":"status-publish","4":"has-post-thumbnail","6":"product_cat-adultos","7":"product_cat-con-traslado","8":"product_cat-familia","9":"product_cat-ninos","10":"product_cat-sin-comida","11":"product_cat-terrestre","12":"product_cat-todo-el-ano","14":"first","15":"instock","16":"virtual","17":"sold-individually","18":"purchasable","19":"product-type-booking"},"booking_location":"","booking_location_type":"","booking_duration":1,"booking_duration_unit":"hour","booking_buffer":0,"booking_cost":0,"booking_resources":[],"exclude_global_add_ons":false,"addons":[{"name":"STD: Passageiros","type":"input_multiplier","position":0,"required":false,"title_format":"label","default":"","description_enable":false,"description":"","placeholder_enable":false,"placeholder":"","display":"select","restrictions_type":"any_text","adjust_price":true,"price":"23400","price_type":"flat_fee","restrictions":false,"min":"0","max":"0","options":[],"id":1773236982}],"yoast_head":"<!-- This site is optimized with the Yoast SEO Premium plugin v24.5 (Yoast SEO v24.8) - https:\/\/yoast.com\/wordpress\/plugins\/seo\/ -->\n<title>Circuito Chico y Cerro Campanario: explor\u00e1 Bariloche como nunca antes | Rafting Patagonia en Bariloche<\/title>\n<meta name=\"robots\" content=\"index, follow, max-snippet:-1, max-image-preview:large, max-video-preview:-1\" \/>\n<link rel=\"canonical\" href=\"https:\/\/raftingpatagonia.com\/pt\/produto\/cerro-campanario-small-circuit\/\" \/>\n<meta property=\"og:locale\" content=\"pt_BR\" \/>\n<meta property=\"og:type\" content=\"article\" \/>\n<meta property=\"og:title\" content=\"Circuito Chico y Cerro Campanario: explor\u00e1 Bariloche como nunca antes\" \/>\n<meta property=\"og:description\" content=\"Explore Bariloche realizando el Circuito Chico y subiendo al Cerro Campanario. Pasee por la pintoresca Avenida Bustillo, contemple el emblem\u00e1tico Hotel Llao Llao y ascienda al Cerro Campanario para disfrutar de una panor\u00e1mica \u00fanica. Un paseo que combina paisajes, bienestar y experiencias inolvidables.\" \/>\n<meta property=\"og:url\" content=\"https:\/\/raftingpatagonia.com\/pt\/produto\/cerro-campanario-small-circuit\/\" \/>\n<meta property=\"og:site_name\" content=\"Rafting Patagonia en Bariloche\" \/>\n<meta property=\"article:publisher\" content=\"https:\/\/www.facebook.com\/Rafting-4810-231662556864543\/\" \/>\n<meta property=\"article:modified_time\" content=\"2026-03-31T15:15:27+00:00\" \/>\n<meta property=\"og:image\" content=\"https:\/\/raftingpatagonia.com\/wp-content\/uploads\/2025\/08\/11-B-DSC_0067.jpg\" \/>\n\t<meta property=\"og:image:width\" content=\"850\" \/>\n\t<meta property=\"og:image:height\" content=\"1133\" \/>\n\t<meta property=\"og:image:type\" content=\"image\/jpeg\" \/>\n<meta name=\"twitter:card\" content=\"summary_large_image\" \/>\n<meta name=\"twitter:label1\" content=\"Pre\u00e7o\" \/>\n\t<meta name=\"twitter:data1\" content=\"&#036;&nbsp;23.400,00\" \/>\n\t<meta name=\"twitter:label2\" content=\"Disponibilidade\" \/>\n\t<meta name=\"twitter:data2\" content=\"Em Estoque\" \/>\n<script type=\"application\/ld+json\" class=\"yoast-schema-graph\">{\"@context\":\"https:\/\/schema.org\",\"@graph\":[{\"@type\":[\"WebPage\",\"ItemPage\"],\"@id\":\"https:\/\/raftingpatagonia.com\/producto\/circuito-chico-cerro-campanario\",\"url\":\"https:\/\/raftingpatagonia.com\/producto\/circuito-chico-cerro-campanario\",\"name\":\"Circuito Chico y Cerro Campanario: explor\u00e1 Bariloche como nunca antes | Rafting Patagonia en Bariloche\",\"isPartOf\":{\"@id\":\"https:\/\/raftingpatagonia.com\/#website\"},\"primaryImageOfPage\":{\"@id\":\"https:\/\/raftingpatagonia.com\/producto\/circuito-chico-cerro-campanario#primaryimage\"},\"image\":{\"@id\":\"https:\/\/raftingpatagonia.com\/producto\/circuito-chico-cerro-campanario#primaryimage\"},\"thumbnailUrl\":\"https:\/\/raftingpatagonia.com\/wp-content\/uploads\/2025\/08\/11-B-DSC_0067.jpg\",\"datePublished\":\"2025-08-18T16:11:01+00:00\",\"dateModified\":\"2026-03-31T15:15:27+00:00\",\"breadcrumb\":{\"@id\":\"https:\/\/raftingpatagonia.com\/producto\/circuito-chico-cerro-campanario#breadcrumb\"},\"inLanguage\":\"pt-BR\",\"potentialAction\":[{\"@type\":\"ReadAction\",\"target\":[\"https:\/\/raftingpatagonia.com\/producto\/circuito-chico-cerro-campanario\"]}]},{\"@type\":\"ImageObject\",\"inLanguage\":\"pt-BR\",\"@id\":\"https:\/\/raftingpatagonia.com\/producto\/circuito-chico-cerro-campanario#primaryimage\",\"url\":\"https:\/\/raftingpatagonia.com\/wp-content\/uploads\/2025\/08\/11-B-DSC_0067.jpg\",\"contentUrl\":\"https:\/\/raftingpatagonia.com\/wp-content\/uploads\/2025\/08\/11-B-DSC_0067.jpg\",\"width\":850,\"height\":1133},{\"@type\":\"BreadcrumbList\",\"@id\":\"https:\/\/raftingpatagonia.com\/producto\/circuito-chico-cerro-campanario#breadcrumb\",\"itemListElement\":[{\"@type\":\"ListItem\",\"position\":1,\"name\":\"Home\",\"item\":\"https:\/\/raftingpatagonia.com\/\"},{\"@type\":\"ListItem\",\"position\":2,\"name\":\"Shop\",\"item\":\"https:\/\/raftingpatagonia.com\/actividades\"},{\"@type\":\"ListItem\",\"position\":3,\"name\":\"Circuito Chico y Cerro Campanario: explor\u00e1 Bariloche como nunca antes\"}]},{\"@type\":\"WebSite\",\"@id\":\"https:\/\/raftingpatagonia.com\/#website\",\"url\":\"https:\/\/raftingpatagonia.com\/\",\"name\":\"Rafting Patagonia en Bariloche\",\"description\":\"Rafting Patagonia en Bariloche\",\"potentialAction\":[{\"@type\":\"SearchAction\",\"target\":{\"@type\":\"EntryPoint\",\"urlTemplate\":\"https:\/\/raftingpatagonia.com\/?s={search_term_string}\"},\"query-input\":{\"@type\":\"PropertyValueSpecification\",\"valueRequired\":true,\"valueName\":\"search_term_string\"}}],\"inLanguage\":\"pt-BR\"}]}<\/script>\n<meta property=\"product:price:amount\" content=\"23400.00\" \/>\n<meta property=\"product:price:currency\" content=\"ARS\" \/>\n<meta property=\"og:availability\" content=\"instock\" \/>\n<meta property=\"product:availability\" content=\"instock\" \/>\n<meta property=\"product:retailer_item_id\" content=\"ADV2025CICHYC1KOR\" \/>\n<meta property=\"product:condition\" content=\"new\" \/>\n<!-- \/ Yoast SEO Premium plugin. -->","yoast_head_json":{"title":"Circuito Chico e Cerro Campanario: explore Bariloche como nunca antes | Rafting Patag\u00f4nia em Bariloche","robots":{"index":"index","follow":"follow","max-snippet":"max-snippet:-1","max-image-preview":"max-image-preview:large","max-video-preview":"max-video-preview:-1"},"canonical":"https:\/\/raftingpatagonia.com\/pt\/produto\/cerro-campanario-small-circuit\/","og_locale":"pt_BR","og_type":"article","og_title":"Circuito Chico y Cerro Campanario: explor\u00e1 Bariloche como nunca antes","og_description":"Explore Bariloche realizando el Circuito Chico y subiendo al Cerro Campanario. Pasee por la pintoresca Avenida Bustillo, contemple el emblem\u00e1tico Hotel Llao Llao y ascienda al Cerro Campanario para disfrutar de una panor\u00e1mica \u00fanica. Un paseo que combina paisajes, bienestar y experiencias inolvidables.","og_url":"https:\/\/raftingpatagonia.com\/pt\/produto\/cerro-campanario-small-circuit\/","og_site_name":"Rafting Patagonia en Bariloche","article_publisher":"https:\/\/www.facebook.com\/Rafting-4810-231662556864543\/","article_modified_time":"2026-03-31T15:15:27+00:00","og_image":[{"width":850,"height":1133,"url":"https:\/\/raftingpatagonia.com\/wp-content\/uploads\/2025\/08\/11-B-DSC_0067.jpg","type":"image\/jpeg"}],"twitter_card":"summary_large_image","twitter_misc":{"Pre\u00e7o":"&#36;&nbsp;23.400,00","Disponibilidade":"Em Estoque"},"schema":{"@context":"https:\/\/schema.org","@graph":[{"@type":["WebPage","ItemPage"],"@id":"https:\/\/raftingpatagonia.com\/producto\/circuito-chico-cerro-campanario","url":"https:\/\/raftingpatagonia.com\/producto\/circuito-chico-cerro-campanario","name":"Circuito Chico e Cerro Campanario: explore Bariloche como nunca antes | Rafting Patag\u00f4nia em Bariloche","isPartOf":{"@id":"https:\/\/raftingpatagonia.com\/#website"},"primaryImageOfPage":{"@id":"https:\/\/raftingpatagonia.com\/producto\/circuito-chico-cerro-campanario#primaryimage"},"image":{"@id":"https:\/\/raftingpatagonia.com\/producto\/circuito-chico-cerro-campanario#primaryimage"},"thumbnailUrl":"https:\/\/raftingpatagonia.com\/wp-content\/uploads\/2025\/08\/11-B-DSC_0067.jpg","datePublished":"2025-08-18T16:11:01+00:00","dateModified":"2026-03-31T15:15:27+00:00","breadcrumb":{"@id":"https:\/\/raftingpatagonia.com\/producto\/circuito-chico-cerro-campanario#breadcrumb"},"inLanguage":"pt-BR","potentialAction":[{"@type":"ReadAction","target":["https:\/\/raftingpatagonia.com\/producto\/circuito-chico-cerro-campanario"]}]},{"@type":"ImageObject","inLanguage":"pt-BR","@id":"https:\/\/raftingpatagonia.com\/producto\/circuito-chico-cerro-campanario#primaryimage","url":"https:\/\/raftingpatagonia.com\/wp-content\/uploads\/2025\/08\/11-B-DSC_0067.jpg","contentUrl":"https:\/\/raftingpatagonia.com\/wp-content\/uploads\/2025\/08\/11-B-DSC_0067.jpg","width":850,"height":1133},{"@type":"BreadcrumbList","@id":"https:\/\/raftingpatagonia.com\/producto\/circuito-chico-cerro-campanario#breadcrumb","itemListElement":[{"@type":"ListItem","position":1,"name":"Home","item":"https:\/\/raftingpatagonia.com\/"},{"@type":"ListItem","position":2,"name":"Shop","item":"https:\/\/raftingpatagonia.com\/actividades"},{"@type":"ListItem","position":3,"name":"Circuito Chico y Cerro Campanario: explor\u00e1 Bariloche como nunca antes"}]},{"@type":"WebSite","@id":"https:\/\/raftingpatagonia.com\/#website","url":"https:\/\/raftingpatagonia.com\/","name":"Rafting na Patag\u00f4nia em Bariloche","description":"Rafting na Patag\u00f4nia em Bariloche","potentialAction":[{"@type":"SearchAction","target":{"@type":"EntryPoint","urlTemplate":"https:\/\/raftingpatagonia.com\/?s={search_term_string}"},"query-input":{"@type":"PropertyValueSpecification","valueRequired":true,"valueName":"search_term_string"}}],"inLanguage":"pt-BR"}]},"product_price_amount":"23400.00","product_price_currency":"ARS","og_availability":"instock","product_availability":"instock","product_retailer_item_id":"ADV2025CICHYC1KOR","product_condition":"new"},"_links":{"self":[{"href":"https:\/\/raftingpatagonia.com\/pt\/wp-json\/wp\/v2\/product\/236399","targetHints":{"allow":["GET"]}}],"collection":[{"href":"https:\/\/raftingpatagonia.com\/pt\/wp-json\/wp\/v2\/product"}],"about":[{"href":"https:\/\/raftingpatagonia.com\/pt\/wp-json\/wp\/v2\/types\/product"}],"replies":[{"embeddable":true,"href":"https:\/\/raftingpatagonia.com\/pt\/wp-json\/wp\/v2\/comments?post=236399"}],"wp:featuredmedia":[{"embeddable":true,"href":"https:\/\/raftingpatagonia.com\/pt\/wp-json\/wp\/v2\/media\/236654"}],"wp:attachment":[{"href":"https:\/\/raftingpatagonia.com\/pt\/wp-json\/wp\/v2\/media?parent=236399"}],"wp:term":[{"taxonomy":"product_brand","embeddable":true,"href":"https:\/\/raftingpatagonia.com\/pt\/wp-json\/wp\/v2\/product_brand?post=236399"},{"taxonomy":"product_cat","embeddable":true,"href":"https:\/\/raftingpatagonia.com\/pt\/wp-json\/wp\/v2\/product_cat?post=236399"},{"taxonomy":"product_tag","embeddable":true,"href":"https:\/\/raftingpatagonia.com\/pt\/wp-json\/wp\/v2\/product_tag?post=236399"}],"curies":[{"name":"wp","href":"https:\/\/api.w.org\/{rel}","templated":true}]}}