{"id":236398,"date":"2025-08-18T13:10:25","date_gmt":"2025-08-18T16:10:25","guid":{"rendered":"https:\/\/raftingpatagonia.com\/producto\/san-martin-de-los-andes-por-los-7-lagos-naturaleza-miradores-y-postales-unicas-de-la-patagonia"},"modified":"2026-03-31T12:15:26","modified_gmt":"2026-03-31T15:15:26","slug":"san-martin-de-los-andes-por-7-lagos","status":"publish","type":"product","link":"https:\/\/raftingpatagonia.com\/pt\/produto\/san-martin-de-los-andes-por-7-lagos","title":{"rendered":"San Mart\u00edn de los Andes pelos 7 lagos: natureza, pontos de vista e cart\u00f5es postais \u00fanicos da Patag\u00f4nia"},"content":{"rendered":"<h2>Descubra o charme da viagem a San Mart\u00edn de los Andes<\/h2>\n<p>Venha viver uma aventura inesquec\u00edvel, come\u00e7ando em Bariloche e percorrendo a maravilhosa estrada at\u00e9 a encantadora San Martin de los Andes. Dirija pela ic\u00f4nica <strong>Rota Nacional 40<\/strong> e deixe-se surpreender por cart\u00f5es postais que o emocionar\u00e3o: da m\u00e1gica vila de <strong>Dina Huapi<\/strong>, do outro lado do rio <strong>Limay<\/strong>, na imensid\u00e3o do <strong>Parque Nacional Nahuel Huapi<\/strong>.<\/p>\n<h3>Um espet\u00e1culo da natureza a n\u00e3o perder<\/h3>\n<p>Em seu passeio, voc\u00ea encontrar\u00e1 vistas panor\u00e2micas exclusivas da <strong>lagos Espejo, Correntoso, Escondido, Villarino, Falkner, Mach\u00f4nico<\/strong> e o exclusivo <strong>Lago L\u00e1car<\/strong>, cora\u00e7\u00e3o do <strong>Parque Nacional Lan\u00edn<\/strong>. Em cada parada, senti a energia da Patag\u00f4nia e acrescentei lembran\u00e7as imposs\u00edveis de esquecer.<\/p>\n<h3>O cora\u00e7\u00e3o de San Mart\u00edn de los Andes<\/h3>\n<p>Ao chegar a San Martin de los Andes, voc\u00ea descobrir\u00e1 uma cidade \u00fanica, cercada por colinas imponentes e \u00e1guas cristalinas. Caminhe por suas ruas de contos de fadas, visite as lojas de artesanato e fa\u00e7a uma pausa em um caf\u00e9 com uma x\u00edcara de caf\u00e9 ou uma ta\u00e7a de vinho. <strong>vista incr\u00edvel<\/strong> at\u00e9 o Lago L\u00e1car.<\/p>\n<h3>Informa\u00e7\u00f5es sobre a turn\u00ea<\/h3>\n<ul>\n<li><strong>Rota:<\/strong> Passeio guiado pela regi\u00e3o, visitando Villa La Angostura e a Rota dos 7 lagos.<\/li>\n<li><strong>Hor\u00e1rio:<\/strong> Das 8:00 horas at\u00e9 aproximadamente 18:30 horas.<\/li>\n<li><strong>Ele inclui:<\/strong> Traslados e guia em espanhol (op\u00e7\u00e3o bil\u00edngue com custo adicional).<\/li>\n<li><strong>N\u00e3o inclu\u00eddo:<\/strong> Refei\u00e7\u00f5es (h\u00e1 lugares para almo\u00e7ar ao longo da rota).<\/li>\n<\/ul>\n<p>Venha agora para essa experi\u00eancia \u00fanica e sinta a Patag\u00f4nia em sua m\u00e1xima autenticidade.<\/p>\n<h2>Perguntas frequentes<\/h2>\n<ul>\n<li><strong>O que acontece se chover ou nevar no dia da caminhada?<\/strong><br \/>\nO passeio \u00e9 realizado sob chuva ou neve, pois esses s\u00e3o climas comuns na regi\u00e3o da Patag\u00f4nia.<\/li>\n<li><strong>A navega\u00e7\u00e3o nos lagos est\u00e1 inclu\u00edda?<\/strong><br \/>\nN\u00e3o, a excurs\u00e3o \u00e9 feita em micro\u00f4nibus, com paradas para tirar fotos e visitar San Mart\u00edn de los Andes e Villa La Angostura.<\/li>\n<li><strong>H\u00e1 alguma parada durante a excurs\u00e3o?<\/strong><br \/>\nSim, h\u00e1 diferentes paradas planejadas e uma parada principal ao meio-dia em San Mart\u00edn de los Andes para almo\u00e7o e um passeio tranquilo.<\/li>\n<li><strong>\u00c9 poss\u00edvel ir parar em outra cidade?<\/strong><br \/>\nSim, voc\u00ea pode optar por descer em Villa La Angostura ou San Martin de los Andes, levando sua bagagem com voc\u00ea.<\/li>\n<li><strong>Posso voltar outro dia?<\/strong><br \/>\nA excurs\u00e3o \u00e9 de um dia. Se voc\u00ea quiser ficar mais tempo, ter\u00e1 que organizar e pagar pela viagem de volta separadamente.<\/li>\n<\/ul>","protected":false},"excerpt":{"rendered":"<h2>Uma aventura \u00fanica espera por voc\u00ea<\/h2>\n<p>Deixe-se deslumbrar pelo ambiente natural ao percorrer o <strong>Rota dos 7 lagos<\/strong> rumo a San Mart\u00edn de los Andes. Descubra vistas de tirar o f\u00f4lego e explore uma cidade cativante emoldurada por paisagens \u00fanicas. Reserve seu lugar e aproveite essa experi\u00eancia imperd\u00edvel!<\/p>","protected":false},"featured_media":236652,"comment_status":"open","ping_status":"closed","template":"","meta":[],"product_brand":[],"product_cat":[542,546,547,553,558,561,563],"product_tag":[],"class_list":{"0":"post-236398","1":"product","2":"type-product","3":"status-publish","4":"has-post-thumbnail","6":"product_cat-adultos","7":"product_cat-con-traslado","8":"product_cat-familia","9":"product_cat-ninos","10":"product_cat-sin-comida","11":"product_cat-terrestre","12":"product_cat-todo-el-ano","14":"first","15":"instock","16":"virtual","17":"sold-individually","18":"purchasable","19":"product-type-booking"},"booking_location":"","booking_location_type":"","booking_duration":1,"booking_duration_unit":"hour","booking_buffer":0,"booking_cost":0,"booking_resources":[],"exclude_global_add_ons":false,"addons":[{"name":"STD: Passageiros","type":"input_multiplier","position":0,"required":false,"title_format":"label","default":"","description_enable":false,"description":"","placeholder_enable":false,"placeholder":"","display":"select","restrictions_type":"any_text","adjust_price":true,"price":"71400","price_type":"flat_fee","restrictions":false,"min":"0","max":"0","options":[],"id":1773237111}],"yoast_head":"<!-- This site is optimized with the Yoast SEO Premium plugin v24.5 (Yoast SEO v24.8) - https:\/\/yoast.com\/wordpress\/plugins\/seo\/ -->\n<title>San Mart\u00edn de los Andes por los 7 Lagos: Naturaleza, Miradores y Postales \u00danicas de la Patagonia | Rafting Patagonia en Bariloche<\/title>\n<meta name=\"robots\" content=\"index, follow, max-snippet:-1, max-image-preview:large, max-video-preview:-1\" \/>\n<link rel=\"canonical\" href=\"https:\/\/raftingpatagonia.com\/pt\/produto\/san-martin-de-los-andes-por-7-lagos\/\" \/>\n<meta property=\"og:locale\" content=\"pt_BR\" \/>\n<meta property=\"og:type\" content=\"article\" \/>\n<meta property=\"og:title\" content=\"San Mart\u00edn de los Andes por los 7 Lagos: Naturaleza, Miradores y Postales \u00danicas de la Patagonia\" \/>\n<meta property=\"og:description\" content=\"Una aventura inigualable te aguarda Permit\u00ed que el entorno natural te deslumbre mientras transit\u00e1s la Ruta de los 7 Lagos rumbo a San Mart\u00edn de los Andes. Descubr\u00ed vistas imponentes y recorr\u00e9 una ciudad cautivante enmarcada por paisajes \u00fanicos. \u00a1Reserv\u00e1 tu lugar y disfrut\u00e1 de esta vivencia imperdible!\" \/>\n<meta property=\"og:url\" content=\"https:\/\/raftingpatagonia.com\/pt\/produto\/san-martin-de-los-andes-por-7-lagos\/\" \/>\n<meta property=\"og:site_name\" content=\"Rafting Patagonia en Bariloche\" \/>\n<meta property=\"article:publisher\" content=\"https:\/\/www.facebook.com\/Rafting-4810-231662556864543\/\" \/>\n<meta property=\"article:modified_time\" content=\"2026-03-31T15:15:26+00:00\" \/>\n<meta property=\"og:image\" content=\"https:\/\/raftingpatagonia.com\/wp-content\/uploads\/2025\/08\/11-B-IMG_2679.jpg\" \/>\n\t<meta property=\"og:image:width\" content=\"850\" \/>\n\t<meta property=\"og:image:height\" content=\"1133\" \/>\n\t<meta property=\"og:image:type\" content=\"image\/jpeg\" \/>\n<meta name=\"twitter:card\" content=\"summary_large_image\" \/>\n<meta name=\"twitter:label1\" content=\"Pre\u00e7o\" \/>\n\t<meta name=\"twitter:data1\" content=\"&#036;&nbsp;71.400,00\" \/>\n\t<meta name=\"twitter:label2\" content=\"Disponibilidade\" \/>\n\t<meta name=\"twitter:data2\" content=\"Em Estoque\" \/>\n<script type=\"application\/ld+json\" class=\"yoast-schema-graph\">{\"@context\":\"https:\/\/schema.org\",\"@graph\":[{\"@type\":[\"WebPage\",\"ItemPage\"],\"@id\":\"https:\/\/raftingpatagonia.com\/producto\/san-martin-de-los-andes-por-7-lagos\",\"url\":\"https:\/\/raftingpatagonia.com\/producto\/san-martin-de-los-andes-por-7-lagos\",\"name\":\"San Mart\u00edn de los Andes por los 7 Lagos: Naturaleza, Miradores y Postales \u00danicas de la Patagonia | Rafting Patagonia en Bariloche\",\"isPartOf\":{\"@id\":\"https:\/\/raftingpatagonia.com\/#website\"},\"primaryImageOfPage\":{\"@id\":\"https:\/\/raftingpatagonia.com\/producto\/san-martin-de-los-andes-por-7-lagos#primaryimage\"},\"image\":{\"@id\":\"https:\/\/raftingpatagonia.com\/producto\/san-martin-de-los-andes-por-7-lagos#primaryimage\"},\"thumbnailUrl\":\"https:\/\/raftingpatagonia.com\/wp-content\/uploads\/2025\/08\/11-B-IMG_2679.jpg\",\"datePublished\":\"2025-08-18T16:10:25+00:00\",\"dateModified\":\"2026-03-31T15:15:26+00:00\",\"breadcrumb\":{\"@id\":\"https:\/\/raftingpatagonia.com\/producto\/san-martin-de-los-andes-por-7-lagos#breadcrumb\"},\"inLanguage\":\"pt-BR\",\"potentialAction\":[{\"@type\":\"ReadAction\",\"target\":[\"https:\/\/raftingpatagonia.com\/producto\/san-martin-de-los-andes-por-7-lagos\"]}]},{\"@type\":\"ImageObject\",\"inLanguage\":\"pt-BR\",\"@id\":\"https:\/\/raftingpatagonia.com\/producto\/san-martin-de-los-andes-por-7-lagos#primaryimage\",\"url\":\"https:\/\/raftingpatagonia.com\/wp-content\/uploads\/2025\/08\/11-B-IMG_2679.jpg\",\"contentUrl\":\"https:\/\/raftingpatagonia.com\/wp-content\/uploads\/2025\/08\/11-B-IMG_2679.jpg\",\"width\":850,\"height\":1133},{\"@type\":\"BreadcrumbList\",\"@id\":\"https:\/\/raftingpatagonia.com\/producto\/san-martin-de-los-andes-por-7-lagos#breadcrumb\",\"itemListElement\":[{\"@type\":\"ListItem\",\"position\":1,\"name\":\"Home\",\"item\":\"https:\/\/raftingpatagonia.com\/\"},{\"@type\":\"ListItem\",\"position\":2,\"name\":\"Shop\",\"item\":\"https:\/\/raftingpatagonia.com\/actividades\"},{\"@type\":\"ListItem\",\"position\":3,\"name\":\"San Mart\u00edn de los Andes por los 7 Lagos: Naturaleza, Miradores y Postales \u00danicas de la Patagonia\"}]},{\"@type\":\"WebSite\",\"@id\":\"https:\/\/raftingpatagonia.com\/#website\",\"url\":\"https:\/\/raftingpatagonia.com\/\",\"name\":\"Rafting Patagonia en Bariloche\",\"description\":\"Rafting Patagonia en Bariloche\",\"potentialAction\":[{\"@type\":\"SearchAction\",\"target\":{\"@type\":\"EntryPoint\",\"urlTemplate\":\"https:\/\/raftingpatagonia.com\/?s={search_term_string}\"},\"query-input\":{\"@type\":\"PropertyValueSpecification\",\"valueRequired\":true,\"valueName\":\"search_term_string\"}}],\"inLanguage\":\"pt-BR\"}]}<\/script>\n<meta property=\"product:price:amount\" content=\"71400.00\" \/>\n<meta property=\"product:price:currency\" content=\"ARS\" \/>\n<meta property=\"og:availability\" content=\"instock\" \/>\n<meta property=\"product:availability\" content=\"instock\" \/>\n<meta property=\"product:retailer_item_id\" content=\"ADV2025SAMADEQ219\" \/>\n<meta property=\"product:condition\" content=\"new\" \/>\n<!-- \/ Yoast SEO Premium plugin. -->","yoast_head_json":{"title":"San Mart\u00edn de los Andes pelos 7 Lagos: Natureza, mirantes e cart\u00f5es postais \u00fanicos da Patag\u00f4nia | Rafting Patag\u00f4nia em Bariloche","robots":{"index":"index","follow":"follow","max-snippet":"max-snippet:-1","max-image-preview":"max-image-preview:large","max-video-preview":"max-video-preview:-1"},"canonical":"https:\/\/raftingpatagonia.com\/pt\/produto\/san-martin-de-los-andes-por-7-lagos\/","og_locale":"pt_BR","og_type":"article","og_title":"San Mart\u00edn de los Andes por los 7 Lagos: Naturaleza, Miradores y Postales \u00danicas de la Patagonia","og_description":"Una aventura inigualable te aguarda Permit\u00ed que el entorno natural te deslumbre mientras transit\u00e1s la Ruta de los 7 Lagos rumbo a San Mart\u00edn de los Andes. Descubr\u00ed vistas imponentes y recorr\u00e9 una ciudad cautivante enmarcada por paisajes \u00fanicos. \u00a1Reserv\u00e1 tu lugar y disfrut\u00e1 de esta vivencia imperdible!","og_url":"https:\/\/raftingpatagonia.com\/pt\/produto\/san-martin-de-los-andes-por-7-lagos\/","og_site_name":"Rafting Patagonia en Bariloche","article_publisher":"https:\/\/www.facebook.com\/Rafting-4810-231662556864543\/","article_modified_time":"2026-03-31T15:15:26+00:00","og_image":[{"width":850,"height":1133,"url":"https:\/\/raftingpatagonia.com\/wp-content\/uploads\/2025\/08\/11-B-IMG_2679.jpg","type":"image\/jpeg"}],"twitter_card":"summary_large_image","twitter_misc":{"Pre\u00e7o":"&#36;&nbsp;71.400,00","Disponibilidade":"Em Estoque"},"schema":{"@context":"https:\/\/schema.org","@graph":[{"@type":["WebPage","ItemPage"],"@id":"https:\/\/raftingpatagonia.com\/producto\/san-martin-de-los-andes-por-7-lagos","url":"https:\/\/raftingpatagonia.com\/producto\/san-martin-de-los-andes-por-7-lagos","name":"San Mart\u00edn de los Andes pelos 7 Lagos: Natureza, mirantes e cart\u00f5es postais \u00fanicos da Patag\u00f4nia | Rafting Patag\u00f4nia em Bariloche","isPartOf":{"@id":"https:\/\/raftingpatagonia.com\/#website"},"primaryImageOfPage":{"@id":"https:\/\/raftingpatagonia.com\/producto\/san-martin-de-los-andes-por-7-lagos#primaryimage"},"image":{"@id":"https:\/\/raftingpatagonia.com\/producto\/san-martin-de-los-andes-por-7-lagos#primaryimage"},"thumbnailUrl":"https:\/\/raftingpatagonia.com\/wp-content\/uploads\/2025\/08\/11-B-IMG_2679.jpg","datePublished":"2025-08-18T16:10:25+00:00","dateModified":"2026-03-31T15:15:26+00:00","breadcrumb":{"@id":"https:\/\/raftingpatagonia.com\/producto\/san-martin-de-los-andes-por-7-lagos#breadcrumb"},"inLanguage":"pt-BR","potentialAction":[{"@type":"ReadAction","target":["https:\/\/raftingpatagonia.com\/producto\/san-martin-de-los-andes-por-7-lagos"]}]},{"@type":"ImageObject","inLanguage":"pt-BR","@id":"https:\/\/raftingpatagonia.com\/producto\/san-martin-de-los-andes-por-7-lagos#primaryimage","url":"https:\/\/raftingpatagonia.com\/wp-content\/uploads\/2025\/08\/11-B-IMG_2679.jpg","contentUrl":"https:\/\/raftingpatagonia.com\/wp-content\/uploads\/2025\/08\/11-B-IMG_2679.jpg","width":850,"height":1133},{"@type":"BreadcrumbList","@id":"https:\/\/raftingpatagonia.com\/producto\/san-martin-de-los-andes-por-7-lagos#breadcrumb","itemListElement":[{"@type":"ListItem","position":1,"name":"Home","item":"https:\/\/raftingpatagonia.com\/"},{"@type":"ListItem","position":2,"name":"Shop","item":"https:\/\/raftingpatagonia.com\/actividades"},{"@type":"ListItem","position":3,"name":"San Mart\u00edn de los Andes por los 7 Lagos: Naturaleza, Miradores y Postales \u00danicas de la Patagonia"}]},{"@type":"WebSite","@id":"https:\/\/raftingpatagonia.com\/#website","url":"https:\/\/raftingpatagonia.com\/","name":"Rafting na Patag\u00f4nia em Bariloche","description":"Rafting na Patag\u00f4nia em Bariloche","potentialAction":[{"@type":"SearchAction","target":{"@type":"EntryPoint","urlTemplate":"https:\/\/raftingpatagonia.com\/?s={search_term_string}"},"query-input":{"@type":"PropertyValueSpecification","valueRequired":true,"valueName":"search_term_string"}}],"inLanguage":"pt-BR"}]},"product_price_amount":"71400.00","product_price_currency":"ARS","og_availability":"instock","product_availability":"instock","product_retailer_item_id":"ADV2025SAMADEQ219","product_condition":"new"},"_links":{"self":[{"href":"https:\/\/raftingpatagonia.com\/pt\/wp-json\/wp\/v2\/product\/236398","targetHints":{"allow":["GET"]}}],"collection":[{"href":"https:\/\/raftingpatagonia.com\/pt\/wp-json\/wp\/v2\/product"}],"about":[{"href":"https:\/\/raftingpatagonia.com\/pt\/wp-json\/wp\/v2\/types\/product"}],"replies":[{"embeddable":true,"href":"https:\/\/raftingpatagonia.com\/pt\/wp-json\/wp\/v2\/comments?post=236398"}],"wp:featuredmedia":[{"embeddable":true,"href":"https:\/\/raftingpatagonia.com\/pt\/wp-json\/wp\/v2\/media\/236652"}],"wp:attachment":[{"href":"https:\/\/raftingpatagonia.com\/pt\/wp-json\/wp\/v2\/media?parent=236398"}],"wp:term":[{"taxonomy":"product_brand","embeddable":true,"href":"https:\/\/raftingpatagonia.com\/pt\/wp-json\/wp\/v2\/product_brand?post=236398"},{"taxonomy":"product_cat","embeddable":true,"href":"https:\/\/raftingpatagonia.com\/pt\/wp-json\/wp\/v2\/product_cat?post=236398"},{"taxonomy":"product_tag","embeddable":true,"href":"https:\/\/raftingpatagonia.com\/pt\/wp-json\/wp\/v2\/product_tag?post=236398"}],"curies":[{"name":"wp","href":"https:\/\/api.w.org\/{rel}","templated":true}]}}