{"id":236397,"date":"2025-08-18T13:09:58","date_gmt":"2025-08-18T16:09:58","guid":{"rendered":"https:\/\/raftingpatagonia.com\/producto\/cerro-tronador-y-ventisquero-negro-exploracion-total-en-el-corazon-de-la-patagonia"},"modified":"2026-03-31T12:15:25","modified_gmt":"2026-03-31T15:15:25","slug":"cerro-tronador-y-ventisquero-negro","status":"publish","type":"product","link":"https:\/\/raftingpatagonia.com\/pt\/produto\/cerro-tronador-e-ventisquero-negro","title":{"rendered":"Cerro Tronador e Ventisquero Negro: explora\u00e7\u00e3o completa no cora\u00e7\u00e3o da Patag\u00f4nia"},"content":{"rendered":"<h3 data-start=\"470\" data-end=\"552\"><strong data-start=\"474\" data-end=\"552\">Viva uma experi\u00eancia \u00fanica em um dos cen\u00e1rios mais impressionantes dos Andes Patag\u00f4nicos.<\/strong><\/h3>\n<p data-start=\"554\" data-end=\"888\">Venha explorar um dos lugares mais fascinantes do Parque Nacional Nahuel Huapi. Os <strong data-start=\"666\" data-end=\"684\">Serra do Tronador<\/strong>, com sua neve eterna e geleiras em movimento, \u00e9 o emblema da Patag\u00f4nia argentina e representa a aventura ideal para quem busca paisagens majestosas e atividades ao ar livre que criam mem\u00f3rias inesquec\u00edveis.<\/p>\n<p data-start=\"890\" data-end=\"1248\">O itiner\u00e1rio parte de pontos de encontro em Bariloche (entre o centro da cidade e o km 8 da Av. Bustillo ou Av. Pioneros), seguindo a rota que percorre os lagos Gutierrez e Mascardi. Durante a viagem, voc\u00ea far\u00e1 paradas para tirar fotos em lugares como <strong data-start=\"1147\" data-end=\"1162\">Praia Negra<\/strong> e o <strong data-start=\"1168\" data-end=\"1198\">Mirante da Ilha do Cora\u00e7\u00e3o<\/strong>, e uma pausa no acampamento Los R\u00e1pidos.<\/p>\n<p data-start=\"1250\" data-end=\"1591\">A caminhada continua at\u00e9 voc\u00ea chegar ao <strong data-start=\"1287\" data-end=\"1308\">Neve Negra<\/strong>, A geleira \u00e9 uma geleira ativa que desce do cume do Cerro Tronador. De l\u00e1, voc\u00ea poder\u00e1 contemplar o impressionante contraste entre o gelo escuro e os picos brancos. Em <strong data-start=\"1490\" data-end=\"1505\">Pampa Linda<\/strong>, Voc\u00ea ter\u00e1 tempo livre para almo\u00e7ar nos paradores e vivenciar a atmosfera \u00fanica do lugar.<\/p>\n<p data-start=\"1593\" data-end=\"1835\">A atividade \u00e9 realizada das 9:00 \u00e0s 18:30 hs aproximadamente, e inclui traslado, guia em espanhol e paradas importantes para absorver toda a magia dessa joia patag\u00f4nica. N\u00e3o inclui refei\u00e7\u00f5es nem acesso ao Parque Nacional, que s\u00e3o pagos \u00e0 parte. Aproveite ao m\u00e1ximo, pois os lugares tendem a se esgotar rapidamente.<\/p>\n<h3 data-start=\"1842\" data-end=\"1870\"><strong data-start=\"1846\" data-end=\"1870\">Perguntas frequentes<\/strong><\/h3>\n<p data-start=\"1872\" data-end=\"2010\"><strong data-start=\"1872\" data-end=\"1908\">Voc\u00ea precisa estar em forma?<\/strong><br data-start=\"1908\" data-end=\"1911\" \/>N\u00e3o, n\u00e3o \u00e9 necess\u00e1rio. O passeio \u00e9 feito por transporte com pequenas caminhadas opcionais nos pontos de vista. Ideal para todas as idades e fam\u00edlias.<\/p>\n<p data-start=\"2012\" data-end=\"2124\"><strong data-start=\"2012\" data-end=\"2038\">Onde posso almo\u00e7ar?<\/strong><br data-start=\"2038\" data-end=\"2041\" \/>No Pampa Linda, voc\u00ea pode saborear pratos e bebidas t\u00edpicos, criados para voc\u00ea relaxar e ganhar energia.<\/p>\n<p data-start=\"2126\" data-end=\"2290\"><strong data-start=\"2126\" data-end=\"2160\">O que levar?<\/strong><br data-start=\"2160\" data-end=\"2163\" \/>Roupas confort\u00e1veis, agasalhos, cal\u00e7ados confort\u00e1veis para caminhada, protetor solar, \u00e1gua e dinheiro para a entrada no parque e alimenta\u00e7\u00e3o.<\/p>\n<p data-start=\"2292\" data-end=\"2476\"><strong data-start=\"2292\" data-end=\"2322\">Quais servi\u00e7os est\u00e3o inclu\u00eddos?<\/strong><br data-start=\"2322\" data-end=\"2325\" \/>Traslado de ida e volta dos pontos designados, guia especializado e passeio completo. Almo\u00e7o e taxa de entrada no Parque Nacional Nahuel Huapi n\u00e3o inclu\u00eddos.<\/p>","protected":false},"excerpt":{"rendered":"<p>Mergulhe em uma experi\u00eancia \u00fanica, percorrendo o Parque Nacional Nahuel Huapi enquanto explora a beleza de tirar o f\u00f4lego do Cerro Tronador e a impressionante Geleira Ventisquero Negro. Uma combina\u00e7\u00e3o ideal de paisagens naturais, emo\u00e7\u00e3o e conforto.<\/p>","protected":false},"featured_media":236648,"comment_status":"open","ping_status":"closed","template":"","meta":[],"product_brand":[],"product_cat":[542,546,547,553,558,561,563],"product_tag":[],"class_list":{"0":"post-236397","1":"product","2":"type-product","3":"status-publish","4":"has-post-thumbnail","6":"product_cat-adultos","7":"product_cat-con-traslado","8":"product_cat-familia","9":"product_cat-ninos","10":"product_cat-sin-comida","11":"product_cat-terrestre","12":"product_cat-todo-el-ano","14":"first","15":"instock","16":"virtual","17":"sold-individually","18":"purchasable","19":"product-type-booking"},"booking_location":"","booking_location_type":"","booking_duration":1,"booking_duration_unit":"hour","booking_buffer":0,"booking_cost":0,"booking_resources":[],"exclude_global_add_ons":false,"addons":[{"name":"STD: Passageiros","type":"input_multiplier","position":0,"required":false,"title_format":"label","default":"","description_enable":false,"description":"","placeholder_enable":false,"placeholder":"","display":"select","restrictions_type":"any_text","adjust_price":true,"price":"59400","price_type":"quantity_based","restrictions":false,"min":"0","max":"0","options":[],"id":1773237140}],"yoast_head":"<!-- This site is optimized with the Yoast SEO Premium plugin v24.5 (Yoast SEO v24.8) - https:\/\/yoast.com\/wordpress\/plugins\/seo\/ -->\n<title>Cerro Tronador y Ventisquero Negro: exploraci\u00f3n total en el coraz\u00f3n de la Patagonia | Rafting Patagonia en Bariloche<\/title>\n<meta name=\"robots\" content=\"index, follow, max-snippet:-1, max-image-preview:large, max-video-preview:-1\" \/>\n<link rel=\"canonical\" href=\"https:\/\/raftingpatagonia.com\/pt\/produto\/cerro-tronador-e-ventisquero-negro\/\" \/>\n<meta property=\"og:locale\" content=\"pt_BR\" \/>\n<meta property=\"og:type\" content=\"article\" \/>\n<meta property=\"og:title\" content=\"Cerro Tronador y Ventisquero Negro: exploraci\u00f3n total en el coraz\u00f3n de la Patagonia\" \/>\n<meta property=\"og:description\" content=\"Sumergite en una experiencia \u00fanica recorriendo el Parque Nacional Nahuel Huapi mientras explor\u00e1s la imponente belleza del Cerro Tronador y el impactante Glaciar Ventisquero Negro. Una combinaci\u00f3n ideal de paisajes naturales, emoci\u00f3n y comodidad.\" \/>\n<meta property=\"og:url\" content=\"https:\/\/raftingpatagonia.com\/pt\/produto\/cerro-tronador-e-ventisquero-negro\/\" \/>\n<meta property=\"og:site_name\" content=\"Rafting Patagonia en Bariloche\" \/>\n<meta property=\"article:publisher\" content=\"https:\/\/www.facebook.com\/Rafting-4810-231662556864543\/\" \/>\n<meta property=\"article:modified_time\" content=\"2026-03-31T15:15:25+00:00\" \/>\n<meta property=\"og:image\" content=\"https:\/\/raftingpatagonia.com\/wp-content\/uploads\/2025\/08\/11-D-IMG_9091.jpg\" \/>\n\t<meta property=\"og:image:width\" content=\"850\" \/>\n\t<meta property=\"og:image:height\" content=\"1133\" \/>\n\t<meta property=\"og:image:type\" content=\"image\/jpeg\" \/>\n<meta name=\"twitter:card\" content=\"summary_large_image\" \/>\n<meta name=\"twitter:label1\" content=\"Pre\u00e7o\" \/>\n\t<meta name=\"twitter:data1\" content=\"&#036;&nbsp;59.400,00\" \/>\n\t<meta name=\"twitter:label2\" content=\"Disponibilidade\" \/>\n\t<meta name=\"twitter:data2\" content=\"Em Estoque\" \/>\n<script type=\"application\/ld+json\" class=\"yoast-schema-graph\">{\"@context\":\"https:\/\/schema.org\",\"@graph\":[{\"@type\":[\"WebPage\",\"ItemPage\"],\"@id\":\"https:\/\/raftingpatagonia.com\/producto\/cerro-tronador-y-ventisquero-negro\",\"url\":\"https:\/\/raftingpatagonia.com\/producto\/cerro-tronador-y-ventisquero-negro\",\"name\":\"Cerro Tronador y Ventisquero Negro: exploraci\u00f3n total en el coraz\u00f3n de la Patagonia | Rafting Patagonia en Bariloche\",\"isPartOf\":{\"@id\":\"https:\/\/raftingpatagonia.com\/#website\"},\"primaryImageOfPage\":{\"@id\":\"https:\/\/raftingpatagonia.com\/producto\/cerro-tronador-y-ventisquero-negro#primaryimage\"},\"image\":{\"@id\":\"https:\/\/raftingpatagonia.com\/producto\/cerro-tronador-y-ventisquero-negro#primaryimage\"},\"thumbnailUrl\":\"https:\/\/raftingpatagonia.com\/wp-content\/uploads\/2025\/08\/11-D-IMG_9091.jpg\",\"datePublished\":\"2025-08-18T16:09:58+00:00\",\"dateModified\":\"2026-03-31T15:15:25+00:00\",\"breadcrumb\":{\"@id\":\"https:\/\/raftingpatagonia.com\/producto\/cerro-tronador-y-ventisquero-negro#breadcrumb\"},\"inLanguage\":\"pt-BR\",\"potentialAction\":[{\"@type\":\"ReadAction\",\"target\":[\"https:\/\/raftingpatagonia.com\/producto\/cerro-tronador-y-ventisquero-negro\"]}]},{\"@type\":\"ImageObject\",\"inLanguage\":\"pt-BR\",\"@id\":\"https:\/\/raftingpatagonia.com\/producto\/cerro-tronador-y-ventisquero-negro#primaryimage\",\"url\":\"https:\/\/raftingpatagonia.com\/wp-content\/uploads\/2025\/08\/11-D-IMG_9091.jpg\",\"contentUrl\":\"https:\/\/raftingpatagonia.com\/wp-content\/uploads\/2025\/08\/11-D-IMG_9091.jpg\",\"width\":850,\"height\":1133},{\"@type\":\"BreadcrumbList\",\"@id\":\"https:\/\/raftingpatagonia.com\/producto\/cerro-tronador-y-ventisquero-negro#breadcrumb\",\"itemListElement\":[{\"@type\":\"ListItem\",\"position\":1,\"name\":\"Home\",\"item\":\"https:\/\/raftingpatagonia.com\/\"},{\"@type\":\"ListItem\",\"position\":2,\"name\":\"Shop\",\"item\":\"https:\/\/raftingpatagonia.com\/actividades\"},{\"@type\":\"ListItem\",\"position\":3,\"name\":\"Cerro Tronador y Ventisquero Negro: exploraci\u00f3n total en el coraz\u00f3n de la Patagonia\"}]},{\"@type\":\"WebSite\",\"@id\":\"https:\/\/raftingpatagonia.com\/#website\",\"url\":\"https:\/\/raftingpatagonia.com\/\",\"name\":\"Rafting Patagonia en Bariloche\",\"description\":\"Rafting Patagonia en Bariloche\",\"potentialAction\":[{\"@type\":\"SearchAction\",\"target\":{\"@type\":\"EntryPoint\",\"urlTemplate\":\"https:\/\/raftingpatagonia.com\/?s={search_term_string}\"},\"query-input\":{\"@type\":\"PropertyValueSpecification\",\"valueRequired\":true,\"valueName\":\"search_term_string\"}}],\"inLanguage\":\"pt-BR\"}]}<\/script>\n<meta property=\"product:price:amount\" content=\"59400.00\" \/>\n<meta property=\"product:price:currency\" content=\"ARS\" \/>\n<meta property=\"og:availability\" content=\"instock\" \/>\n<meta property=\"product:availability\" content=\"instock\" \/>\n<meta property=\"product:retailer_item_id\" content=\"ADV2025CETRYVHMNO\" \/>\n<meta property=\"product:condition\" content=\"new\" \/>\n<!-- \/ Yoast SEO Premium plugin. -->","yoast_head_json":{"title":"Cerro Tronador e Ventisquero Negro: explora\u00e7\u00e3o completa no cora\u00e7\u00e3o da Patag\u00f4nia | Rafting Patagonia em Bariloche","robots":{"index":"index","follow":"follow","max-snippet":"max-snippet:-1","max-image-preview":"max-image-preview:large","max-video-preview":"max-video-preview:-1"},"canonical":"https:\/\/raftingpatagonia.com\/pt\/produto\/cerro-tronador-e-ventisquero-negro\/","og_locale":"pt_BR","og_type":"article","og_title":"Cerro Tronador y Ventisquero Negro: exploraci\u00f3n total en el coraz\u00f3n de la Patagonia","og_description":"Sumergite en una experiencia \u00fanica recorriendo el Parque Nacional Nahuel Huapi mientras explor\u00e1s la imponente belleza del Cerro Tronador y el impactante Glaciar Ventisquero Negro. Una combinaci\u00f3n ideal de paisajes naturales, emoci\u00f3n y comodidad.","og_url":"https:\/\/raftingpatagonia.com\/pt\/produto\/cerro-tronador-e-ventisquero-negro\/","og_site_name":"Rafting Patagonia en Bariloche","article_publisher":"https:\/\/www.facebook.com\/Rafting-4810-231662556864543\/","article_modified_time":"2026-03-31T15:15:25+00:00","og_image":[{"width":850,"height":1133,"url":"https:\/\/raftingpatagonia.com\/wp-content\/uploads\/2025\/08\/11-D-IMG_9091.jpg","type":"image\/jpeg"}],"twitter_card":"summary_large_image","twitter_misc":{"Pre\u00e7o":"&#36;&nbsp;59.400,00","Disponibilidade":"Em Estoque"},"schema":{"@context":"https:\/\/schema.org","@graph":[{"@type":["WebPage","ItemPage"],"@id":"https:\/\/raftingpatagonia.com\/producto\/cerro-tronador-y-ventisquero-negro","url":"https:\/\/raftingpatagonia.com\/producto\/cerro-tronador-y-ventisquero-negro","name":"Cerro Tronador e Ventisquero Negro: explora\u00e7\u00e3o completa no cora\u00e7\u00e3o da Patag\u00f4nia | Rafting Patagonia em Bariloche","isPartOf":{"@id":"https:\/\/raftingpatagonia.com\/#website"},"primaryImageOfPage":{"@id":"https:\/\/raftingpatagonia.com\/producto\/cerro-tronador-y-ventisquero-negro#primaryimage"},"image":{"@id":"https:\/\/raftingpatagonia.com\/producto\/cerro-tronador-y-ventisquero-negro#primaryimage"},"thumbnailUrl":"https:\/\/raftingpatagonia.com\/wp-content\/uploads\/2025\/08\/11-D-IMG_9091.jpg","datePublished":"2025-08-18T16:09:58+00:00","dateModified":"2026-03-31T15:15:25+00:00","breadcrumb":{"@id":"https:\/\/raftingpatagonia.com\/producto\/cerro-tronador-y-ventisquero-negro#breadcrumb"},"inLanguage":"pt-BR","potentialAction":[{"@type":"ReadAction","target":["https:\/\/raftingpatagonia.com\/producto\/cerro-tronador-y-ventisquero-negro"]}]},{"@type":"ImageObject","inLanguage":"pt-BR","@id":"https:\/\/raftingpatagonia.com\/producto\/cerro-tronador-y-ventisquero-negro#primaryimage","url":"https:\/\/raftingpatagonia.com\/wp-content\/uploads\/2025\/08\/11-D-IMG_9091.jpg","contentUrl":"https:\/\/raftingpatagonia.com\/wp-content\/uploads\/2025\/08\/11-D-IMG_9091.jpg","width":850,"height":1133},{"@type":"BreadcrumbList","@id":"https:\/\/raftingpatagonia.com\/producto\/cerro-tronador-y-ventisquero-negro#breadcrumb","itemListElement":[{"@type":"ListItem","position":1,"name":"Home","item":"https:\/\/raftingpatagonia.com\/"},{"@type":"ListItem","position":2,"name":"Shop","item":"https:\/\/raftingpatagonia.com\/actividades"},{"@type":"ListItem","position":3,"name":"Cerro Tronador y Ventisquero Negro: exploraci\u00f3n total en el coraz\u00f3n de la Patagonia"}]},{"@type":"WebSite","@id":"https:\/\/raftingpatagonia.com\/#website","url":"https:\/\/raftingpatagonia.com\/","name":"Rafting na Patag\u00f4nia em Bariloche","description":"Rafting na Patag\u00f4nia em Bariloche","potentialAction":[{"@type":"SearchAction","target":{"@type":"EntryPoint","urlTemplate":"https:\/\/raftingpatagonia.com\/?s={search_term_string}"},"query-input":{"@type":"PropertyValueSpecification","valueRequired":true,"valueName":"search_term_string"}}],"inLanguage":"pt-BR"}]},"product_price_amount":"59400.00","product_price_currency":"ARS","og_availability":"instock","product_availability":"instock","product_retailer_item_id":"ADV2025CETRYVHMNO","product_condition":"new"},"_links":{"self":[{"href":"https:\/\/raftingpatagonia.com\/pt\/wp-json\/wp\/v2\/product\/236397","targetHints":{"allow":["GET"]}}],"collection":[{"href":"https:\/\/raftingpatagonia.com\/pt\/wp-json\/wp\/v2\/product"}],"about":[{"href":"https:\/\/raftingpatagonia.com\/pt\/wp-json\/wp\/v2\/types\/product"}],"replies":[{"embeddable":true,"href":"https:\/\/raftingpatagonia.com\/pt\/wp-json\/wp\/v2\/comments?post=236397"}],"wp:featuredmedia":[{"embeddable":true,"href":"https:\/\/raftingpatagonia.com\/pt\/wp-json\/wp\/v2\/media\/236648"}],"wp:attachment":[{"href":"https:\/\/raftingpatagonia.com\/pt\/wp-json\/wp\/v2\/media?parent=236397"}],"wp:term":[{"taxonomy":"product_brand","embeddable":true,"href":"https:\/\/raftingpatagonia.com\/pt\/wp-json\/wp\/v2\/product_brand?post=236397"},{"taxonomy":"product_cat","embeddable":true,"href":"https:\/\/raftingpatagonia.com\/pt\/wp-json\/wp\/v2\/product_cat?post=236397"},{"taxonomy":"product_tag","embeddable":true,"href":"https:\/\/raftingpatagonia.com\/pt\/wp-json\/wp\/v2\/product_tag?post=236397"}],"curies":[{"name":"wp","href":"https:\/\/api.w.org\/{rel}","templated":true}]}}