{"id":236390,"date":"2025-08-18T13:07:18","date_gmt":"2025-08-18T16:07:18","guid":{"rendered":"https:\/\/raftingpatagonia.com\/producto\/seguro-de-reprogramacion-cambia-la-fecha-de-tu-excursion-sin-penalidades"},"modified":"2025-09-08T13:45:42","modified_gmt":"2025-09-08T16:45:42","slug":"seguro-de-reprogramacion-cambia-la-fecha-de-tu-excursion-sin-penalidades","status":"publish","type":"product","link":"https:\/\/raftingpatagonia.com\/pt\/produto\/o-seguro-de-reagendamento-altera-a-data-de-sua-excursao-sem-penalidades","title":{"rendered":"Seguro de reagendamento - Altere a data de sua excurs\u00e3o sem penalidade"},"content":{"rendered":"<h3 data-start=\"245\" data-end=\"300\">Pare de se preocupar com mudan\u00e7as em seus planos de viagem.<\/h3>\n<p data-start=\"302\" data-end=\"521\">O Seguro de Remarca\u00e7\u00e3o permite que voc\u00ea remarque a data da sua excurs\u00e3o sem custos extras ou penalidades at\u00e9 o dia anterior. \u00c9 a alternativa ideal para quem est\u00e1 buscando tranquilidade e flexibilidade ao organizar sua experi\u00eancia em Bariloche.<\/p>\n<h3 data-start=\"528\" data-end=\"555\">O que o seguro cobre?<\/h3>\n<ul data-start=\"557\" data-end=\"846\">\n<li data-start=\"557\" data-end=\"628\">\n<p data-start=\"559\" data-end=\"628\">Voc\u00ea pode remarcar sem multa at\u00e9 24 horas antes da partida.<\/p>\n<\/li>\n<li data-start=\"629\" data-end=\"678\">\n<p data-start=\"631\" data-end=\"678\">Voc\u00ea pode remarcar facilmente, sujeito \u00e0 disponibilidade.<\/p>\n<\/li>\n<li data-start=\"679\" data-end=\"738\">\n<p data-start=\"681\" data-end=\"738\">Processamento r\u00e1pido, sem necessidade de comprovantes ou explica\u00e7\u00f5es.<\/p>\n<\/li>\n<li data-start=\"739\" data-end=\"786\">\n<p data-start=\"741\" data-end=\"786\">A cobertura \u00e9 por pessoa e por excurs\u00e3o adquirida.<\/p>\n<\/li>\n<li data-start=\"787\" data-end=\"846\">\n<p data-start=\"789\" data-end=\"846\">Voc\u00ea pode adicionar at\u00e9 30 minutos ap\u00f3s receber seu voucher.<\/p>\n<\/li>\n<\/ul>\n<h3 data-start=\"853\" data-end=\"880\">Principais fatos a serem considerados<\/h3>\n<ul data-start=\"882\" data-end=\"1214\">\n<li data-start=\"882\" data-end=\"957\">\n<p data-start=\"884\" data-end=\"957\">O contrato \u00e9 pessoal: corresponde a cada passageiro e excurs\u00e3o escolhida.<\/p>\n<\/li>\n<li data-start=\"958\" data-end=\"1050\">\n<p data-start=\"960\" data-end=\"1050\">A disponibilidade no momento da solicita\u00e7\u00e3o da mudan\u00e7a de data \u00e9 respeitada.<\/p>\n<\/li>\n<li data-start=\"1051\" data-end=\"1119\">\n<p data-start=\"1053\" data-end=\"1119\">Nenhuma altera\u00e7\u00e3o pode ser feita no mesmo dia da excurs\u00e3o.<\/p>\n<\/li>\n<li data-start=\"1120\" data-end=\"1214\">\n<p data-start=\"1122\" data-end=\"1214\">A ser adicionado junto com a compra ou at\u00e9 meia hora ap\u00f3s a emiss\u00e3o do voucher.<\/p>\n<\/li>\n<\/ul>\n<h3 data-start=\"1221\" data-end=\"1245\">Consultas comuns<\/h3>\n<p data-start=\"1247\" data-end=\"1380\"><strong data-start=\"1247\" data-end=\"1303\">Quando posso contratar o Seguro de Reprograma\u00e7\u00e3o?<\/strong><br data-start=\"1303\" data-end=\"1306\" \/>Ao fazer sua reserva ou em at\u00e9 30 minutos ap\u00f3s o recebimento do voucher.<\/p>\n<p data-start=\"1382\" data-end=\"1501\"><strong data-start=\"1382\" data-end=\"1441\">Voc\u00ea precisa me pedir um motivo para mudar a excurs\u00e3o?<\/strong><br data-start=\"1441\" data-end=\"1444\" \/>N\u00e3o \u00e9 necess\u00e1rio explicar: voc\u00ea pode alterar a data sem justificativa.<\/p>\n<p data-start=\"1503\" data-end=\"1654\"><strong data-start=\"1503\" data-end=\"1563\">Posso ter a garantia de um lugar para a nova data que eu escolher?<\/strong><br data-start=\"1563\" data-end=\"1566\" \/>O reagendamento est\u00e1 sujeito \u00e0 disponibilidade no momento da solicita\u00e7\u00e3o.<\/p>\n<p data-start=\"1656\" data-end=\"1766\"><strong data-start=\"1656\" data-end=\"1701\">\u00c9 poss\u00edvel alterar a excurs\u00e3o no mesmo dia?<\/strong><br data-start=\"1701\" data-end=\"1704\" \/>N\u00e3o, voc\u00ea s\u00f3 pode aproveitar esse benef\u00edcio com at\u00e9 24 horas de anteced\u00eancia.<\/p>","protected":false},"excerpt":{"rendered":"<p>Reagendamento da cobertura em Bariloche. Altere o dia de sua excurs\u00e3o sem custo adicional com at\u00e9 um dia de anteced\u00eancia. Adicione-o \u00e0 sua reserva no momento da compra.<\/p>","protected":false},"featured_media":236640,"comment_status":"open","ping_status":"closed","template":"","meta":[],"product_brand":[],"product_cat":[555],"product_tag":[],"class_list":{"0":"post-236390","1":"product","2":"type-product","3":"status-publish","4":"has-post-thumbnail","6":"product_cat-otros","8":"first","9":"instock","10":"virtual","11":"purchasable","12":"product-type-simple"},"booking_location":null,"booking_location_type":null,"booking_duration":null,"booking_duration_unit":null,"booking_buffer":null,"booking_cost":null,"booking_resources":null,"exclude_global_add_ons":[],"addons":[],"yoast_head":"<!-- This site is optimized with the Yoast SEO Premium plugin v24.5 (Yoast SEO v24.8) - https:\/\/yoast.com\/wordpress\/plugins\/seo\/ -->\n<title>Seguro de Reprogramaci\u00f3n \u2013 Cambi\u00e1 la fecha de tu excursi\u00f3n sin penalidades | Rafting Patagonia en Bariloche<\/title>\n<meta name=\"robots\" content=\"index, follow, max-snippet:-1, max-image-preview:large, max-video-preview:-1\" \/>\n<link rel=\"canonical\" href=\"https:\/\/raftingpatagonia.com\/pt\/produto\/o-seguro-de-reagendamento-altera-a-data-de-sua-excursao-sem-penalidades\/\" \/>\n<meta property=\"og:locale\" content=\"pt_BR\" \/>\n<meta property=\"og:type\" content=\"article\" \/>\n<meta property=\"og:title\" content=\"Seguro de Reprogramaci\u00f3n \u2013 Cambi\u00e1 la fecha de tu excursi\u00f3n sin penalidades\" \/>\n<meta property=\"og:description\" content=\"Cobertura de Reprogramaci\u00f3n en Bariloche. Modific\u00e1 el d\u00eda de tu tour sin cargos extras hasta una jornada antes. Sumalo a tu reserva al momento de comprar.\" \/>\n<meta property=\"og:url\" content=\"https:\/\/raftingpatagonia.com\/pt\/produto\/o-seguro-de-reagendamento-altera-a-data-de-sua-excursao-sem-penalidades\/\" \/>\n<meta property=\"og:site_name\" content=\"Rafting Patagonia en Bariloche\" \/>\n<meta property=\"article:publisher\" content=\"https:\/\/www.facebook.com\/Rafting-4810-231662556864543\/\" \/>\n<meta property=\"article:modified_time\" content=\"2025-09-08T16:45:42+00:00\" \/>\n<meta property=\"og:image\" content=\"https:\/\/raftingpatagonia.com\/wp-content\/uploads\/2025\/08\/11-A-2.jpg\" \/>\n\t<meta property=\"og:image:width\" content=\"850\" \/>\n\t<meta property=\"og:image:height\" content=\"1133\" \/>\n\t<meta property=\"og:image:type\" content=\"image\/jpeg\" \/>\n<meta name=\"twitter:card\" content=\"summary_large_image\" \/>\n<meta name=\"twitter:label1\" content=\"Pre\u00e7o\" \/>\n\t<meta name=\"twitter:data1\" content=\"&#036;&nbsp;15.000,00\" \/>\n\t<meta name=\"twitter:label2\" content=\"Disponibilidade\" \/>\n\t<meta name=\"twitter:data2\" content=\"Em Estoque\" \/>\n<script type=\"application\/ld+json\" class=\"yoast-schema-graph\">{\"@context\":\"https:\/\/schema.org\",\"@graph\":[{\"@type\":[\"WebPage\",\"ItemPage\"],\"@id\":\"https:\/\/raftingpatagonia.com\/producto\/seguro-de-reprogramacion-cambia-la-fecha-de-tu-excursion-sin-penalidades\",\"url\":\"https:\/\/raftingpatagonia.com\/producto\/seguro-de-reprogramacion-cambia-la-fecha-de-tu-excursion-sin-penalidades\",\"name\":\"Seguro de Reprogramaci\u00f3n \u2013 Cambi\u00e1 la fecha de tu excursi\u00f3n sin penalidades | Rafting Patagonia en Bariloche\",\"isPartOf\":{\"@id\":\"https:\/\/raftingpatagonia.com\/#website\"},\"primaryImageOfPage\":{\"@id\":\"https:\/\/raftingpatagonia.com\/producto\/seguro-de-reprogramacion-cambia-la-fecha-de-tu-excursion-sin-penalidades#primaryimage\"},\"image\":{\"@id\":\"https:\/\/raftingpatagonia.com\/producto\/seguro-de-reprogramacion-cambia-la-fecha-de-tu-excursion-sin-penalidades#primaryimage\"},\"thumbnailUrl\":\"https:\/\/raftingpatagonia.com\/wp-content\/uploads\/2025\/08\/11-A-2.jpg\",\"datePublished\":\"2025-08-18T16:07:18+00:00\",\"dateModified\":\"2025-09-08T16:45:42+00:00\",\"breadcrumb\":{\"@id\":\"https:\/\/raftingpatagonia.com\/producto\/seguro-de-reprogramacion-cambia-la-fecha-de-tu-excursion-sin-penalidades#breadcrumb\"},\"inLanguage\":\"pt-BR\",\"potentialAction\":[{\"@type\":\"ReadAction\",\"target\":[\"https:\/\/raftingpatagonia.com\/producto\/seguro-de-reprogramacion-cambia-la-fecha-de-tu-excursion-sin-penalidades\"]}]},{\"@type\":\"ImageObject\",\"inLanguage\":\"pt-BR\",\"@id\":\"https:\/\/raftingpatagonia.com\/producto\/seguro-de-reprogramacion-cambia-la-fecha-de-tu-excursion-sin-penalidades#primaryimage\",\"url\":\"https:\/\/raftingpatagonia.com\/wp-content\/uploads\/2025\/08\/11-A-2.jpg\",\"contentUrl\":\"https:\/\/raftingpatagonia.com\/wp-content\/uploads\/2025\/08\/11-A-2.jpg\",\"width\":850,\"height\":1133},{\"@type\":\"BreadcrumbList\",\"@id\":\"https:\/\/raftingpatagonia.com\/producto\/seguro-de-reprogramacion-cambia-la-fecha-de-tu-excursion-sin-penalidades#breadcrumb\",\"itemListElement\":[{\"@type\":\"ListItem\",\"position\":1,\"name\":\"Home\",\"item\":\"https:\/\/raftingpatagonia.com\/\"},{\"@type\":\"ListItem\",\"position\":2,\"name\":\"Shop\",\"item\":\"https:\/\/raftingpatagonia.com\/actividades\"},{\"@type\":\"ListItem\",\"position\":3,\"name\":\"Seguro de Reprogramaci\u00f3n \u2013 Cambi\u00e1 la fecha de tu excursi\u00f3n sin penalidades\"}]},{\"@type\":\"WebSite\",\"@id\":\"https:\/\/raftingpatagonia.com\/#website\",\"url\":\"https:\/\/raftingpatagonia.com\/\",\"name\":\"Rafting Patagonia en Bariloche\",\"description\":\"Rafting Patagonia en Bariloche\",\"potentialAction\":[{\"@type\":\"SearchAction\",\"target\":{\"@type\":\"EntryPoint\",\"urlTemplate\":\"https:\/\/raftingpatagonia.com\/?s={search_term_string}\"},\"query-input\":{\"@type\":\"PropertyValueSpecification\",\"valueRequired\":true,\"valueName\":\"search_term_string\"}}],\"inLanguage\":\"pt-BR\"}]}<\/script>\n<meta property=\"product:price:amount\" content=\"15000.00\" \/>\n<meta property=\"product:price:currency\" content=\"ARS\" \/>\n<meta property=\"og:availability\" content=\"instock\" \/>\n<meta property=\"product:availability\" content=\"instock\" \/>\n<meta property=\"product:condition\" content=\"new\" \/>\n<!-- \/ Yoast SEO Premium plugin. -->","yoast_head_json":{"title":"Seguro de reprograma\u00e7\u00e3o - Altere a data de sua viagem sem penalidade : Rafting Patag\u00f4nia em Bariloche","robots":{"index":"index","follow":"follow","max-snippet":"max-snippet:-1","max-image-preview":"max-image-preview:large","max-video-preview":"max-video-preview:-1"},"canonical":"https:\/\/raftingpatagonia.com\/pt\/produto\/o-seguro-de-reagendamento-altera-a-data-de-sua-excursao-sem-penalidades\/","og_locale":"pt_BR","og_type":"article","og_title":"Seguro de Reprogramaci\u00f3n \u2013 Cambi\u00e1 la fecha de tu excursi\u00f3n sin penalidades","og_description":"Cobertura de Reprogramaci\u00f3n en Bariloche. Modific\u00e1 el d\u00eda de tu tour sin cargos extras hasta una jornada antes. Sumalo a tu reserva al momento de comprar.","og_url":"https:\/\/raftingpatagonia.com\/pt\/produto\/o-seguro-de-reagendamento-altera-a-data-de-sua-excursao-sem-penalidades\/","og_site_name":"Rafting Patagonia en Bariloche","article_publisher":"https:\/\/www.facebook.com\/Rafting-4810-231662556864543\/","article_modified_time":"2025-09-08T16:45:42+00:00","og_image":[{"width":850,"height":1133,"url":"https:\/\/raftingpatagonia.com\/wp-content\/uploads\/2025\/08\/11-A-2.jpg","type":"image\/jpeg"}],"twitter_card":"summary_large_image","twitter_misc":{"Pre\u00e7o":"&#36;&nbsp;15.000,00","Disponibilidade":"Em Estoque"},"schema":{"@context":"https:\/\/schema.org","@graph":[{"@type":["WebPage","ItemPage"],"@id":"https:\/\/raftingpatagonia.com\/producto\/seguro-de-reprogramacion-cambia-la-fecha-de-tu-excursion-sin-penalidades","url":"https:\/\/raftingpatagonia.com\/producto\/seguro-de-reprogramacion-cambia-la-fecha-de-tu-excursion-sin-penalidades","name":"Seguro de reprograma\u00e7\u00e3o - Altere a data de sua viagem sem penalidade : Rafting Patag\u00f4nia em Bariloche","isPartOf":{"@id":"https:\/\/raftingpatagonia.com\/#website"},"primaryImageOfPage":{"@id":"https:\/\/raftingpatagonia.com\/producto\/seguro-de-reprogramacion-cambia-la-fecha-de-tu-excursion-sin-penalidades#primaryimage"},"image":{"@id":"https:\/\/raftingpatagonia.com\/producto\/seguro-de-reprogramacion-cambia-la-fecha-de-tu-excursion-sin-penalidades#primaryimage"},"thumbnailUrl":"https:\/\/raftingpatagonia.com\/wp-content\/uploads\/2025\/08\/11-A-2.jpg","datePublished":"2025-08-18T16:07:18+00:00","dateModified":"2025-09-08T16:45:42+00:00","breadcrumb":{"@id":"https:\/\/raftingpatagonia.com\/producto\/seguro-de-reprogramacion-cambia-la-fecha-de-tu-excursion-sin-penalidades#breadcrumb"},"inLanguage":"pt-BR","potentialAction":[{"@type":"ReadAction","target":["https:\/\/raftingpatagonia.com\/producto\/seguro-de-reprogramacion-cambia-la-fecha-de-tu-excursion-sin-penalidades"]}]},{"@type":"ImageObject","inLanguage":"pt-BR","@id":"https:\/\/raftingpatagonia.com\/producto\/seguro-de-reprogramacion-cambia-la-fecha-de-tu-excursion-sin-penalidades#primaryimage","url":"https:\/\/raftingpatagonia.com\/wp-content\/uploads\/2025\/08\/11-A-2.jpg","contentUrl":"https:\/\/raftingpatagonia.com\/wp-content\/uploads\/2025\/08\/11-A-2.jpg","width":850,"height":1133},{"@type":"BreadcrumbList","@id":"https:\/\/raftingpatagonia.com\/producto\/seguro-de-reprogramacion-cambia-la-fecha-de-tu-excursion-sin-penalidades#breadcrumb","itemListElement":[{"@type":"ListItem","position":1,"name":"Home","item":"https:\/\/raftingpatagonia.com\/"},{"@type":"ListItem","position":2,"name":"Shop","item":"https:\/\/raftingpatagonia.com\/actividades"},{"@type":"ListItem","position":3,"name":"Seguro de Reprogramaci\u00f3n \u2013 Cambi\u00e1 la fecha de tu excursi\u00f3n sin penalidades"}]},{"@type":"WebSite","@id":"https:\/\/raftingpatagonia.com\/#website","url":"https:\/\/raftingpatagonia.com\/","name":"Rafting na Patag\u00f4nia em Bariloche","description":"Rafting na Patag\u00f4nia em Bariloche","potentialAction":[{"@type":"SearchAction","target":{"@type":"EntryPoint","urlTemplate":"https:\/\/raftingpatagonia.com\/?s={search_term_string}"},"query-input":{"@type":"PropertyValueSpecification","valueRequired":true,"valueName":"search_term_string"}}],"inLanguage":"pt-BR"}]},"product_price_amount":"15000.00","product_price_currency":"ARS","og_availability":"instock","product_availability":"instock","product_condition":"new"},"_links":{"self":[{"href":"https:\/\/raftingpatagonia.com\/pt\/wp-json\/wp\/v2\/product\/236390","targetHints":{"allow":["GET"]}}],"collection":[{"href":"https:\/\/raftingpatagonia.com\/pt\/wp-json\/wp\/v2\/product"}],"about":[{"href":"https:\/\/raftingpatagonia.com\/pt\/wp-json\/wp\/v2\/types\/product"}],"replies":[{"embeddable":true,"href":"https:\/\/raftingpatagonia.com\/pt\/wp-json\/wp\/v2\/comments?post=236390"}],"wp:featuredmedia":[{"embeddable":true,"href":"https:\/\/raftingpatagonia.com\/pt\/wp-json\/wp\/v2\/media\/236640"}],"wp:attachment":[{"href":"https:\/\/raftingpatagonia.com\/pt\/wp-json\/wp\/v2\/media?parent=236390"}],"wp:term":[{"taxonomy":"product_brand","embeddable":true,"href":"https:\/\/raftingpatagonia.com\/pt\/wp-json\/wp\/v2\/product_brand?post=236390"},{"taxonomy":"product_cat","embeddable":true,"href":"https:\/\/raftingpatagonia.com\/pt\/wp-json\/wp\/v2\/product_cat?post=236390"},{"taxonomy":"product_tag","embeddable":true,"href":"https:\/\/raftingpatagonia.com\/pt\/wp-json\/wp\/v2\/product_tag?post=236390"}],"curies":[{"name":"wp","href":"https:\/\/api.w.org\/{rel}","templated":true}]}}