{"id":236388,"date":"2025-08-18T13:05:52","date_gmt":"2025-08-18T16:05:52","guid":{"rendered":"https:\/\/raftingpatagonia.com\/producto\/seguro-de-cancelacion-cancela-tu-excursion-sin-perder-todo-el-valor"},"modified":"2025-09-08T13:45:43","modified_gmt":"2025-09-08T16:45:43","slug":"seguro-de-cancelacion-cancela-tu-excursion-sin-perder-todo-el-valor","status":"publish","type":"product","link":"https:\/\/raftingpatagonia.com\/pt\/produto\/seguro-de-cancelamento-cancelar-sua-excursao-sem-perder-todo-o-valor","title":{"rendered":"Seguro de cancelamento - Cancele sua excurs\u00e3o sem perder o valor total de sua viagem"},"content":{"rendered":"<h3 data-start=\"200\" data-end=\"242\">Cuide de seu investimento em caso de eventos imprevistos<\/h3>\n<p data-start=\"244\" data-end=\"516\">Se acontecer algum imprevisto e voc\u00ea n\u00e3o puder aproveitar sua viagem, o Seguro de Cancelamento lhe reembolsar\u00e1 80% do valor pago, desde que voc\u00ea avise com anteced\u00eancia at\u00e9 as 19h do dia anterior. \u00c9 uma alternativa \u00e1gil, transparente e sob medida para respaldar sua experi\u00eancia sem perder a tranquilidade.<\/p>\n<h3 data-start=\"523\" data-end=\"548\">O que esse seguro cobre?<\/h3>\n<ul data-start=\"550\" data-end=\"858\">\n<li data-start=\"550\" data-end=\"613\">\n<p data-start=\"552\" data-end=\"613\">Cancele sua viagem at\u00e9 as 19h do dia anterior sem complica\u00e7\u00f5es.<\/p>\n<\/li>\n<li data-start=\"614\" data-end=\"652\">\n<p data-start=\"616\" data-end=\"652\">Recebi o 80% de seu pagamento de volta.<\/p>\n<\/li>\n<li data-start=\"653\" data-end=\"727\">\n<p data-start=\"655\" data-end=\"727\">Gerenciamento f\u00e1cil, sem explica\u00e7\u00f5es ou burocracia extra.<\/p>\n<\/li>\n<li data-start=\"728\" data-end=\"785\">\n<p data-start=\"730\" data-end=\"785\">Voc\u00ea soma o valor por pessoa e para cada passeio que reservar.<\/p>\n<\/li>\n<li data-start=\"786\" data-end=\"858\">\n<p data-start=\"788\" data-end=\"858\">Voc\u00ea pode contrat\u00e1-lo at\u00e9 meia hora ap\u00f3s a emiss\u00e3o do voucher.<\/p>\n<\/li>\n<\/ul>\n<h3 data-start=\"865\" data-end=\"892\">Principais detalhes a serem considerados<\/h3>\n<ul data-start=\"894\" data-end=\"1157\">\n<li data-start=\"894\" data-end=\"981\">\n<p data-start=\"896\" data-end=\"981\">O servi\u00e7o \u00e9 pessoal: aplica-se um para cada viajante e para cada atividade escolhida.<\/p>\n<\/li>\n<li data-start=\"982\" data-end=\"1080\">\n<p data-start=\"984\" data-end=\"1080\">Ele n\u00e3o pode ser comprado depois de 30 minutos ap\u00f3s a emiss\u00e3o do voucher.<\/p>\n<\/li>\n<li data-start=\"1081\" data-end=\"1157\">\n<p data-start=\"1083\" data-end=\"1157\">Sem a contrata\u00e7\u00e3o desse seguro, n\u00e3o h\u00e1 reembolso por cancelamento.<\/p>\n<\/li>\n<\/ul>\n<h3 data-start=\"1164\" data-end=\"1188\">Respondemos suas perguntas<\/h3>\n<p data-start=\"1190\" data-end=\"1326\"><strong data-start=\"1190\" data-end=\"1243\">Quando posso adicionar o Seguro de Cancelamento?<\/strong><br data-start=\"1243\" data-end=\"1246\" \/>Voc\u00ea tem a op\u00e7\u00e3o de inclu\u00ed-lo at\u00e9 30 minutos ap\u00f3s a emiss\u00e3o do voucher.<\/p>\n<p data-start=\"1328\" data-end=\"1451\"><strong data-start=\"1328\" data-end=\"1388\">Voc\u00eas me pedem um comprovante de cancelamento?<\/strong><br data-start=\"1388\" data-end=\"1391\" \/>Isso n\u00e3o \u00e9 necess\u00e1rio. O processo \u00e9 simples e voc\u00ea n\u00e3o precisa justificar seus motivos.<\/p>\n<p data-start=\"1453\" data-end=\"1575\"><strong data-start=\"1453\" data-end=\"1492\">O reembolso cobre tudo o que eu paguei?<\/strong><br data-start=\"1492\" data-end=\"1495\" \/>N\u00e3o. O reembolso inclui 80% do valor pago, de acordo com as normas em vigor.<\/p>\n<p data-start=\"1577\" data-end=\"1711\"><strong data-start=\"1577\" data-end=\"1617\">\u00c9 obrigat\u00f3rio solicitar o seguro?<\/strong><br data-start=\"1617\" data-end=\"1620\" \/>N\u00e3o, n\u00e3o \u00e9 um requisito, mas sem adicion\u00e1-lo voc\u00ea n\u00e3o ter\u00e1 acesso a reembolsos se tiver que cancelar.<\/p>","protected":false},"excerpt":{"rendered":"<p>Seguro de cancelamento para viagens tur\u00edsticas em Bariloche. Obtenha um reembolso de 80% se voc\u00ea cancelar at\u00e9 as 19 horas do dia anterior. S\u00f3 pode ser contratado durante o processo de reserva.<\/p>","protected":false},"featured_media":236639,"comment_status":"open","ping_status":"closed","template":"","meta":[],"product_brand":[],"product_cat":[555],"product_tag":[],"class_list":{"0":"post-236388","1":"product","2":"type-product","3":"status-publish","4":"has-post-thumbnail","6":"product_cat-otros","8":"first","9":"instock","10":"virtual","11":"purchasable","12":"product-type-simple"},"booking_location":null,"booking_location_type":null,"booking_duration":null,"booking_duration_unit":null,"booking_buffer":null,"booking_cost":null,"booking_resources":null,"exclude_global_add_ons":[],"addons":[],"yoast_head":"<!-- This site is optimized with the Yoast SEO Premium plugin v24.5 (Yoast SEO v24.8) - https:\/\/yoast.com\/wordpress\/plugins\/seo\/ -->\n<title>Seguro de Cancelaci\u00f3n \u2013 Cancel\u00e1 tu excursi\u00f3n sin perder todo el valor | Rafting Patagonia en Bariloche<\/title>\n<meta name=\"robots\" content=\"index, follow, max-snippet:-1, max-image-preview:large, max-video-preview:-1\" \/>\n<link rel=\"canonical\" href=\"https:\/\/raftingpatagonia.com\/pt\/produto\/seguro-de-cancelamento-cancelar-sua-excursao-sem-perder-todo-o-valor\/\" \/>\n<meta property=\"og:locale\" content=\"pt_BR\" \/>\n<meta property=\"og:type\" content=\"article\" \/>\n<meta property=\"og:title\" content=\"Seguro de Cancelaci\u00f3n \u2013 Cancel\u00e1 tu excursi\u00f3n sin perder todo el valor\" \/>\n<meta property=\"og:description\" content=\"Seguro de Anulaci\u00f3n para salidas tur\u00edsticas en Bariloche. Obten\u00e9 un reintegro del 80% si desist\u00eds hasta las 19 hs del d\u00eda previo. Contrataci\u00f3n posible \u00fanicamente durante la reserva.\" \/>\n<meta property=\"og:url\" content=\"https:\/\/raftingpatagonia.com\/pt\/produto\/seguro-de-cancelamento-cancelar-sua-excursao-sem-perder-todo-o-valor\/\" \/>\n<meta property=\"og:site_name\" content=\"Rafting Patagonia en Bariloche\" \/>\n<meta property=\"article:publisher\" content=\"https:\/\/www.facebook.com\/Rafting-4810-231662556864543\/\" \/>\n<meta property=\"article:modified_time\" content=\"2025-09-08T16:45:43+00:00\" \/>\n<meta property=\"og:image\" content=\"https:\/\/raftingpatagonia.com\/wp-content\/uploads\/2025\/08\/11-A-1.jpg\" \/>\n\t<meta property=\"og:image:width\" content=\"850\" \/>\n\t<meta property=\"og:image:height\" content=\"1133\" \/>\n\t<meta property=\"og:image:type\" content=\"image\/jpeg\" \/>\n<meta name=\"twitter:card\" content=\"summary_large_image\" \/>\n<meta name=\"twitter:label1\" content=\"Pre\u00e7o\" \/>\n\t<meta name=\"twitter:data1\" content=\"&#036;&nbsp;15.000,00\" \/>\n\t<meta name=\"twitter:label2\" content=\"Disponibilidade\" \/>\n\t<meta name=\"twitter:data2\" content=\"Em Estoque\" \/>\n<script type=\"application\/ld+json\" class=\"yoast-schema-graph\">{\"@context\":\"https:\/\/schema.org\",\"@graph\":[{\"@type\":[\"WebPage\",\"ItemPage\"],\"@id\":\"https:\/\/raftingpatagonia.com\/producto\/seguro-de-cancelacion-cancela-tu-excursion-sin-perder-todo-el-valor\",\"url\":\"https:\/\/raftingpatagonia.com\/producto\/seguro-de-cancelacion-cancela-tu-excursion-sin-perder-todo-el-valor\",\"name\":\"Seguro de Cancelaci\u00f3n \u2013 Cancel\u00e1 tu excursi\u00f3n sin perder todo el valor | Rafting Patagonia en Bariloche\",\"isPartOf\":{\"@id\":\"https:\/\/raftingpatagonia.com\/#website\"},\"primaryImageOfPage\":{\"@id\":\"https:\/\/raftingpatagonia.com\/producto\/seguro-de-cancelacion-cancela-tu-excursion-sin-perder-todo-el-valor#primaryimage\"},\"image\":{\"@id\":\"https:\/\/raftingpatagonia.com\/producto\/seguro-de-cancelacion-cancela-tu-excursion-sin-perder-todo-el-valor#primaryimage\"},\"thumbnailUrl\":\"https:\/\/raftingpatagonia.com\/wp-content\/uploads\/2025\/08\/11-A-1.jpg\",\"datePublished\":\"2025-08-18T16:05:52+00:00\",\"dateModified\":\"2025-09-08T16:45:43+00:00\",\"breadcrumb\":{\"@id\":\"https:\/\/raftingpatagonia.com\/producto\/seguro-de-cancelacion-cancela-tu-excursion-sin-perder-todo-el-valor#breadcrumb\"},\"inLanguage\":\"pt-BR\",\"potentialAction\":[{\"@type\":\"ReadAction\",\"target\":[\"https:\/\/raftingpatagonia.com\/producto\/seguro-de-cancelacion-cancela-tu-excursion-sin-perder-todo-el-valor\"]}]},{\"@type\":\"ImageObject\",\"inLanguage\":\"pt-BR\",\"@id\":\"https:\/\/raftingpatagonia.com\/producto\/seguro-de-cancelacion-cancela-tu-excursion-sin-perder-todo-el-valor#primaryimage\",\"url\":\"https:\/\/raftingpatagonia.com\/wp-content\/uploads\/2025\/08\/11-A-1.jpg\",\"contentUrl\":\"https:\/\/raftingpatagonia.com\/wp-content\/uploads\/2025\/08\/11-A-1.jpg\",\"width\":850,\"height\":1133},{\"@type\":\"BreadcrumbList\",\"@id\":\"https:\/\/raftingpatagonia.com\/producto\/seguro-de-cancelacion-cancela-tu-excursion-sin-perder-todo-el-valor#breadcrumb\",\"itemListElement\":[{\"@type\":\"ListItem\",\"position\":1,\"name\":\"Home\",\"item\":\"https:\/\/raftingpatagonia.com\/\"},{\"@type\":\"ListItem\",\"position\":2,\"name\":\"Shop\",\"item\":\"https:\/\/raftingpatagonia.com\/actividades\"},{\"@type\":\"ListItem\",\"position\":3,\"name\":\"Seguro de Cancelaci\u00f3n \u2013 Cancel\u00e1 tu excursi\u00f3n sin perder todo el valor\"}]},{\"@type\":\"WebSite\",\"@id\":\"https:\/\/raftingpatagonia.com\/#website\",\"url\":\"https:\/\/raftingpatagonia.com\/\",\"name\":\"Rafting Patagonia en Bariloche\",\"description\":\"Rafting Patagonia en Bariloche\",\"potentialAction\":[{\"@type\":\"SearchAction\",\"target\":{\"@type\":\"EntryPoint\",\"urlTemplate\":\"https:\/\/raftingpatagonia.com\/?s={search_term_string}\"},\"query-input\":{\"@type\":\"PropertyValueSpecification\",\"valueRequired\":true,\"valueName\":\"search_term_string\"}}],\"inLanguage\":\"pt-BR\"}]}<\/script>\n<meta property=\"product:price:amount\" content=\"15000.00\" \/>\n<meta property=\"product:price:currency\" content=\"ARS\" \/>\n<meta property=\"og:availability\" content=\"instock\" \/>\n<meta property=\"product:availability\" content=\"instock\" \/>\n<meta property=\"product:condition\" content=\"new\" \/>\n<!-- \/ Yoast SEO Premium plugin. -->","yoast_head_json":{"title":"Seguro de Cancelamento - Cancele sua viagem sem perder todo o valor | Rafting Patag\u00f4nia em Bariloche","robots":{"index":"index","follow":"follow","max-snippet":"max-snippet:-1","max-image-preview":"max-image-preview:large","max-video-preview":"max-video-preview:-1"},"canonical":"https:\/\/raftingpatagonia.com\/pt\/produto\/seguro-de-cancelamento-cancelar-sua-excursao-sem-perder-todo-o-valor\/","og_locale":"pt_BR","og_type":"article","og_title":"Seguro de Cancelaci\u00f3n \u2013 Cancel\u00e1 tu excursi\u00f3n sin perder todo el valor","og_description":"Seguro de Anulaci\u00f3n para salidas tur\u00edsticas en Bariloche. Obten\u00e9 un reintegro del 80% si desist\u00eds hasta las 19 hs del d\u00eda previo. Contrataci\u00f3n posible \u00fanicamente durante la reserva.","og_url":"https:\/\/raftingpatagonia.com\/pt\/produto\/seguro-de-cancelamento-cancelar-sua-excursao-sem-perder-todo-o-valor\/","og_site_name":"Rafting Patagonia en Bariloche","article_publisher":"https:\/\/www.facebook.com\/Rafting-4810-231662556864543\/","article_modified_time":"2025-09-08T16:45:43+00:00","og_image":[{"width":850,"height":1133,"url":"https:\/\/raftingpatagonia.com\/wp-content\/uploads\/2025\/08\/11-A-1.jpg","type":"image\/jpeg"}],"twitter_card":"summary_large_image","twitter_misc":{"Pre\u00e7o":"&#36;&nbsp;15.000,00","Disponibilidade":"Em Estoque"},"schema":{"@context":"https:\/\/schema.org","@graph":[{"@type":["WebPage","ItemPage"],"@id":"https:\/\/raftingpatagonia.com\/producto\/seguro-de-cancelacion-cancela-tu-excursion-sin-perder-todo-el-valor","url":"https:\/\/raftingpatagonia.com\/producto\/seguro-de-cancelacion-cancela-tu-excursion-sin-perder-todo-el-valor","name":"Seguro de Cancelamento - Cancele sua viagem sem perder todo o valor | Rafting Patag\u00f4nia em Bariloche","isPartOf":{"@id":"https:\/\/raftingpatagonia.com\/#website"},"primaryImageOfPage":{"@id":"https:\/\/raftingpatagonia.com\/producto\/seguro-de-cancelacion-cancela-tu-excursion-sin-perder-todo-el-valor#primaryimage"},"image":{"@id":"https:\/\/raftingpatagonia.com\/producto\/seguro-de-cancelacion-cancela-tu-excursion-sin-perder-todo-el-valor#primaryimage"},"thumbnailUrl":"https:\/\/raftingpatagonia.com\/wp-content\/uploads\/2025\/08\/11-A-1.jpg","datePublished":"2025-08-18T16:05:52+00:00","dateModified":"2025-09-08T16:45:43+00:00","breadcrumb":{"@id":"https:\/\/raftingpatagonia.com\/producto\/seguro-de-cancelacion-cancela-tu-excursion-sin-perder-todo-el-valor#breadcrumb"},"inLanguage":"pt-BR","potentialAction":[{"@type":"ReadAction","target":["https:\/\/raftingpatagonia.com\/producto\/seguro-de-cancelacion-cancela-tu-excursion-sin-perder-todo-el-valor"]}]},{"@type":"ImageObject","inLanguage":"pt-BR","@id":"https:\/\/raftingpatagonia.com\/producto\/seguro-de-cancelacion-cancela-tu-excursion-sin-perder-todo-el-valor#primaryimage","url":"https:\/\/raftingpatagonia.com\/wp-content\/uploads\/2025\/08\/11-A-1.jpg","contentUrl":"https:\/\/raftingpatagonia.com\/wp-content\/uploads\/2025\/08\/11-A-1.jpg","width":850,"height":1133},{"@type":"BreadcrumbList","@id":"https:\/\/raftingpatagonia.com\/producto\/seguro-de-cancelacion-cancela-tu-excursion-sin-perder-todo-el-valor#breadcrumb","itemListElement":[{"@type":"ListItem","position":1,"name":"Home","item":"https:\/\/raftingpatagonia.com\/"},{"@type":"ListItem","position":2,"name":"Shop","item":"https:\/\/raftingpatagonia.com\/actividades"},{"@type":"ListItem","position":3,"name":"Seguro de Cancelaci\u00f3n \u2013 Cancel\u00e1 tu excursi\u00f3n sin perder todo el valor"}]},{"@type":"WebSite","@id":"https:\/\/raftingpatagonia.com\/#website","url":"https:\/\/raftingpatagonia.com\/","name":"Rafting na Patag\u00f4nia em Bariloche","description":"Rafting na Patag\u00f4nia em Bariloche","potentialAction":[{"@type":"SearchAction","target":{"@type":"EntryPoint","urlTemplate":"https:\/\/raftingpatagonia.com\/?s={search_term_string}"},"query-input":{"@type":"PropertyValueSpecification","valueRequired":true,"valueName":"search_term_string"}}],"inLanguage":"pt-BR"}]},"product_price_amount":"15000.00","product_price_currency":"ARS","og_availability":"instock","product_availability":"instock","product_condition":"new"},"_links":{"self":[{"href":"https:\/\/raftingpatagonia.com\/pt\/wp-json\/wp\/v2\/product\/236388","targetHints":{"allow":["GET"]}}],"collection":[{"href":"https:\/\/raftingpatagonia.com\/pt\/wp-json\/wp\/v2\/product"}],"about":[{"href":"https:\/\/raftingpatagonia.com\/pt\/wp-json\/wp\/v2\/types\/product"}],"replies":[{"embeddable":true,"href":"https:\/\/raftingpatagonia.com\/pt\/wp-json\/wp\/v2\/comments?post=236388"}],"wp:featuredmedia":[{"embeddable":true,"href":"https:\/\/raftingpatagonia.com\/pt\/wp-json\/wp\/v2\/media\/236639"}],"wp:attachment":[{"href":"https:\/\/raftingpatagonia.com\/pt\/wp-json\/wp\/v2\/media?parent=236388"}],"wp:term":[{"taxonomy":"product_brand","embeddable":true,"href":"https:\/\/raftingpatagonia.com\/pt\/wp-json\/wp\/v2\/product_brand?post=236388"},{"taxonomy":"product_cat","embeddable":true,"href":"https:\/\/raftingpatagonia.com\/pt\/wp-json\/wp\/v2\/product_cat?post=236388"},{"taxonomy":"product_tag","embeddable":true,"href":"https:\/\/raftingpatagonia.com\/pt\/wp-json\/wp\/v2\/product_tag?post=236388"}],"curies":[{"name":"wp","href":"https:\/\/api.w.org\/{rel}","templated":true}]}}