{"id":236385,"date":"2025-08-18T13:04:51","date_gmt":"2025-08-18T16:04:51","guid":{"rendered":"https:\/\/raftingpatagonia.com\/producto\/rafting-en-rio-limay-desde-bariloche-naturaleza-aventura-y-estepa-patagonica"},"modified":"2026-04-28T10:24:07","modified_gmt":"2026-04-28T13:24:07","slug":"rafting-rio-limay-desde-bariloche","status":"publish","type":"product","link":"https:\/\/raftingpatagonia.com\/pt\/produto\/rafting-no-rio-limay-saindo-de-bariloche","title":{"rendered":"Rafting no rio Limay desde Bariloche: natureza, aventura e estepe patag\u00f4nica"},"content":{"rendered":"<h2>Viva uma experi\u00eancia exclusiva na Patag\u00f4nia<\/h2>\n<p>Reencontre a majestade natural do rio Limay em um dia de rafting f\u00e1cil. Essa proposta foi criada para aqueles que desejam combinar aventura com bem-estar e adrenalina nas paisagens mais impressionantes da Patag\u00f4nia. \u00c9 a op\u00e7\u00e3o perfeita para fam\u00edlias, grupos de amigos ou para aqueles que est\u00e3o dando seus primeiros passos no rafting, cercados pela seguran\u00e7a e pelo charme local.<\/p>\n<h3>Principais recursos<\/h3>\n<ul>\n<li><strong>Proposta segura e protegida para todos:<\/strong> Descida em corredeiras de classe I\/II, ideal para pessoas a partir de 3 anos de idade.<\/li>\n<li><strong>Tudo o que voc\u00ea precisa est\u00e1 inclu\u00eddo:<\/strong> Voc\u00ea tem um colete, remos, traslado e um ponto de encontro coordenado e orientado.<\/li>\n<li><strong>Hor\u00e1rio exato de partida:<\/strong> A excurs\u00e3o come\u00e7a pontualmente \u00e0s 13:00, para que voc\u00ea possa aproveitar cada momento entre a adrenalina e o relaxamento.<\/li>\n<li><strong>Recarga de energia:<\/strong> Caf\u00e9 da manh\u00e3 ou lanche inclu\u00eddo, para continuar a aventura com a bateria cheia.<\/li>\n<\/ul>\n<h3>Desfrute de um passeio irrepet\u00edvel com conforto e paisagens<\/h3>\n<p>Deixe-se surpreender por uma viagem que alterna a calma das \u00e1guas mansas com o entusiasmo das pequenas corredeiras do Limay. Cada detalhe foi projetado para tornar sua experi\u00eancia inesquec\u00edvel, combinando a imensid\u00e3o da Patag\u00f4nia com a distin\u00e7\u00e3o de uma atividade que coloca seu bem-estar e divers\u00e3o em primeiro lugar.<\/p>\n<h3>Perguntas frequentes (FAQ)<\/h3>\n<ul>\n<li><strong>O que est\u00e1 inclu\u00eddo no passeio?<\/strong>A proposta inclui traslado at\u00e9 o ponto de encontro, equipamento completo (colete e remos), al\u00e9m de caf\u00e9 da manh\u00e3 ou lanche, para que voc\u00ea s\u00f3 precise se divertir.<\/li>\n<li><strong>\u00c9 adequado para fam\u00edlias e crian\u00e7as?<\/strong>A atividade foi projetada para ser compartilhada entre adultos e crian\u00e7as, pois \u00e9 adequada para crian\u00e7as a partir de 3 anos de idade, ideal para quem est\u00e1 procurando planos originais para a fam\u00edlia.<\/li>\n<li><strong>Qual \u00e9 o grau de dificuldade da rota?<\/strong>O curso \u00e9 realizado em corredeiras de classe I\/II, o que o torna uma proposta acess\u00edvel e confi\u00e1vel para iniciantes no esporte.<\/li>\n<li><strong>\u00c9 necess\u00e1rio ter experi\u00eancia anterior?<\/strong>De forma alguma, voc\u00ea n\u00e3o precisa ter nenhuma experi\u00eancia anterior. Ele foi projetado para aqueles que querem sentir o rafting em um espa\u00e7o guiado e seguro, cheio de entusiasmo.<\/li>\n<\/ul>\n<p><strong>Aviso importante<\/strong>Este passeio j\u00e1 est\u00e1 dispon\u00edvel para pr\u00e9-reserva. As sa\u00eddas operam de 30 de abril a 30 de setembro, sujeitas ao calend\u00e1rio sazonal.<\/p>","protected":false},"excerpt":{"rendered":"<p>Conhe\u00e7a o Limay em um tranquilo passeio de rafting, projetado para oferecer seguran\u00e7a e uma experi\u00eancia personalizada em uma paisagem \u00fanica. Perfeito para grupos familiares e para aqueles que est\u00e3o come\u00e7ando a se aventurar.<\/p>","protected":false},"featured_media":236661,"comment_status":"open","ping_status":"closed","template":"","meta":[],"product_brand":[],"product_cat":[542,544,546,547,549,551,553,554,558],"product_tag":[],"class_list":{"0":"post-236385","1":"product","2":"type-product","3":"status-publish","4":"has-post-thumbnail","6":"product_cat-adultos","7":"product_cat-aventura","8":"product_cat-con-traslado","9":"product_cat-familia","10":"product_cat-invierno","11":"product_cat-lacustre","12":"product_cat-ninos","13":"product_cat-otono","14":"product_cat-sin-comida","16":"first","17":"instock","18":"virtual","19":"sold-individually","20":"purchasable","21":"product-type-booking"},"booking_location":"","booking_location_type":"","booking_duration":1,"booking_duration_unit":"hour","booking_buffer":0,"booking_cost":0,"booking_resources":[],"exclude_global_add_ons":false,"addons":[{"name":"ADU: Adulto","type":"input_multiplier","position":0,"required":false,"title_format":"label","default":"","description_enable":false,"description":"","placeholder_enable":false,"placeholder":"","display":"select","restrictions_type":"any_text","adjust_price":true,"price":"99500","price_type":"quantity_based","restrictions":false,"min":"0","max":"0","options":[],"id":1777371736}],"yoast_head":"<!-- This site is optimized with the Yoast SEO Premium plugin v24.5 (Yoast SEO v24.8) - https:\/\/yoast.com\/wordpress\/plugins\/seo\/ -->\n<title>Rafting en R\u00edo Limay desde Bariloche | Rafting Patagonia en Bariloche<\/title>\n<meta name=\"description\" content=\"Viv\u00ed una experiencia segura de rafting en el R\u00edo Limay. Naturaleza, diversi\u00f3n y relax en paisajes patag\u00f3nicos \u00fanicos, ideal para toda la familia.\" \/>\n<meta name=\"robots\" content=\"index, follow, max-snippet:-1, max-image-preview:large, max-video-preview:-1\" \/>\n<link rel=\"canonical\" href=\"https:\/\/raftingpatagonia.com\/pt\/produto\/rafting-no-rio-limay-saindo-de-bariloche\/\" \/>\n<meta property=\"og:locale\" content=\"pt_BR\" \/>\n<meta property=\"og:type\" content=\"article\" \/>\n<meta property=\"og:title\" content=\"Rafting en R\u00edo Limay desde Bariloche: Naturaleza, Aventura y Estepa Patag\u00f3nica\" \/>\n<meta property=\"og:description\" content=\"Viv\u00ed una experiencia segura de rafting en el R\u00edo Limay. Naturaleza, diversi\u00f3n y relax en paisajes patag\u00f3nicos \u00fanicos, ideal para toda la familia.\" \/>\n<meta property=\"og:url\" content=\"https:\/\/raftingpatagonia.com\/pt\/produto\/rafting-no-rio-limay-saindo-de-bariloche\/\" \/>\n<meta property=\"og:site_name\" content=\"Rafting Patagonia en Bariloche\" \/>\n<meta property=\"article:publisher\" content=\"https:\/\/www.facebook.com\/Rafting-4810-231662556864543\/\" \/>\n<meta property=\"article:modified_time\" content=\"2026-04-28T13:24:07+00:00\" \/>\n<meta property=\"og:image\" content=\"https:\/\/raftingpatagonia.com\/wp-content\/uploads\/2025\/08\/11-A-veni-a-disfrutar-de-una.jpg\" \/>\n\t<meta property=\"og:image:width\" content=\"850\" \/>\n\t<meta property=\"og:image:height\" content=\"1133\" \/>\n\t<meta property=\"og:image:type\" content=\"image\/jpeg\" \/>\n<meta name=\"twitter:card\" content=\"summary_large_image\" \/>\n<meta name=\"twitter:label1\" content=\"Pre\u00e7o\" \/>\n\t<meta name=\"twitter:data1\" content=\"&#036;&nbsp;99.500,00\" \/>\n\t<meta name=\"twitter:label2\" content=\"Disponibilidade\" \/>\n\t<meta name=\"twitter:data2\" content=\"Em Estoque\" \/>\n<script type=\"application\/ld+json\" class=\"yoast-schema-graph\">{\"@context\":\"https:\/\/schema.org\",\"@graph\":[{\"@type\":[\"WebPage\",\"ItemPage\"],\"@id\":\"https:\/\/raftingpatagonia.com\/producto\/rafting-rio-limay-desde-bariloche\",\"url\":\"https:\/\/raftingpatagonia.com\/producto\/rafting-rio-limay-desde-bariloche\",\"name\":\"Rafting en R\u00edo Limay desde Bariloche | Rafting Patagonia en Bariloche\",\"isPartOf\":{\"@id\":\"https:\/\/raftingpatagonia.com\/#website\"},\"primaryImageOfPage\":{\"@id\":\"https:\/\/raftingpatagonia.com\/producto\/rafting-rio-limay-desde-bariloche#primaryimage\"},\"image\":{\"@id\":\"https:\/\/raftingpatagonia.com\/producto\/rafting-rio-limay-desde-bariloche#primaryimage\"},\"thumbnailUrl\":\"https:\/\/raftingpatagonia.com\/wp-content\/uploads\/2025\/08\/11-A-veni-a-disfrutar-de-una.jpg\",\"datePublished\":\"2025-08-18T16:04:51+00:00\",\"dateModified\":\"2026-04-28T13:24:07+00:00\",\"description\":\"Viv\u00ed una experiencia segura de rafting en el R\u00edo Limay. Naturaleza, diversi\u00f3n y relax en paisajes patag\u00f3nicos \u00fanicos, ideal para toda la familia.\",\"breadcrumb\":{\"@id\":\"https:\/\/raftingpatagonia.com\/producto\/rafting-rio-limay-desde-bariloche#breadcrumb\"},\"inLanguage\":\"pt-BR\",\"potentialAction\":[{\"@type\":\"ReadAction\",\"target\":[\"https:\/\/raftingpatagonia.com\/producto\/rafting-rio-limay-desde-bariloche\"]}]},{\"@type\":\"ImageObject\",\"inLanguage\":\"pt-BR\",\"@id\":\"https:\/\/raftingpatagonia.com\/producto\/rafting-rio-limay-desde-bariloche#primaryimage\",\"url\":\"https:\/\/raftingpatagonia.com\/wp-content\/uploads\/2025\/08\/11-A-veni-a-disfrutar-de-una.jpg\",\"contentUrl\":\"https:\/\/raftingpatagonia.com\/wp-content\/uploads\/2025\/08\/11-A-veni-a-disfrutar-de-una.jpg\",\"width\":850,\"height\":1133},{\"@type\":\"BreadcrumbList\",\"@id\":\"https:\/\/raftingpatagonia.com\/producto\/rafting-rio-limay-desde-bariloche#breadcrumb\",\"itemListElement\":[{\"@type\":\"ListItem\",\"position\":1,\"name\":\"Home\",\"item\":\"https:\/\/raftingpatagonia.com\/\"},{\"@type\":\"ListItem\",\"position\":2,\"name\":\"Shop\",\"item\":\"https:\/\/raftingpatagonia.com\/actividades\"},{\"@type\":\"ListItem\",\"position\":3,\"name\":\"Rafting en R\u00edo Limay desde Bariloche: Naturaleza, Aventura y Estepa Patag\u00f3nica\"}]},{\"@type\":\"WebSite\",\"@id\":\"https:\/\/raftingpatagonia.com\/#website\",\"url\":\"https:\/\/raftingpatagonia.com\/\",\"name\":\"Rafting Patagonia en Bariloche\",\"description\":\"Rafting Patagonia en Bariloche\",\"potentialAction\":[{\"@type\":\"SearchAction\",\"target\":{\"@type\":\"EntryPoint\",\"urlTemplate\":\"https:\/\/raftingpatagonia.com\/?s={search_term_string}\"},\"query-input\":{\"@type\":\"PropertyValueSpecification\",\"valueRequired\":true,\"valueName\":\"search_term_string\"}}],\"inLanguage\":\"pt-BR\"}]}<\/script>\n<meta property=\"product:price:amount\" content=\"99500.00\" \/>\n<meta property=\"product:price:currency\" content=\"ARS\" \/>\n<meta property=\"og:availability\" content=\"instock\" \/>\n<meta property=\"product:availability\" content=\"instock\" \/>\n<meta property=\"product:retailer_item_id\" content=\"ADV2025RALIPO7XQ4\" \/>\n<meta property=\"product:condition\" content=\"new\" \/>\n<!-- \/ Yoast SEO Premium plugin. -->","yoast_head_json":{"title":"Rafting no rio Limay desde Bariloche | Rafting Patag\u00f4nia em Bariloche","description":"Viva uma experi\u00eancia segura de rafting no Rio Limay. Natureza, divers\u00e3o e relaxamento em paisagens patag\u00f4nicas \u00fanicas, ideais para toda a fam\u00edlia.","robots":{"index":"index","follow":"follow","max-snippet":"max-snippet:-1","max-image-preview":"max-image-preview:large","max-video-preview":"max-video-preview:-1"},"canonical":"https:\/\/raftingpatagonia.com\/pt\/produto\/rafting-no-rio-limay-saindo-de-bariloche\/","og_locale":"pt_BR","og_type":"article","og_title":"Rafting en R\u00edo Limay desde Bariloche: Naturaleza, Aventura y Estepa Patag\u00f3nica","og_description":"Viv\u00ed una experiencia segura de rafting en el R\u00edo Limay. Naturaleza, diversi\u00f3n y relax en paisajes patag\u00f3nicos \u00fanicos, ideal para toda la familia.","og_url":"https:\/\/raftingpatagonia.com\/pt\/produto\/rafting-no-rio-limay-saindo-de-bariloche\/","og_site_name":"Rafting Patagonia en Bariloche","article_publisher":"https:\/\/www.facebook.com\/Rafting-4810-231662556864543\/","article_modified_time":"2026-04-28T13:24:07+00:00","og_image":[{"width":850,"height":1133,"url":"https:\/\/raftingpatagonia.com\/wp-content\/uploads\/2025\/08\/11-A-veni-a-disfrutar-de-una.jpg","type":"image\/jpeg"}],"twitter_card":"summary_large_image","twitter_misc":{"Pre\u00e7o":"&#36;&nbsp;99.500,00","Disponibilidade":"Em Estoque"},"schema":{"@context":"https:\/\/schema.org","@graph":[{"@type":["WebPage","ItemPage"],"@id":"https:\/\/raftingpatagonia.com\/producto\/rafting-rio-limay-desde-bariloche","url":"https:\/\/raftingpatagonia.com\/producto\/rafting-rio-limay-desde-bariloche","name":"Rafting no rio Limay desde Bariloche | Rafting Patag\u00f4nia em Bariloche","isPartOf":{"@id":"https:\/\/raftingpatagonia.com\/#website"},"primaryImageOfPage":{"@id":"https:\/\/raftingpatagonia.com\/producto\/rafting-rio-limay-desde-bariloche#primaryimage"},"image":{"@id":"https:\/\/raftingpatagonia.com\/producto\/rafting-rio-limay-desde-bariloche#primaryimage"},"thumbnailUrl":"https:\/\/raftingpatagonia.com\/wp-content\/uploads\/2025\/08\/11-A-veni-a-disfrutar-de-una.jpg","datePublished":"2025-08-18T16:04:51+00:00","dateModified":"2026-04-28T13:24:07+00:00","description":"Viva uma experi\u00eancia segura de rafting no Rio Limay. Natureza, divers\u00e3o e relaxamento em paisagens patag\u00f4nicas \u00fanicas, ideais para toda a fam\u00edlia.","breadcrumb":{"@id":"https:\/\/raftingpatagonia.com\/producto\/rafting-rio-limay-desde-bariloche#breadcrumb"},"inLanguage":"pt-BR","potentialAction":[{"@type":"ReadAction","target":["https:\/\/raftingpatagonia.com\/producto\/rafting-rio-limay-desde-bariloche"]}]},{"@type":"ImageObject","inLanguage":"pt-BR","@id":"https:\/\/raftingpatagonia.com\/producto\/rafting-rio-limay-desde-bariloche#primaryimage","url":"https:\/\/raftingpatagonia.com\/wp-content\/uploads\/2025\/08\/11-A-veni-a-disfrutar-de-una.jpg","contentUrl":"https:\/\/raftingpatagonia.com\/wp-content\/uploads\/2025\/08\/11-A-veni-a-disfrutar-de-una.jpg","width":850,"height":1133},{"@type":"BreadcrumbList","@id":"https:\/\/raftingpatagonia.com\/producto\/rafting-rio-limay-desde-bariloche#breadcrumb","itemListElement":[{"@type":"ListItem","position":1,"name":"Home","item":"https:\/\/raftingpatagonia.com\/"},{"@type":"ListItem","position":2,"name":"Shop","item":"https:\/\/raftingpatagonia.com\/actividades"},{"@type":"ListItem","position":3,"name":"Rafting en R\u00edo Limay desde Bariloche: Naturaleza, Aventura y Estepa Patag\u00f3nica"}]},{"@type":"WebSite","@id":"https:\/\/raftingpatagonia.com\/#website","url":"https:\/\/raftingpatagonia.com\/","name":"Rafting na Patag\u00f4nia em Bariloche","description":"Rafting na Patag\u00f4nia em Bariloche","potentialAction":[{"@type":"SearchAction","target":{"@type":"EntryPoint","urlTemplate":"https:\/\/raftingpatagonia.com\/?s={search_term_string}"},"query-input":{"@type":"PropertyValueSpecification","valueRequired":true,"valueName":"search_term_string"}}],"inLanguage":"pt-BR"}]},"product_price_amount":"99500.00","product_price_currency":"ARS","og_availability":"instock","product_availability":"instock","product_retailer_item_id":"ADV2025RALIPO7XQ4","product_condition":"new"},"_links":{"self":[{"href":"https:\/\/raftingpatagonia.com\/pt\/wp-json\/wp\/v2\/product\/236385","targetHints":{"allow":["GET"]}}],"collection":[{"href":"https:\/\/raftingpatagonia.com\/pt\/wp-json\/wp\/v2\/product"}],"about":[{"href":"https:\/\/raftingpatagonia.com\/pt\/wp-json\/wp\/v2\/types\/product"}],"replies":[{"embeddable":true,"href":"https:\/\/raftingpatagonia.com\/pt\/wp-json\/wp\/v2\/comments?post=236385"}],"wp:featuredmedia":[{"embeddable":true,"href":"https:\/\/raftingpatagonia.com\/pt\/wp-json\/wp\/v2\/media\/236661"}],"wp:attachment":[{"href":"https:\/\/raftingpatagonia.com\/pt\/wp-json\/wp\/v2\/media?parent=236385"}],"wp:term":[{"taxonomy":"product_brand","embeddable":true,"href":"https:\/\/raftingpatagonia.com\/pt\/wp-json\/wp\/v2\/product_brand?post=236385"},{"taxonomy":"product_cat","embeddable":true,"href":"https:\/\/raftingpatagonia.com\/pt\/wp-json\/wp\/v2\/product_cat?post=236385"},{"taxonomy":"product_tag","embeddable":true,"href":"https:\/\/raftingpatagonia.com\/pt\/wp-json\/wp\/v2\/product_tag?post=236385"}],"curies":[{"name":"wp","href":"https:\/\/api.w.org\/{rel}","templated":true}]}}