{"id":236413,"date":"2025-08-18T13:17:36","date_gmt":"2025-08-18T16:17:36","guid":{"rendered":"https:\/\/raftingpatagonia.com\/producto\/puerto-blest-y-cascada-los-cantaros-sin-traslado"},"modified":"2026-04-04T10:45:53","modified_gmt":"2026-04-04T13:45:53","slug":"puerto-blest-cantaros-sin-traslado","status":"publish","type":"product","link":"https:\/\/raftingpatagonia.com\/en\/product\/puerto-blest-cantaros-without-relocation","title":{"rendered":"Puerto Blest and \u201cLos Cantaros\u201d Waterfall No Transfer"},"content":{"rendered":"<h2>Dive into the Adventure of Puerto Blest<\/h2>\n<p>I lived a unique experience exploring <strong>Puerto Blest<\/strong> and the imposing <strong>Los C\u00e1ntaros Waterfall<\/strong>, A refuge where nature is felt in its maximum splendor. This outing, which does not include transportation, is perfect for those who choose to move on their own up to <strong>Puerto Pa\u00f1uelo<\/strong>, located at <strong>Bustillo Avenue, Kilometer 25, San Carlos de Bariloche<\/strong>.<\/p>\n<h3>The Tour<\/h3>\n<ul>\n<li><strong>Catamaran ride:<\/strong> Navigate the calm waters of the <strong>Nahuel Huapi Lake<\/strong>, surrounded by dreamed islands and incredible panoramas, always under the protection of the imposing <strong>Andes Mountains<\/strong>.<\/li>\n<li><strong>I discovered Los C\u00e1ntaros Waterfall:<\/strong> A special access brings you closer to this impressive waterfall, framed by granite walls shaped by ancient glaciers.<\/li>\n<li><strong>Accompanied walks:<\/strong> Take a walk along trails that reveal the unsurpassable richness of the <strong>valdivian forest<\/strong> near <strong>Puerto Blest<\/strong>.<\/li>\n<\/ul>\n<h3>Information and Schedules<\/h3>\n<p>The excursion takes place from <strong>9:00 a.m. to 5:30 p.m.<\/strong>, offering you a whole day to connect with nature.<\/p>\n<ul>\n<li><strong>Includes:<\/strong> Guided catamaran ride and interpretive walks through the forest environment.<\/li>\n<li><strong>Does not include:<\/strong> Transfer to Puerto Pa\u00f1uelo, meals and entrance fees to national parks.<\/li>\n<\/ul>\n<h3>A Surprising Ending<\/h3>\n<p>The closing is a fantastic journey through the <strong>Blest Arm<\/strong>, with a view of the impressive <strong>Cerro Tronador<\/strong>, offering you a unique visual show in the Patagonian sunset.<\/p>\n<h3>Frequently Asked Questions<\/h3>\n<ul>\n<li><strong>How do I get to Puerto Pa\u00f1uelo?<\/strong><br \/>\nYou have to go directly to Bustillo Avenue, Kilometer 25. The ideal is to drive your own vehicle or take a cab.<\/li>\n<li><strong>What clothes should I wear?<\/strong><br \/>\nIt is best to dress in layers, wear comfortable shoes and warm clothes, as the weather in Patagonia tends to vary.<\/li>\n<li><strong>Is it possible to bring food?<\/strong><br \/>\nOf course, you can bring food with you, although there are also options to buy something in the area.<\/li>\n<\/ul>","protected":false},"excerpt":{"rendered":"<p>Live an unforgettable adventure sailing through Puerto Blest and admiring the imposing Cascada de Los C\u00e1ntaros waterfall. Take advantage of a relaxing catamaran ride and walking tours through the Valdivian rainforest, sharing unique days in the center of the Argentine Patagonia.<\/p>","protected":false},"featured_media":236682,"comment_status":"open","ping_status":"closed","template":"","meta":[],"product_brand":[],"product_cat":[542,547,550,551,553,558,559,563],"product_tag":[],"class_list":{"0":"post-236413","1":"product","2":"type-product","3":"status-publish","4":"has-post-thumbnail","6":"product_cat-adultos","7":"product_cat-familia","8":"product_cat-jubilados","9":"product_cat-lacustre","10":"product_cat-ninos","11":"product_cat-sin-comida","12":"product_cat-sin-traslado","13":"product_cat-todo-el-ano","15":"first","16":"instock","17":"virtual","18":"sold-individually","19":"purchasable","20":"product-type-booking"},"booking_location":"","booking_location_type":"","booking_duration":60,"booking_duration_unit":"minute","booking_buffer":0,"booking_cost":0,"booking_resources":[],"exclude_global_add_ons":false,"addons":[{"name":"ADU | Adult","type":"input_multiplier","position":0,"required":false,"title_format":"label","default":"","description_enable":false,"description":"","placeholder_enable":false,"placeholder":"","display":"select","restrictions_type":"any_text","adjust_price":true,"price":"136000","price_type":"quantity_based","restrictions":false,"min":"0","max":"0","options":[],"id":1773233626},{"name":"MEN512 | from 5 to 12","type":"input_multiplier","position":1,"required":false,"title_format":"label","default":"","description_enable":false,"description":"","placeholder_enable":false,"placeholder":"","display":"select","restrictions_type":"any_text","adjust_price":true,"price":"70000","price_type":"quantity_based","restrictions":false,"min":"0","max":"0","options":[],"id":1773233627},{"name":"ADUJ : Retired","type":"input_multiplier","position":2,"required":false,"title_format":"label","default":"","description_enable":false,"description":"","placeholder_enable":false,"placeholder":"","display":"select","restrictions_type":"any_text","adjust_price":true,"price":"70000","price_type":"quantity_based","restrictions":false,"min":"0","max":"0","options":[],"id":1773233628}],"yoast_head":"<!-- This site is optimized with the Yoast SEO Premium plugin v24.5 (Yoast SEO v24.8) - https:\/\/yoast.com\/wordpress\/plugins\/seo\/ -->\n<title>Puerto Blest y Los C\u00e1ntaros sin traslado | Rafting Patagonia<\/title>\n<meta name=\"description\" content=\"Descubr\u00ed Puerto Blest y la Cascada Los C\u00e1ntaros. Versi\u00f3n sin traslado ideal para quienes llegan directo al Puerto Pa\u00f1uelo.\" \/>\n<meta name=\"robots\" content=\"index, follow, max-snippet:-1, max-image-preview:large, max-video-preview:-1\" \/>\n<link rel=\"canonical\" href=\"https:\/\/raftingpatagonia.com\/en\/product\/puerto-blest-cantaros-without-relocation\/\" \/>\n<meta property=\"og:locale\" content=\"en_US\" \/>\n<meta property=\"og:type\" content=\"article\" \/>\n<meta property=\"og:title\" content=\"Puerto Blest y Cascada \u201cLos Cantaros\u201d Sin Traslado\" \/>\n<meta property=\"og:description\" content=\"Descubr\u00ed Puerto Blest y la Cascada Los C\u00e1ntaros. Versi\u00f3n sin traslado ideal para quienes llegan directo al Puerto Pa\u00f1uelo.\" \/>\n<meta property=\"og:url\" content=\"https:\/\/raftingpatagonia.com\/en\/product\/puerto-blest-cantaros-without-relocation\/\" \/>\n<meta property=\"og:site_name\" content=\"Rafting Patagonia en Bariloche\" \/>\n<meta property=\"article:publisher\" content=\"https:\/\/www.facebook.com\/Rafting-4810-231662556864543\/\" \/>\n<meta property=\"article:modified_time\" content=\"2026-04-04T13:45:53+00:00\" \/>\n<meta property=\"og:image\" content=\"https:\/\/raftingpatagonia.com\/wp-content\/uploads\/2025\/08\/11-B-411512354_679863444278105_2151602473120210845_n-copia.jpg\" \/>\n\t<meta property=\"og:image:width\" content=\"850\" \/>\n\t<meta property=\"og:image:height\" content=\"1133\" \/>\n\t<meta property=\"og:image:type\" content=\"image\/jpeg\" \/>\n<meta name=\"twitter:card\" content=\"summary_large_image\" \/>\n<meta name=\"twitter:label1\" content=\"Price\" \/>\n\t<meta name=\"twitter:data1\" content=\"&#036;&nbsp;136.000,00\" \/>\n\t<meta name=\"twitter:label2\" content=\"Availability\" \/>\n\t<meta name=\"twitter:data2\" content=\"In stock\" \/>\n<script type=\"application\/ld+json\" class=\"yoast-schema-graph\">{\"@context\":\"https:\/\/schema.org\",\"@graph\":[{\"@type\":[\"WebPage\",\"ItemPage\"],\"@id\":\"https:\/\/raftingpatagonia.com\/producto\/puerto-blest-cantaros-sin-traslado\",\"url\":\"https:\/\/raftingpatagonia.com\/producto\/puerto-blest-cantaros-sin-traslado\",\"name\":\"Puerto Blest y Los C\u00e1ntaros sin traslado | Rafting Patagonia\",\"isPartOf\":{\"@id\":\"https:\/\/raftingpatagonia.com\/#website\"},\"primaryImageOfPage\":{\"@id\":\"https:\/\/raftingpatagonia.com\/producto\/puerto-blest-cantaros-sin-traslado#primaryimage\"},\"image\":{\"@id\":\"https:\/\/raftingpatagonia.com\/producto\/puerto-blest-cantaros-sin-traslado#primaryimage\"},\"thumbnailUrl\":\"https:\/\/raftingpatagonia.com\/wp-content\/uploads\/2025\/08\/11-B-411512354_679863444278105_2151602473120210845_n-copia.jpg\",\"datePublished\":\"2025-08-18T16:17:36+00:00\",\"dateModified\":\"2026-04-04T13:45:53+00:00\",\"description\":\"Descubr\u00ed Puerto Blest y la Cascada Los C\u00e1ntaros. Versi\u00f3n sin traslado ideal para quienes llegan directo al Puerto Pa\u00f1uelo.\",\"breadcrumb\":{\"@id\":\"https:\/\/raftingpatagonia.com\/producto\/puerto-blest-cantaros-sin-traslado#breadcrumb\"},\"inLanguage\":\"en-US\",\"potentialAction\":[{\"@type\":\"ReadAction\",\"target\":[\"https:\/\/raftingpatagonia.com\/producto\/puerto-blest-cantaros-sin-traslado\"]}]},{\"@type\":\"ImageObject\",\"inLanguage\":\"en-US\",\"@id\":\"https:\/\/raftingpatagonia.com\/producto\/puerto-blest-cantaros-sin-traslado#primaryimage\",\"url\":\"https:\/\/raftingpatagonia.com\/wp-content\/uploads\/2025\/08\/11-B-411512354_679863444278105_2151602473120210845_n-copia.jpg\",\"contentUrl\":\"https:\/\/raftingpatagonia.com\/wp-content\/uploads\/2025\/08\/11-B-411512354_679863444278105_2151602473120210845_n-copia.jpg\",\"width\":850,\"height\":1133},{\"@type\":\"BreadcrumbList\",\"@id\":\"https:\/\/raftingpatagonia.com\/producto\/puerto-blest-cantaros-sin-traslado#breadcrumb\",\"itemListElement\":[{\"@type\":\"ListItem\",\"position\":1,\"name\":\"Home\",\"item\":\"https:\/\/raftingpatagonia.com\/\"},{\"@type\":\"ListItem\",\"position\":2,\"name\":\"Shop\",\"item\":\"https:\/\/raftingpatagonia.com\/actividades\"},{\"@type\":\"ListItem\",\"position\":3,\"name\":\"Puerto Blest y Cascada \u201cLos Cantaros\u201d Sin Traslado\"}]},{\"@type\":\"WebSite\",\"@id\":\"https:\/\/raftingpatagonia.com\/#website\",\"url\":\"https:\/\/raftingpatagonia.com\/\",\"name\":\"Rafting Patagonia en Bariloche\",\"description\":\"Rafting Patagonia en Bariloche\",\"potentialAction\":[{\"@type\":\"SearchAction\",\"target\":{\"@type\":\"EntryPoint\",\"urlTemplate\":\"https:\/\/raftingpatagonia.com\/?s={search_term_string}\"},\"query-input\":{\"@type\":\"PropertyValueSpecification\",\"valueRequired\":true,\"valueName\":\"search_term_string\"}}],\"inLanguage\":\"en-US\"}]}<\/script>\n<meta property=\"product:price:amount\" content=\"136000.00\" \/>\n<meta property=\"product:price:currency\" content=\"ARS\" \/>\n<meta property=\"og:availability\" content=\"instock\" \/>\n<meta property=\"product:availability\" content=\"instock\" \/>\n<meta property=\"product:retailer_item_id\" content=\"ADV2025PUBLYC297O\" \/>\n<meta property=\"product:condition\" content=\"new\" \/>\n<!-- \/ Yoast SEO Premium plugin. -->","yoast_head_json":{"title":"Puerto Blest and Los C\u00e1ntaros without transfer | Patagonia Rafting","description":"Discover Puerto Blest and Los C\u00e1ntaros Waterfall. Version without transfer ideal for those who arrive directly to Puerto Pa\u00f1uelo.","robots":{"index":"index","follow":"follow","max-snippet":"max-snippet:-1","max-image-preview":"max-image-preview:large","max-video-preview":"max-video-preview:-1"},"canonical":"https:\/\/raftingpatagonia.com\/en\/product\/puerto-blest-cantaros-without-relocation\/","og_locale":"en_US","og_type":"article","og_title":"Puerto Blest y Cascada \u201cLos Cantaros\u201d Sin Traslado","og_description":"Descubr\u00ed Puerto Blest y la Cascada Los C\u00e1ntaros. Versi\u00f3n sin traslado ideal para quienes llegan directo al Puerto Pa\u00f1uelo.","og_url":"https:\/\/raftingpatagonia.com\/en\/product\/puerto-blest-cantaros-without-relocation\/","og_site_name":"Rafting Patagonia en Bariloche","article_publisher":"https:\/\/www.facebook.com\/Rafting-4810-231662556864543\/","article_modified_time":"2026-04-04T13:45:53+00:00","og_image":[{"width":850,"height":1133,"url":"https:\/\/raftingpatagonia.com\/wp-content\/uploads\/2025\/08\/11-B-411512354_679863444278105_2151602473120210845_n-copia.jpg","type":"image\/jpeg"}],"twitter_card":"summary_large_image","twitter_misc":{"Price":"&#36;&nbsp;136.000,00","Availability":"In stock"},"schema":{"@context":"https:\/\/schema.org","@graph":[{"@type":["WebPage","ItemPage"],"@id":"https:\/\/raftingpatagonia.com\/producto\/puerto-blest-cantaros-sin-traslado","url":"https:\/\/raftingpatagonia.com\/producto\/puerto-blest-cantaros-sin-traslado","name":"Puerto Blest and Los C\u00e1ntaros without transfer | Patagonia Rafting","isPartOf":{"@id":"https:\/\/raftingpatagonia.com\/#website"},"primaryImageOfPage":{"@id":"https:\/\/raftingpatagonia.com\/producto\/puerto-blest-cantaros-sin-traslado#primaryimage"},"image":{"@id":"https:\/\/raftingpatagonia.com\/producto\/puerto-blest-cantaros-sin-traslado#primaryimage"},"thumbnailUrl":"https:\/\/raftingpatagonia.com\/wp-content\/uploads\/2025\/08\/11-B-411512354_679863444278105_2151602473120210845_n-copia.jpg","datePublished":"2025-08-18T16:17:36+00:00","dateModified":"2026-04-04T13:45:53+00:00","description":"Discover Puerto Blest and Los C\u00e1ntaros Waterfall. Version without transfer ideal for those who arrive directly to Puerto Pa\u00f1uelo.","breadcrumb":{"@id":"https:\/\/raftingpatagonia.com\/producto\/puerto-blest-cantaros-sin-traslado#breadcrumb"},"inLanguage":"en-US","potentialAction":[{"@type":"ReadAction","target":["https:\/\/raftingpatagonia.com\/producto\/puerto-blest-cantaros-sin-traslado"]}]},{"@type":"ImageObject","inLanguage":"en-US","@id":"https:\/\/raftingpatagonia.com\/producto\/puerto-blest-cantaros-sin-traslado#primaryimage","url":"https:\/\/raftingpatagonia.com\/wp-content\/uploads\/2025\/08\/11-B-411512354_679863444278105_2151602473120210845_n-copia.jpg","contentUrl":"https:\/\/raftingpatagonia.com\/wp-content\/uploads\/2025\/08\/11-B-411512354_679863444278105_2151602473120210845_n-copia.jpg","width":850,"height":1133},{"@type":"BreadcrumbList","@id":"https:\/\/raftingpatagonia.com\/producto\/puerto-blest-cantaros-sin-traslado#breadcrumb","itemListElement":[{"@type":"ListItem","position":1,"name":"Home","item":"https:\/\/raftingpatagonia.com\/"},{"@type":"ListItem","position":2,"name":"Shop","item":"https:\/\/raftingpatagonia.com\/actividades"},{"@type":"ListItem","position":3,"name":"Puerto Blest y Cascada \u201cLos Cantaros\u201d Sin Traslado"}]},{"@type":"WebSite","@id":"https:\/\/raftingpatagonia.com\/#website","url":"https:\/\/raftingpatagonia.com\/","name":"Patagonia Rafting in Bariloche","description":"Patagonia Rafting in Bariloche","potentialAction":[{"@type":"SearchAction","target":{"@type":"EntryPoint","urlTemplate":"https:\/\/raftingpatagonia.com\/?s={search_term_string}"},"query-input":{"@type":"PropertyValueSpecification","valueRequired":true,"valueName":"search_term_string"}}],"inLanguage":"en-US"}]},"product_price_amount":"136000.00","product_price_currency":"ARS","og_availability":"instock","product_availability":"instock","product_retailer_item_id":"ADV2025PUBLYC297O","product_condition":"new"},"_links":{"self":[{"href":"https:\/\/raftingpatagonia.com\/en\/wp-json\/wp\/v2\/product\/236413","targetHints":{"allow":["GET"]}}],"collection":[{"href":"https:\/\/raftingpatagonia.com\/en\/wp-json\/wp\/v2\/product"}],"about":[{"href":"https:\/\/raftingpatagonia.com\/en\/wp-json\/wp\/v2\/types\/product"}],"replies":[{"embeddable":true,"href":"https:\/\/raftingpatagonia.com\/en\/wp-json\/wp\/v2\/comments?post=236413"}],"wp:featuredmedia":[{"embeddable":true,"href":"https:\/\/raftingpatagonia.com\/en\/wp-json\/wp\/v2\/media\/236682"}],"wp:attachment":[{"href":"https:\/\/raftingpatagonia.com\/en\/wp-json\/wp\/v2\/media?parent=236413"}],"wp:term":[{"taxonomy":"product_brand","embeddable":true,"href":"https:\/\/raftingpatagonia.com\/en\/wp-json\/wp\/v2\/product_brand?post=236413"},{"taxonomy":"product_cat","embeddable":true,"href":"https:\/\/raftingpatagonia.com\/en\/wp-json\/wp\/v2\/product_cat?post=236413"},{"taxonomy":"product_tag","embeddable":true,"href":"https:\/\/raftingpatagonia.com\/en\/wp-json\/wp\/v2\/product_tag?post=236413"}],"curies":[{"name":"wp","href":"https:\/\/api.w.org\/{rel}","templated":true}]}}