{"id":236411,"date":"2025-08-18T13:16:37","date_gmt":"2025-08-18T16:16:37","guid":{"rendered":"https:\/\/raftingpatagonia.com\/producto\/excursion-a-puerto-blest-y-lago-frias-con-traslado"},"modified":"2026-03-31T12:15:26","modified_gmt":"2026-03-31T15:15:26","slug":"puerto-blest-cascada-los-cantaros-lago-frias","status":"publish","type":"product","link":"https:\/\/raftingpatagonia.com\/en\/product\/puerto-blest-los-cantaros-waterfall-frias-lake","title":{"rendered":"Excursion to Puerto Blest and Lake Frias with transfer"},"content":{"rendered":"<h2>Experience the Grandeur of Puerto Blest and Los C\u00e1ntaros Waterfall<\/h2>\n<p>Start a unique experience starting from the enchanting <strong>Puerto Pa\u00f1uelo<\/strong>, just a few minutes from downtown San Carlos de Bariloche. In a boat trip of about an hour, you will travel through the iconic <strong>Sentinel Islet<\/strong>, famous for being the eternal resting place of the great Perito Moreno.<\/p>\n<p>The trip continues along a series of elevated walkways that will bring you close to the best postcards of the imposing <strong>Los C\u00e1ntaros Waterfall<\/strong>. This spectacle of nature, surrounded by granite formations, is also home to an ancient larch over 1500 years old, which holds thousands of stories under its branches.<\/p>\n<h3>Panoramic Navigation on the Nahuel Huapi River<\/h3>\n<p>Get on board a state-of-the-art catamaran and let yourself be amazed by the <strong>stunning landscapes of the Nahuel Huapi lake<\/strong> together with the imposing <strong>Andes mountain range<\/strong>. Allow yourself to fully enjoy the unique islands that give this part of Patagonia its own identity.<\/p>\n<h2>Dive into Lake Frias: A Dream Corner<\/h2>\n<p>When you arrive at Puerto Blest, an epicenter of amazement for travelers from all over the world, you will be struck by the beauty of the <strong>Lake Frias<\/strong>. The striking green color of its waters is the result of the fine sediments provided by the Cerro Tronador glacier.<\/p>\n<p>If you want to intensify your experience, you can opt for a short 3 km trip by bus to <strong>Puerto Alegre<\/strong>, where you will set sail to connect even more deeply with this natural environment of overwhelming beauty.<\/p>\n<h3>Have Fun with Multiple Alternatives<\/h3>\n<ul>\n<li>Group walking tours through the Valdivian rainforest, a true wildlife sanctuary.<\/li>\n<li>Lake walks along the peaceful Frias Lake, revealing amazing scenery at every moment.<\/li>\n<\/ul>\n<h2>Excursion Key Data<\/h2>\n<ul>\n<li><strong>Duration:<\/strong> From 9:00 a.m. to 5:30 p.m. approximately.<\/li>\n<li><strong>Includes:<\/strong> Transfers in both directions, guides on board and hiking trails.<\/li>\n<li><strong>Does not include:<\/strong> Lunches (there are options in Paradores) and entrance fees to National Parks.<\/li>\n<\/ul>\n<h2>Frequently Asked Questions<\/h2>\n<ul>\n<li><strong>How are National Park entrance fees paid?<\/strong><br \/>\nPayment is made the same day of the excursion in Puerto Pa\u00f1uelo, in cash and in Argentine pesos only. Rates may be discounted for residents and children under five years old.<\/li>\n<li><strong>Are there any discounts for foreign retirees?<\/strong><br \/>\nNo, the bonuses apply only to Argentine retirees, showing the corresponding ID card before boarding.<\/li>\n<li><strong>Is it possible to bring your own food?<\/strong><br \/>\nOf course, you have the option of bringing your own lunch or buying snacks on board or at the stops along the way.<\/li>\n<li><strong>Which vessel is doing the tour?<\/strong><br \/>\nThe historic Modesta Victoria is normally used, although the vessel assigned may vary without prior notice.<\/li>\n<li><strong>Is it possible to add other activities?<\/strong><br \/>\nYes, especially if your excursion is in the afternoon. Combine it with the Circuito Chico and make your day truly epic.<\/li>\n<\/ul>","protected":false},"excerpt":{"rendered":"<p>Enjoy a unique experience in Puerto Blest and the \u00abLos C\u00e1ntaros\u00bb waterfall. Go on a boat trip and get to know the incredible purity of Frias Lake. Get your ticket now and let yourself be amazed by an impressive natural environment.<\/p>","protected":false},"featured_media":236686,"comment_status":"open","ping_status":"closed","template":"","meta":[],"product_brand":[],"product_cat":[542,546,547,550,551,553,558,563],"product_tag":[],"class_list":{"0":"post-236411","1":"product","2":"type-product","3":"status-publish","4":"has-post-thumbnail","6":"product_cat-adultos","7":"product_cat-con-traslado","8":"product_cat-familia","9":"product_cat-jubilados","10":"product_cat-lacustre","11":"product_cat-ninos","12":"product_cat-sin-comida","13":"product_cat-todo-el-ano","15":"first","16":"instock","17":"virtual","18":"sold-individually","19":"purchasable","20":"product-type-booking"},"booking_location":"","booking_location_type":"","booking_duration":60,"booking_duration_unit":"minute","booking_buffer":0,"booking_cost":0,"booking_resources":[],"exclude_global_add_ons":false,"addons":[{"name":"ADU | Adult","type":"input_multiplier","position":0,"required":true,"title_format":"label","default":"","description_enable":false,"description":"","placeholder_enable":false,"placeholder":"","display":"select","restrictions_type":"any_text","adjust_price":true,"price":"212000","price_type":"quantity_based","restrictions":false,"min":"0","max":"0","options":[],"id":1773233993},{"name":"MEN512 | from 5 to 12","type":"input_multiplier","position":1,"required":false,"title_format":"label","default":"","description_enable":false,"description":"","placeholder_enable":false,"placeholder":"","display":"select","restrictions_type":"any_text","adjust_price":true,"price":"119000","price_type":"quantity_based","restrictions":false,"min":"0","max":"0","options":[],"id":1773233994},{"name":"ADUJ : Retired","type":"input_multiplier","position":2,"required":false,"title_format":"label","default":"","description_enable":false,"description":"","placeholder_enable":false,"placeholder":"","display":"select","restrictions_type":"any_text","adjust_price":true,"price":"119000","price_type":"quantity_based","restrictions":false,"min":"0","max":"0","options":[],"id":1773233995}],"yoast_head":"<!-- This site is optimized with the Yoast SEO Premium plugin v24.5 (Yoast SEO v24.8) - https:\/\/yoast.com\/wordpress\/plugins\/seo\/ -->\n<title>Puerto Blest y Lago Fr\u00edas con traslado | Rafting Patagonia<\/title>\n<meta name=\"description\" content=\"Explor\u00e1 Puerto Blest y Lago Fr\u00edas con traslado desde Bariloche. Navegaci\u00f3n, cascadas y vistas inolvidables de la Patagonia.\" \/>\n<meta name=\"robots\" content=\"index, follow, max-snippet:-1, max-image-preview:large, max-video-preview:-1\" \/>\n<link rel=\"canonical\" href=\"https:\/\/raftingpatagonia.com\/en\/product\/puerto-blest-los-cantaros-waterfall-frias-lake\/\" \/>\n<meta property=\"og:locale\" content=\"en_US\" \/>\n<meta property=\"og:type\" content=\"article\" \/>\n<meta property=\"og:title\" content=\"Excursi\u00f3n a Puerto Blest y Lago Fr\u00edas con traslado\" \/>\n<meta property=\"og:description\" content=\"Explor\u00e1 Puerto Blest y Lago Fr\u00edas con traslado desde Bariloche. Navegaci\u00f3n, cascadas y vistas inolvidables de la Patagonia.\" \/>\n<meta property=\"og:url\" content=\"https:\/\/raftingpatagonia.com\/en\/product\/puerto-blest-los-cantaros-waterfall-frias-lake\/\" \/>\n<meta property=\"og:site_name\" content=\"Rafting Patagonia en Bariloche\" \/>\n<meta property=\"article:publisher\" content=\"https:\/\/www.facebook.com\/Rafting-4810-231662556864543\/\" \/>\n<meta property=\"article:modified_time\" content=\"2026-03-31T15:15:26+00:00\" \/>\n<meta property=\"og:image\" content=\"https:\/\/raftingpatagonia.com\/wp-content\/uploads\/2025\/08\/11-B-491648090_1127476382743548_7141269300326470918_n.jpg\" \/>\n\t<meta property=\"og:image:width\" content=\"850\" \/>\n\t<meta property=\"og:image:height\" content=\"1133\" \/>\n\t<meta property=\"og:image:type\" content=\"image\/jpeg\" \/>\n<meta name=\"twitter:card\" content=\"summary_large_image\" \/>\n<meta name=\"twitter:label1\" content=\"Price\" \/>\n\t<meta name=\"twitter:data1\" content=\"&#036;&nbsp;212.000,00\" \/>\n\t<meta name=\"twitter:label2\" content=\"Availability\" \/>\n\t<meta name=\"twitter:data2\" content=\"In stock\" \/>\n<script type=\"application\/ld+json\" class=\"yoast-schema-graph\">{\"@context\":\"https:\/\/schema.org\",\"@graph\":[{\"@type\":[\"WebPage\",\"ItemPage\"],\"@id\":\"https:\/\/raftingpatagonia.com\/producto\/puerto-blest-cascada-los-cantaros-lago-frias\",\"url\":\"https:\/\/raftingpatagonia.com\/producto\/puerto-blest-cascada-los-cantaros-lago-frias\",\"name\":\"Puerto Blest y Lago Fr\u00edas con traslado | Rafting Patagonia\",\"isPartOf\":{\"@id\":\"https:\/\/raftingpatagonia.com\/#website\"},\"primaryImageOfPage\":{\"@id\":\"https:\/\/raftingpatagonia.com\/producto\/puerto-blest-cascada-los-cantaros-lago-frias#primaryimage\"},\"image\":{\"@id\":\"https:\/\/raftingpatagonia.com\/producto\/puerto-blest-cascada-los-cantaros-lago-frias#primaryimage\"},\"thumbnailUrl\":\"https:\/\/raftingpatagonia.com\/wp-content\/uploads\/2025\/08\/11-B-491648090_1127476382743548_7141269300326470918_n.jpg\",\"datePublished\":\"2025-08-18T16:16:37+00:00\",\"dateModified\":\"2026-03-31T15:15:26+00:00\",\"description\":\"Explor\u00e1 Puerto Blest y Lago Fr\u00edas con traslado desde Bariloche. Navegaci\u00f3n, cascadas y vistas inolvidables de la Patagonia.\",\"breadcrumb\":{\"@id\":\"https:\/\/raftingpatagonia.com\/producto\/puerto-blest-cascada-los-cantaros-lago-frias#breadcrumb\"},\"inLanguage\":\"en-US\",\"potentialAction\":[{\"@type\":\"ReadAction\",\"target\":[\"https:\/\/raftingpatagonia.com\/producto\/puerto-blest-cascada-los-cantaros-lago-frias\"]}]},{\"@type\":\"ImageObject\",\"inLanguage\":\"en-US\",\"@id\":\"https:\/\/raftingpatagonia.com\/producto\/puerto-blest-cascada-los-cantaros-lago-frias#primaryimage\",\"url\":\"https:\/\/raftingpatagonia.com\/wp-content\/uploads\/2025\/08\/11-B-491648090_1127476382743548_7141269300326470918_n.jpg\",\"contentUrl\":\"https:\/\/raftingpatagonia.com\/wp-content\/uploads\/2025\/08\/11-B-491648090_1127476382743548_7141269300326470918_n.jpg\",\"width\":850,\"height\":1133},{\"@type\":\"BreadcrumbList\",\"@id\":\"https:\/\/raftingpatagonia.com\/producto\/puerto-blest-cascada-los-cantaros-lago-frias#breadcrumb\",\"itemListElement\":[{\"@type\":\"ListItem\",\"position\":1,\"name\":\"Home\",\"item\":\"https:\/\/raftingpatagonia.com\/\"},{\"@type\":\"ListItem\",\"position\":2,\"name\":\"Shop\",\"item\":\"https:\/\/raftingpatagonia.com\/actividades\"},{\"@type\":\"ListItem\",\"position\":3,\"name\":\"Excursi\u00f3n a Puerto Blest y Lago Fr\u00edas con traslado\"}]},{\"@type\":\"WebSite\",\"@id\":\"https:\/\/raftingpatagonia.com\/#website\",\"url\":\"https:\/\/raftingpatagonia.com\/\",\"name\":\"Rafting Patagonia en Bariloche\",\"description\":\"Rafting Patagonia en Bariloche\",\"potentialAction\":[{\"@type\":\"SearchAction\",\"target\":{\"@type\":\"EntryPoint\",\"urlTemplate\":\"https:\/\/raftingpatagonia.com\/?s={search_term_string}\"},\"query-input\":{\"@type\":\"PropertyValueSpecification\",\"valueRequired\":true,\"valueName\":\"search_term_string\"}}],\"inLanguage\":\"en-US\"}]}<\/script>\n<meta property=\"product:price:amount\" content=\"212000.00\" \/>\n<meta property=\"product:price:currency\" content=\"ARS\" \/>\n<meta property=\"og:availability\" content=\"instock\" \/>\n<meta property=\"product:availability\" content=\"instock\" \/>\n<meta property=\"product:retailer_item_id\" content=\"ADV2025PUBLYC9CR1\" \/>\n<meta property=\"product:condition\" content=\"new\" \/>\n<!-- \/ Yoast SEO Premium plugin. -->","yoast_head_json":{"title":"Puerto Blest and Frias Lake with transfer : Rafting Patagonia","description":"Explore Puerto Blest and Frias Lake with transfer from Bariloche. Navigation, waterfalls and unforgettable views of Patagonia.","robots":{"index":"index","follow":"follow","max-snippet":"max-snippet:-1","max-image-preview":"max-image-preview:large","max-video-preview":"max-video-preview:-1"},"canonical":"https:\/\/raftingpatagonia.com\/en\/product\/puerto-blest-los-cantaros-waterfall-frias-lake\/","og_locale":"en_US","og_type":"article","og_title":"Excursi\u00f3n a Puerto Blest y Lago Fr\u00edas con traslado","og_description":"Explor\u00e1 Puerto Blest y Lago Fr\u00edas con traslado desde Bariloche. Navegaci\u00f3n, cascadas y vistas inolvidables de la Patagonia.","og_url":"https:\/\/raftingpatagonia.com\/en\/product\/puerto-blest-los-cantaros-waterfall-frias-lake\/","og_site_name":"Rafting Patagonia en Bariloche","article_publisher":"https:\/\/www.facebook.com\/Rafting-4810-231662556864543\/","article_modified_time":"2026-03-31T15:15:26+00:00","og_image":[{"width":850,"height":1133,"url":"https:\/\/raftingpatagonia.com\/wp-content\/uploads\/2025\/08\/11-B-491648090_1127476382743548_7141269300326470918_n.jpg","type":"image\/jpeg"}],"twitter_card":"summary_large_image","twitter_misc":{"Price":"&#36;&nbsp;212.000,00","Availability":"In stock"},"schema":{"@context":"https:\/\/schema.org","@graph":[{"@type":["WebPage","ItemPage"],"@id":"https:\/\/raftingpatagonia.com\/producto\/puerto-blest-cascada-los-cantaros-lago-frias","url":"https:\/\/raftingpatagonia.com\/producto\/puerto-blest-cascada-los-cantaros-lago-frias","name":"Puerto Blest and Frias Lake with transfer : Rafting Patagonia","isPartOf":{"@id":"https:\/\/raftingpatagonia.com\/#website"},"primaryImageOfPage":{"@id":"https:\/\/raftingpatagonia.com\/producto\/puerto-blest-cascada-los-cantaros-lago-frias#primaryimage"},"image":{"@id":"https:\/\/raftingpatagonia.com\/producto\/puerto-blest-cascada-los-cantaros-lago-frias#primaryimage"},"thumbnailUrl":"https:\/\/raftingpatagonia.com\/wp-content\/uploads\/2025\/08\/11-B-491648090_1127476382743548_7141269300326470918_n.jpg","datePublished":"2025-08-18T16:16:37+00:00","dateModified":"2026-03-31T15:15:26+00:00","description":"Explore Puerto Blest and Frias Lake with transfer from Bariloche. Navigation, waterfalls and unforgettable views of Patagonia.","breadcrumb":{"@id":"https:\/\/raftingpatagonia.com\/producto\/puerto-blest-cascada-los-cantaros-lago-frias#breadcrumb"},"inLanguage":"en-US","potentialAction":[{"@type":"ReadAction","target":["https:\/\/raftingpatagonia.com\/producto\/puerto-blest-cascada-los-cantaros-lago-frias"]}]},{"@type":"ImageObject","inLanguage":"en-US","@id":"https:\/\/raftingpatagonia.com\/producto\/puerto-blest-cascada-los-cantaros-lago-frias#primaryimage","url":"https:\/\/raftingpatagonia.com\/wp-content\/uploads\/2025\/08\/11-B-491648090_1127476382743548_7141269300326470918_n.jpg","contentUrl":"https:\/\/raftingpatagonia.com\/wp-content\/uploads\/2025\/08\/11-B-491648090_1127476382743548_7141269300326470918_n.jpg","width":850,"height":1133},{"@type":"BreadcrumbList","@id":"https:\/\/raftingpatagonia.com\/producto\/puerto-blest-cascada-los-cantaros-lago-frias#breadcrumb","itemListElement":[{"@type":"ListItem","position":1,"name":"Home","item":"https:\/\/raftingpatagonia.com\/"},{"@type":"ListItem","position":2,"name":"Shop","item":"https:\/\/raftingpatagonia.com\/actividades"},{"@type":"ListItem","position":3,"name":"Excursi\u00f3n a Puerto Blest y Lago Fr\u00edas con traslado"}]},{"@type":"WebSite","@id":"https:\/\/raftingpatagonia.com\/#website","url":"https:\/\/raftingpatagonia.com\/","name":"Patagonia Rafting in Bariloche","description":"Patagonia Rafting in Bariloche","potentialAction":[{"@type":"SearchAction","target":{"@type":"EntryPoint","urlTemplate":"https:\/\/raftingpatagonia.com\/?s={search_term_string}"},"query-input":{"@type":"PropertyValueSpecification","valueRequired":true,"valueName":"search_term_string"}}],"inLanguage":"en-US"}]},"product_price_amount":"212000.00","product_price_currency":"ARS","og_availability":"instock","product_availability":"instock","product_retailer_item_id":"ADV2025PUBLYC9CR1","product_condition":"new"},"_links":{"self":[{"href":"https:\/\/raftingpatagonia.com\/en\/wp-json\/wp\/v2\/product\/236411","targetHints":{"allow":["GET"]}}],"collection":[{"href":"https:\/\/raftingpatagonia.com\/en\/wp-json\/wp\/v2\/product"}],"about":[{"href":"https:\/\/raftingpatagonia.com\/en\/wp-json\/wp\/v2\/types\/product"}],"replies":[{"embeddable":true,"href":"https:\/\/raftingpatagonia.com\/en\/wp-json\/wp\/v2\/comments?post=236411"}],"wp:featuredmedia":[{"embeddable":true,"href":"https:\/\/raftingpatagonia.com\/en\/wp-json\/wp\/v2\/media\/236686"}],"wp:attachment":[{"href":"https:\/\/raftingpatagonia.com\/en\/wp-json\/wp\/v2\/media?parent=236411"}],"wp:term":[{"taxonomy":"product_brand","embeddable":true,"href":"https:\/\/raftingpatagonia.com\/en\/wp-json\/wp\/v2\/product_brand?post=236411"},{"taxonomy":"product_cat","embeddable":true,"href":"https:\/\/raftingpatagonia.com\/en\/wp-json\/wp\/v2\/product_cat?post=236411"},{"taxonomy":"product_tag","embeddable":true,"href":"https:\/\/raftingpatagonia.com\/en\/wp-json\/wp\/v2\/product_tag?post=236411"}],"curies":[{"name":"wp","href":"https:\/\/api.w.org\/{rel}","templated":true}]}}