{"id":236403,"date":"2025-08-18T13:12:58","date_gmt":"2025-08-18T16:12:58","guid":{"rendered":"https:\/\/raftingpatagonia.com\/producto\/rafting-al-limite-con-chile-sin-traslado"},"modified":"2026-03-31T12:15:26","modified_gmt":"2026-03-31T15:15:26","slug":"rafting-al-limite-con-chile-sin-traslado","status":"publish","type":"product","link":"https:\/\/raftingpatagonia.com\/en\/product\/rafting-to-the-chilean-border-without-transfer","title":{"rendered":"Rafting to the border with Chile No transfer"},"content":{"rendered":"<h2>River Adventure on the Edge of Chile<\/h2>\n<p>Join us for a <strong>vibrant rafting trip<\/strong> that brings you closer to nature in its purest state. This itinerary enhances the imposing nature of the Manso River, whose classy rapids <strong>3 y 4<\/strong> are the scene of a powerful experience, advancing to the very border with Chile.<\/p>\n<h3>Start of the Adventure<\/h3>\n<p>The activity starts at our established meeting point. Before setting sail, our team of specialists will provide you with the necessary equipment: wetsuits, helmets, life jackets, always putting your safety as a priority.<\/p>\n<h3>Manso River Crossing<\/h3>\n<ul>\n<li><strong>Route:<\/strong> Circuit on the water of <strong>10 km<\/strong> the Manso River, with an estimated duration of <strong>2 hours<\/strong>.<\/li>\n<li><strong>Adrenaline:<\/strong> Enjoy the challenge in vibrant grade rapids <strong>III\/IV<\/strong>.<\/li>\n<li>Upon arrival at the border with Chile, we organize the return trip so that you can return relaxed to the starting point.<\/li>\n<\/ul>\n<h3>Gastronomic Options<\/h3>\n<p>At the end of the trip, you can choose to have lunch at the parador. This service is not included in the price of the excursion, but you can choose from the following options <strong>barbecue<\/strong>, <strong>pasta<\/strong> or salad, each alternative at an additional cost.<\/p>\n<h3>Recommendations to Live it to the Fullest<\/h3>\n<ul>\n<li>Exclusive activity for <strong>teenagers and seniors<\/strong> from the <strong>14 years<\/strong>.<\/li>\n<li>We advise you to bring a <strong>towel<\/strong> and extra clothes for after the adventure.<\/li>\n<\/ul>\n<h3>No Relocation Option Data<\/h3>\n<p>If you choose the modality without transfer, the meeting point is directly in our parador, at the <strong data-start=\"372\" data-end=\"389\">Villegas Base<\/strong>, on the <strong data-start=\"400\" data-end=\"417\">Route 83, Km 1, San Carlos de Bariloche, R\u00edo Negro.<\/strong>.<br data-start=\"418\" data-end=\"421\" \/>Location on Google Maps: <a class=\"\" href=\"https:\/\/maps.app.goo.gl\/NqbsUN6VB5Fnt7hVA\" target=\"_new\" rel=\"noopener\" data-start=\"449\" data-end=\"535\">https:\/\/maps.app.goo.gl\/NqbsUN6VB5Fnt7hVA<\/a><\/p>\n<h3>Important Information<\/h3>\n<ul>\n<li><strong>Duration:<\/strong> From <strong>9:00 a.m. to 6:00 p.m.<\/strong> approximately.<\/li>\n<li><strong>Includes:<\/strong> Rafting, full breakfast and equipment (wetsuit, vest, waterproof jacket, neoprene shoes, paddle and helmet).<\/li>\n<li><strong>Does not include:<\/strong> Transfers, accommodation, lunch and breakfast.<\/li>\n<\/ul>\n<h2>Frequently Asked Questions<\/h2>\n<ul>\n<li><strong>What is the minimum age to join?<\/strong><br \/>\nYou can participate from the age of 14 years old.<\/li>\n<li><strong>What security features do they provide?<\/strong><br \/>\nWe deliver wetsuits, vests, helmets, boots and paddles.<\/li>\n<li><strong>Is lunch included?<\/strong><br \/>\nNo, lunch is optional; however, there are different proposals available at an additional cost.<\/li>\n<li><strong>Where is the meeting place?<\/strong><br \/>\nIf you choose to come directly, you must go to the <strong data-start=\"372\" data-end=\"389\">Villegas Base<\/strong>, on the <strong data-start=\"400\" data-end=\"417\">Route 83, Km 1, San Carlos de Bariloche, R\u00edo Negro.<br \/>\nLocation on Google Maps: <a class=\"\" href=\"https:\/\/maps.app.goo.gl\/NqbsUN6VB5Fnt7hVA\" target=\"_new\" rel=\"noopener\" data-start=\"449\" data-end=\"535\">https:\/\/maps.app.goo.gl\/NqbsUN6VB5Fnt7hVA<\/a><br \/>\n<\/strong><\/li>\n<\/ul>","protected":false},"excerpt":{"rendered":"<p>Live the experience of going down the Manso River without worrying about transfers. This trip is perfect for people over 14 years old and combines pure excitement and incredible views.<\/p>","protected":false},"featured_media":236664,"comment_status":"open","ping_status":"closed","template":"","meta":[],"product_brand":[],"product_cat":[542,544,547,553,556,558,559,564],"product_tag":[],"class_list":{"0":"post-236403","1":"product","2":"type-product","3":"status-publish","4":"has-post-thumbnail","6":"product_cat-adultos","7":"product_cat-aventura","8":"product_cat-familia","9":"product_cat-ninos","10":"product_cat-primavera","11":"product_cat-sin-comida","12":"product_cat-sin-traslado","13":"product_cat-verano","15":"first","16":"instock","17":"virtual","18":"sold-individually","19":"purchasable","20":"product-type-booking"},"booking_location":"","booking_location_type":"","booking_duration":1,"booking_duration_unit":"hour","booking_buffer":0,"booking_cost":0,"booking_resources":[],"exclude_global_add_ons":false,"addons":[{"name":"ADU | Adult","type":"input_multiplier","position":0,"required":false,"title_format":"label","default":"","description_enable":false,"description":"","placeholder_enable":false,"placeholder":"","display":"select","restrictions_type":"any_text","adjust_price":true,"price":"140400","price_type":"quantity_based","restrictions":false,"min":"0","max":"0","options":[],"id":1773236380},{"name":"EXTRA | Companion","type":"input_multiplier","position":1,"required":false,"title_format":"label","default":"","description_enable":false,"description":"","placeholder_enable":false,"placeholder":"","display":"select","restrictions_type":"any_text","adjust_price":true,"price":"70200","price_type":"quantity_based","restrictions":false,"min":"0","max":"0","options":[],"id":1773236381},{"name":"MEN1418 | from 14 to 18","type":"input_multiplier","position":2,"required":false,"title_format":"label","default":"","description_enable":false,"description":"","placeholder_enable":false,"placeholder":"","display":"select","restrictions_type":"any_text","adjust_price":true,"price":"140400","price_type":"quantity_based","restrictions":false,"min":"0","max":"0","options":[],"id":1773236382}],"yoast_head":"<!-- This site is optimized with the Yoast SEO Premium plugin v24.5 (Yoast SEO v24.8) - https:\/\/yoast.com\/wordpress\/plugins\/seo\/ -->\n<title>Rafting en Bariloche | Aventura hasta la frontera con Chile | Rafting Patagonia en Bariloche<\/title>\n<meta name=\"description\" content=\"Viv\u00ed la experiencia de rafting en Bariloche hasta la frontera con Chile. R\u00e1pidos grado III y IV, gu\u00edas expertos y pura adrenalina en la Patagonia.\" \/>\n<meta name=\"robots\" content=\"index, follow, max-snippet:-1, max-image-preview:large, max-video-preview:-1\" \/>\n<link rel=\"canonical\" href=\"https:\/\/raftingpatagonia.com\/en\/product\/rafting-to-the-chilean-border-without-transfer\/\" \/>\n<meta property=\"og:locale\" content=\"en_US\" \/>\n<meta property=\"og:type\" content=\"article\" \/>\n<meta property=\"og:title\" content=\"Rafting al l\u00edmite con Chile Sin traslado\" \/>\n<meta property=\"og:description\" content=\"Viv\u00ed la experiencia de rafting en Bariloche hasta la frontera con Chile. R\u00e1pidos grado III y IV, gu\u00edas expertos y pura adrenalina en la Patagonia.\" \/>\n<meta property=\"og:url\" content=\"https:\/\/raftingpatagonia.com\/en\/product\/rafting-to-the-chilean-border-without-transfer\/\" \/>\n<meta property=\"og:site_name\" content=\"Rafting Patagonia en Bariloche\" \/>\n<meta property=\"article:publisher\" content=\"https:\/\/www.facebook.com\/Rafting-4810-231662556864543\/\" \/>\n<meta property=\"article:modified_time\" content=\"2026-03-31T15:15:26+00:00\" \/>\n<meta property=\"og:image\" content=\"https:\/\/raftingpatagonia.com\/wp-content\/uploads\/2025\/08\/11-D-el-rafting-es-una-actividad.jpg\" \/>\n\t<meta property=\"og:image:width\" content=\"850\" \/>\n\t<meta property=\"og:image:height\" content=\"1133\" \/>\n\t<meta property=\"og:image:type\" content=\"image\/jpeg\" \/>\n<meta name=\"twitter:card\" content=\"summary_large_image\" \/>\n<meta name=\"twitter:label1\" content=\"Price\" \/>\n\t<meta name=\"twitter:data1\" content=\"&#036;&nbsp;140.400,00\" \/>\n\t<meta name=\"twitter:label2\" content=\"Availability\" \/>\n\t<meta name=\"twitter:data2\" content=\"In stock\" \/>\n<script type=\"application\/ld+json\" class=\"yoast-schema-graph\">{\"@context\":\"https:\/\/schema.org\",\"@graph\":[{\"@type\":[\"WebPage\",\"ItemPage\"],\"@id\":\"https:\/\/raftingpatagonia.com\/producto\/rafting-al-limite-con-chile-sin-traslado\",\"url\":\"https:\/\/raftingpatagonia.com\/producto\/rafting-al-limite-con-chile-sin-traslado\",\"name\":\"Rafting en Bariloche | Aventura hasta la frontera con Chile | Rafting Patagonia en Bariloche\",\"isPartOf\":{\"@id\":\"https:\/\/raftingpatagonia.com\/#website\"},\"primaryImageOfPage\":{\"@id\":\"https:\/\/raftingpatagonia.com\/producto\/rafting-al-limite-con-chile-sin-traslado#primaryimage\"},\"image\":{\"@id\":\"https:\/\/raftingpatagonia.com\/producto\/rafting-al-limite-con-chile-sin-traslado#primaryimage\"},\"thumbnailUrl\":\"https:\/\/raftingpatagonia.com\/wp-content\/uploads\/2025\/08\/11-D-el-rafting-es-una-actividad.jpg\",\"datePublished\":\"2025-08-18T16:12:58+00:00\",\"dateModified\":\"2026-03-31T15:15:26+00:00\",\"description\":\"Viv\u00ed la experiencia de rafting en Bariloche hasta la frontera con Chile. R\u00e1pidos grado III y IV, gu\u00edas expertos y pura adrenalina en la Patagonia.\",\"breadcrumb\":{\"@id\":\"https:\/\/raftingpatagonia.com\/producto\/rafting-al-limite-con-chile-sin-traslado#breadcrumb\"},\"inLanguage\":\"en-US\",\"potentialAction\":[{\"@type\":\"ReadAction\",\"target\":[\"https:\/\/raftingpatagonia.com\/producto\/rafting-al-limite-con-chile-sin-traslado\"]}]},{\"@type\":\"ImageObject\",\"inLanguage\":\"en-US\",\"@id\":\"https:\/\/raftingpatagonia.com\/producto\/rafting-al-limite-con-chile-sin-traslado#primaryimage\",\"url\":\"https:\/\/raftingpatagonia.com\/wp-content\/uploads\/2025\/08\/11-D-el-rafting-es-una-actividad.jpg\",\"contentUrl\":\"https:\/\/raftingpatagonia.com\/wp-content\/uploads\/2025\/08\/11-D-el-rafting-es-una-actividad.jpg\",\"width\":850,\"height\":1133},{\"@type\":\"BreadcrumbList\",\"@id\":\"https:\/\/raftingpatagonia.com\/producto\/rafting-al-limite-con-chile-sin-traslado#breadcrumb\",\"itemListElement\":[{\"@type\":\"ListItem\",\"position\":1,\"name\":\"Home\",\"item\":\"https:\/\/raftingpatagonia.com\/\"},{\"@type\":\"ListItem\",\"position\":2,\"name\":\"Shop\",\"item\":\"https:\/\/raftingpatagonia.com\/actividades\"},{\"@type\":\"ListItem\",\"position\":3,\"name\":\"Rafting al l\u00edmite con Chile Sin traslado\"}]},{\"@type\":\"WebSite\",\"@id\":\"https:\/\/raftingpatagonia.com\/#website\",\"url\":\"https:\/\/raftingpatagonia.com\/\",\"name\":\"Rafting Patagonia en Bariloche\",\"description\":\"Rafting Patagonia en Bariloche\",\"potentialAction\":[{\"@type\":\"SearchAction\",\"target\":{\"@type\":\"EntryPoint\",\"urlTemplate\":\"https:\/\/raftingpatagonia.com\/?s={search_term_string}\"},\"query-input\":{\"@type\":\"PropertyValueSpecification\",\"valueRequired\":true,\"valueName\":\"search_term_string\"}}],\"inLanguage\":\"en-US\"}]}<\/script>\n<meta property=\"product:price:amount\" content=\"140400.00\" \/>\n<meta property=\"product:price:currency\" content=\"ARS\" \/>\n<meta property=\"og:availability\" content=\"instock\" \/>\n<meta property=\"product:availability\" content=\"instock\" \/>\n<meta property=\"product:retailer_item_id\" content=\"ADV2025RAALL\u00cd530P\" \/>\n<meta property=\"product:condition\" content=\"new\" \/>\n<!-- \/ Yoast SEO Premium plugin. -->","yoast_head_json":{"title":"Rafting in Bariloche | Adventure to the Chilean border | Rafting Patagonia in Bariloche","description":"Live the experience of rafting in Bariloche to the border with Chile. Grade III and IV rapids, expert guides and pure adrenaline in Patagonia.","robots":{"index":"index","follow":"follow","max-snippet":"max-snippet:-1","max-image-preview":"max-image-preview:large","max-video-preview":"max-video-preview:-1"},"canonical":"https:\/\/raftingpatagonia.com\/en\/product\/rafting-to-the-chilean-border-without-transfer\/","og_locale":"en_US","og_type":"article","og_title":"Rafting al l\u00edmite con Chile Sin traslado","og_description":"Viv\u00ed la experiencia de rafting en Bariloche hasta la frontera con Chile. R\u00e1pidos grado III y IV, gu\u00edas expertos y pura adrenalina en la Patagonia.","og_url":"https:\/\/raftingpatagonia.com\/en\/product\/rafting-to-the-chilean-border-without-transfer\/","og_site_name":"Rafting Patagonia en Bariloche","article_publisher":"https:\/\/www.facebook.com\/Rafting-4810-231662556864543\/","article_modified_time":"2026-03-31T15:15:26+00:00","og_image":[{"width":850,"height":1133,"url":"https:\/\/raftingpatagonia.com\/wp-content\/uploads\/2025\/08\/11-D-el-rafting-es-una-actividad.jpg","type":"image\/jpeg"}],"twitter_card":"summary_large_image","twitter_misc":{"Price":"&#36;&nbsp;140.400,00","Availability":"In stock"},"schema":{"@context":"https:\/\/schema.org","@graph":[{"@type":["WebPage","ItemPage"],"@id":"https:\/\/raftingpatagonia.com\/producto\/rafting-al-limite-con-chile-sin-traslado","url":"https:\/\/raftingpatagonia.com\/producto\/rafting-al-limite-con-chile-sin-traslado","name":"Rafting in Bariloche | Adventure to the Chilean border | Rafting Patagonia in Bariloche","isPartOf":{"@id":"https:\/\/raftingpatagonia.com\/#website"},"primaryImageOfPage":{"@id":"https:\/\/raftingpatagonia.com\/producto\/rafting-al-limite-con-chile-sin-traslado#primaryimage"},"image":{"@id":"https:\/\/raftingpatagonia.com\/producto\/rafting-al-limite-con-chile-sin-traslado#primaryimage"},"thumbnailUrl":"https:\/\/raftingpatagonia.com\/wp-content\/uploads\/2025\/08\/11-D-el-rafting-es-una-actividad.jpg","datePublished":"2025-08-18T16:12:58+00:00","dateModified":"2026-03-31T15:15:26+00:00","description":"Live the experience of rafting in Bariloche to the border with Chile. Grade III and IV rapids, expert guides and pure adrenaline in Patagonia.","breadcrumb":{"@id":"https:\/\/raftingpatagonia.com\/producto\/rafting-al-limite-con-chile-sin-traslado#breadcrumb"},"inLanguage":"en-US","potentialAction":[{"@type":"ReadAction","target":["https:\/\/raftingpatagonia.com\/producto\/rafting-al-limite-con-chile-sin-traslado"]}]},{"@type":"ImageObject","inLanguage":"en-US","@id":"https:\/\/raftingpatagonia.com\/producto\/rafting-al-limite-con-chile-sin-traslado#primaryimage","url":"https:\/\/raftingpatagonia.com\/wp-content\/uploads\/2025\/08\/11-D-el-rafting-es-una-actividad.jpg","contentUrl":"https:\/\/raftingpatagonia.com\/wp-content\/uploads\/2025\/08\/11-D-el-rafting-es-una-actividad.jpg","width":850,"height":1133},{"@type":"BreadcrumbList","@id":"https:\/\/raftingpatagonia.com\/producto\/rafting-al-limite-con-chile-sin-traslado#breadcrumb","itemListElement":[{"@type":"ListItem","position":1,"name":"Home","item":"https:\/\/raftingpatagonia.com\/"},{"@type":"ListItem","position":2,"name":"Shop","item":"https:\/\/raftingpatagonia.com\/actividades"},{"@type":"ListItem","position":3,"name":"Rafting al l\u00edmite con Chile Sin traslado"}]},{"@type":"WebSite","@id":"https:\/\/raftingpatagonia.com\/#website","url":"https:\/\/raftingpatagonia.com\/","name":"Patagonia Rafting in Bariloche","description":"Patagonia Rafting in Bariloche","potentialAction":[{"@type":"SearchAction","target":{"@type":"EntryPoint","urlTemplate":"https:\/\/raftingpatagonia.com\/?s={search_term_string}"},"query-input":{"@type":"PropertyValueSpecification","valueRequired":true,"valueName":"search_term_string"}}],"inLanguage":"en-US"}]},"product_price_amount":"140400.00","product_price_currency":"ARS","og_availability":"instock","product_availability":"instock","product_retailer_item_id":"ADV2025RAALL\u00cd530P","product_condition":"new"},"_links":{"self":[{"href":"https:\/\/raftingpatagonia.com\/en\/wp-json\/wp\/v2\/product\/236403","targetHints":{"allow":["GET"]}}],"collection":[{"href":"https:\/\/raftingpatagonia.com\/en\/wp-json\/wp\/v2\/product"}],"about":[{"href":"https:\/\/raftingpatagonia.com\/en\/wp-json\/wp\/v2\/types\/product"}],"replies":[{"embeddable":true,"href":"https:\/\/raftingpatagonia.com\/en\/wp-json\/wp\/v2\/comments?post=236403"}],"wp:featuredmedia":[{"embeddable":true,"href":"https:\/\/raftingpatagonia.com\/en\/wp-json\/wp\/v2\/media\/236664"}],"wp:attachment":[{"href":"https:\/\/raftingpatagonia.com\/en\/wp-json\/wp\/v2\/media?parent=236403"}],"wp:term":[{"taxonomy":"product_brand","embeddable":true,"href":"https:\/\/raftingpatagonia.com\/en\/wp-json\/wp\/v2\/product_brand?post=236403"},{"taxonomy":"product_cat","embeddable":true,"href":"https:\/\/raftingpatagonia.com\/en\/wp-json\/wp\/v2\/product_cat?post=236403"},{"taxonomy":"product_tag","embeddable":true,"href":"https:\/\/raftingpatagonia.com\/en\/wp-json\/wp\/v2\/product_tag?post=236403"}],"curies":[{"name":"wp","href":"https:\/\/api.w.org\/{rel}","templated":true}]}}