{"id":236402,"date":"2025-08-18T13:12:28","date_gmt":"2025-08-18T16:12:28","guid":{"rendered":"https:\/\/raftingpatagonia.com\/producto\/rafting-al-limite-con-chile-con-traslado"},"modified":"2026-04-28T10:26:11","modified_gmt":"2026-04-28T13:26:11","slug":"rafting-al-limite-con-chile-con-traslado","status":"publish","type":"product","link":"https:\/\/raftingpatagonia.com\/en\/product\/rafting-to-the-border-with-chile-with-transfer","title":{"rendered":"Rafting to the Chilean border with transfer"},"content":{"rendered":"<h2>Experience the Most Intense Rafting in the Manso River<\/h2>\n<p>Let yourself be carried away by the <strong>rafting adrenaline<\/strong> and immerse yourself in the fascinating Manso River, surrounded by <strong>unique landscapes<\/strong> and challenge assured. This outing, with class 3 and 4 rapids, goes all the way up to the <strong>border line with Chile<\/strong>, giving an unrepeatable experience full of emotion and dreamed views.<\/p>\n<h3>Activity Plan<\/h3>\n<ul>\n<li><strong>Departure time:<\/strong> The day starts at 8:00 a.m. in the heart of downtown San Carlos de Bariloche.<\/li>\n<li><strong>Delivery of equipment:<\/strong> I received all the equipment: wetsuits, helmets and life jackets, in charge of professional guides.<\/li>\n<li><strong>Extension of the route:<\/strong> You will face the rapids during 11 km of pure vertigo, in a crossing of approximately 2 hours.<\/li>\n<li><strong>Lunch alternative:<\/strong> At the end of the experience, you can stay and enjoy a barbecue or a variety of salads for an extra charge.<\/li>\n<li><strong>Maximum safety:<\/strong> The entire tour is supported by kayakers, so that you can enjoy the day without worries.<\/li>\n<\/ul>\n<h3>Essential Information<\/h3>\n<ul>\n<li><strong>Suggestions:<\/strong> We recommend adding a towel and a change of clothes among your belongings.<\/li>\n<li><strong>Age limit:<\/strong> Participation is open to persons 14 years of age and older.<\/li>\n<\/ul>\n<h3>Schedules<\/h3>\n<p>The program starts at 8:30 am and ends around 6:00 pm.<\/p>\n<h3>Includes<\/h3>\n<ul>\n<li>Full rafting with guided tour<\/li>\n<li>Equipment: neoprene wetsuit, vest, dry jacket, neoprene boots, paddles and helmets.<\/li>\n<\/ul>\n<h3>Frequently Asked Questions<\/h3>\n<h4>Can I drive on my own?<\/h4>\n<p>For those who wish to arrive by car, they must be at our stop where the rafting excursion takes place at the Villegas Base, Route 83 Km 1. <a class=\"theme markdown__link\" href=\"https:\/\/maps.app.goo.gl\/NqbsUN6VB5Fnt7hVA\" target=\"_blank\" rel=\"noopener noreferrer\">https:\/\/maps.app.goo.gl\/NqbsUN6VB5Fnt7hVA<\/a> this is the link to the location of the parador.<\/p>\n<h4>Is it possible to attend with non-rowing companions?<\/h4>\n<p>Of course, companions can spend the day on the river paying only 50% of the price, without rafting.<\/p>\n<p><strong>Important Notice<\/strong>This tour is currently available and has departures until April 30, according to the operating calendar.<\/p>","protected":false},"excerpt":{"rendered":"<p>I lived a <strong>unique rafting experience<\/strong> on the border with Chile. Face the thrilling rapids of the <strong>Manso River. <\/strong>You will have all the necessary equipment and the peace of mind of being accompanied by professional kayakers. Ideal for those who want to connect with nature.<\/p>","protected":false},"featured_media":236663,"comment_status":"open","ping_status":"closed","template":"","meta":[],"product_brand":[],"product_cat":[542,544,546,547,553,556,558,564],"product_tag":[],"class_list":{"0":"post-236402","1":"product","2":"type-product","3":"status-publish","4":"has-post-thumbnail","6":"product_cat-adultos","7":"product_cat-aventura","8":"product_cat-con-traslado","9":"product_cat-familia","10":"product_cat-ninos","11":"product_cat-primavera","12":"product_cat-sin-comida","13":"product_cat-verano","15":"first","16":"instock","17":"virtual","18":"sold-individually","19":"purchasable","20":"product-type-booking"},"booking_location":"","booking_location_type":"","booking_duration":1,"booking_duration_unit":"hour","booking_buffer":0,"booking_cost":0,"booking_resources":[],"exclude_global_add_ons":false,"addons":[{"name":"ADU | Adult","type":"input_multiplier","position":0,"required":false,"title_format":"label","default":"","description_enable":false,"description":"","placeholder_enable":false,"placeholder":"","display":"select","restrictions_type":"any_text","adjust_price":true,"price":"155400","price_type":"quantity_based","restrictions":false,"min":"0","max":"0","options":[],"id":1773236614},{"name":"EXTRA | Companion","type":"input_multiplier","position":1,"required":false,"title_format":"label","default":"","description_enable":false,"description":"","placeholder_enable":false,"placeholder":"","display":"select","restrictions_type":"any_text","adjust_price":true,"price":"77700","price_type":"quantity_based","restrictions":false,"min":"0","max":"0","options":[],"id":1773236615},{"name":"MEN1418 | from 14 to 18","type":"input_multiplier","position":2,"required":false,"title_format":"label","default":"","description_enable":false,"description":"","placeholder_enable":false,"placeholder":"","display":"select","restrictions_type":"any_text","adjust_price":true,"price":"155400","price_type":"quantity_based","restrictions":false,"min":"0","max":"0","options":[],"id":1773236616}],"yoast_head":"<!-- This site is optimized with the Yoast SEO Premium plugin v24.5 (Yoast SEO v24.8) - https:\/\/yoast.com\/wordpress\/plugins\/seo\/ -->\n<title>Rafting en Bariloche | Aventura hasta la frontera con Chile | Rafting Patagonia en Bariloche<\/title>\n<meta name=\"description\" content=\"Viv\u00ed la experiencia de rafting en Bariloche hasta la frontera con Chile. R\u00e1pidos grado III y IV, gu\u00edas expertos y pura adrenalina en la Patagonia.\" \/>\n<meta name=\"robots\" content=\"index, follow, max-snippet:-1, max-image-preview:large, max-video-preview:-1\" \/>\n<link rel=\"canonical\" href=\"https:\/\/raftingpatagonia.com\/en\/product\/rafting-to-the-border-with-chile-with-transfer\/\" \/>\n<meta property=\"og:locale\" content=\"en_US\" \/>\n<meta property=\"og:type\" content=\"article\" \/>\n<meta property=\"og:title\" content=\"Rafting al l\u00edmite con Chile con traslado\" \/>\n<meta property=\"og:description\" content=\"Viv\u00ed la experiencia de rafting en Bariloche hasta la frontera con Chile. R\u00e1pidos grado III y IV, gu\u00edas expertos y pura adrenalina en la Patagonia.\" \/>\n<meta property=\"og:url\" content=\"https:\/\/raftingpatagonia.com\/en\/product\/rafting-to-the-border-with-chile-with-transfer\/\" \/>\n<meta property=\"og:site_name\" content=\"Rafting Patagonia en Bariloche\" \/>\n<meta property=\"article:publisher\" content=\"https:\/\/www.facebook.com\/Rafting-4810-231662556864543\/\" \/>\n<meta property=\"article:modified_time\" content=\"2026-04-28T13:26:11+00:00\" \/>\n<meta property=\"og:image\" content=\"https:\/\/raftingpatagonia.com\/wp-content\/uploads\/2025\/08\/11-C-elegi-excursiones-al.jpg\" \/>\n\t<meta property=\"og:image:width\" content=\"850\" \/>\n\t<meta property=\"og:image:height\" content=\"1133\" \/>\n\t<meta property=\"og:image:type\" content=\"image\/jpeg\" \/>\n<meta name=\"twitter:card\" content=\"summary_large_image\" \/>\n<meta name=\"twitter:label1\" content=\"Price\" \/>\n\t<meta name=\"twitter:data1\" content=\"&#036;&nbsp;155.400,00\" \/>\n\t<meta name=\"twitter:label2\" content=\"Availability\" \/>\n\t<meta name=\"twitter:data2\" content=\"In stock\" \/>\n<script type=\"application\/ld+json\" class=\"yoast-schema-graph\">{\"@context\":\"https:\/\/schema.org\",\"@graph\":[{\"@type\":[\"WebPage\",\"ItemPage\"],\"@id\":\"https:\/\/raftingpatagonia.com\/producto\/rafting-al-limite-con-chile-con-traslado\",\"url\":\"https:\/\/raftingpatagonia.com\/producto\/rafting-al-limite-con-chile-con-traslado\",\"name\":\"Rafting en Bariloche | Aventura hasta la frontera con Chile | Rafting Patagonia en Bariloche\",\"isPartOf\":{\"@id\":\"https:\/\/raftingpatagonia.com\/#website\"},\"primaryImageOfPage\":{\"@id\":\"https:\/\/raftingpatagonia.com\/producto\/rafting-al-limite-con-chile-con-traslado#primaryimage\"},\"image\":{\"@id\":\"https:\/\/raftingpatagonia.com\/producto\/rafting-al-limite-con-chile-con-traslado#primaryimage\"},\"thumbnailUrl\":\"https:\/\/raftingpatagonia.com\/wp-content\/uploads\/2025\/08\/11-C-elegi-excursiones-al.jpg\",\"datePublished\":\"2025-08-18T16:12:28+00:00\",\"dateModified\":\"2026-04-28T13:26:11+00:00\",\"description\":\"Viv\u00ed la experiencia de rafting en Bariloche hasta la frontera con Chile. R\u00e1pidos grado III y IV, gu\u00edas expertos y pura adrenalina en la Patagonia.\",\"breadcrumb\":{\"@id\":\"https:\/\/raftingpatagonia.com\/producto\/rafting-al-limite-con-chile-con-traslado#breadcrumb\"},\"inLanguage\":\"en-US\",\"potentialAction\":[{\"@type\":\"ReadAction\",\"target\":[\"https:\/\/raftingpatagonia.com\/producto\/rafting-al-limite-con-chile-con-traslado\"]}]},{\"@type\":\"ImageObject\",\"inLanguage\":\"en-US\",\"@id\":\"https:\/\/raftingpatagonia.com\/producto\/rafting-al-limite-con-chile-con-traslado#primaryimage\",\"url\":\"https:\/\/raftingpatagonia.com\/wp-content\/uploads\/2025\/08\/11-C-elegi-excursiones-al.jpg\",\"contentUrl\":\"https:\/\/raftingpatagonia.com\/wp-content\/uploads\/2025\/08\/11-C-elegi-excursiones-al.jpg\",\"width\":850,\"height\":1133},{\"@type\":\"BreadcrumbList\",\"@id\":\"https:\/\/raftingpatagonia.com\/producto\/rafting-al-limite-con-chile-con-traslado#breadcrumb\",\"itemListElement\":[{\"@type\":\"ListItem\",\"position\":1,\"name\":\"Home\",\"item\":\"https:\/\/raftingpatagonia.com\/\"},{\"@type\":\"ListItem\",\"position\":2,\"name\":\"Shop\",\"item\":\"https:\/\/raftingpatagonia.com\/actividades\"},{\"@type\":\"ListItem\",\"position\":3,\"name\":\"Rafting al l\u00edmite con Chile con traslado\"}]},{\"@type\":\"WebSite\",\"@id\":\"https:\/\/raftingpatagonia.com\/#website\",\"url\":\"https:\/\/raftingpatagonia.com\/\",\"name\":\"Rafting Patagonia en Bariloche\",\"description\":\"Rafting Patagonia en Bariloche\",\"potentialAction\":[{\"@type\":\"SearchAction\",\"target\":{\"@type\":\"EntryPoint\",\"urlTemplate\":\"https:\/\/raftingpatagonia.com\/?s={search_term_string}\"},\"query-input\":{\"@type\":\"PropertyValueSpecification\",\"valueRequired\":true,\"valueName\":\"search_term_string\"}}],\"inLanguage\":\"en-US\"}]}<\/script>\n<meta property=\"product:price:amount\" content=\"155400.00\" \/>\n<meta property=\"product:price:currency\" content=\"ARS\" \/>\n<meta property=\"og:availability\" content=\"instock\" \/>\n<meta property=\"product:availability\" content=\"instock\" \/>\n<meta property=\"product:retailer_item_id\" content=\"ADV2025RAALL\u00cd7HIR\" \/>\n<meta property=\"product:condition\" content=\"new\" \/>\n<!-- \/ Yoast SEO Premium plugin. -->","yoast_head_json":{"title":"Rafting in Bariloche | Adventure to the Chilean border | Rafting Patagonia in Bariloche","description":"Live the experience of rafting in Bariloche to the border with Chile. Grade III and IV rapids, expert guides and pure adrenaline in Patagonia.","robots":{"index":"index","follow":"follow","max-snippet":"max-snippet:-1","max-image-preview":"max-image-preview:large","max-video-preview":"max-video-preview:-1"},"canonical":"https:\/\/raftingpatagonia.com\/en\/product\/rafting-to-the-border-with-chile-with-transfer\/","og_locale":"en_US","og_type":"article","og_title":"Rafting al l\u00edmite con Chile con traslado","og_description":"Viv\u00ed la experiencia de rafting en Bariloche hasta la frontera con Chile. R\u00e1pidos grado III y IV, gu\u00edas expertos y pura adrenalina en la Patagonia.","og_url":"https:\/\/raftingpatagonia.com\/en\/product\/rafting-to-the-border-with-chile-with-transfer\/","og_site_name":"Rafting Patagonia en Bariloche","article_publisher":"https:\/\/www.facebook.com\/Rafting-4810-231662556864543\/","article_modified_time":"2026-04-28T13:26:11+00:00","og_image":[{"width":850,"height":1133,"url":"https:\/\/raftingpatagonia.com\/wp-content\/uploads\/2025\/08\/11-C-elegi-excursiones-al.jpg","type":"image\/jpeg"}],"twitter_card":"summary_large_image","twitter_misc":{"Price":"&#36;&nbsp;155.400,00","Availability":"In stock"},"schema":{"@context":"https:\/\/schema.org","@graph":[{"@type":["WebPage","ItemPage"],"@id":"https:\/\/raftingpatagonia.com\/producto\/rafting-al-limite-con-chile-con-traslado","url":"https:\/\/raftingpatagonia.com\/producto\/rafting-al-limite-con-chile-con-traslado","name":"Rafting in Bariloche | Adventure to the Chilean border | Rafting Patagonia in Bariloche","isPartOf":{"@id":"https:\/\/raftingpatagonia.com\/#website"},"primaryImageOfPage":{"@id":"https:\/\/raftingpatagonia.com\/producto\/rafting-al-limite-con-chile-con-traslado#primaryimage"},"image":{"@id":"https:\/\/raftingpatagonia.com\/producto\/rafting-al-limite-con-chile-con-traslado#primaryimage"},"thumbnailUrl":"https:\/\/raftingpatagonia.com\/wp-content\/uploads\/2025\/08\/11-C-elegi-excursiones-al.jpg","datePublished":"2025-08-18T16:12:28+00:00","dateModified":"2026-04-28T13:26:11+00:00","description":"Live the experience of rafting in Bariloche to the border with Chile. Grade III and IV rapids, expert guides and pure adrenaline in Patagonia.","breadcrumb":{"@id":"https:\/\/raftingpatagonia.com\/producto\/rafting-al-limite-con-chile-con-traslado#breadcrumb"},"inLanguage":"en-US","potentialAction":[{"@type":"ReadAction","target":["https:\/\/raftingpatagonia.com\/producto\/rafting-al-limite-con-chile-con-traslado"]}]},{"@type":"ImageObject","inLanguage":"en-US","@id":"https:\/\/raftingpatagonia.com\/producto\/rafting-al-limite-con-chile-con-traslado#primaryimage","url":"https:\/\/raftingpatagonia.com\/wp-content\/uploads\/2025\/08\/11-C-elegi-excursiones-al.jpg","contentUrl":"https:\/\/raftingpatagonia.com\/wp-content\/uploads\/2025\/08\/11-C-elegi-excursiones-al.jpg","width":850,"height":1133},{"@type":"BreadcrumbList","@id":"https:\/\/raftingpatagonia.com\/producto\/rafting-al-limite-con-chile-con-traslado#breadcrumb","itemListElement":[{"@type":"ListItem","position":1,"name":"Home","item":"https:\/\/raftingpatagonia.com\/"},{"@type":"ListItem","position":2,"name":"Shop","item":"https:\/\/raftingpatagonia.com\/actividades"},{"@type":"ListItem","position":3,"name":"Rafting al l\u00edmite con Chile con traslado"}]},{"@type":"WebSite","@id":"https:\/\/raftingpatagonia.com\/#website","url":"https:\/\/raftingpatagonia.com\/","name":"Patagonia Rafting in Bariloche","description":"Patagonia Rafting in Bariloche","potentialAction":[{"@type":"SearchAction","target":{"@type":"EntryPoint","urlTemplate":"https:\/\/raftingpatagonia.com\/?s={search_term_string}"},"query-input":{"@type":"PropertyValueSpecification","valueRequired":true,"valueName":"search_term_string"}}],"inLanguage":"en-US"}]},"product_price_amount":"155400.00","product_price_currency":"ARS","og_availability":"instock","product_availability":"instock","product_retailer_item_id":"ADV2025RAALL\u00cd7HIR","product_condition":"new"},"_links":{"self":[{"href":"https:\/\/raftingpatagonia.com\/en\/wp-json\/wp\/v2\/product\/236402","targetHints":{"allow":["GET"]}}],"collection":[{"href":"https:\/\/raftingpatagonia.com\/en\/wp-json\/wp\/v2\/product"}],"about":[{"href":"https:\/\/raftingpatagonia.com\/en\/wp-json\/wp\/v2\/types\/product"}],"replies":[{"embeddable":true,"href":"https:\/\/raftingpatagonia.com\/en\/wp-json\/wp\/v2\/comments?post=236402"}],"wp:featuredmedia":[{"embeddable":true,"href":"https:\/\/raftingpatagonia.com\/en\/wp-json\/wp\/v2\/media\/236663"}],"wp:attachment":[{"href":"https:\/\/raftingpatagonia.com\/en\/wp-json\/wp\/v2\/media?parent=236402"}],"wp:term":[{"taxonomy":"product_brand","embeddable":true,"href":"https:\/\/raftingpatagonia.com\/en\/wp-json\/wp\/v2\/product_brand?post=236402"},{"taxonomy":"product_cat","embeddable":true,"href":"https:\/\/raftingpatagonia.com\/en\/wp-json\/wp\/v2\/product_cat?post=236402"},{"taxonomy":"product_tag","embeddable":true,"href":"https:\/\/raftingpatagonia.com\/en\/wp-json\/wp\/v2\/product_tag?post=236402"}],"curies":[{"name":"wp","href":"https:\/\/api.w.org\/{rel}","templated":true}]}}