{"id":236401,"date":"2025-08-18T13:12:03","date_gmt":"2025-08-18T16:12:03","guid":{"rendered":"https:\/\/raftingpatagonia.com\/producto\/rafting-light-en-el-rio-manso-sin-traslado"},"modified":"2026-03-31T12:15:26","modified_gmt":"2026-03-31T15:15:26","slug":"rafting-light-en-el-rio-manso-sin-traslado","status":"publish","type":"product","link":"https:\/\/raftingpatagonia.com\/en\/product\/light-rafting-on-the-manso-river-without-transfer","title":{"rendered":"Light Rafting on the Manso River without Transfer"},"content":{"rendered":"<h2>Family Adventure on the Manso River<\/h2>\n<p>Live an unforgettable getaway with our experience of <strong>quiet rafting on the Manso River<\/strong>, designed to share in group or with children. This trip on the water combines fun and protection, perfect for children from 5 years old. Its gentle level 1 and 2 rapids ensure adrenaline in a supervised environment, suitable for those who are trying this sport for the first time or are looking to relax surrounded by Patagonian landscapes.<\/p>\n<h3>Key Experience Data<\/h3>\n<ul>\n<li><strong>Duration:<\/strong> Nearly 90 minutes full of joy and pure action.<\/li>\n<li><strong>Route:<\/strong> Travel 40 km through unique scenery and calm waters to create unforgettable memories.<\/li>\n<li><strong>Equipment included:<\/strong> Enjoy maximum protection: neoprene wetsuit, helmet and first class life jacket.<\/li>\n<\/ul>\n<h3>Start of the Walk<\/h3>\n<p>When you arrive at the departure point, our expert team will welcome you with the best vibes and will give you a pleasant talk about how to handle yourself on board. Everything is planned so that you can go for it without worrying about your previous experience: just come to relax and have fun with total confidence.<\/p>\n<h3>Recommendations<\/h3>\n<p>We suggest you bring:<\/p>\n<ul>\n<li>Own towel.<\/li>\n<li>Dry clothes to change at the end of the tour.<\/li>\n<li>Waterproof sneakers or sandals.<\/li>\n<\/ul>\n<h3>Self-Employment Income<\/h3>\n<p>If you prefer to go in your own vehicle, the meeting is at the <strong>Villegas Base<\/strong> located on the <strong>Route 83 Km 1.<\/strong> At 1:40 p.m. the caravan starts to our camp next to the Villegas River.<\/p>\n<h3>What's Included and What's Not<\/h3>\n<ul>\n<li><strong>Includes:<\/strong> Rafting excursion with all the necessary equipment: wetsuit, life jacket, waterproof jacket, neoprene boots, paddles and protective helmet.<\/li>\n<li><strong>Does not include:<\/strong> Transfers and food (such as lunch, breakfast or snack).<\/li>\n<\/ul>\n<h3>Hours Available<\/h3>\n<p>The tour starts at <strong>1:00 p.m. and ends at approximately 6:30 p.m.<\/strong>, giving you an afternoon to live to the fullest.<\/p>\n<h2>Frequently Asked Questions<\/h2>\n<h3>How is the procedure if I choose without transfer?<\/h3>\n<p data-pm-slice=\"1 1 []\">If you opt for the alternative without transfer, you have to arrive directly to our rafting stop in the <strong>Villegas Base Ruta 83 Km 1. <a class=\"theme markdown__link\" href=\"https:\/\/maps.app.goo.gl\/NqbsUN6VB5Fnt7hVA\" target=\"_blank\" rel=\"noopener noreferrer\">https:\/\/maps.app.goo.gl\/NqbsUN6VB5Fnt7hVA <\/a><\/strong>this is the link to the location of the parador.<\/p>\n<h3>Can someone who does not participate in rafting join?<\/h3>\n<p>No problem: your companions are welcome and they only pay the <strong>50% of the value<\/strong> of the excursion.<\/p>","protected":false},"excerpt":{"rendered":"<h2>Come and Feel the Rafting in the Manso River<\/h2>\n<p>Spend a unique day with our quiet rafting on the Manso River, specially designed for children from 5 years old and family groups. Experience the serenity and the natural environment paddling through class 1 and 2 rapids. If you decide to arrive by your own means, you will find us at the YPF-ACA. Don't miss this experience!<\/p>","protected":false},"featured_media":236658,"comment_status":"open","ping_status":"closed","template":"","meta":[],"product_brand":[],"product_cat":[542,544,547,553,556,558,559,564],"product_tag":[],"class_list":{"0":"post-236401","1":"product","2":"type-product","3":"status-publish","4":"has-post-thumbnail","6":"product_cat-adultos","7":"product_cat-aventura","8":"product_cat-familia","9":"product_cat-ninos","10":"product_cat-primavera","11":"product_cat-sin-comida","12":"product_cat-sin-traslado","13":"product_cat-verano","15":"first","16":"instock","17":"virtual","18":"sold-individually","19":"purchasable","20":"product-type-booking"},"booking_location":"","booking_location_type":"","booking_duration":1,"booking_duration_unit":"hour","booking_buffer":0,"booking_cost":0,"booking_resources":[],"exclude_global_add_ons":false,"addons":[{"name":"ADU | Adult","type":"input_multiplier","position":0,"required":false,"title_format":"label","default":"","description_enable":false,"description":"","placeholder_enable":false,"placeholder":"","display":"select","restrictions_type":"any_text","adjust_price":true,"price":"75000","price_type":"quantity_based","restrictions":false,"min":"0","max":"0","options":[],"id":1773079069},{"name":"EXTRA | Companion","type":"input_multiplier","position":1,"required":false,"title_format":"label","default":"","description_enable":false,"description":"","placeholder_enable":false,"placeholder":"","display":"select","restrictions_type":"any_text","adjust_price":true,"price":"37500","price_type":"quantity_based","restrictions":false,"min":"0","max":"0","options":[],"id":1773079070},{"name":"MEN512 | from 5 to 12","type":"input_multiplier","position":2,"required":false,"title_format":"label","default":"","description_enable":false,"description":"","placeholder_enable":false,"placeholder":"","display":"select","restrictions_type":"any_text","adjust_price":true,"price":"75000","price_type":"quantity_based","restrictions":false,"min":"0","max":"0","options":[],"id":1773079071}],"yoast_head":"<!-- This site is optimized with the Yoast SEO Premium plugin v24.5 (Yoast SEO v24.8) - https:\/\/yoast.com\/wordpress\/plugins\/seo\/ -->\n<title>Rafting Light en el R\u00edo Manso sin Traslado | Rafting Patagonia en Bariloche<\/title>\n<meta name=\"description\" content=\"Viv\u00ed la experiencia de rafting en el R\u00edo Manso sin traslado desde Bariloche. Una aventura tranquila entre paisajes naturales \u00fanicos, ideal para familias.\" \/>\n<meta name=\"robots\" content=\"index, follow, max-snippet:-1, max-image-preview:large, max-video-preview:-1\" \/>\n<link rel=\"canonical\" href=\"https:\/\/raftingpatagonia.com\/en\/product\/light-rafting-on-the-manso-river-without-transfer\/\" \/>\n<meta property=\"og:locale\" content=\"en_US\" \/>\n<meta property=\"og:type\" content=\"article\" \/>\n<meta property=\"og:title\" content=\"Rafting Light en el R\u00edo Manso sin Traslado\" \/>\n<meta property=\"og:description\" content=\"Viv\u00ed la experiencia de rafting en el R\u00edo Manso sin traslado desde Bariloche. Una aventura tranquila entre paisajes naturales \u00fanicos, ideal para familias.\" \/>\n<meta property=\"og:url\" content=\"https:\/\/raftingpatagonia.com\/en\/product\/light-rafting-on-the-manso-river-without-transfer\/\" \/>\n<meta property=\"og:site_name\" content=\"Rafting Patagonia en Bariloche\" \/>\n<meta property=\"article:publisher\" content=\"https:\/\/www.facebook.com\/Rafting-4810-231662556864543\/\" \/>\n<meta property=\"article:modified_time\" content=\"2026-03-31T15:15:26+00:00\" \/>\n<meta property=\"og:image\" content=\"https:\/\/raftingpatagonia.com\/wp-content\/uploads\/2025\/08\/11-B-rafting-advnoenture.jpg\" \/>\n\t<meta property=\"og:image:width\" content=\"850\" \/>\n\t<meta property=\"og:image:height\" content=\"1133\" \/>\n\t<meta property=\"og:image:type\" content=\"image\/jpeg\" \/>\n<meta name=\"twitter:card\" content=\"summary_large_image\" \/>\n<meta name=\"twitter:label1\" content=\"Price\" \/>\n\t<meta name=\"twitter:data1\" content=\"&#036;&nbsp;75.000,00\" \/>\n\t<meta name=\"twitter:label2\" content=\"Availability\" \/>\n\t<meta name=\"twitter:data2\" content=\"In stock\" \/>\n<script type=\"application\/ld+json\" class=\"yoast-schema-graph\">{\"@context\":\"https:\/\/schema.org\",\"@graph\":[{\"@type\":[\"WebPage\",\"ItemPage\"],\"@id\":\"https:\/\/raftingpatagonia.com\/producto\/rafting-light-en-el-rio-manso-sin-traslado\",\"url\":\"https:\/\/raftingpatagonia.com\/producto\/rafting-light-en-el-rio-manso-sin-traslado\",\"name\":\"Rafting Light en el R\u00edo Manso sin Traslado | Rafting Patagonia en Bariloche\",\"isPartOf\":{\"@id\":\"https:\/\/raftingpatagonia.com\/#website\"},\"primaryImageOfPage\":{\"@id\":\"https:\/\/raftingpatagonia.com\/producto\/rafting-light-en-el-rio-manso-sin-traslado#primaryimage\"},\"image\":{\"@id\":\"https:\/\/raftingpatagonia.com\/producto\/rafting-light-en-el-rio-manso-sin-traslado#primaryimage\"},\"thumbnailUrl\":\"https:\/\/raftingpatagonia.com\/wp-content\/uploads\/2025\/08\/11-B-rafting-advnoenture.jpg\",\"datePublished\":\"2025-08-18T16:12:03+00:00\",\"dateModified\":\"2026-03-31T15:15:26+00:00\",\"description\":\"Viv\u00ed la experiencia de rafting en el R\u00edo Manso sin traslado desde Bariloche. Una aventura tranquila entre paisajes naturales \u00fanicos, ideal para familias.\",\"breadcrumb\":{\"@id\":\"https:\/\/raftingpatagonia.com\/producto\/rafting-light-en-el-rio-manso-sin-traslado#breadcrumb\"},\"inLanguage\":\"en-US\",\"potentialAction\":[{\"@type\":\"ReadAction\",\"target\":[\"https:\/\/raftingpatagonia.com\/producto\/rafting-light-en-el-rio-manso-sin-traslado\"]}]},{\"@type\":\"ImageObject\",\"inLanguage\":\"en-US\",\"@id\":\"https:\/\/raftingpatagonia.com\/producto\/rafting-light-en-el-rio-manso-sin-traslado#primaryimage\",\"url\":\"https:\/\/raftingpatagonia.com\/wp-content\/uploads\/2025\/08\/11-B-rafting-advnoenture.jpg\",\"contentUrl\":\"https:\/\/raftingpatagonia.com\/wp-content\/uploads\/2025\/08\/11-B-rafting-advnoenture.jpg\",\"width\":850,\"height\":1133},{\"@type\":\"BreadcrumbList\",\"@id\":\"https:\/\/raftingpatagonia.com\/producto\/rafting-light-en-el-rio-manso-sin-traslado#breadcrumb\",\"itemListElement\":[{\"@type\":\"ListItem\",\"position\":1,\"name\":\"Home\",\"item\":\"https:\/\/raftingpatagonia.com\/\"},{\"@type\":\"ListItem\",\"position\":2,\"name\":\"Shop\",\"item\":\"https:\/\/raftingpatagonia.com\/actividades\"},{\"@type\":\"ListItem\",\"position\":3,\"name\":\"Rafting Light en el R\u00edo Manso sin Traslado\"}]},{\"@type\":\"WebSite\",\"@id\":\"https:\/\/raftingpatagonia.com\/#website\",\"url\":\"https:\/\/raftingpatagonia.com\/\",\"name\":\"Rafting Patagonia en Bariloche\",\"description\":\"Rafting Patagonia en Bariloche\",\"potentialAction\":[{\"@type\":\"SearchAction\",\"target\":{\"@type\":\"EntryPoint\",\"urlTemplate\":\"https:\/\/raftingpatagonia.com\/?s={search_term_string}\"},\"query-input\":{\"@type\":\"PropertyValueSpecification\",\"valueRequired\":true,\"valueName\":\"search_term_string\"}}],\"inLanguage\":\"en-US\"}]}<\/script>\n<meta property=\"product:price:amount\" content=\"75000.00\" \/>\n<meta property=\"product:price:currency\" content=\"ARS\" \/>\n<meta property=\"og:availability\" content=\"instock\" \/>\n<meta property=\"product:availability\" content=\"instock\" \/>\n<meta property=\"product:retailer_item_id\" content=\"ADV2025RALIENTUFA\" \/>\n<meta property=\"product:condition\" content=\"new\" \/>\n<!-- \/ Yoast SEO Premium plugin. -->","yoast_head_json":{"title":"Rafting Light Rafting on the Manso River without Transfer | Patagonia Rafting in Bariloche","description":"Live the experience of rafting on the Manso River without transfer from Bariloche. A quiet adventure among unique natural landscapes, ideal for families.","robots":{"index":"index","follow":"follow","max-snippet":"max-snippet:-1","max-image-preview":"max-image-preview:large","max-video-preview":"max-video-preview:-1"},"canonical":"https:\/\/raftingpatagonia.com\/en\/product\/light-rafting-on-the-manso-river-without-transfer\/","og_locale":"en_US","og_type":"article","og_title":"Rafting Light en el R\u00edo Manso sin Traslado","og_description":"Viv\u00ed la experiencia de rafting en el R\u00edo Manso sin traslado desde Bariloche. Una aventura tranquila entre paisajes naturales \u00fanicos, ideal para familias.","og_url":"https:\/\/raftingpatagonia.com\/en\/product\/light-rafting-on-the-manso-river-without-transfer\/","og_site_name":"Rafting Patagonia en Bariloche","article_publisher":"https:\/\/www.facebook.com\/Rafting-4810-231662556864543\/","article_modified_time":"2026-03-31T15:15:26+00:00","og_image":[{"width":850,"height":1133,"url":"https:\/\/raftingpatagonia.com\/wp-content\/uploads\/2025\/08\/11-B-rafting-advnoenture.jpg","type":"image\/jpeg"}],"twitter_card":"summary_large_image","twitter_misc":{"Price":"&#36;&nbsp;75.000,00","Availability":"In stock"},"schema":{"@context":"https:\/\/schema.org","@graph":[{"@type":["WebPage","ItemPage"],"@id":"https:\/\/raftingpatagonia.com\/producto\/rafting-light-en-el-rio-manso-sin-traslado","url":"https:\/\/raftingpatagonia.com\/producto\/rafting-light-en-el-rio-manso-sin-traslado","name":"Rafting Light Rafting on the Manso River without Transfer | Patagonia Rafting in Bariloche","isPartOf":{"@id":"https:\/\/raftingpatagonia.com\/#website"},"primaryImageOfPage":{"@id":"https:\/\/raftingpatagonia.com\/producto\/rafting-light-en-el-rio-manso-sin-traslado#primaryimage"},"image":{"@id":"https:\/\/raftingpatagonia.com\/producto\/rafting-light-en-el-rio-manso-sin-traslado#primaryimage"},"thumbnailUrl":"https:\/\/raftingpatagonia.com\/wp-content\/uploads\/2025\/08\/11-B-rafting-advnoenture.jpg","datePublished":"2025-08-18T16:12:03+00:00","dateModified":"2026-03-31T15:15:26+00:00","description":"Live the experience of rafting on the Manso River without transfer from Bariloche. A quiet adventure among unique natural landscapes, ideal for families.","breadcrumb":{"@id":"https:\/\/raftingpatagonia.com\/producto\/rafting-light-en-el-rio-manso-sin-traslado#breadcrumb"},"inLanguage":"en-US","potentialAction":[{"@type":"ReadAction","target":["https:\/\/raftingpatagonia.com\/producto\/rafting-light-en-el-rio-manso-sin-traslado"]}]},{"@type":"ImageObject","inLanguage":"en-US","@id":"https:\/\/raftingpatagonia.com\/producto\/rafting-light-en-el-rio-manso-sin-traslado#primaryimage","url":"https:\/\/raftingpatagonia.com\/wp-content\/uploads\/2025\/08\/11-B-rafting-advnoenture.jpg","contentUrl":"https:\/\/raftingpatagonia.com\/wp-content\/uploads\/2025\/08\/11-B-rafting-advnoenture.jpg","width":850,"height":1133},{"@type":"BreadcrumbList","@id":"https:\/\/raftingpatagonia.com\/producto\/rafting-light-en-el-rio-manso-sin-traslado#breadcrumb","itemListElement":[{"@type":"ListItem","position":1,"name":"Home","item":"https:\/\/raftingpatagonia.com\/"},{"@type":"ListItem","position":2,"name":"Shop","item":"https:\/\/raftingpatagonia.com\/actividades"},{"@type":"ListItem","position":3,"name":"Rafting Light en el R\u00edo Manso sin Traslado"}]},{"@type":"WebSite","@id":"https:\/\/raftingpatagonia.com\/#website","url":"https:\/\/raftingpatagonia.com\/","name":"Patagonia Rafting in Bariloche","description":"Patagonia Rafting in Bariloche","potentialAction":[{"@type":"SearchAction","target":{"@type":"EntryPoint","urlTemplate":"https:\/\/raftingpatagonia.com\/?s={search_term_string}"},"query-input":{"@type":"PropertyValueSpecification","valueRequired":true,"valueName":"search_term_string"}}],"inLanguage":"en-US"}]},"product_price_amount":"75000.00","product_price_currency":"ARS","og_availability":"instock","product_availability":"instock","product_retailer_item_id":"ADV2025RALIENTUFA","product_condition":"new"},"_links":{"self":[{"href":"https:\/\/raftingpatagonia.com\/en\/wp-json\/wp\/v2\/product\/236401","targetHints":{"allow":["GET"]}}],"collection":[{"href":"https:\/\/raftingpatagonia.com\/en\/wp-json\/wp\/v2\/product"}],"about":[{"href":"https:\/\/raftingpatagonia.com\/en\/wp-json\/wp\/v2\/types\/product"}],"replies":[{"embeddable":true,"href":"https:\/\/raftingpatagonia.com\/en\/wp-json\/wp\/v2\/comments?post=236401"}],"wp:featuredmedia":[{"embeddable":true,"href":"https:\/\/raftingpatagonia.com\/en\/wp-json\/wp\/v2\/media\/236658"}],"wp:attachment":[{"href":"https:\/\/raftingpatagonia.com\/en\/wp-json\/wp\/v2\/media?parent=236401"}],"wp:term":[{"taxonomy":"product_brand","embeddable":true,"href":"https:\/\/raftingpatagonia.com\/en\/wp-json\/wp\/v2\/product_brand?post=236401"},{"taxonomy":"product_cat","embeddable":true,"href":"https:\/\/raftingpatagonia.com\/en\/wp-json\/wp\/v2\/product_cat?post=236401"},{"taxonomy":"product_tag","embeddable":true,"href":"https:\/\/raftingpatagonia.com\/en\/wp-json\/wp\/v2\/product_tag?post=236401"}],"curies":[{"name":"wp","href":"https:\/\/api.w.org\/{rel}","templated":true}]}}