{"id":236400,"date":"2025-08-18T13:11:30","date_gmt":"2025-08-18T16:11:30","guid":{"rendered":"https:\/\/raftingpatagonia.com\/producto\/rafting-light-en-el-rio-manso-con-traslado"},"modified":"2026-03-31T12:15:26","modified_gmt":"2026-03-31T15:15:26","slug":"rafting-light-en-el-rio-manso-con-traslado","status":"publish","type":"product","link":"https:\/\/raftingpatagonia.com\/en\/product\/light-rafting-on-the-manso-river-with-transfer","title":{"rendered":"Light rafting on the Manso River with transfer"},"content":{"rendered":"<h2>Experience the Power of the Manso River with Peace of Mind<\/h2>\n<p>I felt the adrenaline of the <strong>rafting fun<\/strong> in the imposing <strong>Manso River<\/strong>, where nature and emotion merge to create unforgettable memories. This <strong>soft rafting version<\/strong> is ideal for families, recommended for children from 5 years old, guaranteeing a safe and simple adventure to let you get caught by the Patagonian environment. Enjoy a tour of <strong>6 kilometers<\/strong> in the waters of <strong>grade 1 and 2<\/strong>, The ideal plan for beginners or those who are simply looking for a relaxing float.<\/p>\n<h3>Join us for an unforgettable experience<\/h3>\n<p>At the meeting point, our <strong>professional guides<\/strong>, We are ready to accompany you on this amazing journey.<\/p>\n<ul>\n<li><strong>All equipment included:<\/strong> we provide wetsuits, helmets, life jackets and more for your peace of mind.<\/li>\n<li><strong>Previous safety talk:<\/strong> you will have an express training so that your rafting will be safe and fun.<\/li>\n<\/ul>\n<p>As you go along the river, you will contemplate dazzling landscapes and fully connect with nature. The circuit lasts approximately <strong>one and a half hours<\/strong>, just enough to immerse you in a natural 100% ride.<\/p>\n<h3>Place of departure<\/h3>\n<p data-pm-slice=\"1 1 []\">If you book a transfer, we leave from downtown Bariloche or from the point we agree together, depending on where you are staying. If you wish to go with your vehicle, you must be at our stop where the rafting excursion takes place at the Villegas Base, Route 83 Km 1. <a class=\"theme markdown__link\" href=\"https:\/\/maps.app.goo.gl\/NqbsUN6VB5Fnt7hVA\" target=\"_blank\" rel=\"noopener noreferrer\">https:\/\/maps.app.goo.gl\/NqbsUN6VB5Fnt7hVA<\/a> this is the link to the location of the parador.<\/p>\n<h3>Relax and good vibes<\/h3>\n<p>Once the adventure is over, you take some time at the hostel to recharge your batteries, share stories and add new friends to the group.<\/p>\n<h3>Suggestions for your Excursion<\/h3>\n<ul>\n<li><strong>Don't forget:<\/strong> bring a towel, a change of clothes and waterproof shoes.<\/li>\n<li><strong>To be taken into account:<\/strong> you may receive some splashes during the trip.<\/li>\n<\/ul>\n<p>Make this moment your perfect excuse to discover the Argentine landscape from a different point of view, we are waiting for you!<\/p>","protected":false},"excerpt":{"rendered":"<p>Live a unique adventure with our soft rafting in the Manso River. Specially designed for family groups and those who are new to the sport, this proposal guarantees an entertaining and safe trip along 6 kilometers surrounded by stunning nature.<\/p>","protected":false},"featured_media":236657,"comment_status":"open","ping_status":"closed","template":"","meta":[],"product_brand":[],"product_cat":[542,544,546,547,553,556,558,564],"product_tag":[],"class_list":{"0":"post-236400","1":"product","2":"type-product","3":"status-publish","4":"has-post-thumbnail","6":"product_cat-adultos","7":"product_cat-aventura","8":"product_cat-con-traslado","9":"product_cat-familia","10":"product_cat-ninos","11":"product_cat-primavera","12":"product_cat-sin-comida","13":"product_cat-verano","15":"first","16":"instock","17":"virtual","18":"sold-individually","19":"purchasable","20":"product-type-booking"},"booking_location":"","booking_location_type":"","booking_duration":1,"booking_duration_unit":"hour","booking_buffer":0,"booking_cost":0,"booking_resources":[],"exclude_global_add_ons":false,"addons":[{"name":"ADU | Adult","type":"input_multiplier","position":0,"required":false,"title_format":"label","default":"","description_enable":false,"description":"","placeholder_enable":false,"placeholder":"","display":"select","restrictions_type":"any_text","adjust_price":true,"price":"90000","price_type":"quantity_based","restrictions":false,"min":"0","max":"0","options":[],"id":1773236862},{"name":"EXTRA | Companion","type":"input_multiplier","position":1,"required":false,"title_format":"label","default":"","description_enable":false,"description":"","placeholder_enable":false,"placeholder":"","display":"select","restrictions_type":"any_text","adjust_price":true,"price":"45000","price_type":"quantity_based","restrictions":false,"min":"0","max":"0","options":[],"id":1773236863},{"name":"MEN512 | from 5 to 12","type":"input_multiplier","position":2,"required":false,"title_format":"label","default":"","description_enable":false,"description":"","placeholder_enable":false,"placeholder":"","display":"select","restrictions_type":"any_text","adjust_price":true,"price":"90000","price_type":"quantity_based","restrictions":false,"min":"0","max":"0","options":[],"id":1773236864}],"yoast_head":"<!-- This site is optimized with the Yoast SEO Premium plugin v24.5 (Yoast SEO v24.8) - https:\/\/yoast.com\/wordpress\/plugins\/seo\/ -->\n<title>Rafting light en el r\u00edo Manso con traslado | Rafting Patagonia en Bariloche<\/title>\n<meta name=\"description\" content=\"Viv\u00ed la experiencia de rafting en el R\u00edo Manso sin traslado desde Bariloche. Una aventura tranquila entre paisajes naturales \u00fanicos, ideal para familias.\" \/>\n<meta name=\"robots\" content=\"index, follow, max-snippet:-1, max-image-preview:large, max-video-preview:-1\" \/>\n<link rel=\"canonical\" href=\"https:\/\/raftingpatagonia.com\/en\/product\/light-rafting-on-the-manso-river-with-transfer\/\" \/>\n<meta property=\"og:locale\" content=\"en_US\" \/>\n<meta property=\"og:type\" content=\"article\" \/>\n<meta property=\"og:title\" content=\"Rafting light en el r\u00edo Manso con traslado\" \/>\n<meta property=\"og:description\" content=\"Viv\u00ed la experiencia de rafting en el R\u00edo Manso sin traslado desde Bariloche. Una aventura tranquila entre paisajes naturales \u00fanicos, ideal para familias.\" \/>\n<meta property=\"og:url\" content=\"https:\/\/raftingpatagonia.com\/en\/product\/light-rafting-on-the-manso-river-with-transfer\/\" \/>\n<meta property=\"og:site_name\" content=\"Rafting Patagonia en Bariloche\" \/>\n<meta property=\"article:publisher\" content=\"https:\/\/www.facebook.com\/Rafting-4810-231662556864543\/\" \/>\n<meta property=\"article:modified_time\" content=\"2026-03-31T15:15:26+00:00\" \/>\n<meta property=\"og:image\" content=\"https:\/\/raftingpatagonia.com\/wp-content\/uploads\/2025\/08\/11-A-Rafting-light-rio-Manso-5.jpg\" \/>\n\t<meta property=\"og:image:width\" content=\"850\" \/>\n\t<meta property=\"og:image:height\" content=\"1133\" \/>\n\t<meta property=\"og:image:type\" content=\"image\/jpeg\" \/>\n<meta name=\"twitter:card\" content=\"summary_large_image\" \/>\n<meta name=\"twitter:label1\" content=\"Price\" \/>\n\t<meta name=\"twitter:data1\" content=\"&#036;&nbsp;90.000,00\" \/>\n\t<meta name=\"twitter:label2\" content=\"Availability\" \/>\n\t<meta name=\"twitter:data2\" content=\"In stock\" \/>\n<script type=\"application\/ld+json\" class=\"yoast-schema-graph\">{\"@context\":\"https:\/\/schema.org\",\"@graph\":[{\"@type\":[\"WebPage\",\"ItemPage\"],\"@id\":\"https:\/\/raftingpatagonia.com\/producto\/rafting-light-en-el-rio-manso-con-traslado\",\"url\":\"https:\/\/raftingpatagonia.com\/producto\/rafting-light-en-el-rio-manso-con-traslado\",\"name\":\"Rafting light en el r\u00edo Manso con traslado | Rafting Patagonia en Bariloche\",\"isPartOf\":{\"@id\":\"https:\/\/raftingpatagonia.com\/#website\"},\"primaryImageOfPage\":{\"@id\":\"https:\/\/raftingpatagonia.com\/producto\/rafting-light-en-el-rio-manso-con-traslado#primaryimage\"},\"image\":{\"@id\":\"https:\/\/raftingpatagonia.com\/producto\/rafting-light-en-el-rio-manso-con-traslado#primaryimage\"},\"thumbnailUrl\":\"https:\/\/raftingpatagonia.com\/wp-content\/uploads\/2025\/08\/11-A-Rafting-light-rio-Manso-5.jpg\",\"datePublished\":\"2025-08-18T16:11:30+00:00\",\"dateModified\":\"2026-03-31T15:15:26+00:00\",\"description\":\"Viv\u00ed la experiencia de rafting en el R\u00edo Manso sin traslado desde Bariloche. Una aventura tranquila entre paisajes naturales \u00fanicos, ideal para familias.\",\"breadcrumb\":{\"@id\":\"https:\/\/raftingpatagonia.com\/producto\/rafting-light-en-el-rio-manso-con-traslado#breadcrumb\"},\"inLanguage\":\"en-US\",\"potentialAction\":[{\"@type\":\"ReadAction\",\"target\":[\"https:\/\/raftingpatagonia.com\/producto\/rafting-light-en-el-rio-manso-con-traslado\"]}]},{\"@type\":\"ImageObject\",\"inLanguage\":\"en-US\",\"@id\":\"https:\/\/raftingpatagonia.com\/producto\/rafting-light-en-el-rio-manso-con-traslado#primaryimage\",\"url\":\"https:\/\/raftingpatagonia.com\/wp-content\/uploads\/2025\/08\/11-A-Rafting-light-rio-Manso-5.jpg\",\"contentUrl\":\"https:\/\/raftingpatagonia.com\/wp-content\/uploads\/2025\/08\/11-A-Rafting-light-rio-Manso-5.jpg\",\"width\":850,\"height\":1133},{\"@type\":\"BreadcrumbList\",\"@id\":\"https:\/\/raftingpatagonia.com\/producto\/rafting-light-en-el-rio-manso-con-traslado#breadcrumb\",\"itemListElement\":[{\"@type\":\"ListItem\",\"position\":1,\"name\":\"Home\",\"item\":\"https:\/\/raftingpatagonia.com\/\"},{\"@type\":\"ListItem\",\"position\":2,\"name\":\"Shop\",\"item\":\"https:\/\/raftingpatagonia.com\/actividades\"},{\"@type\":\"ListItem\",\"position\":3,\"name\":\"Rafting light en el r\u00edo Manso con traslado\"}]},{\"@type\":\"WebSite\",\"@id\":\"https:\/\/raftingpatagonia.com\/#website\",\"url\":\"https:\/\/raftingpatagonia.com\/\",\"name\":\"Rafting Patagonia en Bariloche\",\"description\":\"Rafting Patagonia en Bariloche\",\"potentialAction\":[{\"@type\":\"SearchAction\",\"target\":{\"@type\":\"EntryPoint\",\"urlTemplate\":\"https:\/\/raftingpatagonia.com\/?s={search_term_string}\"},\"query-input\":{\"@type\":\"PropertyValueSpecification\",\"valueRequired\":true,\"valueName\":\"search_term_string\"}}],\"inLanguage\":\"en-US\"}]}<\/script>\n<meta property=\"product:price:amount\" content=\"90000.00\" \/>\n<meta property=\"product:price:currency\" content=\"ARS\" \/>\n<meta property=\"og:availability\" content=\"instock\" \/>\n<meta property=\"product:availability\" content=\"instock\" \/>\n<meta property=\"product:retailer_item_id\" content=\"ADV2025RALIENP3DA\" \/>\n<meta property=\"product:condition\" content=\"new\" \/>\n<!-- \/ Yoast SEO Premium plugin. -->","yoast_head_json":{"title":"Light rafting on the Manso River with transfer | Rafting Patagonia in Bariloche","description":"Live the experience of rafting on the Manso River without transfer from Bariloche. A quiet adventure among unique natural landscapes, ideal for families.","robots":{"index":"index","follow":"follow","max-snippet":"max-snippet:-1","max-image-preview":"max-image-preview:large","max-video-preview":"max-video-preview:-1"},"canonical":"https:\/\/raftingpatagonia.com\/en\/product\/light-rafting-on-the-manso-river-with-transfer\/","og_locale":"en_US","og_type":"article","og_title":"Rafting light en el r\u00edo Manso con traslado","og_description":"Viv\u00ed la experiencia de rafting en el R\u00edo Manso sin traslado desde Bariloche. Una aventura tranquila entre paisajes naturales \u00fanicos, ideal para familias.","og_url":"https:\/\/raftingpatagonia.com\/en\/product\/light-rafting-on-the-manso-river-with-transfer\/","og_site_name":"Rafting Patagonia en Bariloche","article_publisher":"https:\/\/www.facebook.com\/Rafting-4810-231662556864543\/","article_modified_time":"2026-03-31T15:15:26+00:00","og_image":[{"width":850,"height":1133,"url":"https:\/\/raftingpatagonia.com\/wp-content\/uploads\/2025\/08\/11-A-Rafting-light-rio-Manso-5.jpg","type":"image\/jpeg"}],"twitter_card":"summary_large_image","twitter_misc":{"Price":"&#36;&nbsp;90.000,00","Availability":"In stock"},"schema":{"@context":"https:\/\/schema.org","@graph":[{"@type":["WebPage","ItemPage"],"@id":"https:\/\/raftingpatagonia.com\/producto\/rafting-light-en-el-rio-manso-con-traslado","url":"https:\/\/raftingpatagonia.com\/producto\/rafting-light-en-el-rio-manso-con-traslado","name":"Light rafting on the Manso River with transfer | Rafting Patagonia in Bariloche","isPartOf":{"@id":"https:\/\/raftingpatagonia.com\/#website"},"primaryImageOfPage":{"@id":"https:\/\/raftingpatagonia.com\/producto\/rafting-light-en-el-rio-manso-con-traslado#primaryimage"},"image":{"@id":"https:\/\/raftingpatagonia.com\/producto\/rafting-light-en-el-rio-manso-con-traslado#primaryimage"},"thumbnailUrl":"https:\/\/raftingpatagonia.com\/wp-content\/uploads\/2025\/08\/11-A-Rafting-light-rio-Manso-5.jpg","datePublished":"2025-08-18T16:11:30+00:00","dateModified":"2026-03-31T15:15:26+00:00","description":"Live the experience of rafting on the Manso River without transfer from Bariloche. A quiet adventure among unique natural landscapes, ideal for families.","breadcrumb":{"@id":"https:\/\/raftingpatagonia.com\/producto\/rafting-light-en-el-rio-manso-con-traslado#breadcrumb"},"inLanguage":"en-US","potentialAction":[{"@type":"ReadAction","target":["https:\/\/raftingpatagonia.com\/producto\/rafting-light-en-el-rio-manso-con-traslado"]}]},{"@type":"ImageObject","inLanguage":"en-US","@id":"https:\/\/raftingpatagonia.com\/producto\/rafting-light-en-el-rio-manso-con-traslado#primaryimage","url":"https:\/\/raftingpatagonia.com\/wp-content\/uploads\/2025\/08\/11-A-Rafting-light-rio-Manso-5.jpg","contentUrl":"https:\/\/raftingpatagonia.com\/wp-content\/uploads\/2025\/08\/11-A-Rafting-light-rio-Manso-5.jpg","width":850,"height":1133},{"@type":"BreadcrumbList","@id":"https:\/\/raftingpatagonia.com\/producto\/rafting-light-en-el-rio-manso-con-traslado#breadcrumb","itemListElement":[{"@type":"ListItem","position":1,"name":"Home","item":"https:\/\/raftingpatagonia.com\/"},{"@type":"ListItem","position":2,"name":"Shop","item":"https:\/\/raftingpatagonia.com\/actividades"},{"@type":"ListItem","position":3,"name":"Rafting light en el r\u00edo Manso con traslado"}]},{"@type":"WebSite","@id":"https:\/\/raftingpatagonia.com\/#website","url":"https:\/\/raftingpatagonia.com\/","name":"Patagonia Rafting in Bariloche","description":"Patagonia Rafting in Bariloche","potentialAction":[{"@type":"SearchAction","target":{"@type":"EntryPoint","urlTemplate":"https:\/\/raftingpatagonia.com\/?s={search_term_string}"},"query-input":{"@type":"PropertyValueSpecification","valueRequired":true,"valueName":"search_term_string"}}],"inLanguage":"en-US"}]},"product_price_amount":"90000.00","product_price_currency":"ARS","og_availability":"instock","product_availability":"instock","product_retailer_item_id":"ADV2025RALIENP3DA","product_condition":"new"},"_links":{"self":[{"href":"https:\/\/raftingpatagonia.com\/en\/wp-json\/wp\/v2\/product\/236400","targetHints":{"allow":["GET"]}}],"collection":[{"href":"https:\/\/raftingpatagonia.com\/en\/wp-json\/wp\/v2\/product"}],"about":[{"href":"https:\/\/raftingpatagonia.com\/en\/wp-json\/wp\/v2\/types\/product"}],"replies":[{"embeddable":true,"href":"https:\/\/raftingpatagonia.com\/en\/wp-json\/wp\/v2\/comments?post=236400"}],"wp:featuredmedia":[{"embeddable":true,"href":"https:\/\/raftingpatagonia.com\/en\/wp-json\/wp\/v2\/media\/236657"}],"wp:attachment":[{"href":"https:\/\/raftingpatagonia.com\/en\/wp-json\/wp\/v2\/media?parent=236400"}],"wp:term":[{"taxonomy":"product_brand","embeddable":true,"href":"https:\/\/raftingpatagonia.com\/en\/wp-json\/wp\/v2\/product_brand?post=236400"},{"taxonomy":"product_cat","embeddable":true,"href":"https:\/\/raftingpatagonia.com\/en\/wp-json\/wp\/v2\/product_cat?post=236400"},{"taxonomy":"product_tag","embeddable":true,"href":"https:\/\/raftingpatagonia.com\/en\/wp-json\/wp\/v2\/product_tag?post=236400"}],"curies":[{"name":"wp","href":"https:\/\/api.w.org\/{rel}","templated":true}]}}