{"id":236399,"date":"2025-08-18T13:11:01","date_gmt":"2025-08-18T16:11:01","guid":{"rendered":"https:\/\/raftingpatagonia.com\/producto\/circuito-chico-y-cerro-campanario-explora-bariloche-como-nunca-antes"},"modified":"2026-03-31T12:15:27","modified_gmt":"2026-03-31T15:15:27","slug":"circuito-chico-cerro-campanario","status":"publish","type":"product","link":"https:\/\/raftingpatagonia.com\/en\/product\/cerro-campanario-small-circuit","title":{"rendered":"Circuito Chico and Cerro Campanario: explore Bariloche like never before"},"content":{"rendered":"<h3 data-start=\"417\" data-end=\"500\"><strong data-start=\"421\" data-end=\"500\">Unforgettable landscapes, emblematic roads and scenery that will thrill you at first sight.<\/strong><\/h3>\n<p data-start=\"502\" data-end=\"756\">In just half a day, discover the most distinctive corners of Bariloche with this circuit designed for those seeking to connect nature, culture and breathtaking views. The <strong data-start=\"677\" data-end=\"695\">Small Circuit<\/strong> is the essential tour to start your experience in the city.<\/p>\n<p data-start=\"758\" data-end=\"1088\">The tour starts at a central point and goes up to km 8 on Bustillo or Pioneros Avenue. During the ride, you will slide along the <strong data-start=\"910\" data-end=\"931\">Nahuel Huapi Lake<\/strong>, admire the majestic <strong data-start=\"957\" data-end=\"976\">Hotel Llao Llao<\/strong>, the iconic <strong data-start=\"993\" data-end=\"1016\">St. Edward's Chapel<\/strong> and the <strong data-start=\"1022\" data-end=\"1040\">Puerto Pa\u00f1uelo<\/strong>, famous for being the starting point for excursions to the lake.<\/p>\n<p data-start=\"1090\" data-end=\"1241\">In addition, you will visit places such as <strong data-start=\"1125\" data-end=\"1140\">Villa Tacul<\/strong>, the <strong data-start=\"1145\" data-end=\"1163\">Hidden Lake<\/strong> and the <strong data-start=\"1169\" data-end=\"1184\">Cerro Lopez<\/strong>, making key stops to take pictures and enjoy the natural environment.<\/p>\n<p data-start=\"1243\" data-end=\"1484\">The finishing touch is in the <strong data-start=\"1272\" data-end=\"1292\">Cerro Campanario<\/strong>, where you can go up by chairlift to a viewpoint considered one of the most beautiful on the planet. From that height, the open landscapes of hills, lakes and valleys are a postcard that you will never forget.<\/p>\n<p data-start=\"1486\" data-end=\"1665\">The tour takes place from 8:30 am to 12:30 pm or from 2:30 pm to 7:00 pm. Includes transfer and professional guide in Spanish (ask for a bilingual guide). It does not include the chairlift ticket or food.<\/p>\n<h3 data-start=\"1672\" data-end=\"1700\"><strong data-start=\"1676\" data-end=\"1700\">Frequently asked questions<\/strong><\/h3>\n<p data-start=\"1702\" data-end=\"1844\"><strong data-start=\"1702\" data-end=\"1746\">Can this tour be combined with another tour?<\/strong><br data-start=\"1746\" data-end=\"1749\" \/>Yes, it is perfect to take advantage of and add an afternoon outing to the <strong data-start=\"1787\" data-end=\"1805\">Cerro Catedral<\/strong> or to the <strong data-start=\"1813\" data-end=\"1830\">Victoria Island<\/strong>.<\/p>\n<p data-start=\"1846\" data-end=\"1951\"><strong data-start=\"1846\" data-end=\"1878\">Is the chairlift ride included?<\/strong><br data-start=\"1878\" data-end=\"1881\" \/>No, the ascent to Cerro Campanario is optional and must be paid for at the destination.<\/p>\n<p data-start=\"1953\" data-end=\"2056\"><strong data-start=\"1953\" data-end=\"1986\">Is it possible to enter the Llao Llao Llao Hotel?<\/strong><br data-start=\"1986\" data-end=\"1989\" \/>No. The walk contemplates the view from the outside and its natural surroundings.<\/p>\n<p data-start=\"2058\" data-end=\"2192\"><strong data-start=\"2058\" data-end=\"2082\">Is physical effort required?<\/strong><br data-start=\"2082\" data-end=\"2085\" \/>No, it is a light ride. Accessible for any age and highly recommended if it is your first time in Bariloche.<\/p>","protected":false},"excerpt":{"rendered":"<p>Explore Bariloche by doing the Circuito Chico and climbing Cerro Campanario. Stroll along the picturesque Bustillo Avenue, contemplate the emblematic Llao Llao Llao Hotel and climb the Cerro Campanario to enjoy a unique panoramic view. A tour that combines landscapes, wellness and unforgettable experiences.<\/p>","protected":false},"featured_media":236654,"comment_status":"open","ping_status":"closed","template":"","meta":[],"product_brand":[],"product_cat":[542,546,547,553,558,561,563],"product_tag":[],"class_list":{"0":"post-236399","1":"product","2":"type-product","3":"status-publish","4":"has-post-thumbnail","6":"product_cat-adultos","7":"product_cat-con-traslado","8":"product_cat-familia","9":"product_cat-ninos","10":"product_cat-sin-comida","11":"product_cat-terrestre","12":"product_cat-todo-el-ano","14":"first","15":"instock","16":"virtual","17":"sold-individually","18":"purchasable","19":"product-type-booking"},"booking_location":"","booking_location_type":"","booking_duration":1,"booking_duration_unit":"hour","booking_buffer":0,"booking_cost":0,"booking_resources":[],"exclude_global_add_ons":false,"addons":[{"name":"STD | Passengers","type":"input_multiplier","position":0,"required":false,"title_format":"label","default":"","description_enable":false,"description":"","placeholder_enable":false,"placeholder":"","display":"select","restrictions_type":"any_text","adjust_price":true,"price":"23400","price_type":"flat_fee","restrictions":false,"min":"0","max":"0","options":[],"id":1773236982}],"yoast_head":"<!-- This site is optimized with the Yoast SEO Premium plugin v24.5 (Yoast SEO v24.8) - https:\/\/yoast.com\/wordpress\/plugins\/seo\/ -->\n<title>Circuito Chico y Cerro Campanario: explor\u00e1 Bariloche como nunca antes | Rafting Patagonia en Bariloche<\/title>\n<meta name=\"robots\" content=\"index, follow, max-snippet:-1, max-image-preview:large, max-video-preview:-1\" \/>\n<link rel=\"canonical\" href=\"https:\/\/raftingpatagonia.com\/en\/product\/cerro-campanario-small-circuit\/\" \/>\n<meta property=\"og:locale\" content=\"en_US\" \/>\n<meta property=\"og:type\" content=\"article\" \/>\n<meta property=\"og:title\" content=\"Circuito Chico y Cerro Campanario: explor\u00e1 Bariloche como nunca antes\" \/>\n<meta property=\"og:description\" content=\"Explore Bariloche realizando el Circuito Chico y subiendo al Cerro Campanario. Pasee por la pintoresca Avenida Bustillo, contemple el emblem\u00e1tico Hotel Llao Llao y ascienda al Cerro Campanario para disfrutar de una panor\u00e1mica \u00fanica. Un paseo que combina paisajes, bienestar y experiencias inolvidables.\" \/>\n<meta property=\"og:url\" content=\"https:\/\/raftingpatagonia.com\/en\/product\/cerro-campanario-small-circuit\/\" \/>\n<meta property=\"og:site_name\" content=\"Rafting Patagonia en Bariloche\" \/>\n<meta property=\"article:publisher\" content=\"https:\/\/www.facebook.com\/Rafting-4810-231662556864543\/\" \/>\n<meta property=\"article:modified_time\" content=\"2026-03-31T15:15:27+00:00\" \/>\n<meta property=\"og:image\" content=\"https:\/\/raftingpatagonia.com\/wp-content\/uploads\/2025\/08\/11-B-DSC_0067.jpg\" \/>\n\t<meta property=\"og:image:width\" content=\"850\" \/>\n\t<meta property=\"og:image:height\" content=\"1133\" \/>\n\t<meta property=\"og:image:type\" content=\"image\/jpeg\" \/>\n<meta name=\"twitter:card\" content=\"summary_large_image\" \/>\n<meta name=\"twitter:label1\" content=\"Price\" \/>\n\t<meta name=\"twitter:data1\" content=\"&#036;&nbsp;23.400,00\" \/>\n\t<meta name=\"twitter:label2\" content=\"Availability\" \/>\n\t<meta name=\"twitter:data2\" content=\"In stock\" \/>\n<script type=\"application\/ld+json\" class=\"yoast-schema-graph\">{\"@context\":\"https:\/\/schema.org\",\"@graph\":[{\"@type\":[\"WebPage\",\"ItemPage\"],\"@id\":\"https:\/\/raftingpatagonia.com\/producto\/circuito-chico-cerro-campanario\",\"url\":\"https:\/\/raftingpatagonia.com\/producto\/circuito-chico-cerro-campanario\",\"name\":\"Circuito Chico y Cerro Campanario: explor\u00e1 Bariloche como nunca antes | Rafting Patagonia en Bariloche\",\"isPartOf\":{\"@id\":\"https:\/\/raftingpatagonia.com\/#website\"},\"primaryImageOfPage\":{\"@id\":\"https:\/\/raftingpatagonia.com\/producto\/circuito-chico-cerro-campanario#primaryimage\"},\"image\":{\"@id\":\"https:\/\/raftingpatagonia.com\/producto\/circuito-chico-cerro-campanario#primaryimage\"},\"thumbnailUrl\":\"https:\/\/raftingpatagonia.com\/wp-content\/uploads\/2025\/08\/11-B-DSC_0067.jpg\",\"datePublished\":\"2025-08-18T16:11:01+00:00\",\"dateModified\":\"2026-03-31T15:15:27+00:00\",\"breadcrumb\":{\"@id\":\"https:\/\/raftingpatagonia.com\/producto\/circuito-chico-cerro-campanario#breadcrumb\"},\"inLanguage\":\"en-US\",\"potentialAction\":[{\"@type\":\"ReadAction\",\"target\":[\"https:\/\/raftingpatagonia.com\/producto\/circuito-chico-cerro-campanario\"]}]},{\"@type\":\"ImageObject\",\"inLanguage\":\"en-US\",\"@id\":\"https:\/\/raftingpatagonia.com\/producto\/circuito-chico-cerro-campanario#primaryimage\",\"url\":\"https:\/\/raftingpatagonia.com\/wp-content\/uploads\/2025\/08\/11-B-DSC_0067.jpg\",\"contentUrl\":\"https:\/\/raftingpatagonia.com\/wp-content\/uploads\/2025\/08\/11-B-DSC_0067.jpg\",\"width\":850,\"height\":1133},{\"@type\":\"BreadcrumbList\",\"@id\":\"https:\/\/raftingpatagonia.com\/producto\/circuito-chico-cerro-campanario#breadcrumb\",\"itemListElement\":[{\"@type\":\"ListItem\",\"position\":1,\"name\":\"Home\",\"item\":\"https:\/\/raftingpatagonia.com\/\"},{\"@type\":\"ListItem\",\"position\":2,\"name\":\"Shop\",\"item\":\"https:\/\/raftingpatagonia.com\/actividades\"},{\"@type\":\"ListItem\",\"position\":3,\"name\":\"Circuito Chico y Cerro Campanario: explor\u00e1 Bariloche como nunca antes\"}]},{\"@type\":\"WebSite\",\"@id\":\"https:\/\/raftingpatagonia.com\/#website\",\"url\":\"https:\/\/raftingpatagonia.com\/\",\"name\":\"Rafting Patagonia en Bariloche\",\"description\":\"Rafting Patagonia en Bariloche\",\"potentialAction\":[{\"@type\":\"SearchAction\",\"target\":{\"@type\":\"EntryPoint\",\"urlTemplate\":\"https:\/\/raftingpatagonia.com\/?s={search_term_string}\"},\"query-input\":{\"@type\":\"PropertyValueSpecification\",\"valueRequired\":true,\"valueName\":\"search_term_string\"}}],\"inLanguage\":\"en-US\"}]}<\/script>\n<meta property=\"product:price:amount\" content=\"23400.00\" \/>\n<meta property=\"product:price:currency\" content=\"ARS\" \/>\n<meta property=\"og:availability\" content=\"instock\" \/>\n<meta property=\"product:availability\" content=\"instock\" \/>\n<meta property=\"product:retailer_item_id\" content=\"ADV2025CICHYC1KOR\" \/>\n<meta property=\"product:condition\" content=\"new\" \/>\n<!-- \/ Yoast SEO Premium plugin. -->","yoast_head_json":{"title":"Circuito Chico and Cerro Campanario: explore Bariloche like never before | Rafting Patagonia in Bariloche","robots":{"index":"index","follow":"follow","max-snippet":"max-snippet:-1","max-image-preview":"max-image-preview:large","max-video-preview":"max-video-preview:-1"},"canonical":"https:\/\/raftingpatagonia.com\/en\/product\/cerro-campanario-small-circuit\/","og_locale":"en_US","og_type":"article","og_title":"Circuito Chico y Cerro Campanario: explor\u00e1 Bariloche como nunca antes","og_description":"Explore Bariloche realizando el Circuito Chico y subiendo al Cerro Campanario. Pasee por la pintoresca Avenida Bustillo, contemple el emblem\u00e1tico Hotel Llao Llao y ascienda al Cerro Campanario para disfrutar de una panor\u00e1mica \u00fanica. Un paseo que combina paisajes, bienestar y experiencias inolvidables.","og_url":"https:\/\/raftingpatagonia.com\/en\/product\/cerro-campanario-small-circuit\/","og_site_name":"Rafting Patagonia en Bariloche","article_publisher":"https:\/\/www.facebook.com\/Rafting-4810-231662556864543\/","article_modified_time":"2026-03-31T15:15:27+00:00","og_image":[{"width":850,"height":1133,"url":"https:\/\/raftingpatagonia.com\/wp-content\/uploads\/2025\/08\/11-B-DSC_0067.jpg","type":"image\/jpeg"}],"twitter_card":"summary_large_image","twitter_misc":{"Price":"&#36;&nbsp;23.400,00","Availability":"In stock"},"schema":{"@context":"https:\/\/schema.org","@graph":[{"@type":["WebPage","ItemPage"],"@id":"https:\/\/raftingpatagonia.com\/producto\/circuito-chico-cerro-campanario","url":"https:\/\/raftingpatagonia.com\/producto\/circuito-chico-cerro-campanario","name":"Circuito Chico and Cerro Campanario: explore Bariloche like never before | Rafting Patagonia in Bariloche","isPartOf":{"@id":"https:\/\/raftingpatagonia.com\/#website"},"primaryImageOfPage":{"@id":"https:\/\/raftingpatagonia.com\/producto\/circuito-chico-cerro-campanario#primaryimage"},"image":{"@id":"https:\/\/raftingpatagonia.com\/producto\/circuito-chico-cerro-campanario#primaryimage"},"thumbnailUrl":"https:\/\/raftingpatagonia.com\/wp-content\/uploads\/2025\/08\/11-B-DSC_0067.jpg","datePublished":"2025-08-18T16:11:01+00:00","dateModified":"2026-03-31T15:15:27+00:00","breadcrumb":{"@id":"https:\/\/raftingpatagonia.com\/producto\/circuito-chico-cerro-campanario#breadcrumb"},"inLanguage":"en-US","potentialAction":[{"@type":"ReadAction","target":["https:\/\/raftingpatagonia.com\/producto\/circuito-chico-cerro-campanario"]}]},{"@type":"ImageObject","inLanguage":"en-US","@id":"https:\/\/raftingpatagonia.com\/producto\/circuito-chico-cerro-campanario#primaryimage","url":"https:\/\/raftingpatagonia.com\/wp-content\/uploads\/2025\/08\/11-B-DSC_0067.jpg","contentUrl":"https:\/\/raftingpatagonia.com\/wp-content\/uploads\/2025\/08\/11-B-DSC_0067.jpg","width":850,"height":1133},{"@type":"BreadcrumbList","@id":"https:\/\/raftingpatagonia.com\/producto\/circuito-chico-cerro-campanario#breadcrumb","itemListElement":[{"@type":"ListItem","position":1,"name":"Home","item":"https:\/\/raftingpatagonia.com\/"},{"@type":"ListItem","position":2,"name":"Shop","item":"https:\/\/raftingpatagonia.com\/actividades"},{"@type":"ListItem","position":3,"name":"Circuito Chico y Cerro Campanario: explor\u00e1 Bariloche como nunca antes"}]},{"@type":"WebSite","@id":"https:\/\/raftingpatagonia.com\/#website","url":"https:\/\/raftingpatagonia.com\/","name":"Patagonia Rafting in Bariloche","description":"Patagonia Rafting in Bariloche","potentialAction":[{"@type":"SearchAction","target":{"@type":"EntryPoint","urlTemplate":"https:\/\/raftingpatagonia.com\/?s={search_term_string}"},"query-input":{"@type":"PropertyValueSpecification","valueRequired":true,"valueName":"search_term_string"}}],"inLanguage":"en-US"}]},"product_price_amount":"23400.00","product_price_currency":"ARS","og_availability":"instock","product_availability":"instock","product_retailer_item_id":"ADV2025CICHYC1KOR","product_condition":"new"},"_links":{"self":[{"href":"https:\/\/raftingpatagonia.com\/en\/wp-json\/wp\/v2\/product\/236399","targetHints":{"allow":["GET"]}}],"collection":[{"href":"https:\/\/raftingpatagonia.com\/en\/wp-json\/wp\/v2\/product"}],"about":[{"href":"https:\/\/raftingpatagonia.com\/en\/wp-json\/wp\/v2\/types\/product"}],"replies":[{"embeddable":true,"href":"https:\/\/raftingpatagonia.com\/en\/wp-json\/wp\/v2\/comments?post=236399"}],"wp:featuredmedia":[{"embeddable":true,"href":"https:\/\/raftingpatagonia.com\/en\/wp-json\/wp\/v2\/media\/236654"}],"wp:attachment":[{"href":"https:\/\/raftingpatagonia.com\/en\/wp-json\/wp\/v2\/media?parent=236399"}],"wp:term":[{"taxonomy":"product_brand","embeddable":true,"href":"https:\/\/raftingpatagonia.com\/en\/wp-json\/wp\/v2\/product_brand?post=236399"},{"taxonomy":"product_cat","embeddable":true,"href":"https:\/\/raftingpatagonia.com\/en\/wp-json\/wp\/v2\/product_cat?post=236399"},{"taxonomy":"product_tag","embeddable":true,"href":"https:\/\/raftingpatagonia.com\/en\/wp-json\/wp\/v2\/product_tag?post=236399"}],"curies":[{"name":"wp","href":"https:\/\/api.w.org\/{rel}","templated":true}]}}