{"id":236398,"date":"2025-08-18T13:10:25","date_gmt":"2025-08-18T16:10:25","guid":{"rendered":"https:\/\/raftingpatagonia.com\/producto\/san-martin-de-los-andes-por-los-7-lagos-naturaleza-miradores-y-postales-unicas-de-la-patagonia"},"modified":"2026-03-31T12:15:26","modified_gmt":"2026-03-31T15:15:26","slug":"san-martin-de-los-andes-por-7-lagos","status":"publish","type":"product","link":"https:\/\/raftingpatagonia.com\/en\/product\/san-martin-de-los-andes-by-7-lakes","title":{"rendered":"San Mart\u00edn de los Andes by the 7 Lakes: Nature, Viewpoints and Unique Postcards of Patagonia"},"content":{"rendered":"<h2>I discovered the charm of the journey to San Mart\u00edn de los Andes.<\/h2>\n<p>Come and live an unforgettable adventure starting in Bariloche and traveling the wonderful road to the charming San Martin de los Andes. Drive through the iconic <strong>National Route 40<\/strong> and let yourself be surprised by postcards that will thrill you: from the magical town of <strong>Dina Huapi<\/strong>, across the river <strong>Limay<\/strong>, into the immensity of the sea. <strong>Nahuel Huapi National Park<\/strong>.<\/p>\n<h3>A spectacle of nature not to be missed<\/h3>\n<p>During your tour you will find unique panoramic views of the <strong>lakes Espejo, Correntoso, Escondido, Villarino, Falkner, Mach\u00f3nico<\/strong> and the exclusive <strong>Lake L\u00e1car<\/strong>, heart of the <strong>Lan\u00edn National Park<\/strong>. At each stop I felt the Patagonian energy and added memories impossible to forget.<\/p>\n<h3>The heart of San Mart\u00edn de los Andes<\/h3>\n<p>When you arrive in San Martin de los Andes, you will discover a unique town embraced by imposing hills and crystal clear waters. Walk through its fairytale streets, visit the artisan shops and take a break in a caf\u00e9 with a cup of coffee. <strong>incredible view<\/strong> to Lake L\u00e1car.<\/p>\n<h3>Tour information<\/h3>\n<ul>\n<li><strong>Route:<\/strong> Guided tour of the region, visiting Villa La Angostura and the 7 Lakes Route.<\/li>\n<li><strong>Schedule:<\/strong> From 8:00 a.m. to 6:30 p.m., approximately.<\/li>\n<li><strong>Includes:<\/strong> Transfers and guide in Spanish (bilingual option at extra cost).<\/li>\n<li><strong>Does not include:<\/strong> Meals (there are places to have lunch along the route).<\/li>\n<\/ul>\n<p>Come now to this unique experience and feel Patagonia in its maximum authenticity.<\/p>\n<h2>Frequently Asked Questions<\/h2>\n<ul>\n<li><strong>What happens if it rains or snows on the day of the ride?<\/strong><br \/>\nThe outing is carried out even with rain or snow, as these are common climates in the Patagonian area.<\/li>\n<li><strong>Is navigation on the lakes included?<\/strong><br \/>\nNo, the excursion is by minibus, with stops to take pictures and tour San Mart\u00edn de los Andes and Villa La Angostura.<\/li>\n<li><strong>Are there any stops during the excursion?<\/strong><br \/>\nYes, there are several stops and a main stop at noon in San Mart\u00edn de los Andes for lunch and a relaxing tour.<\/li>\n<li><strong>Is it possible to end up in another city?<\/strong><br \/>\nYes, you may choose to get off at Villa La Angostura or San Mart\u00edn de los Andes, taking your luggage with you.<\/li>\n<li><strong>Can I come back another day?<\/strong><br \/>\nThe excursion is a day trip. If you want to stay longer, you have to organize and pay for the return trip separately.<\/li>\n<\/ul>","protected":false},"excerpt":{"rendered":"<h2>An unparalleled adventure awaits you<\/h2>\n<p>Let the natural environment dazzle you as you travel through the <strong>Route of the 7 Lakes<\/strong> heading to San Mart\u00edn de los Andes. Discover breathtaking views and visit a captivating city framed by unique landscapes. Reserve your place and enjoy this unmissable experience!<\/p>","protected":false},"featured_media":236652,"comment_status":"open","ping_status":"closed","template":"","meta":[],"product_brand":[],"product_cat":[542,546,547,553,558,561,563],"product_tag":[],"class_list":{"0":"post-236398","1":"product","2":"type-product","3":"status-publish","4":"has-post-thumbnail","6":"product_cat-adultos","7":"product_cat-con-traslado","8":"product_cat-familia","9":"product_cat-ninos","10":"product_cat-sin-comida","11":"product_cat-terrestre","12":"product_cat-todo-el-ano","14":"first","15":"instock","16":"virtual","17":"sold-individually","18":"purchasable","19":"product-type-booking"},"booking_location":"","booking_location_type":"","booking_duration":1,"booking_duration_unit":"hour","booking_buffer":0,"booking_cost":0,"booking_resources":[],"exclude_global_add_ons":false,"addons":[{"name":"STD | Passengers","type":"input_multiplier","position":0,"required":false,"title_format":"label","default":"","description_enable":false,"description":"","placeholder_enable":false,"placeholder":"","display":"select","restrictions_type":"any_text","adjust_price":true,"price":"71400","price_type":"flat_fee","restrictions":false,"min":"0","max":"0","options":[],"id":1773237111}],"yoast_head":"<!-- This site is optimized with the Yoast SEO Premium plugin v24.5 (Yoast SEO v24.8) - https:\/\/yoast.com\/wordpress\/plugins\/seo\/ -->\n<title>San Mart\u00edn de los Andes por los 7 Lagos: Naturaleza, Miradores y Postales \u00danicas de la Patagonia | Rafting Patagonia en Bariloche<\/title>\n<meta name=\"robots\" content=\"index, follow, max-snippet:-1, max-image-preview:large, max-video-preview:-1\" \/>\n<link rel=\"canonical\" href=\"https:\/\/raftingpatagonia.com\/en\/product\/san-martin-de-los-andes-by-7-lakes\/\" \/>\n<meta property=\"og:locale\" content=\"en_US\" \/>\n<meta property=\"og:type\" content=\"article\" \/>\n<meta property=\"og:title\" content=\"San Mart\u00edn de los Andes por los 7 Lagos: Naturaleza, Miradores y Postales \u00danicas de la Patagonia\" \/>\n<meta property=\"og:description\" content=\"Una aventura inigualable te aguarda Permit\u00ed que el entorno natural te deslumbre mientras transit\u00e1s la Ruta de los 7 Lagos rumbo a San Mart\u00edn de los Andes. Descubr\u00ed vistas imponentes y recorr\u00e9 una ciudad cautivante enmarcada por paisajes \u00fanicos. \u00a1Reserv\u00e1 tu lugar y disfrut\u00e1 de esta vivencia imperdible!\" \/>\n<meta property=\"og:url\" content=\"https:\/\/raftingpatagonia.com\/en\/product\/san-martin-de-los-andes-by-7-lakes\/\" \/>\n<meta property=\"og:site_name\" content=\"Rafting Patagonia en Bariloche\" \/>\n<meta property=\"article:publisher\" content=\"https:\/\/www.facebook.com\/Rafting-4810-231662556864543\/\" \/>\n<meta property=\"article:modified_time\" content=\"2026-03-31T15:15:26+00:00\" \/>\n<meta property=\"og:image\" content=\"https:\/\/raftingpatagonia.com\/wp-content\/uploads\/2025\/08\/11-B-IMG_2679.jpg\" \/>\n\t<meta property=\"og:image:width\" content=\"850\" \/>\n\t<meta property=\"og:image:height\" content=\"1133\" \/>\n\t<meta property=\"og:image:type\" content=\"image\/jpeg\" \/>\n<meta name=\"twitter:card\" content=\"summary_large_image\" \/>\n<meta name=\"twitter:label1\" content=\"Price\" \/>\n\t<meta name=\"twitter:data1\" content=\"&#036;&nbsp;71.400,00\" \/>\n\t<meta name=\"twitter:label2\" content=\"Availability\" \/>\n\t<meta name=\"twitter:data2\" content=\"In stock\" \/>\n<script type=\"application\/ld+json\" class=\"yoast-schema-graph\">{\"@context\":\"https:\/\/schema.org\",\"@graph\":[{\"@type\":[\"WebPage\",\"ItemPage\"],\"@id\":\"https:\/\/raftingpatagonia.com\/producto\/san-martin-de-los-andes-por-7-lagos\",\"url\":\"https:\/\/raftingpatagonia.com\/producto\/san-martin-de-los-andes-por-7-lagos\",\"name\":\"San Mart\u00edn de los Andes por los 7 Lagos: Naturaleza, Miradores y Postales \u00danicas de la Patagonia | Rafting Patagonia en Bariloche\",\"isPartOf\":{\"@id\":\"https:\/\/raftingpatagonia.com\/#website\"},\"primaryImageOfPage\":{\"@id\":\"https:\/\/raftingpatagonia.com\/producto\/san-martin-de-los-andes-por-7-lagos#primaryimage\"},\"image\":{\"@id\":\"https:\/\/raftingpatagonia.com\/producto\/san-martin-de-los-andes-por-7-lagos#primaryimage\"},\"thumbnailUrl\":\"https:\/\/raftingpatagonia.com\/wp-content\/uploads\/2025\/08\/11-B-IMG_2679.jpg\",\"datePublished\":\"2025-08-18T16:10:25+00:00\",\"dateModified\":\"2026-03-31T15:15:26+00:00\",\"breadcrumb\":{\"@id\":\"https:\/\/raftingpatagonia.com\/producto\/san-martin-de-los-andes-por-7-lagos#breadcrumb\"},\"inLanguage\":\"en-US\",\"potentialAction\":[{\"@type\":\"ReadAction\",\"target\":[\"https:\/\/raftingpatagonia.com\/producto\/san-martin-de-los-andes-por-7-lagos\"]}]},{\"@type\":\"ImageObject\",\"inLanguage\":\"en-US\",\"@id\":\"https:\/\/raftingpatagonia.com\/producto\/san-martin-de-los-andes-por-7-lagos#primaryimage\",\"url\":\"https:\/\/raftingpatagonia.com\/wp-content\/uploads\/2025\/08\/11-B-IMG_2679.jpg\",\"contentUrl\":\"https:\/\/raftingpatagonia.com\/wp-content\/uploads\/2025\/08\/11-B-IMG_2679.jpg\",\"width\":850,\"height\":1133},{\"@type\":\"BreadcrumbList\",\"@id\":\"https:\/\/raftingpatagonia.com\/producto\/san-martin-de-los-andes-por-7-lagos#breadcrumb\",\"itemListElement\":[{\"@type\":\"ListItem\",\"position\":1,\"name\":\"Home\",\"item\":\"https:\/\/raftingpatagonia.com\/\"},{\"@type\":\"ListItem\",\"position\":2,\"name\":\"Shop\",\"item\":\"https:\/\/raftingpatagonia.com\/actividades\"},{\"@type\":\"ListItem\",\"position\":3,\"name\":\"San Mart\u00edn de los Andes por los 7 Lagos: Naturaleza, Miradores y Postales \u00danicas de la Patagonia\"}]},{\"@type\":\"WebSite\",\"@id\":\"https:\/\/raftingpatagonia.com\/#website\",\"url\":\"https:\/\/raftingpatagonia.com\/\",\"name\":\"Rafting Patagonia en Bariloche\",\"description\":\"Rafting Patagonia en Bariloche\",\"potentialAction\":[{\"@type\":\"SearchAction\",\"target\":{\"@type\":\"EntryPoint\",\"urlTemplate\":\"https:\/\/raftingpatagonia.com\/?s={search_term_string}\"},\"query-input\":{\"@type\":\"PropertyValueSpecification\",\"valueRequired\":true,\"valueName\":\"search_term_string\"}}],\"inLanguage\":\"en-US\"}]}<\/script>\n<meta property=\"product:price:amount\" content=\"71400.00\" \/>\n<meta property=\"product:price:currency\" content=\"ARS\" \/>\n<meta property=\"og:availability\" content=\"instock\" \/>\n<meta property=\"product:availability\" content=\"instock\" \/>\n<meta property=\"product:retailer_item_id\" content=\"ADV2025SAMADEQ219\" \/>\n<meta property=\"product:condition\" content=\"new\" \/>\n<!-- \/ Yoast SEO Premium plugin. -->","yoast_head_json":{"title":"San Mart\u00edn de los Andes by the 7 Lakes: Nature, Viewpoints and Unique Postcards of Patagonia | Rafting Patagonia in Bariloche","robots":{"index":"index","follow":"follow","max-snippet":"max-snippet:-1","max-image-preview":"max-image-preview:large","max-video-preview":"max-video-preview:-1"},"canonical":"https:\/\/raftingpatagonia.com\/en\/product\/san-martin-de-los-andes-by-7-lakes\/","og_locale":"en_US","og_type":"article","og_title":"San Mart\u00edn de los Andes por los 7 Lagos: Naturaleza, Miradores y Postales \u00danicas de la Patagonia","og_description":"Una aventura inigualable te aguarda Permit\u00ed que el entorno natural te deslumbre mientras transit\u00e1s la Ruta de los 7 Lagos rumbo a San Mart\u00edn de los Andes. Descubr\u00ed vistas imponentes y recorr\u00e9 una ciudad cautivante enmarcada por paisajes \u00fanicos. \u00a1Reserv\u00e1 tu lugar y disfrut\u00e1 de esta vivencia imperdible!","og_url":"https:\/\/raftingpatagonia.com\/en\/product\/san-martin-de-los-andes-by-7-lakes\/","og_site_name":"Rafting Patagonia en Bariloche","article_publisher":"https:\/\/www.facebook.com\/Rafting-4810-231662556864543\/","article_modified_time":"2026-03-31T15:15:26+00:00","og_image":[{"width":850,"height":1133,"url":"https:\/\/raftingpatagonia.com\/wp-content\/uploads\/2025\/08\/11-B-IMG_2679.jpg","type":"image\/jpeg"}],"twitter_card":"summary_large_image","twitter_misc":{"Price":"&#36;&nbsp;71.400,00","Availability":"In stock"},"schema":{"@context":"https:\/\/schema.org","@graph":[{"@type":["WebPage","ItemPage"],"@id":"https:\/\/raftingpatagonia.com\/producto\/san-martin-de-los-andes-por-7-lagos","url":"https:\/\/raftingpatagonia.com\/producto\/san-martin-de-los-andes-por-7-lagos","name":"San Mart\u00edn de los Andes by the 7 Lakes: Nature, Viewpoints and Unique Postcards of Patagonia | Rafting Patagonia in Bariloche","isPartOf":{"@id":"https:\/\/raftingpatagonia.com\/#website"},"primaryImageOfPage":{"@id":"https:\/\/raftingpatagonia.com\/producto\/san-martin-de-los-andes-por-7-lagos#primaryimage"},"image":{"@id":"https:\/\/raftingpatagonia.com\/producto\/san-martin-de-los-andes-por-7-lagos#primaryimage"},"thumbnailUrl":"https:\/\/raftingpatagonia.com\/wp-content\/uploads\/2025\/08\/11-B-IMG_2679.jpg","datePublished":"2025-08-18T16:10:25+00:00","dateModified":"2026-03-31T15:15:26+00:00","breadcrumb":{"@id":"https:\/\/raftingpatagonia.com\/producto\/san-martin-de-los-andes-por-7-lagos#breadcrumb"},"inLanguage":"en-US","potentialAction":[{"@type":"ReadAction","target":["https:\/\/raftingpatagonia.com\/producto\/san-martin-de-los-andes-por-7-lagos"]}]},{"@type":"ImageObject","inLanguage":"en-US","@id":"https:\/\/raftingpatagonia.com\/producto\/san-martin-de-los-andes-por-7-lagos#primaryimage","url":"https:\/\/raftingpatagonia.com\/wp-content\/uploads\/2025\/08\/11-B-IMG_2679.jpg","contentUrl":"https:\/\/raftingpatagonia.com\/wp-content\/uploads\/2025\/08\/11-B-IMG_2679.jpg","width":850,"height":1133},{"@type":"BreadcrumbList","@id":"https:\/\/raftingpatagonia.com\/producto\/san-martin-de-los-andes-por-7-lagos#breadcrumb","itemListElement":[{"@type":"ListItem","position":1,"name":"Home","item":"https:\/\/raftingpatagonia.com\/"},{"@type":"ListItem","position":2,"name":"Shop","item":"https:\/\/raftingpatagonia.com\/actividades"},{"@type":"ListItem","position":3,"name":"San Mart\u00edn de los Andes por los 7 Lagos: Naturaleza, Miradores y Postales \u00danicas de la Patagonia"}]},{"@type":"WebSite","@id":"https:\/\/raftingpatagonia.com\/#website","url":"https:\/\/raftingpatagonia.com\/","name":"Patagonia Rafting in Bariloche","description":"Patagonia Rafting in Bariloche","potentialAction":[{"@type":"SearchAction","target":{"@type":"EntryPoint","urlTemplate":"https:\/\/raftingpatagonia.com\/?s={search_term_string}"},"query-input":{"@type":"PropertyValueSpecification","valueRequired":true,"valueName":"search_term_string"}}],"inLanguage":"en-US"}]},"product_price_amount":"71400.00","product_price_currency":"ARS","og_availability":"instock","product_availability":"instock","product_retailer_item_id":"ADV2025SAMADEQ219","product_condition":"new"},"_links":{"self":[{"href":"https:\/\/raftingpatagonia.com\/en\/wp-json\/wp\/v2\/product\/236398","targetHints":{"allow":["GET"]}}],"collection":[{"href":"https:\/\/raftingpatagonia.com\/en\/wp-json\/wp\/v2\/product"}],"about":[{"href":"https:\/\/raftingpatagonia.com\/en\/wp-json\/wp\/v2\/types\/product"}],"replies":[{"embeddable":true,"href":"https:\/\/raftingpatagonia.com\/en\/wp-json\/wp\/v2\/comments?post=236398"}],"wp:featuredmedia":[{"embeddable":true,"href":"https:\/\/raftingpatagonia.com\/en\/wp-json\/wp\/v2\/media\/236652"}],"wp:attachment":[{"href":"https:\/\/raftingpatagonia.com\/en\/wp-json\/wp\/v2\/media?parent=236398"}],"wp:term":[{"taxonomy":"product_brand","embeddable":true,"href":"https:\/\/raftingpatagonia.com\/en\/wp-json\/wp\/v2\/product_brand?post=236398"},{"taxonomy":"product_cat","embeddable":true,"href":"https:\/\/raftingpatagonia.com\/en\/wp-json\/wp\/v2\/product_cat?post=236398"},{"taxonomy":"product_tag","embeddable":true,"href":"https:\/\/raftingpatagonia.com\/en\/wp-json\/wp\/v2\/product_tag?post=236398"}],"curies":[{"name":"wp","href":"https:\/\/api.w.org\/{rel}","templated":true}]}}